{"id":8881,"date":"2024-08-27T18:07:59","date_gmt":"2024-08-27T17:07:59","guid":{"rendered":"https:\/\/relocations.io\/?page_id=8881"},"modified":"2024-08-27T18:11:47","modified_gmt":"2024-08-27T17:11:47","slug":"termos-e-condicoes-dos-afiliados","status":"publish","type":"page","link":"https:\/\/relocations.io\/pt\/parceiros\/termos-e-condicoes-dos-afiliados\/","title":{"rendered":"Termos e condi\u00e7\u00f5es dos afiliados"},"content":{"rendered":"<h3 class=\"wp-block-heading\" id=\"h-affiliate-program-terms-and-conditions-for-relocations-io\"><strong>Termos e Condi\u00e7\u00f5es do Programa de Afiliados para Relocations.io<\/strong><\/h3>\n\n\n\n<p>Bem-vindo ao Programa de Afiliados do Relocations.io! Ao aderir a este programa, est\u00e1 a concordar com os termos e condi\u00e7\u00f5es aqui descritos, bem como com os termos e condi\u00e7\u00f5es mais amplos <a href=\"http:\/\/privacy-policy\">Termos de Utiliza\u00e7\u00e3o e Pol\u00edtica de Privacidade do Relocations.io<\/a>. Leia atentamente estas diretrizes antes de se inscrever.<\/p>\n\n\n\n<hr class=\"wp-block-separator has-alpha-channel-opacity\"\/>\n\n\n\n<h3 class=\"wp-block-heading\"><strong>1. Participa\u00e7\u00e3o no programa<\/strong><\/h3>\n\n\n\n<p>Como um afiliado autorizado, seu papel \u00e9 promover os servi\u00e7os da Relocations.io e ganhar comiss\u00f5es sobre as vendas geradas atrav\u00e9s de suas refer\u00eancias. Seja atrav\u00e9s do seu site, canais de m\u00eddia social ou recomenda\u00e7\u00f5es diretas, voc\u00ea \u00e9 respons\u00e1vel pela promo\u00e7\u00e3o \u00e9tica e legal.<\/p>\n\n\n\n<h3 class=\"wp-block-heading\"><strong>2. Aprova\u00e7\u00e3o e rejei\u00e7\u00e3o de candidaturas<\/strong><\/h3>\n\n\n\n<p>Relocations.io reserva-se o direito de aceitar ou rejeitar qualquer candidatura de afiliado a seu exclusivo crit\u00e9rio. Se sua inscri\u00e7\u00e3o for rejeitada, n\u00e3o haver\u00e1 recurso legal dispon\u00edvel. A sua participa\u00e7\u00e3o no programa est\u00e1 condicionada \u00e0 nossa aprova\u00e7\u00e3o.<\/p>\n\n\n\n<h3 class=\"wp-block-heading\"><strong>3. Comiss\u00f5es<\/strong><\/h3>\n\n\n\n<ul class=\"wp-block-list\">\n<li><strong>Calend\u00e1rio de pagamento:<\/strong>\u00a0As comiss\u00f5es s\u00e3o pagas mensalmente.<\/li>\n\n\n\n<li><strong>Elegibilidade:<\/strong>\u00a0As refer\u00eancias devem permanecer activas durante pelo menos 31 dias para se qualificarem para uma comiss\u00e3o.<\/li>\n\n\n\n<li><strong>N\u00e3o h\u00e1 auto-refer\u00eancias:<\/strong>\u00a0\u00c9 proibido referir-se a si pr\u00f3prio ou gerar comiss\u00f5es sobre as suas pr\u00f3prias compras.<\/li>\n\n\n\n<li><strong>Fraude e estornos:<\/strong>\u00a0As comiss\u00f5es s\u00e3o pagas apenas em transac\u00e7\u00f5es leg\u00edtimas e conclu\u00eddas. Qualquer atividade fraudulenta, estornos ou reembolsos desqualificam a comiss\u00e3o.<\/li>\n<\/ul>\n\n\n\n<h3 class=\"wp-block-heading\"><strong>4. Rescis\u00e3o e suspens\u00e3o<\/strong><\/h3>\n\n\n\n<p>A sua participa\u00e7\u00e3o pode ser suspensa ou terminada se participar em qualquer uma das seguintes actividades:<\/p>\n\n\n\n<ul class=\"wp-block-list\">\n<li><strong>Promo\u00e7\u00f5es inadequadas:<\/strong>\u00a0Incluindo falsas alega\u00e7\u00f5es, liga\u00e7\u00f5es enganosas ou marketing enganoso.<\/li>\n\n\n\n<li><strong>T\u00e1cticas de spam:<\/strong>\u00a0Por exemplo, envio de correio eletr\u00f3nico em massa ou publica\u00e7\u00f5es irrelevantes em grupos de discuss\u00e3o.<\/li>\n\n\n\n<li><strong>Atividade ilegal:<\/strong>\u00a0Promo\u00e7\u00e3o em s\u00edtios Web envolvidos em actividades ilegais.<\/li>\n\n\n\n<li><strong>Viola\u00e7\u00f5es da propriedade intelectual:<\/strong>\u00a0Uso n\u00e3o autorizado das marcas registradas, logotipos ou m\u00eddia do Relocations.io.<\/li>\n\n\n\n<li><strong>Incentivos n\u00e3o autorizados:<\/strong>\u00a0Oferecer descontos, cup\u00f5es ou recompensas n\u00e3o aprovados como parte da sua estrat\u00e9gia promocional.<\/li>\n<\/ul>\n\n\n\n<p>Relocations.io reserva-se o direito de encerrar sua conta de afiliado a qualquer momento por qualquer viola\u00e7\u00e3o ou sem motivo, se considerado necess\u00e1rio.<\/p>\n\n\n\n<h3 class=\"wp-block-heading\"><strong>5. Liga\u00e7\u00f5es e promo\u00e7\u00f5es de afiliados<\/strong><\/h3>\n\n\n\n<p>O utilizador est\u00e1 autorizado a utilizar as liga\u00e7\u00f5es gr\u00e1ficas e de texto fornecidas por n\u00f3s ou a criar o seu pr\u00f3prio conte\u00fado promocional. Todos os conte\u00fados devem estar em conformidade com as diretrizes da nossa marca e com as condi\u00e7\u00f5es aqui descritas. Adicionalmente:<\/p>\n\n\n\n<ul class=\"wp-block-list\">\n<li>O utilizador pode promover as suas liga\u00e7\u00f5es atrav\u00e9s de s\u00edtios Web, redes sociais, correio eletr\u00f3nico ou outros canais.<\/li>\n\n\n\n<li>O utilizador deve garantir que os seus esfor\u00e7os promocionais s\u00e3o \u00e9ticos e est\u00e3o em conformidade com todos os regulamentos aplic\u00e1veis, incluindo as diretrizes da Uni\u00e3o Europeia.<\/li>\n<\/ul>\n\n\n\n<h3 class=\"wp-block-heading\"><strong>6. Diretrizes de marketing e promo\u00e7\u00e3o<\/strong><\/h3>\n\n\n\n<p>Os afiliados devem:<\/p>\n\n\n\n<ul class=\"wp-block-list\">\n<li>Assegurar que todos os conte\u00fados de marketing s\u00e3o exactos, transparentes e n\u00e3o induzem em erro os potenciais clientes.<\/li>\n\n\n\n<li>Evite quaisquer t\u00e1cticas que envolvam a licita\u00e7\u00e3o de palavras-chave de marca ou a participa\u00e7\u00e3o em campanhas PPC sem aprova\u00e7\u00e3o pr\u00e9via por escrito.<\/li>\n<\/ul>\n\n\n\n<h3 class=\"wp-block-heading\"><strong>7. Sites de cup\u00f5es e ofertas<\/strong><\/h3>\n\n\n\n<p>Se promover os nossos produtos atrav\u00e9s de um s\u00edtio de ofertas ou cup\u00f5es, cumpra estas diretrizes:<\/p>\n\n\n\n<ul class=\"wp-block-list\">\n<li>N\u00e3o utilize uma linguagem enganosa que sugira descontos n\u00e3o autorizados.<\/li>\n\n\n\n<li>N\u00e3o promover cup\u00f5es n\u00e3o atribu\u00eddos ou n\u00e3o oficiais.<\/li>\n\n\n\n<li>Certifique-se de que o visitante v\u00ea os detalhes do cup\u00e3o antes de definir quaisquer cookies de afiliado.<\/li>\n<\/ul>\n\n\n\n<h3 class=\"wp-block-heading\"><strong>8. Limiar m\u00ednimo de pagamento<\/strong><\/h3>\n\n\n\n<p>A Relocations.io pode estabelecer um limite m\u00ednimo de pagamento para agilizar os processos de pagamento. \u00c9 necess\u00e1rio atingir esse limite para que qualquer pagamento seja efectuado.<\/p>\n\n\n\n<h3 class=\"wp-block-heading\"><strong>9. Cl\u00e1usulas de n\u00e3o concorr\u00eancia e de exclusividade<\/strong><\/h3>\n\n\n\n<p>Dependendo da sua fun\u00e7\u00e3o, pode estar sujeito a cl\u00e1usulas de n\u00e3o concorr\u00eancia ou de exclusividade para evitar a promo\u00e7\u00e3o de concorrentes diretos.<\/p>\n\n\n\n<h3 class=\"wp-block-heading\"><strong>10. Avalia\u00e7\u00f5es do desempenho dos afiliados<\/strong><\/h3>\n\n\n\n<p>A sua conta pode ser revista periodicamente com base no desempenho, na conformidade e na contribui\u00e7\u00e3o para o programa. Os afiliados com baixo desempenho ou n\u00e3o conformes podem ver as suas comiss\u00f5es reduzidas ou ser retirados do programa.<\/p>\n\n\n\n<h3 class=\"wp-block-heading\"><strong>11. Controlo da fraude<\/strong><\/h3>\n\n\n\n<p>Monitorizamos ativamente as actividades para detetar sinais de fraude ou abuso. Qualquer comportamento fraudulento detectado resultar\u00e1 na rescis\u00e3o imediata e na perda das comiss\u00f5es ganhas.<\/p>\n\n\n\n<h3 class=\"wp-block-heading\"><strong>12. Relat\u00f3rios e an\u00e1lises de dados<\/strong><\/h3>\n\n\n\n<p>Os afiliados t\u00eam acesso a m\u00e9tricas de desempenho, incluindo cliques, convers\u00f5es e ganhos, atrav\u00e9s do nosso portal de afiliados.<\/p>\n\n\n\n<h3 class=\"wp-block-heading\"><strong>13. Cl\u00e1usula de rescis\u00e3o do programa<\/strong><\/h3>\n\n\n\n<p>Relocations.io reserva-se o direito de encerrar o programa ou contas individuais de afiliados a qualquer momento. Os afiliados ser\u00e3o notificados se o programa for descontinuado.<\/p>\n\n\n\n<h3 class=\"wp-block-heading\"><strong>14. Responsabilidades dos afiliados<\/strong><\/h3>\n\n\n\n<p>Os afiliados s\u00e3o respons\u00e1veis por manter a conformidade com os padr\u00f5es legais, regulamentares e \u00e9ticos. Relocations.io se isenta de qualquer responsabilidade por danos indiretos ou interrup\u00e7\u00f5es no programa.<\/p>\n\n\n\n<h3 class=\"wp-block-heading\"><strong>15. Dura\u00e7\u00e3o do acordo e altera\u00e7\u00f5es<\/strong><\/h3>\n\n\n\n<p>Este acordo entra em vigor ap\u00f3s a submiss\u00e3o da Aplica\u00e7\u00e3o de Afiliado e mant\u00e9m-se at\u00e9 ser rescindido. Podemos modificar os termos em qualquer altura. O facto de continuar a participar constitui a sua aceita\u00e7\u00e3o de quaisquer altera\u00e7\u00f5es.<\/p>\n\n\n\n<h3 class=\"wp-block-heading\"><strong>16. Afiliados internos e programa de parceria<\/strong><\/h3>\n\n\n\n<p>Tanto as filiais internas como os parceiros externos devem respeitar estas condi\u00e7\u00f5es. Para mais pormenores, consulte a nossa <a href=\"\/partners\/\">P\u00e1gina do Programa de Parceiros e p\u00e1gina do Programa de Afiliados<\/a>.<\/p>\n\n\n\n<h3 class=\"wp-block-heading\"><strong>17. Indemniza\u00e7\u00e3o<\/strong><\/h3>\n\n\n\n<p>Os afiliados concordam em indemnizar e isentar de responsabilidade a Relocations.io e os seus representantes contra reclama\u00e7\u00f5es legais ou lit\u00edgios decorrentes das suas actividades ao abrigo deste acordo.<\/p>\n\n\n\n<h3 class=\"wp-block-heading\"><strong>18. Resolu\u00e7\u00e3o de lit\u00edgios<\/strong><\/h3>\n\n\n\n<p>Todos os lit\u00edgios ser\u00e3o tratados de boa f\u00e9, sendo a media\u00e7\u00e3o o primeiro passo. As quest\u00f5es n\u00e3o resolvidas podem ser objeto de arbitragem vinculativa.<\/p>\n\n\n\n<h3 class=\"wp-block-heading\"><strong>19. Acordo de assinatura eletr\u00f3nica<\/strong><\/h3>\n\n\n\n<p>Ao preencher o formul\u00e1rio de afilia\u00e7\u00e3o do Relocations.io, est\u00e1 a aceitar os termos deste acordo. O seu envio constitui uma assinatura eletr\u00f3nica com o mesmo valor legal que uma assinatura manuscrita.<\/p>\n\n\n\n<h3 class=\"wp-block-heading\"><strong>20. Informa\u00e7\u00f5es de contacto<\/strong><\/h3>\n\n\n\n<p>Para quest\u00f5es ou informa\u00e7\u00f5es adicionais sobre estas condi\u00e7\u00f5es, <a href=\"http:\/\/contact\">n\u00e3o hesite em contactar-nos na nossa p\u00e1gina de contacto<\/a>.<\/p>\n\n\n\n<div class=\"wp-block-buttons is-horizontal is-content-justification-center is-layout-flex wp-container-core-buttons-is-layout-499968f5 wp-block-buttons-is-layout-flex\">\n<div class=\"wp-block-button has-custom-width wp-block-button__width-50\"><a class=\"wp-block-button__link has-text-align-center wp-element-button\" href=\"https:\/\/relocations.io\/partners\/\">Voltar \u00e0 p\u00e1gina dos nossos parceiros<\/a><\/div>\n<\/div>","protected":false},"excerpt":{"rendered":"<p>Affiliate Program Terms and Conditions for Relocations.io Welcome to the Relocations.io Affiliate Program! By joining this program, you agree to the terms and conditions outlined here, as well as the broader Relocations.io Terms of Use and Privacy Policy. Please carefully review these guidelines before enrolling. 1. Program Participation As an authorized affiliate, your role is [&hellip;]<\/p>","protected":false},"author":1,"featured_media":0,"parent":8282,"menu_order":0,"comment_status":"closed","ping_status":"closed","template":"","meta":{"footnotes":""},"class_list":["post-8881","page","type-page","status-publish","hentry"],"jetpack-related-posts":[{"id":9050,"url":"https:\/\/relocations.io\/pt\/politica-de-privacidade\/","url_meta":{"origin":8881,"position":0},"title":"Pol\u00edtica de privacidade","author":"Relocations.io","date":"Novembro 3, 2022","format":false,"excerpt":"Privacy Policy | Terms of Use | Terms and Conditions Our Privacy Policy, Terms of Use and Terms & Conditions for Relocations.io & Arribas D'Aventura LDA and Arribas D'Aventura LLC Updated 15 July 2024 We update all our policies often according to law changes which effect the operations of Relocations.io\u2026","rel":"","context":"Similar post","block_context":{"text":"Similar post","link":""},"img":{"alt_text":"","src":"","width":0,"height":0},"classes":[]},{"id":8282,"url":"https:\/\/relocations.io\/pt\/parceiros\/","url_meta":{"origin":8881,"position":1},"title":"Parceiros","author":"Relocations.io","date":"Agosto 19, 2024","format":false,"excerpt":"Affiliate & Partner Portal Login Become a Partner At Relocations.io, we collaborate with a trusted network of partners across Europe to provide seamless and comprehensive relocation services tailored to our clients\u2019 needs. Our partnerships enable us to offer an extensive range of solutions, from property management and legal support to\u2026","rel":"","context":"Similar post","block_context":{"text":"Similar post","link":""},"img":{"alt_text":"","src":"https:\/\/i0.wp.com\/relocations.io\/wp-content\/uploads\/2024\/08\/7-3-1024x512.jpg?resize=350%2C200&ssl=1","width":350,"height":200,"srcset":"https:\/\/i0.wp.com\/relocations.io\/wp-content\/uploads\/2024\/08\/7-3-1024x512.jpg?resize=350%2C200&ssl=1 1x, https:\/\/i0.wp.com\/relocations.io\/wp-content\/uploads\/2024\/08\/7-3-1024x512.jpg?resize=525%2C300&ssl=1 1.5x, https:\/\/i0.wp.com\/relocations.io\/wp-content\/uploads\/2024\/08\/7-3-1024x512.jpg?resize=700%2C400&ssl=1 2x"},"classes":[]},{"id":3,"url":"https:\/\/relocations.io\/pt\/?elementor_library=default-kit","url_meta":{"origin":8881,"position":2},"title":"Default Kit","author":"Relocations.io","date":"Outubro 11, 2022","format":false,"excerpt":"","rel":"","context":"Similar post","block_context":{"text":"Similar post","link":""},"img":{"alt_text":"","src":"","width":0,"height":0},"classes":[]},{"id":8665,"url":"https:\/\/relocations.io\/pt\/parceiros\/filiais\/","url_meta":{"origin":8881,"position":3},"title":"Portal de afiliados","author":"Relocations.io","date":"Agosto 21, 2024","format":false,"excerpt":"[solid_affiliate_portal]","rel":"","context":"Similar post","block_context":{"text":"Similar post","link":""},"img":{"alt_text":"","src":"","width":0,"height":0},"classes":[]},{"id":7481,"url":"https:\/\/relocations.io\/pt\/pedido-de-orcamento-de-envio-hhg\/","url_meta":{"origin":8881,"position":4},"title":"Pedido de cota\u00e7\u00e3o de transporte HHG","author":"Relocations.io","date":"Mar\u00e7o 1, 2024","format":false,"excerpt":"","rel":"","context":"Similar post","block_context":{"text":"Similar post","link":""},"img":{"alt_text":"","src":"","width":0,"height":0},"classes":[]},{"id":8798,"url":"https:\/\/relocations.io\/pt\/deslocalizacoes-io-shop\/","url_meta":{"origin":8881,"position":5},"title":"Loja Relocations.io","author":"Relocations.io","date":"Agosto 25, 2024","format":false,"excerpt":"","rel":"","context":"Similar post","block_context":{"text":"Similar post","link":""},"img":{"alt_text":"","src":"","width":0,"height":0},"classes":[]}],"jetpack_sharing_enabled":true,"_links":{"self":[{"href":"https:\/\/relocations.io\/pt\/wp-json\/wp\/v2\/pages\/8881","targetHints":{"allow":["GET"]}}],"collection":[{"href":"https:\/\/relocations.io\/pt\/wp-json\/wp\/v2\/pages"}],"about":[{"href":"https:\/\/relocations.io\/pt\/wp-json\/wp\/v2\/types\/page"}],"author":[{"embeddable":true,"href":"https:\/\/relocations.io\/pt\/wp-json\/wp\/v2\/users\/1"}],"replies":[{"embeddable":true,"href":"https:\/\/relocations.io\/pt\/wp-json\/wp\/v2\/comments?post=8881"}],"version-history":[{"count":0,"href":"https:\/\/relocations.io\/pt\/wp-json\/wp\/v2\/pages\/8881\/revisions"}],"up":[{"embeddable":true,"href":"https:\/\/relocations.io\/pt\/wp-json\/wp\/v2\/pages\/8282"}],"wp:attachment":[{"href":"https:\/\/relocations.io\/pt\/wp-json\/wp\/v2\/media?parent=8881"}],"curies":[{"name":"wp","href":"https:\/\/api.w.org\/{rel}","templated":true}]}}