{"id":8798,"date":"2024-08-25T11:32:24","date_gmt":"2024-08-25T10:32:24","guid":{"rendered":"https:\/\/relocations.io\/?page_id=8798"},"modified":"2024-08-25T11:32:29","modified_gmt":"2024-08-25T10:32:29","slug":"deslocalizacoes-io-shop","status":"publish","type":"page","link":"https:\/\/relocations.io\/pt\/deslocalizacoes-io-shop\/","title":{"rendered":"Loja Relocations.io"},"content":{"rendered":"<div class=\"wp-block-woocommerce-all-products wc-block-all-products\" data-attributes=\"{&quot;alignButtons&quot;:false,&quot;ameNavMenuVisibility&quot;:&quot;&quot;,&quot;columns&quot;:3,&quot;contentVisibility&quot;:{&quot;orderBy&quot;:true},&quot;isPreview&quot;:false,&quot;layoutConfig&quot;:[[&quot;woocommerce\/product-image&quot;,{&quot;imageSizing&quot;:&quot;thumbnail&quot;}],[&quot;woocommerce\/product-title&quot;],[&quot;woocommerce\/product-price&quot;],[&quot;woocommerce\/product-rating&quot;],[&quot;woocommerce\/product-button&quot;]],&quot;orderby&quot;:&quot;date&quot;,&quot;rows&quot;:3}\"><\/div>","protected":false},"excerpt":{"rendered":"","protected":false},"author":1,"featured_media":0,"parent":0,"menu_order":0,"comment_status":"closed","ping_status":"closed","template":"","meta":{"footnotes":""},"class_list":["post-8798","page","type-page","status-publish","hentry"],"jetpack-related-posts":[{"id":62269,"url":"https:\/\/relocations.io\/pt\/loja-a-la-carte\/","url_meta":{"origin":8798,"position":0},"title":"Loja A-La-Carte","author":"Relocations.io","date":"Outubro 30, 2024","format":false,"excerpt":"Comprar produtos individuais na nossa loja A-La-Carte.","rel":"","context":"Similar post","block_context":{"text":"Similar post","link":""},"img":{"alt_text":"","src":"","width":0,"height":0},"classes":[]},{"id":8801,"url":"https:\/\/relocations.io\/pt\/loja\/","url_meta":{"origin":8798,"position":1},"title":"Loja","author":"Relocations.io","date":"Agosto 25, 2024","format":false,"excerpt":"","rel":"","context":"Similar post","block_context":{"text":"Similar post","link":""},"img":{"alt_text":"","src":"","width":0,"height":0},"classes":[]},{"id":8807,"url":"https:\/\/relocations.io\/pt\/loja\/checkout\/","url_meta":{"origin":8798,"position":2},"title":"Finalizar a compra","author":"Relocations.io","date":"Agosto 25, 2024","format":false,"excerpt":"","rel":"","context":"Similar post","block_context":{"text":"Similar post","link":""},"img":{"alt_text":"","src":"","width":0,"height":0},"classes":[]},{"id":8804,"url":"https:\/\/relocations.io\/pt\/loja\/carrinho\/","url_meta":{"origin":8798,"position":3},"title":"Carrinho","author":"Relocations.io","date":"Agosto 25, 2024","format":false,"excerpt":"You may be interested in\u2026 Your cart is currently empty! Browse store New in store","rel":"","context":"Similar post","block_context":{"text":"Similar post","link":""},"img":{"alt_text":"","src":"","width":0,"height":0},"classes":[]},{"id":7481,"url":"https:\/\/relocations.io\/pt\/pedido-de-orcamento-de-envio-hhg\/","url_meta":{"origin":8798,"position":4},"title":"Pedido de cota\u00e7\u00e3o de transporte HHG","author":"Relocations.io","date":"Mar\u00e7o 1, 2024","format":false,"excerpt":"","rel":"","context":"Similar post","block_context":{"text":"Similar post","link":""},"img":{"alt_text":"","src":"","width":0,"height":0},"classes":[]},{"id":8353,"url":"https:\/\/relocations.io\/pt\/parceiros\/forma-de-encaminhamento\/","url_meta":{"origin":8798,"position":5},"title":"Formul\u00e1rio de refer\u00eancia","author":"Relocations.io","date":"Agosto 19, 2024","format":false,"excerpt":"","rel":"","context":"Similar post","block_context":{"text":"Similar post","link":""},"img":{"alt_text":"","src":"","width":0,"height":0},"classes":[]}],"jetpack_sharing_enabled":true,"_links":{"self":[{"href":"https:\/\/relocations.io\/pt\/wp-json\/wp\/v2\/pages\/8798","targetHints":{"allow":["GET"]}}],"collection":[{"href":"https:\/\/relocations.io\/pt\/wp-json\/wp\/v2\/pages"}],"about":[{"href":"https:\/\/relocations.io\/pt\/wp-json\/wp\/v2\/types\/page"}],"author":[{"embeddable":true,"href":"https:\/\/relocations.io\/pt\/wp-json\/wp\/v2\/users\/1"}],"replies":[{"embeddable":true,"href":"https:\/\/relocations.io\/pt\/wp-json\/wp\/v2\/comments?post=8798"}],"version-history":[{"count":0,"href":"https:\/\/relocations.io\/pt\/wp-json\/wp\/v2\/pages\/8798\/revisions"}],"wp:attachment":[{"href":"https:\/\/relocations.io\/pt\/wp-json\/wp\/v2\/media?parent=8798"}],"curies":[{"name":"wp","href":"https:\/\/api.w.org\/{rel}","templated":true}]}}