{"id":8282,"date":"2024-08-19T17:03:04","date_gmt":"2024-08-19T16:03:04","guid":{"rendered":"https:\/\/relocations.io\/?page_id=8282"},"modified":"2024-09-24T11:20:11","modified_gmt":"2024-09-24T10:20:11","slug":"parceiros","status":"publish","type":"page","link":"https:\/\/relocations.io\/pt\/parceiros\/","title":{"rendered":"Parceiros"},"content":{"rendered":"<div data-elementor-type=\"wp-page\" data-elementor-id=\"8282\" class=\"elementor elementor-8282\" data-elementor-settings=\"{&quot;ha_cmc_init_switcher&quot;:&quot;no&quot;}\" data-elementor-post-type=\"page\">\n\t\t\t\t<div class=\"elementor-element elementor-element-a51999b e-flex e-con-boxed e-con e-parent\" data-id=\"a51999b\" data-element_type=\"container\" data-settings=\"{&quot;_ha_eqh_enable&quot;:false}\">\n\t\t\t\t\t<div class=\"e-con-inner\">\n\t\t\t\t<div class=\"elementor-element elementor-element-fc3cdda elementor-widget elementor-widget-image\" data-id=\"fc3cdda\" data-element_type=\"widget\" data-widget_type=\"image.default\">\n\t\t\t\t<div class=\"elementor-widget-container\">\n\t\t\t\t\t\t\t\t\t\t\t\t\t\t\t<img fetchpriority=\"high\" decoding=\"async\" width=\"1024\" height=\"512\" src=\"https:\/\/i0.wp.com\/relocations.io\/wp-content\/uploads\/2024\/08\/7-3.jpg?fit=1024%2C512&amp;ssl=1\" class=\"attachment-large size-large wp-image-8836\" alt=\"\" srcset=\"https:\/\/i0.wp.com\/relocations.io\/wp-content\/uploads\/2024\/08\/7-3.jpg?w=1920&amp;ssl=1 1920w, https:\/\/i0.wp.com\/relocations.io\/wp-content\/uploads\/2024\/08\/7-3.jpg?resize=300%2C150&amp;ssl=1 300w, https:\/\/i0.wp.com\/relocations.io\/wp-content\/uploads\/2024\/08\/7-3.jpg?resize=1024%2C512&amp;ssl=1 1024w, https:\/\/i0.wp.com\/relocations.io\/wp-content\/uploads\/2024\/08\/7-3.jpg?resize=768%2C384&amp;ssl=1 768w, https:\/\/i0.wp.com\/relocations.io\/wp-content\/uploads\/2024\/08\/7-3.jpg?resize=1536%2C768&amp;ssl=1 1536w, https:\/\/i0.wp.com\/relocations.io\/wp-content\/uploads\/2024\/08\/7-3.jpg?resize=18%2C9&amp;ssl=1 18w, https:\/\/i0.wp.com\/relocations.io\/wp-content\/uploads\/2024\/08\/7-3.jpg?resize=640%2C320&amp;ssl=1 640w, https:\/\/i0.wp.com\/relocations.io\/wp-content\/uploads\/2024\/08\/7-3.jpg?resize=50%2C25&amp;ssl=1 50w, https:\/\/i0.wp.com\/relocations.io\/wp-content\/uploads\/2024\/08\/7-3.jpg?resize=100%2C50&amp;ssl=1 100w, https:\/\/i0.wp.com\/relocations.io\/wp-content\/uploads\/2024\/08\/7-3.jpg?resize=600%2C300&amp;ssl=1 600w\" sizes=\"(max-width: 1024px) 100vw, 1024px\" \/>\t\t\t\t\t\t\t\t\t\t\t\t\t\t\t<\/div>\n\t\t\t\t<\/div>\n\t\t\t\t<div class=\"elementor-element elementor-element-af6aca7 elementor-align-center elementor-widget elementor-widget-button\" data-id=\"af6aca7\" data-element_type=\"widget\" data-widget_type=\"button.default\">\n\t\t\t\t<div class=\"elementor-widget-container\">\n\t\t\t\t\t\t\t\t\t<div class=\"elementor-button-wrapper\">\n\t\t\t\t\t<a class=\"elementor-button elementor-button-link elementor-size-sm\" href=\"https:\/\/relocations.io\/partners\/affiliates\/\">\n\t\t\t\t\t\t<span class=\"elementor-button-content-wrapper\">\n\t\t\t\t\t\t\t\t\t<span class=\"elementor-button-text\">Acesso ao Portal de Afiliados e Parceiros<\/span>\n\t\t\t\t\t<\/span>\n\t\t\t\t\t<\/a>\n\t\t\t\t<\/div>\n\t\t\t\t\t\t\t\t<\/div>\n\t\t\t\t<\/div>\n\t\t\t\t\t<\/div>\n\t\t\t\t<\/div>\n\t\t<div class=\"elementor-element elementor-element-5a9fa48 e-flex e-con-boxed e-con e-parent\" data-id=\"5a9fa48\" data-element_type=\"container\" data-settings=\"{&quot;_ha_eqh_enable&quot;:false}\">\n\t\t\t\t\t<div class=\"e-con-inner\">\n\t\t\t\t<div class=\"elementor-element elementor-element-9c3aafd elementor-headline--style-highlight elementor-widget elementor-widget-animated-headline\" data-id=\"9c3aafd\" data-element_type=\"widget\" data-settings=\"{&quot;highlighted_text&quot;:&quot;Partner&quot;,&quot;headline_style&quot;:&quot;highlight&quot;,&quot;marker&quot;:&quot;circle&quot;,&quot;loop&quot;:&quot;yes&quot;,&quot;highlight_animation_duration&quot;:1200,&quot;highlight_iteration_delay&quot;:8000}\" data-widget_type=\"animated-headline.default\">\n\t\t\t\t<div class=\"elementor-widget-container\">\n\t\t\t\t\t\t\t<h3 class=\"elementor-headline\">\n\t\t\t\t\t<span class=\"elementor-headline-plain-text elementor-headline-text-wrapper\">Tornar-se um<\/span>\n\t\t\t\t<span class=\"elementor-headline-dynamic-wrapper elementor-headline-text-wrapper\">\n\t\t\t\t\t<span class=\"elementor-headline-dynamic-text elementor-headline-text-active\">Parceiro<\/span>\n\t\t\t\t<\/span>\n\t\t\t\t<\/h3>\n\t\t\t\t\t\t<\/div>\n\t\t\t\t<\/div>\n\t\t\t\t<div class=\"elementor-element elementor-element-4ae561a elementor-widget elementor-widget-text-editor\" data-id=\"4ae561a\" data-element_type=\"widget\" data-widget_type=\"text-editor.default\">\n\t\t\t\t<div class=\"elementor-widget-container\">\n\t\t\t\t\t\t\t\t\t<p>Na Relocations.io, colaboramos com uma rede de parceiros de confian\u00e7a em toda a Europa para fornecer servi\u00e7os de relocaliza\u00e7\u00e3o completos e adaptados \u00e0s necessidades dos nossos clientes. As nossas parcerias permitem-nos oferecer uma vasta gama de solu\u00e7\u00f5es, desde a gest\u00e3o de propriedades e apoio jur\u00eddico at\u00e9 aos servi\u00e7os de transporte e educa\u00e7\u00e3o, assegurando que todos os aspectos do processo de relocaliza\u00e7\u00e3o s\u00e3o tratados com compet\u00eancia. Ao trabalhar em estreita colabora\u00e7\u00e3o com profissionais locais, podemos garantir servi\u00e7os de alta qualidade e assist\u00eancia personalizada em cada destino.<\/p><p>Interessado em tornar-se um parceiro? Estamos sempre \u00e0 procura de expandir a nossa rede com prestadores de servi\u00e7os fi\u00e1veis e profissionais. Se partilha o nosso compromisso de prestar um servi\u00e7o excecional e gostaria de explorar oportunidades de parceria, gostar\u00edamos de o ouvir. Juntar-se \u00e0 nossa rede significa fazer parte de uma comunidade empenhada em fornecer aos clientes o melhor servi\u00e7o poss\u00edvel <a href=\"https:\/\/relocations.io\/americans-moving-abroad-for-stability\/\">deslocaliza\u00e7\u00e3o<\/a> experi\u00eancia. Contacte-nos para saber mais sobre como pode colaborar com <a href=\"https:\/\/relocations.io\/your-guide-to-visa-requirements-and-citizenship-in-portugal-navigating-your-path-to-a-new-life\/\">Reloca\u00e7\u00f5es.io<\/a> e fazer crescer o seu neg\u00f3cio ao mesmo tempo que ajuda os clientes a fazerem uma transi\u00e7\u00e3o suave para as suas novas casas.<\/p>\t\t\t\t\t\t\t\t<\/div>\n\t\t\t\t<\/div>\n\t\t\t\t<div class=\"elementor-element elementor-element-159f5df elementor-align-center elementor-widget elementor-widget-button\" data-id=\"159f5df\" data-element_type=\"widget\" data-widget_type=\"button.default\">\n\t\t\t\t<div class=\"elementor-widget-container\">\n\t\t\t\t\t\t\t\t\t<div class=\"elementor-button-wrapper\">\n\t\t\t\t\t<a class=\"elementor-button elementor-button-link elementor-size-sm\" href=\"https:\/\/relocations.io\/partners\/partner-form\/\">\n\t\t\t\t\t\t<span class=\"elementor-button-content-wrapper\">\n\t\t\t\t\t\t\t\t\t<span class=\"elementor-button-text\">Formul\u00e1rio de parceiro<\/span>\n\t\t\t\t\t<\/span>\n\t\t\t\t\t<\/a>\n\t\t\t\t<\/div>\n\t\t\t\t\t\t\t\t<\/div>\n\t\t\t\t<\/div>\n\t\t\t\t<div class=\"elementor-element elementor-element-6bb71f5 elementor-widget-divider--view-line elementor-widget elementor-widget-divider\" data-id=\"6bb71f5\" data-element_type=\"widget\" data-widget_type=\"divider.default\">\n\t\t\t\t<div class=\"elementor-widget-container\">\n\t\t\t\t\t\t\t<div class=\"elementor-divider\">\n\t\t\t<span class=\"elementor-divider-separator\">\n\t\t\t\t\t\t<\/span>\n\t\t<\/div>\n\t\t\t\t\t\t<\/div>\n\t\t\t\t<\/div>\n\t\t\t\t\t<\/div>\n\t\t\t\t<\/div>\n\t\t<div class=\"elementor-element elementor-element-4dca415 e-flex e-con-boxed e-con e-parent\" data-id=\"4dca415\" data-element_type=\"container\" data-settings=\"{&quot;_ha_eqh_enable&quot;:false}\">\n\t\t\t\t\t<div class=\"e-con-inner\">\n\t\t\t\t<div class=\"elementor-element elementor-element-20887d1 elementor-headline--style-highlight elementor-widget elementor-widget-animated-headline\" data-id=\"20887d1\" data-element_type=\"widget\" data-settings=\"{&quot;highlighted_text&quot;:&quot;Refer&quot;,&quot;headline_style&quot;:&quot;highlight&quot;,&quot;marker&quot;:&quot;circle&quot;,&quot;loop&quot;:&quot;yes&quot;,&quot;highlight_animation_duration&quot;:1200,&quot;highlight_iteration_delay&quot;:8000}\" data-widget_type=\"animated-headline.default\">\n\t\t\t\t<div class=\"elementor-widget-container\">\n\t\t\t\t\t\t\t<h3 class=\"elementor-headline\">\n\t\t\t\t<span class=\"elementor-headline-dynamic-wrapper elementor-headline-text-wrapper\">\n\t\t\t\t\t<span class=\"elementor-headline-dynamic-text elementor-headline-text-active\">Referir<\/span>\n\t\t\t\t<\/span>\n\t\t\t\t\t<span class=\"elementor-headline-plain-text elementor-headline-text-wrapper\">Os nossos servi\u00e7os<\/span>\n\t\t\t\t\t<\/h3>\n\t\t\t\t\t\t<\/div>\n\t\t\t\t<\/div>\n\t\t\t\t<div class=\"elementor-element elementor-element-ba26c0f elementor-widget elementor-widget-text-editor\" data-id=\"ba26c0f\" data-element_type=\"widget\" data-widget_type=\"text-editor.default\">\n\t\t\t\t<div class=\"elementor-widget-container\">\n\t\t\t\t\t\t\t\t\t<p>Na Relocations.io, valorizamos a confian\u00e7a que os nossos clientes depositam em n\u00f3s, e temos o prazer de recompensar aqueles que referem os nossos servi\u00e7os. O nosso programa de refer\u00eancia oferece aos clientes actuais e futuros a oportunidade de ganhar descontos em servi\u00e7os futuros simplesmente por partilharem as suas experi\u00eancias positivas com outros. Quando um novo cliente utiliza um c\u00f3digo de refer\u00eancia \u00fanico fornecido por um cliente existente, ambas as partes beneficiam de descontos em servi\u00e7os futuros. \u00c9 a nossa forma de agradecer por nos ajudar a fazer crescer a nossa comunidade, continuando a prestar servi\u00e7os de alta qualidade <a href=\"https:\/\/relocations.io\/the-lgbtq-movement-in-europe\/\">deslocaliza\u00e7\u00e3o<\/a> solu\u00e7\u00f5es. Quer seja um cliente atual ou esteja a considerar os nossos servi\u00e7os pela primeira vez, n\u00e3o perca a oportunidade de poupar e partilhar os benef\u00edcios com amigos, familiares ou colegas.<\/p>\t\t\t\t\t\t\t\t<\/div>\n\t\t\t\t<\/div>\n\t\t\t\t<div class=\"elementor-element elementor-element-3369b72 elementor-align-center elementor-widget elementor-widget-button\" data-id=\"3369b72\" data-element_type=\"widget\" data-widget_type=\"button.default\">\n\t\t\t\t<div class=\"elementor-widget-container\">\n\t\t\t\t\t\t\t\t\t<div class=\"elementor-button-wrapper\">\n\t\t\t\t\t<a class=\"elementor-button elementor-button-link elementor-size-sm\" href=\"https:\/\/relocations.io\/partners\/referralsform\/\">\n\t\t\t\t\t\t<span class=\"elementor-button-content-wrapper\">\n\t\t\t\t\t\t\t\t\t<span class=\"elementor-button-text\">Formul\u00e1rio de refer\u00eancia<\/span>\n\t\t\t\t\t<\/span>\n\t\t\t\t\t<\/a>\n\t\t\t\t<\/div>\n\t\t\t\t\t\t\t\t<\/div>\n\t\t\t\t<\/div>\n\t\t\t\t<div class=\"elementor-element elementor-element-af332e7 elementor-widget-divider--view-line elementor-widget elementor-widget-divider\" data-id=\"af332e7\" data-element_type=\"widget\" data-widget_type=\"divider.default\">\n\t\t\t\t<div class=\"elementor-widget-container\">\n\t\t\t\t\t\t\t<div class=\"elementor-divider\">\n\t\t\t<span class=\"elementor-divider-separator\">\n\t\t\t\t\t\t<\/span>\n\t\t<\/div>\n\t\t\t\t\t\t<\/div>\n\t\t\t\t<\/div>\n\t\t\t\t\t<\/div>\n\t\t\t\t<\/div>\n\t\t<div class=\"elementor-element elementor-element-1f9fbd1 e-flex e-con-boxed e-con e-parent\" data-id=\"1f9fbd1\" data-element_type=\"container\" data-settings=\"{&quot;_ha_eqh_enable&quot;:false}\">\n\t\t\t\t\t<div class=\"e-con-inner\">\n\t\t\t\t<div class=\"elementor-element elementor-element-b3b687b elementor-headline--style-highlight elementor-widget elementor-widget-animated-headline\" data-id=\"b3b687b\" data-element_type=\"widget\" data-settings=\"{&quot;highlighted_text&quot;:&quot;Affiliates&quot;,&quot;headline_style&quot;:&quot;highlight&quot;,&quot;marker&quot;:&quot;circle&quot;,&quot;loop&quot;:&quot;yes&quot;,&quot;highlight_animation_duration&quot;:1200,&quot;highlight_iteration_delay&quot;:8000}\" data-widget_type=\"animated-headline.default\">\n\t\t\t\t<div class=\"elementor-widget-container\">\n\t\t\t\t\t\t\t<h3 class=\"elementor-headline\">\n\t\t\t\t\t<span class=\"elementor-headline-plain-text elementor-headline-text-wrapper\">Programa para<\/span>\n\t\t\t\t<span class=\"elementor-headline-dynamic-wrapper elementor-headline-text-wrapper\">\n\t\t\t\t\t<span class=\"elementor-headline-dynamic-text elementor-headline-text-active\">Afiliados<\/span>\n\t\t\t\t<\/span>\n\t\t\t\t<\/h3>\n\t\t\t\t\t\t<\/div>\n\t\t\t\t<\/div>\n\t\t\t\t<div class=\"elementor-element elementor-element-c0b200d elementor-widget elementor-widget-text-editor\" data-id=\"c0b200d\" data-element_type=\"widget\" data-widget_type=\"text-editor.default\">\n\t\t\t\t<div class=\"elementor-widget-container\">\n\t\t\t\t\t\t\t\t\t<p>O nosso programa de afiliados \u00e9 perfeito para pessoas activas nas redes sociais e que querem ganhar dinheiro partilhando servi\u00e7os valiosos com o seu p\u00fablico. Como afiliado da Relocations.io, receber\u00e1 links exclusivos para partilhar nas suas plataformas, permitindo-lhe ganhar comiss\u00f5es por cada inscri\u00e7\u00e3o bem sucedida que venha atrav\u00e9s da sua refer\u00eancia. Facilitamos o acompanhamento do seu desempenho, fornecendo ferramentas de rastreamento em tempo real, onde voc\u00ea pode ver cliques, convers\u00f5es e ganhos, dando-lhe total controle sobre seu sucesso. O nosso painel de controlo intuitivo permite-lhe acompanhar o seu progresso e otimizar a sua estrat\u00e9gia para obter o m\u00e1ximo de resultados.<\/p><p>Para apoiar os seus esfor\u00e7os promocionais, fornecemos kits multim\u00e9dia abrangentes que incluem faixas, gr\u00e1ficos e informa\u00e7\u00f5es detalhadas sobre os nossos servi\u00e7os. Estes kits foram concebidos para o ajudar a comunicar com precis\u00e3o o valor que oferecemos ao seu p\u00fablico, mantendo as mensagens actualizadas. Quer esteja a partilhar atrav\u00e9s do Instagram, YouTube, blogues ou outras plataformas, os nossos recursos multim\u00e9dia garantem que tem tudo o que precisa para promover os nossos servi\u00e7os com confian\u00e7a. Aderir ao nosso programa de afiliados significa que pode ganhar enquanto ajuda outras pessoas a descobrir um parceiro fi\u00e1vel para os seus <a href=\"https:\/\/relocations.io\/bonjour-france-navigating-cultural-differences-and-opportunities-in-relocation\/\">deslocaliza\u00e7\u00e3o<\/a> necessidades - tudo isto mantendo-se fiel \u00e0 sua marca e \u00e0 sua voz.<\/p>\t\t\t\t\t\t\t\t<\/div>\n\t\t\t\t<\/div>\n\t\t\t\t<div class=\"elementor-element elementor-element-ea55b6f elementor-align-center elementor-widget elementor-widget-button\" data-id=\"ea55b6f\" data-element_type=\"widget\" data-widget_type=\"button.default\">\n\t\t\t\t<div class=\"elementor-widget-container\">\n\t\t\t\t\t\t\t\t\t<div class=\"elementor-button-wrapper\">\n\t\t\t\t\t<a class=\"elementor-button elementor-button-link elementor-size-sm\" href=\"https:\/\/relocations.io\/privacy-policy\/\" target=\"_blank\">\n\t\t\t\t\t\t<span class=\"elementor-button-content-wrapper\">\n\t\t\t\t\t\t\t\t\t<span class=\"elementor-button-text\">Relocations.io Pol\u00edtica de Privacidade e Termos de Utiliza\u00e7\u00e3o<\/span>\n\t\t\t\t\t<\/span>\n\t\t\t\t\t<\/a>\n\t\t\t\t<\/div>\n\t\t\t\t\t\t\t\t<\/div>\n\t\t\t\t<\/div>\n\t\t\t\t<div class=\"elementor-element elementor-element-1c1287a elementor-align-center elementor-widget elementor-widget-button\" data-id=\"1c1287a\" data-element_type=\"widget\" data-widget_type=\"button.default\">\n\t\t\t\t<div class=\"elementor-widget-container\">\n\t\t\t\t\t\t\t\t\t<div class=\"elementor-button-wrapper\">\n\t\t\t\t\t<a class=\"elementor-button elementor-button-link elementor-size-sm\" href=\"https:\/\/relocations.io\/partners\/affiliate-terms-conditions\/\" target=\"_blank\">\n\t\t\t\t\t\t<span class=\"elementor-button-content-wrapper\">\n\t\t\t\t\t\t\t\t\t<span class=\"elementor-button-text\">Termos e condi\u00e7\u00f5es dos afiliados<\/span>\n\t\t\t\t\t<\/span>\n\t\t\t\t\t<\/a>\n\t\t\t\t<\/div>\n\t\t\t\t\t\t\t\t<\/div>\n\t\t\t\t<\/div>\n\t\t\t\t<div class=\"elementor-element elementor-element-76e9a0c elementor-align-center elementor-widget elementor-widget-button\" data-id=\"76e9a0c\" data-element_type=\"widget\" data-widget_type=\"button.default\">\n\t\t\t\t<div class=\"elementor-widget-container\">\n\t\t\t\t\t\t\t\t\t<div class=\"elementor-button-wrapper\">\n\t\t\t\t\t<a class=\"elementor-button elementor-button-link elementor-size-sm\" href=\"https:\/\/relocations.io\/partners\/affiliates\/\">\n\t\t\t\t\t\t<span class=\"elementor-button-content-wrapper\">\n\t\t\t\t\t\t\t\t\t<span class=\"elementor-button-text\">Formul\u00e1rio de Candidatura de Afiliado &amp; Login no Portal de Afiliado<\/span>\n\t\t\t\t\t<\/span>\n\t\t\t\t\t<\/a>\n\t\t\t\t<\/div>\n\t\t\t\t\t\t\t\t<\/div>\n\t\t\t\t<\/div>\n\t\t\t\t\t<\/div>\n\t\t\t\t<\/div>\n\t\t\t\t<\/div>","protected":false},"excerpt":{"rendered":"<p>Affiliate &#038; Partner Portal Login Become a Partner At Relocations.io, we collaborate with a trusted network of partners across Europe to provide seamless and comprehensive relocation services tailored to our clients\u2019 needs. Our partnerships enable us to offer an extensive range of solutions, from property management and legal support to shipping and educational services, ensuring [&hellip;]<\/p>","protected":false},"author":1,"featured_media":0,"parent":0,"menu_order":0,"comment_status":"closed","ping_status":"closed","template":"elementor_header_footer","meta":{"footnotes":""},"class_list":["post-8282","page","type-page","status-publish","hentry"],"jetpack-related-posts":[{"id":8316,"url":"https:\/\/relocations.io\/pt\/parceiros\/formulario-de-parceiro\/","url_meta":{"origin":8282,"position":0},"title":"Formul\u00e1rio de parceiro","author":"Relocations.io","date":"Agosto 19, 2024","format":false,"excerpt":"","rel":"","context":"Similar post","block_context":{"text":"Similar post","link":""},"img":{"alt_text":"","src":"","width":0,"height":0},"classes":[]},{"id":8353,"url":"https:\/\/relocations.io\/pt\/parceiros\/forma-de-encaminhamento\/","url_meta":{"origin":8282,"position":1},"title":"Formul\u00e1rio de refer\u00eancia","author":"Relocations.io","date":"Agosto 19, 2024","format":false,"excerpt":"","rel":"","context":"Similar post","block_context":{"text":"Similar post","link":""},"img":{"alt_text":"","src":"","width":0,"height":0},"classes":[]},{"id":8665,"url":"https:\/\/relocations.io\/pt\/parceiros\/filiais\/","url_meta":{"origin":8282,"position":2},"title":"Portal de afiliados","author":"Relocations.io","date":"Agosto 21, 2024","format":false,"excerpt":"[solid_affiliate_portal]","rel":"","context":"Similar post","block_context":{"text":"Similar post","link":""},"img":{"alt_text":"","src":"","width":0,"height":0},"classes":[]},{"id":8881,"url":"https:\/\/relocations.io\/pt\/parceiros\/termos-e-condicoes-dos-afiliados\/","url_meta":{"origin":8282,"position":3},"title":"Termos e condi\u00e7\u00f5es dos afiliados","author":"Relocations.io","date":"Agosto 27, 2024","format":false,"excerpt":"Affiliate Program Terms and Conditions for Relocations.io Welcome to the Relocations.io Affiliate Program! By joining this program, you agree to the terms and conditions outlined here, as well as the broader Relocations.io Terms of Use and Privacy Policy. Please carefully review these guidelines before enrolling. 1. Program Participation As an\u2026","rel":"","context":"Similar post","block_context":{"text":"Similar post","link":""},"img":{"alt_text":"","src":"","width":0,"height":0},"classes":[]},{"id":3801,"url":"https:\/\/relocations.io\/pt\/sobre\/","url_meta":{"origin":8282,"position":4},"title":"Sobre n\u00f3s","author":"Relocations.io","date":"Fevereiro 1, 2015","format":false,"excerpt":"About Relocations.io Relocations.io specializes in assisting clients with seamless transitions to Europe and settling into their new homes. How did Relocations.io start ? Our History Established in 2021, Relocations.io specializes in assisting clients with seamless transitions to Europe and settling into their new homes. Originally founded with a focus on\u2026","rel":"","context":"Similar post","block_context":{"text":"Similar post","link":""},"img":{"alt_text":"","src":"https:\/\/i0.wp.com\/relocations.io\/wp-content\/uploads\/Blog1.0-2.png?resize=350%2C200&ssl=1","width":350,"height":200,"srcset":"https:\/\/i0.wp.com\/relocations.io\/wp-content\/uploads\/Blog1.0-2.png?resize=350%2C200&ssl=1 1x, https:\/\/i0.wp.com\/relocations.io\/wp-content\/uploads\/Blog1.0-2.png?resize=525%2C300&ssl=1 1.5x, https:\/\/i0.wp.com\/relocations.io\/wp-content\/uploads\/Blog1.0-2.png?resize=700%2C400&ssl=1 2x, https:\/\/i0.wp.com\/relocations.io\/wp-content\/uploads\/Blog1.0-2.png?resize=1050%2C600&ssl=1 3x, https:\/\/i0.wp.com\/relocations.io\/wp-content\/uploads\/Blog1.0-2.png?resize=1400%2C800&ssl=1 4x"},"classes":[]},{"id":3,"url":"https:\/\/relocations.io\/pt\/?elementor_library=default-kit","url_meta":{"origin":8282,"position":5},"title":"Default Kit","author":"Relocations.io","date":"Outubro 11, 2022","format":false,"excerpt":"","rel":"","context":"Similar post","block_context":{"text":"Similar post","link":""},"img":{"alt_text":"","src":"","width":0,"height":0},"classes":[]}],"jetpack_sharing_enabled":true,"_links":{"self":[{"href":"https:\/\/relocations.io\/pt\/wp-json\/wp\/v2\/pages\/8282","targetHints":{"allow":["GET"]}}],"collection":[{"href":"https:\/\/relocations.io\/pt\/wp-json\/wp\/v2\/pages"}],"about":[{"href":"https:\/\/relocations.io\/pt\/wp-json\/wp\/v2\/types\/page"}],"author":[{"embeddable":true,"href":"https:\/\/relocations.io\/pt\/wp-json\/wp\/v2\/users\/1"}],"replies":[{"embeddable":true,"href":"https:\/\/relocations.io\/pt\/wp-json\/wp\/v2\/comments?post=8282"}],"version-history":[{"count":0,"href":"https:\/\/relocations.io\/pt\/wp-json\/wp\/v2\/pages\/8282\/revisions"}],"wp:attachment":[{"href":"https:\/\/relocations.io\/pt\/wp-json\/wp\/v2\/media?parent=8282"}],"curies":[{"name":"wp","href":"https:\/\/api.w.org\/{rel}","templated":true}]}}