{"id":7481,"date":"2024-03-01T10:12:33","date_gmt":"2024-03-01T10:12:33","guid":{"rendered":"https:\/\/relocations.io\/?page_id=7481"},"modified":"2024-03-01T18:15:31","modified_gmt":"2024-03-01T18:15:31","slug":"pedido-de-orcamento-de-envio-hhg","status":"publish","type":"page","link":"https:\/\/relocations.io\/pt\/pedido-de-orcamento-de-envio-hhg\/","title":{"rendered":"Pedido de cota\u00e7\u00e3o de transporte HHG"},"content":{"rendered":"<p class=\"has-text-align-center\"><\/p>","protected":false},"excerpt":{"rendered":"","protected":false},"author":2,"featured_media":0,"parent":0,"menu_order":0,"comment_status":"closed","ping_status":"closed","template":"","meta":{"footnotes":""},"class_list":["post-7481","page","type-page","status-publish","hentry"],"jetpack-related-posts":[{"id":62168,"url":"https:\/\/relocations.io\/pt\/servicos-2\/","url_meta":{"origin":7481,"position":0},"title":"Or\u00e7amentos e propostas","author":"Relocations.io","date":"Setembro 25, 2024","format":false,"excerpt":"Relocations.io Quotes One Process at a Time. WhatsApp +351 262 010 259 Lets's Chat Quotes Choose from our Custom Quotes Flexible options Usually offered within 24hrs (Mon-Fri) All details provided Accept a quote from us and get started Premier & Premium Service Offerings See our Quote Based Solutions Relocations.io Get\u2026","rel":"","context":"Similar post","block_context":{"text":"Similar post","link":""},"img":{"alt_text":"","src":"https:\/\/i0.wp.com\/relocations.io\/wp-content\/uploads\/Blog1.0-2.png?resize=350%2C200&ssl=1","width":350,"height":200,"srcset":"https:\/\/i0.wp.com\/relocations.io\/wp-content\/uploads\/Blog1.0-2.png?resize=350%2C200&ssl=1 1x, https:\/\/i0.wp.com\/relocations.io\/wp-content\/uploads\/Blog1.0-2.png?resize=525%2C300&ssl=1 1.5x, https:\/\/i0.wp.com\/relocations.io\/wp-content\/uploads\/Blog1.0-2.png?resize=700%2C400&ssl=1 2x, https:\/\/i0.wp.com\/relocations.io\/wp-content\/uploads\/Blog1.0-2.png?resize=1050%2C600&ssl=1 3x, https:\/\/i0.wp.com\/relocations.io\/wp-content\/uploads\/Blog1.0-2.png?resize=1400%2C800&ssl=1 4x"},"classes":[]},{"id":61410,"url":"https:\/\/relocations.io\/pt\/","url_meta":{"origin":7481,"position":1},"title":"Reloca\u00e7\u00f5es.io","author":"Relocations.io","date":"Setembro 3, 2024","format":false,"excerpt":"Somos a sua empresa de gest\u00e3o de destinos e deslocaliza\u00e7\u00f5es de confian\u00e7a para todas as suas necessidades de mudan\u00e7a e instala\u00e7\u00e3o. Quer esteja \u00e0 procura de um \u00fanico servi\u00e7o de bricolage ou de um pacote, a escolha \u00e9 sempre sua!","rel":"","context":"Similar post","block_context":{"text":"Similar post","link":""},"img":{"alt_text":"","src":"https:\/\/i0.wp.com\/relocations.io\/wp-content\/uploads\/support-team.png?resize=350%2C200&ssl=1","width":350,"height":200},"classes":[]},{"id":62269,"url":"https:\/\/relocations.io\/pt\/loja-a-la-carte\/","url_meta":{"origin":7481,"position":2},"title":"Loja A-La-Carte","author":"Relocations.io","date":"Outubro 30, 2024","format":false,"excerpt":"Comprar produtos individuais na nossa loja A-La-Carte.","rel":"","context":"Similar post","block_context":{"text":"Similar post","link":""},"img":{"alt_text":"","src":"","width":0,"height":0},"classes":[]},{"id":3,"url":"https:\/\/relocations.io\/pt\/?elementor_library=default-kit","url_meta":{"origin":7481,"position":3},"title":"Default Kit","author":"Relocations.io","date":"Outubro 11, 2022","format":false,"excerpt":"","rel":"","context":"Similar post","block_context":{"text":"Similar post","link":""},"img":{"alt_text":"","src":"","width":0,"height":0},"classes":[]},{"id":9050,"url":"https:\/\/relocations.io\/pt\/politica-de-privacidade\/","url_meta":{"origin":7481,"position":4},"title":"Pol\u00edtica de privacidade","author":"Relocations.io","date":"Novembro 3, 2022","format":false,"excerpt":"Privacy Policy | Terms of Use | Terms and Conditions Our Privacy Policy, Terms of Use and Terms & Conditions for Relocations.io & Arribas D'Aventura LDA and Arribas D'Aventura LLC Updated 15 July 2024 We update all our policies often according to law changes which effect the operations of Relocations.io\u2026","rel":"","context":"Similar post","block_context":{"text":"Similar post","link":""},"img":{"alt_text":"","src":"","width":0,"height":0},"classes":[]},{"id":7517,"url":"https:\/\/relocations.io\/pt\/servicos\/","url_meta":{"origin":7481,"position":5},"title":"Pacotes","author":"Relocations.io","date":"Novembro 10, 2022","format":false,"excerpt":"Relocations.io Packages One Process at a Time. Book a Free Call WhatsApp +351 262 010 259 Lets's Chat Packages Choose from Custom Packages Bundled Services Customized to your needs Usually Long term Flexible Services Premier & Premium Service Offerings Book a Call Relocations.io Get a Packaged solution Premier experts in\u2026","rel":"","context":"Similar post","block_context":{"text":"Similar post","link":""},"img":{"alt_text":"","src":"https:\/\/i0.wp.com\/relocations.io\/wp-content\/uploads\/Blog1.0-2.png?resize=350%2C200&ssl=1","width":350,"height":200,"srcset":"https:\/\/i0.wp.com\/relocations.io\/wp-content\/uploads\/Blog1.0-2.png?resize=350%2C200&ssl=1 1x, https:\/\/i0.wp.com\/relocations.io\/wp-content\/uploads\/Blog1.0-2.png?resize=525%2C300&ssl=1 1.5x, https:\/\/i0.wp.com\/relocations.io\/wp-content\/uploads\/Blog1.0-2.png?resize=700%2C400&ssl=1 2x, https:\/\/i0.wp.com\/relocations.io\/wp-content\/uploads\/Blog1.0-2.png?resize=1050%2C600&ssl=1 3x, https:\/\/i0.wp.com\/relocations.io\/wp-content\/uploads\/Blog1.0-2.png?resize=1400%2C800&ssl=1 4x"},"classes":[]}],"jetpack_sharing_enabled":true,"_links":{"self":[{"href":"https:\/\/relocations.io\/pt\/wp-json\/wp\/v2\/pages\/7481","targetHints":{"allow":["GET"]}}],"collection":[{"href":"https:\/\/relocations.io\/pt\/wp-json\/wp\/v2\/pages"}],"about":[{"href":"https:\/\/relocations.io\/pt\/wp-json\/wp\/v2\/types\/page"}],"author":[{"embeddable":true,"href":"https:\/\/relocations.io\/pt\/wp-json\/wp\/v2\/users\/2"}],"replies":[{"embeddable":true,"href":"https:\/\/relocations.io\/pt\/wp-json\/wp\/v2\/comments?post=7481"}],"version-history":[{"count":0,"href":"https:\/\/relocations.io\/pt\/wp-json\/wp\/v2\/pages\/7481\/revisions"}],"wp:attachment":[{"href":"https:\/\/relocations.io\/pt\/wp-json\/wp\/v2\/media?parent=7481"}],"curies":[{"name":"wp","href":"https:\/\/api.w.org\/{rel}","templated":true}]}}