{"id":3801,"date":"2015-02-01T20:19:15","date_gmt":"2015-02-01T12:19:15","guid":{"rendered":"http:\/\/www.rd-themes.com\/TheFox\/?page_id=3801"},"modified":"2024-09-09T12:39:24","modified_gmt":"2024-09-09T11:39:24","slug":"sobre","status":"publish","type":"page","link":"https:\/\/relocations.io\/pt\/sobre\/","title":{"rendered":"Sobre n\u00f3s"},"content":{"rendered":"<div data-elementor-type=\"wp-page\" data-elementor-id=\"3801\" class=\"elementor elementor-3801\" data-elementor-settings=\"{&quot;ha_cmc_init_switcher&quot;:&quot;no&quot;}\" data-elementor-post-type=\"page\">\n\t\t\t\t\t\t<section class=\"elementor-section elementor-top-section elementor-element elementor-element-538e1201 elementor-section-content-middle elementor-section-boxed elementor-section-height-default elementor-section-height-default\" data-id=\"538e1201\" data-element_type=\"section\" data-settings=\"{&quot;background_background&quot;:&quot;classic&quot;,&quot;_ha_eqh_enable&quot;:false}\">\n\t\t\t\t\t\t<div class=\"elementor-container elementor-column-gap-default\">\n\t\t\t\t\t<div class=\"elementor-column elementor-col-50 elementor-top-column elementor-element elementor-element-2d8d30fc\" data-id=\"2d8d30fc\" data-element_type=\"column\" data-settings=\"{&quot;background_background&quot;:&quot;slideshow&quot;,&quot;background_slideshow_gallery&quot;:[],&quot;background_slideshow_loop&quot;:&quot;yes&quot;,&quot;background_slideshow_slide_duration&quot;:5000,&quot;background_slideshow_slide_transition&quot;:&quot;fade&quot;,&quot;background_slideshow_transition_duration&quot;:500}\">\n\t\t\t<div class=\"elementor-widget-wrap elementor-element-populated\">\n\t\t\t\t\t\t<div class=\"elementor-element elementor-element-b31c98 elementor-widget elementor-widget-elementskit-heading\" data-id=\"b31c98\" data-element_type=\"widget\" data-widget_type=\"elementskit-heading.default\">\n\t\t\t\t<div class=\"elementor-widget-container\">\n\t\t\t\t\t<div class=\"ekit-wid-con\" ><div class=\"ekit-heading elementskit-section-title-wraper text_center   ekit_heading_tablet-   ekit_heading_mobile-\"><h2 class=\"ekit-heading--title elementskit-section-title\"><span><span>Sobre a Relocations.io<\/span><\/span><\/h2>\t\t\t\t<div class='ekit-heading__description'>\n\t\t\t\t\t<p><b>Reloca\u00e7\u00f5es.io<\/b> \u00e9 especializada em ajudar os clientes a efectuarem transi\u00e7\u00f5es perfeitas para a Europa e a instalarem-se nas suas novas casas.<\/p>\n\t\t\t\t<\/div>\n\t\t\t<\/div><\/div>\t\t\t\t<\/div>\n\t\t\t\t<\/div>\n\t\t\t\t\t<\/div>\n\t\t<\/div>\n\t\t\t\t<div class=\"elementor-column elementor-col-50 elementor-top-column elementor-element elementor-element-60f2cc16\" data-id=\"60f2cc16\" data-element_type=\"column\" data-settings=\"{&quot;background_background&quot;:&quot;slideshow&quot;,&quot;background_slideshow_gallery&quot;:[],&quot;background_slideshow_loop&quot;:&quot;yes&quot;,&quot;background_slideshow_slide_duration&quot;:5000,&quot;background_slideshow_slide_transition&quot;:&quot;fade&quot;,&quot;background_slideshow_transition_duration&quot;:500}\">\n\t\t\t<div class=\"elementor-widget-wrap elementor-element-populated\">\n\t\t\t\t\t\t<div class=\"elementor-element elementor-element-7b1d0ee elementor-widget elementor-widget-image\" data-id=\"7b1d0ee\" data-element_type=\"widget\" data-widget_type=\"image.default\">\n\t\t\t\t<div class=\"elementor-widget-container\">\n\t\t\t\t\t\t\t\t\t\t\t\t\t\t\t<img fetchpriority=\"high\" decoding=\"async\" width=\"500\" height=\"500\" src=\"https:\/\/i0.wp.com\/relocations.io\/wp-content\/uploads\/Assistent.png?fit=500%2C500&amp;ssl=1\" class=\"attachment-large size-large wp-image-61635\" alt=\"\" srcset=\"https:\/\/i0.wp.com\/relocations.io\/wp-content\/uploads\/Assistent.png?w=500&amp;ssl=1 500w, https:\/\/i0.wp.com\/relocations.io\/wp-content\/uploads\/Assistent.png?resize=300%2C300&amp;ssl=1 300w, https:\/\/i0.wp.com\/relocations.io\/wp-content\/uploads\/Assistent.png?resize=150%2C150&amp;ssl=1 150w, https:\/\/i0.wp.com\/relocations.io\/wp-content\/uploads\/Assistent.png?resize=12%2C12&amp;ssl=1 12w\" sizes=\"(max-width: 500px) 100vw, 500px\" \/>\t\t\t\t\t\t\t\t\t\t\t\t\t\t\t<\/div>\n\t\t\t\t<\/div>\n\t\t\t\t\t<\/div>\n\t\t<\/div>\n\t\t\t\t\t<\/div>\n\t\t<\/section>\n\t\t\t\t<section class=\"elementor-section elementor-top-section elementor-element elementor-element-5b638b5d elementor-section-boxed elementor-section-height-default elementor-section-height-default\" data-id=\"5b638b5d\" data-element_type=\"section\" data-settings=\"{&quot;background_background&quot;:&quot;classic&quot;,&quot;_ha_eqh_enable&quot;:false}\">\n\t\t\t\t\t\t<div class=\"elementor-container elementor-column-gap-no\">\n\t\t\t\t\t<div class=\"elementor-column elementor-col-100 elementor-top-column elementor-element elementor-element-28c65d35\" data-id=\"28c65d35\" data-element_type=\"column\">\n\t\t\t<div class=\"elementor-widget-wrap elementor-element-populated\">\n\t\t\t\t\t\t<section class=\"elementor-section elementor-inner-section elementor-element elementor-element-6983c2e3 elementor-section-boxed elementor-section-height-default elementor-section-height-default\" data-id=\"6983c2e3\" data-element_type=\"section\" data-settings=\"{&quot;_ha_eqh_enable&quot;:false}\">\n\t\t\t\t\t\t<div class=\"elementor-container elementor-column-gap-default\">\n\t\t\t\t\t<div class=\"elementor-column elementor-col-100 elementor-inner-column elementor-element elementor-element-53ee3f5\" data-id=\"53ee3f5\" data-element_type=\"column\">\n\t\t\t<div class=\"elementor-widget-wrap elementor-element-populated\">\n\t\t\t\t\t\t<div class=\"elementor-element elementor-element-7f34e934 ha-has-bg-overlay elementor-widget elementor-widget-elementskit-heading\" data-id=\"7f34e934\" data-element_type=\"widget\" data-widget_type=\"elementskit-heading.default\">\n\t\t\t\t<div class=\"elementor-widget-container\">\n\t\t\t\t\t<div class=\"ekit-wid-con\" ><div class=\"ekit-heading elementskit-section-title-wraper text_center   ekit_heading_tablet-   ekit_heading_mobile-\"><h2 class=\"ekit-heading--title elementskit-section-title\">Como \u00e9 que o Relocations.io come\u00e7ou?<\/h2><\/div><\/div>\t\t\t\t<\/div>\n\t\t\t\t<\/div>\n\t\t\t\t\t<\/div>\n\t\t<\/div>\n\t\t\t\t\t<\/div>\n\t\t<\/section>\n\t\t\t\t<section class=\"elementor-section elementor-inner-section elementor-element elementor-element-3b4c89c5 elementor-section-boxed elementor-section-height-default elementor-section-height-default\" data-id=\"3b4c89c5\" data-element_type=\"section\" data-settings=\"{&quot;_ha_eqh_enable&quot;:false}\">\n\t\t\t\t\t\t<div class=\"elementor-container elementor-column-gap-extended\">\n\t\t\t\t\t<div class=\"elementor-column elementor-col-50 elementor-inner-column elementor-element elementor-element-2b7cf9d1\" data-id=\"2b7cf9d1\" data-element_type=\"column\">\n\t\t\t<div class=\"elementor-widget-wrap elementor-element-populated\">\n\t\t\t\t\t\t<div class=\"elementor-element elementor-element-5342cd90 ekit-equal-height-enable elementor-widget elementor-widget-elementskit-icon-box\" data-id=\"5342cd90\" data-element_type=\"widget\" data-widget_type=\"elementskit-icon-box.default\">\n\t\t\t\t<div class=\"elementor-widget-container\">\n\t\t\t\t\t<div class=\"ekit-wid-con\" >        <!-- link opening -->\n                <a href=\"#\" class=\"ekit_global_links\">\n                <!-- end link opening -->\n\n        <div class=\"elementskit-infobox text-left text- icon-lef-right-aligin elementor-animation-  gradient-active  hover_from_top\">\n                        <div class=\"box-body\">\n                            <h3 class=\"elementskit-info-box-title\">\n                    A nossa hist\u00f3ria                <\/h3>\n                        \t\t  \t<p>Fundada em 2021, Relocations.io \u00e9 especializada em ajudar os clientes com transi\u00e7\u00f5es perfeitas para a Europa e se estabelecer em suas novas casas. Originalmente fundada com foco em servi\u00e7os imobili\u00e1rios, rapidamente reconhecemos a evolu\u00e7\u00e3o das necessidades de nossos clientes. Em resposta, expandimos as nossas ofertas em 2022 para abranger uma gama completa de solu\u00e7\u00f5es de relocaliza\u00e7\u00e3o adaptadas \u00e0s necessidades individuais. Quer esteja a mudar-se por motivos de trabalho, reforma ou simplesmente \u00e0 procura de uma mudan\u00e7a de cen\u00e1rio, a nossa equipa dedicada est\u00e1 empenhada em fornecer assist\u00eancia personalizada em cada passo do caminho. Desde encontrar a propriedade perfeita at\u00e9 navegar pelos requisitos legais, ajustes culturais e comodidades essenciais, simplificamos o processo de relocaliza\u00e7\u00e3o para uma experi\u00eancia sem stress. Com a nossa experi\u00eancia e rede de parceiros de confian\u00e7a, garantimos que a sua transi\u00e7\u00e3o para a Europa \u00e9 suave, eficiente e gratificante. Deixe-nos tratar da log\u00edstica enquanto se concentra em abra\u00e7ar a sua nova aventura.<\/p>\n                                <\/div>\n        \n        \n                <\/div>\n                <\/a>\n        <\/div>\t\t\t\t<\/div>\n\t\t\t\t<\/div>\n\t\t\t\t\t<\/div>\n\t\t<\/div>\n\t\t\t\t<div class=\"elementor-column elementor-col-50 elementor-inner-column elementor-element elementor-element-69d7570c\" data-id=\"69d7570c\" data-element_type=\"column\">\n\t\t\t<div class=\"elementor-widget-wrap elementor-element-populated\">\n\t\t\t\t\t\t<div class=\"elementor-element elementor-element-53d8917d ekit-equal-height-enable elementor-widget elementor-widget-elementskit-icon-box\" data-id=\"53d8917d\" data-element_type=\"widget\" data-widget_type=\"elementskit-icon-box.default\">\n\t\t\t\t<div class=\"elementor-widget-container\">\n\t\t\t\t\t<div class=\"ekit-wid-con\" >        <!-- link opening -->\n                <a href=\"#\" class=\"ekit_global_links\">\n                <!-- end link opening -->\n\n        <div class=\"elementskit-infobox text-left text- icon-lef-right-aligin elementor-animation-  gradient-active  hover_from_top\">\n                        <div class=\"box-body\">\n                            <h3 class=\"elementskit-info-box-title\">\n                    A nossa equipa                <\/h3>\n                        \t\t  \t<p>A import\u00e2ncia de cultivar uma equipa de funcion\u00e1rios felizes e realizados dentro de uma empresa n\u00e3o pode ser exagerada, uma vez que tem um impacto direto na experi\u00eancia do cliente. Quando os membros da equipa se sentem valorizados, capacitados e apoiados nas suas fun\u00e7\u00f5es, est\u00e3o mais bem equipados para prestar um servi\u00e7o excecional aos clientes. Um ambiente encorajador, onde os funcion\u00e1rios s\u00e3o incentivados a expressar as suas ideias e preocupa\u00e7\u00f5es, promove uma cultura de inova\u00e7\u00e3o e resolu\u00e7\u00e3o de problemas. Os membros da equipa satisfeitos t\u00eam mais probabilidades de ir al\u00e9m e encontrar solu\u00e7\u00f5es criativas para satisfazer as necessidades dos clientes, o que resulta numa experi\u00eancia positiva e memor\u00e1vel. Al\u00e9m disso, quando os funcion\u00e1rios se sentem apreciados e capacitados, est\u00e3o naturalmente mais motivados para apresentar resultados excepcionais, melhorando ainda mais a qualidade geral do servi\u00e7o. Em \u00faltima an\u00e1lise, uma empresa que d\u00e1 prioridade \u00e0 felicidade e ao bem-estar dos membros da sua equipa n\u00e3o s\u00f3 cria um local de trabalho mais agrad\u00e1vel, como tamb\u00e9m garante que os clientes recebem o mais elevado n\u00edvel de cuidados e satisfa\u00e7\u00e3o.<\/p>\n                                <\/div>\n        \n        \n                <\/div>\n                <\/a>\n        <\/div>\t\t\t\t<\/div>\n\t\t\t\t<\/div>\n\t\t\t\t\t<\/div>\n\t\t<\/div>\n\t\t\t\t\t<\/div>\n\t\t<\/section>\n\t\t\t\t\t<\/div>\n\t\t<\/div>\n\t\t\t\t\t<\/div>\n\t\t<\/section>\n\t\t\t\t<section class=\"elementor-section elementor-top-section elementor-element elementor-element-51e0af05 elementor-section-boxed elementor-section-height-default elementor-section-height-default\" data-id=\"51e0af05\" data-element_type=\"section\" data-settings=\"{&quot;background_background&quot;:&quot;classic&quot;,&quot;_ha_eqh_enable&quot;:false}\">\n\t\t\t\t\t\t<div class=\"elementor-container elementor-column-gap-no\">\n\t\t\t\t\t<div class=\"elementor-column elementor-col-100 elementor-top-column elementor-element elementor-element-14fb4299\" data-id=\"14fb4299\" data-element_type=\"column\">\n\t\t\t<div class=\"elementor-widget-wrap elementor-element-populated\">\n\t\t\t\t\t\t<div class=\"elementor-element elementor-element-369c7e6 elementor-widget elementor-widget-image\" data-id=\"369c7e6\" data-element_type=\"widget\" data-widget_type=\"image.default\">\n\t\t\t\t<div class=\"elementor-widget-container\">\n\t\t\t\t\t\t\t\t\t\t\t\t\t\t\t<img decoding=\"async\" width=\"1920\" height=\"1080\" src=\"https:\/\/i0.wp.com\/relocations.io\/wp-content\/uploads\/Blog1.0-2.png?fit=1920%2C1080&amp;ssl=1\" class=\"attachment-full size-full wp-image-61643\" alt=\"\" srcset=\"https:\/\/i0.wp.com\/relocations.io\/wp-content\/uploads\/Blog1.0-2.png?w=1920&amp;ssl=1 1920w, https:\/\/i0.wp.com\/relocations.io\/wp-content\/uploads\/Blog1.0-2.png?resize=300%2C169&amp;ssl=1 300w, https:\/\/i0.wp.com\/relocations.io\/wp-content\/uploads\/Blog1.0-2.png?resize=1024%2C576&amp;ssl=1 1024w, https:\/\/i0.wp.com\/relocations.io\/wp-content\/uploads\/Blog1.0-2.png?resize=768%2C432&amp;ssl=1 768w, https:\/\/i0.wp.com\/relocations.io\/wp-content\/uploads\/Blog1.0-2.png?resize=1536%2C864&amp;ssl=1 1536w, https:\/\/i0.wp.com\/relocations.io\/wp-content\/uploads\/Blog1.0-2.png?resize=18%2C10&amp;ssl=1 18w, https:\/\/i0.wp.com\/relocations.io\/wp-content\/uploads\/Blog1.0-2.png?resize=1170%2C658&amp;ssl=1 1170w, https:\/\/i0.wp.com\/relocations.io\/wp-content\/uploads\/Blog1.0-2.png?resize=600%2C338&amp;ssl=1 600w\" sizes=\"(max-width: 1080px) 100vw, 1080px\" \/>\t\t\t\t\t\t\t\t\t\t\t\t\t\t\t<\/div>\n\t\t\t\t<\/div>\n\t\t\t\t\t<\/div>\n\t\t<\/div>\n\t\t\t\t\t<\/div>\n\t\t<\/section>\n\t\t\t\t<section class=\"elementor-section elementor-top-section elementor-element elementor-element-49a2dfdb animated-slow elementor-section-boxed elementor-section-height-default elementor-section-height-default elementor-invisible\" data-id=\"49a2dfdb\" data-element_type=\"section\" data-settings=\"{&quot;animation&quot;:&quot;fadeInUp&quot;,&quot;background_background&quot;:&quot;classic&quot;,&quot;_ha_eqh_enable&quot;:false}\">\n\t\t\t\t\t\t<div class=\"elementor-container elementor-column-gap-no\">\n\t\t\t\t\t<div class=\"elementor-column elementor-col-100 elementor-top-column elementor-element elementor-element-43dcdad5\" data-id=\"43dcdad5\" data-element_type=\"column\">\n\t\t\t<div class=\"elementor-widget-wrap elementor-element-populated\">\n\t\t\t\t\t\t<section class=\"elementor-section elementor-inner-section elementor-element elementor-element-16e51fb2 elementor-section-boxed elementor-section-height-default elementor-section-height-default\" data-id=\"16e51fb2\" data-element_type=\"section\" data-settings=\"{&quot;_ha_eqh_enable&quot;:false}\">\n\t\t\t\t\t\t<div class=\"elementor-container elementor-column-gap-default\">\n\t\t\t\t\t<div class=\"elementor-column elementor-col-100 elementor-inner-column elementor-element elementor-element-19d81bf7\" data-id=\"19d81bf7\" data-element_type=\"column\">\n\t\t\t<div class=\"elementor-widget-wrap elementor-element-populated\">\n\t\t\t\t\t\t<div class=\"elementor-element elementor-element-12c1bc61 elementor-widget elementor-widget-elementskit-heading\" data-id=\"12c1bc61\" data-element_type=\"widget\" data-widget_type=\"elementskit-heading.default\">\n\t\t\t\t<div class=\"elementor-widget-container\">\n\t\t\t\t\t<div class=\"ekit-wid-con\" ><div class=\"ekit-heading elementskit-section-title-wraper text_center   ekit_heading_tablet-   ekit_heading_mobile-text_center\"><h2 class=\"ekit-heading--title elementskit-section-title\">Comece hoje a sua viagem <\/h2>\t\t\t\t<div class='ekit-heading__description'>\n\t\t\t\t\t<p>Deixe-nos tratar da log\u00edstica enquanto se concentra em abra\u00e7ar a sua nova aventura.<\/p>\n\t\t\t\t<\/div>\n\t\t\t<\/div><\/div>\t\t\t\t<\/div>\n\t\t\t\t<\/div>\n\t\t\t\t<div class=\"elementor-element elementor-element-3ccd04fc elementor-align--mobilecenter elementor-align-center elementor-widget elementor-widget-elementskit-button\" data-id=\"3ccd04fc\" data-element_type=\"widget\" data-widget_type=\"elementskit-button.default\">\n\t\t\t\t<div class=\"elementor-widget-container\">\n\t\t\t\t\t<div class=\"ekit-wid-con\" >\t\t<div class=\"ekit-btn-wraper\">\n\t\t\t\t\t\t\t<a href=\"https:\/\/relocations.io\/book-a-call\/\" class=\"elementskit-btn  whitespace--normal\" id=\"\">\n\t\t\t\t\tMarcar uma chamada\t\t\t\t<\/a>\n\t\t\t\t\t<\/div>\n        <\/div>\t\t\t\t<\/div>\n\t\t\t\t<\/div>\n\t\t\t\t\t<\/div>\n\t\t<\/div>\n\t\t\t\t\t<\/div>\n\t\t<\/section>\n\t\t\t\t\t<\/div>\n\t\t<\/div>\n\t\t\t\t\t<\/div>\n\t\t<\/section>\n\t\t\t\t<\/div>","protected":false},"excerpt":{"rendered":"<p>About Relocations.io Relocations.io specializes in assisting clients with seamless transitions to Europe and settling into their new homes. How did Relocations.io start ? Our History Established in 2021, Relocations.io specializes in assisting clients with seamless transitions to Europe and settling into their new homes. Originally founded with a focus on real estate services, we quickly [&hellip;]<\/p>","protected":false},"author":1,"featured_media":0,"parent":0,"menu_order":0,"comment_status":"closed","ping_status":"closed","template":"elementor_header_footer","meta":{"footnotes":""},"class_list":["post-3801","page","type-page","status-publish","hentry"],"jetpack-related-posts":[{"id":4107,"url":"https:\/\/relocations.io\/pt\/a-nossa-equipa-01\/","url_meta":{"origin":3801,"position":0},"title":"A nossa equipa","author":"Relocations.io","date":"Fevereiro 4, 2015","format":false,"excerpt":"Our Team Experiences you can't get anywhere else At \u201crelocations.io,\u201d we understand that diversity and cultural sensitivity are essential components of delivering exceptional service. Our team is comprised of individuals from various backgrounds, bringing a wealth of perspectives and insights to our work. We believe in celebrating our differences and\u2026","rel":"","context":"Similar post","block_context":{"text":"Similar post","link":""},"img":{"alt_text":"","src":"https:\/\/i0.wp.com\/relocations.io\/wp-content\/uploads\/Our-people.png?resize=350%2C200&ssl=1","width":350,"height":200},"classes":[]},{"id":8903,"url":"https:\/\/relocations.io\/pt\/deslocacoes-de-membros-militares-veteranos-2\/","url_meta":{"origin":3801,"position":1},"title":"Desloca\u00e7\u00f5es de veteranos e militares","author":"Relocations.io","date":"Agosto 27, 2024","format":false,"excerpt":"Veteran & Military Member Relocations At Relocations.io, we deeply appreciate the service and sacrifices made by veterans, military members, and their families. We understand the unique challenges that come with military life, especially when it comes to relocating across borders. Whether you\u2019re transitioning into civilian life, moving your family to\u2026","rel":"","context":"Similar post","block_context":{"text":"Similar post","link":""},"img":{"alt_text":"","src":"https:\/\/i0.wp.com\/relocations.io\/wp-content\/uploads\/support-team.png?resize=350%2C200&ssl=1","width":350,"height":200},"classes":[]},{"id":7517,"url":"https:\/\/relocations.io\/pt\/servicos\/","url_meta":{"origin":3801,"position":2},"title":"Pacotes","author":"Relocations.io","date":"Novembro 10, 2022","format":false,"excerpt":"Relocations.io Packages One Process at a Time. Book a Free Call WhatsApp +351 262 010 259 Lets's Chat Packages Choose from Custom Packages Bundled Services Customized to your needs Usually Long term Flexible Services Premier & Premium Service Offerings Book a Call Relocations.io Get a Packaged solution Premier experts in\u2026","rel":"","context":"Similar post","block_context":{"text":"Similar post","link":""},"img":{"alt_text":"","src":"https:\/\/i0.wp.com\/relocations.io\/wp-content\/uploads\/Blog1.0-2.png?resize=350%2C200&ssl=1","width":350,"height":200,"srcset":"https:\/\/i0.wp.com\/relocations.io\/wp-content\/uploads\/Blog1.0-2.png?resize=350%2C200&ssl=1 1x, https:\/\/i0.wp.com\/relocations.io\/wp-content\/uploads\/Blog1.0-2.png?resize=525%2C300&ssl=1 1.5x, https:\/\/i0.wp.com\/relocations.io\/wp-content\/uploads\/Blog1.0-2.png?resize=700%2C400&ssl=1 2x, https:\/\/i0.wp.com\/relocations.io\/wp-content\/uploads\/Blog1.0-2.png?resize=1050%2C600&ssl=1 3x, https:\/\/i0.wp.com\/relocations.io\/wp-content\/uploads\/Blog1.0-2.png?resize=1400%2C800&ssl=1 4x"},"classes":[]},{"id":10,"url":"https:\/\/relocations.io\/pt\/homeo-2\/","url_meta":{"origin":3801,"position":3},"title":"Homeo-2","author":"Relocations.io","date":"Outubro 11, 2022","format":false,"excerpt":"Previous slide Next slide Site under Maintenance We\u2019re thrilled to announce that exciting developments are underway, and we can't wait to share them with you. We sincerely apologize for any inconvenience caused by the delay, but we assure you that it will be worth the wait. Please mark your calendars\u2026","rel":"","context":"Similar post","block_context":{"text":"Similar post","link":""},"img":{"alt_text":"","src":"https:\/\/i0.wp.com\/relocations.io\/wp-content\/uploads\/432862716_122103825458252482_221353166297668793_n.jpg?resize=350%2C200&ssl=1","width":350,"height":200,"srcset":"https:\/\/i0.wp.com\/relocations.io\/wp-content\/uploads\/432862716_122103825458252482_221353166297668793_n.jpg?resize=350%2C200&ssl=1 1x, https:\/\/i0.wp.com\/relocations.io\/wp-content\/uploads\/432862716_122103825458252482_221353166297668793_n.jpg?resize=525%2C300&ssl=1 1.5x, https:\/\/i0.wp.com\/relocations.io\/wp-content\/uploads\/432862716_122103825458252482_221353166297668793_n.jpg?resize=700%2C400&ssl=1 2x, https:\/\/i0.wp.com\/relocations.io\/wp-content\/uploads\/432862716_122103825458252482_221353166297668793_n.jpg?resize=1050%2C600&ssl=1 3x, https:\/\/i0.wp.com\/relocations.io\/wp-content\/uploads\/432862716_122103825458252482_221353166297668793_n.jpg?resize=1400%2C800&ssl=1 4x"},"classes":[]},{"id":7481,"url":"https:\/\/relocations.io\/pt\/pedido-de-orcamento-de-envio-hhg\/","url_meta":{"origin":3801,"position":4},"title":"Pedido de cota\u00e7\u00e3o de transporte HHG","author":"Relocations.io","date":"Mar\u00e7o 1, 2024","format":false,"excerpt":"","rel":"","context":"Similar post","block_context":{"text":"Similar post","link":""},"img":{"alt_text":"","src":"","width":0,"height":0},"classes":[]},{"id":8798,"url":"https:\/\/relocations.io\/pt\/deslocalizacoes-io-shop\/","url_meta":{"origin":3801,"position":5},"title":"Loja Relocations.io","author":"Relocations.io","date":"Agosto 25, 2024","format":false,"excerpt":"","rel":"","context":"Similar post","block_context":{"text":"Similar post","link":""},"img":{"alt_text":"","src":"","width":0,"height":0},"classes":[]}],"jetpack_sharing_enabled":true,"_links":{"self":[{"href":"https:\/\/relocations.io\/pt\/wp-json\/wp\/v2\/pages\/3801","targetHints":{"allow":["GET"]}}],"collection":[{"href":"https:\/\/relocations.io\/pt\/wp-json\/wp\/v2\/pages"}],"about":[{"href":"https:\/\/relocations.io\/pt\/wp-json\/wp\/v2\/types\/page"}],"author":[{"embeddable":true,"href":"https:\/\/relocations.io\/pt\/wp-json\/wp\/v2\/users\/1"}],"replies":[{"embeddable":true,"href":"https:\/\/relocations.io\/pt\/wp-json\/wp\/v2\/comments?post=3801"}],"version-history":[{"count":0,"href":"https:\/\/relocations.io\/pt\/wp-json\/wp\/v2\/pages\/3801\/revisions"}],"wp:attachment":[{"href":"https:\/\/relocations.io\/pt\/wp-json\/wp\/v2\/media?parent=3801"}],"curies":[{"name":"wp","href":"https:\/\/api.w.org\/{rel}","templated":true}]}}