{"id":14292,"date":"2025-11-27T10:28:14","date_gmt":"2025-11-27T10:28:14","guid":{"rendered":"https:\/\/relocations.io\/portal\/?page_id=14292"},"modified":"2025-12-15T18:00:31","modified_gmt":"2025-12-15T18:00:31","slug":"insurance","status":"publish","type":"page","link":"https:\/\/relocations.io\/portal\/ro\/insurance\/","title":{"rendered":"Asigur\u0103ri"},"content":{"rendered":"<h1 class=\"wp-block-heading\">\ud83d\udce6 Asigurare de transport maritim - Relocations.io<\/h1>\n\n\n\n<p>Asigura\u021bi-v\u0103 c\u0103 m\u0103rfurile dvs. sunt transportate \u00een siguran\u021b\u0103 cu <strong>asigurare de transport maritim complet\u0103<\/strong>. Numai r\u0103spunderea expeditorului poate s\u0103 nu acopere \u00eentreaga valoare a transportului dumneavoastr\u0103.<\/p>\n\n\n\n<hr class=\"wp-block-separator has-alpha-channel-opacity\"\/>\n\n\n\n<h2 class=\"wp-block-heading\">\ud83d\ude9a R\u0103spunderea expeditorului vs. asigurarea de transport maritim<\/h2>\n\n\n\n<h3 class=\"wp-block-heading\">R\u0103spunderea expeditorului<\/h3>\n\n\n\n<ul class=\"wp-block-list\">\n<li>Acoperire standard de c\u0103tre transportatori.<\/li>\n\n\n\n<li>R\u0103spunderea maxim\u0103: <strong>8 EUR pe kilogram<\/strong> a transportului dumneavoastr\u0103.\n<ul class=\"wp-block-list\">\n<li>Exemplu: transport de 100 kg \u2192 p\u00e2n\u0103 la <strong>\u20ac800<\/strong>.<\/li>\n<\/ul>\n<\/li>\n\n\n\n<li>R\u0103spundere <strong>nu se va aplica<\/strong> \u00een cazul \u00een care daunele nu sunt notate pe documentele de livrare ale \u0219oferului la momentul livr\u0103rii.<\/li>\n<\/ul>\n\n\n\n<h3 class=\"wp-block-heading\">Asigurare de transport maritim<\/h3>\n\n\n\n<ul class=\"wp-block-list\">\n<li>Acoper\u0103 <strong>valoarea total\u0103 declarat\u0103<\/strong> a bunurilor dumneavoastr\u0103.<\/li>\n\n\n\n<li>Ofer\u0103 <strong>protec\u021bie complet\u0103<\/strong> pentru pierdere sau deteriorare.<\/li>\n\n\n\n<li>Asigur\u0103 o gestionare mai u\u0219oar\u0103 \u0219i mai rapid\u0103 a cererilor de desp\u0103gubire.<\/li>\n<\/ul>\n\n\n\n<blockquote class=\"wp-block-quote is-layout-flow wp-block-quote-is-layout-flow\">\n<p>\ud83d\udca1 Sfat: Declara\u021bi \u00eentotdeauna <strong>valoare exact\u0103<\/strong> a transportului dvs. \u0219i urma\u021bi instruc\u021biunile noastre <a href=\"https:\/\/relocations.io\/portal\/ro\/packing-guide\/\">\ud83d\udce6 Ghid de ambalare pentru expediere<\/a> pentru ambalarea corespunz\u0103toare.<\/p>\n<\/blockquote>\n\n\n\n<hr class=\"wp-block-separator has-alpha-channel-opacity\"\/>\n\n\n\n<h2 class=\"wp-block-heading\">\ud83d\udee1\ufe0f CMR Asigur\u0103ri<\/h2>\n\n\n\n<p>Asigurarea de baz\u0103 CMR este inclus\u0103 \u00een toate expedierile rutiere europene.<\/p>\n\n\n\n<p><strong>Puncte cheie:<\/strong><\/p>\n\n\n\n<ul class=\"wp-block-list\">\n<li>Acoperire \u00een temeiul <strong><a href=\"https:\/\/treaties.un.org\/doc\/Treaties\/1961\/07\/19610702%2001-56%20AM\/Ch_XI_B_11.pdf\" target=\"_blank\" rel=\"noreferrer noopener\">Conven\u021bia privind contractul de transport rutier interna\u021bional de m\u0103rfuri (Conven\u021bia CMR)<\/a><\/strong>.<\/li>\n\n\n\n<li>Protejeaz\u0103 \u00eempotriva pierderii sau deterior\u0103rii \u00een timpul transportului.<\/li>\n\n\n\n<li>Acoperire de baz\u0103; se recomand\u0103 \u0219i poate fi necesar\u0103 o asigurare suplimentar\u0103 pentru articole speciale sau de valoare mai mare.<\/li>\n\n\n\n<li>Asigurare sau r\u0103spundere civil\u0103 <strong>nu se va aplica<\/strong> \u00een cazul \u00een care o fotografie nu este prezentat\u0103 \u00eenainte de ridicare \u0219i nu este f\u0103cut\u0103 la livrare \u0219i documentat\u0103 de c\u0103tre \u0219ofer.<\/li>\n\n\n\n<li>Ambalarea corespunz\u0103toare este obligatorie pentru acoperirea asigur\u0103rii (<a href=\"https:\/\/relocations.io\/portal\/ro\/packing-guide\/\">\ud83d\udce6 Ghid de ambalare pentru expediere<\/a>).<\/li>\n<\/ul>\n\n\n\n<hr class=\"wp-block-separator has-alpha-channel-opacity\"\/>\n\n\n\n<h2 class=\"wp-block-heading\">\ud83d\udcf8 Cerin\u021be privind fotografiile de expediere<\/h2>\n\n\n\n<ul class=\"wp-block-list\">\n<li>Fotografii ale transportului dvs. ambalat <strong>trebuie s\u0103 fie luate \u00eenainte de preluare<\/strong> \u0219i transmise pe portal pentru toate transporturile \u0219i pentru orice tip de asigurare.<\/li>\n\n\n\n<li>Confirm\u0103 c\u0103 elementele sunt <strong>s\u0103 fie ambalate corespunz\u0103tor \u0219i s\u0103 \u00eendeplineasc\u0103 cerin\u021bele de transport<\/strong>.<\/li>\n\n\n\n<li>Expedi\u021bii f\u0103r\u0103 fotografii <strong>nu vor fi asigurate<\/strong>, iar reclama\u021biile nu vor fi acceptate.<\/li>\n<\/ul>\n\n\n\n<hr class=\"wp-block-separator has-alpha-channel-opacity\"\/>\n\n\n\n<h2 class=\"wp-block-heading\">\ud83d\udcbc Transporturi speciale \u0219i bunuri de mare valoare<\/h2>\n\n\n\n<p>Coordonarea prealabil\u0103 este necesar\u0103 pentru:<\/p>\n\n\n\n<ul class=\"wp-block-list\">\n<li>Expedi\u021bii <strong>peste 250.000 EUR<\/strong>.<\/li>\n\n\n\n<li>Articole non-standard sau de mare valoare, cum ar fi:\n<ul class=\"wp-block-list\">\n<li>Art\u0103, antichit\u0103\u021bi, prototipuri<\/li>\n\n\n\n<li>Monede, documente, certificate<\/li>\n<\/ul>\n<\/li>\n<\/ul>\n\n\n\n<blockquote class=\"wp-block-quote is-layout-flow wp-block-quote-is-layout-flow\">\n<p>Asigurarea achizi\u021bionat\u0103 f\u0103r\u0103 aprobare prealabil\u0103 acoper\u0103 de obicei doar <strong>valoare material\u0103<\/strong>.<\/p>\n<\/blockquote>\n\n\n\n<hr class=\"wp-block-separator has-alpha-channel-opacity\"\/>\n\n\n\n<h2 class=\"wp-block-heading\">\u2705 De ce s\u0103 alege\u021bi asigurarea de transport maritim<\/h2>\n\n\n\n<ul class=\"wp-block-list\">\n<li>Acoperire complet\u0103 pentru valoarea declarat\u0103 a transportului dumneavoastr\u0103.<\/li>\n\n\n\n<li>Evitarea limit\u0103rii r\u0103spunderii expeditorului.<\/li>\n\n\n\n<li>Proces rapid \u0219i f\u0103r\u0103 complica\u021bii al cererilor de desp\u0103gubire.<\/li>\n\n\n\n<li>Protec\u021bie accesibil\u0103 pentru transporturi valoroase.<\/li>\n<\/ul>\n\n\n\n<blockquote class=\"wp-block-quote is-layout-flow wp-block-quote-is-layout-flow\">\n<p>\u00centreprinderile cu transporturi frecvente sau de mare valoare pot aranja <strong>contracte de asigurare direct\u0103<\/strong> pentru acoperire personalizat\u0103.<\/p>\n<\/blockquote>\n\n\n\n<hr class=\"wp-block-separator has-alpha-channel-opacity\"\/>\n\n\n\n<h3 class=\"wp-block-heading\">\ud83d\udca1 Consultare rapid\u0103<\/h3>\n\n\n\n<figure class=\"wp-block-table\"><table class=\"has-fixed-layout\"><thead><tr><th>Tip<\/th><th>Acoperire \/ Note<\/th><\/tr><\/thead><tbody><tr><td><strong>R\u0103spunderea expeditorului<\/strong><\/td><td>8 \u20ac\/kg, limitat \u0219i de baz\u0103, \u00een func\u021bie de documentele \u0219oferului \u0219i la momentul livr\u0103rii<\/td><\/tr><tr><td><strong>CMR Asigur\u0103ri<\/strong> (c\u0103l\u0103toresc \u00een Europa)<\/td><td>Inclus pentru toate expedierile europene (<a href=\"https:\/\/treaties.un.org\/doc\/Treaties\/1961\/07\/19610702%2001-56%20AM\/Ch_XI_B_11.pdf\" data-type=\"link\" data-id=\"https:\/\/treaties.un.org\/doc\/Treaties\/1961\/07\/19610702%2001-56%20AM\/Ch_XI_B_11.pdf\" target=\"_blank\" rel=\"noreferrer noopener\">Cite\u0219te conven\u021bia CMR integral aici<\/a>)<\/td><\/tr><tr><td><strong>Asigurare suplimentar\u0103<\/strong> sau Asigurare normal\u0103<\/td><td>Disponibil pentru toate transporturile, prima se bazeaz\u0103 pe valoarea bunurilor. Poate fi necesar\u0103 o chitan\u021b\u0103 sau o dovad\u0103 de cump\u0103rare \u00een cazurile \u00een care valoarea este considerat\u0103 ridicat\u0103 de c\u0103tre asigur\u0103tor.<\/td><\/tr><tr><td><strong>Fotografii necesare<\/strong><\/td><td>Trimis la noi \u00eenainte de ridicare, obligatoriu pentru toate \u0219i orice tip de asigurare<\/td><\/tr><tr><td><strong>Conformitatea ambalajelor<\/strong><\/td><td>Necesar (<a href=\"https:\/\/relocations.io\/portal\/ro\/packing-guide\/\">\ud83d\udce6 Ghid de ambalare pentru expediere<\/a>)<\/td><\/tr><\/tbody><\/table><\/figure>\n\n\n\n<hr class=\"wp-block-separator has-alpha-channel-opacity\"\/>\n\n\n\n<ul class=\"wp-block-list\">\n<li>\u26a0\ufe0f <strong>Activarea asigur\u0103rii:<\/strong> Asigurarea de orice fel nu poate fi ad\u0103ugat\u0103, achizi\u021bionat\u0103 sau activat\u0103 dup\u0103 ce factura de transport a fost pl\u0103tit\u0103 \u0219i transportul rezervat pentru preluare \u0219i<\/li>\n\n\n\n<li>\u26a0\ufe0f <strong>Dovezi de ambalare necesare:<\/strong> \u00cen cazul \u00een care nu este furnizat\u0103 o fotografie a articolului ambalat \u00eenainte de preluare, orice acoperire de asigurare este nul\u0103 \u0219i nu vor fi acceptate reclama\u021bii.<\/li>\n\n\n\n<li>\u26a0\ufe0f <strong>Confirmarea asigur\u0103rii:<\/strong> Atunci c\u00e2nd este inclus\u0103 asigurarea, tipul de asigurare aplicabil va fi men\u021bionat pe factur\u0103, cu condi\u021bia ca o fotografie a articolului ambalat s\u0103 fie prezentat\u0103 \u00eenainte de ridicare.<\/li>\n\n\n\n<li>\u26a0\ufe0f <strong>Procesul de revendicare:<\/strong> Toate cererile trebuie depuse \u00een termen de <strong>1 zi lucr\u0103toare de la livrare<\/strong> \u0219i trebuie s\u0103 includ\u0103:<\/li>\n\n\n\n<li>Dovada documentului de preluare furnizat de \u0219ofer<\/li>\n\n\n\n<li>Documentul care atest\u0103 livrarea furnizat de \u0219ofer<\/li>\n\n\n\n<li>Dovada deterior\u0103rii la livrare, document furnizat de \u0219ofer <\/li>\n\n\n\n<li>Fotografie a articolului la livrare f\u0103cut\u0103 de \u0219ofer \u0219i de client<\/li>\n\n\n\n<li>Factura\/recep\u021bia original\u0103 pentru articolul deteriorat de la un magazin sau o \u00eentreprindere<\/li>\n\n\n\n<li>Factura de expedi\u021bie care indic\u0103 tipul de asigurare (Relocations.io)<\/li>\n\n\n\n<li>3x oferte de repara\u021bii legale de la o \u00eentreprindere \u00eenregistrat\u0103 \u00een ora\u0219ul local<\/li>\n\n\n\n<li>\u00cenainte de a depune o cerere de desp\u0103gubire, v\u0103 rug\u0103m s\u0103 consulta\u021bi poli\u021ba de asigurare aplicabil\u0103. Pentru asigurarea CMR <strong>Conven\u021bia CMR complet\u0103<\/strong> trebuie revizuite, deoarece anumite daune pot s\u0103 nu fie acoperite dac\u0103 nu sunt \u00eendeplinite anumite condi\u021bii.<\/li>\n\n\n\n<li>\u26a0\ufe0f <strong>Deductibilit\u0103\u021bi:<\/strong> Toate poli\u021bele de asigurare, inclusiv asigurarea de baz\u0103 CMR, sunt supuse unei deductibilit\u0103\u021bi bazate pe valoarea declarat\u0103 \u0219i nivelul de acoperire.<\/li>\n<\/ul>","protected":false},"excerpt":{"rendered":"<p>\ud83d\udce6 Shipping Insurance \u2013 Relocations.io Ensure your goods are transported safely with comprehensive shipping insurance. Forwarder&#8217;s liability alone may not cover the full value of your shipment. \ud83d\ude9a Forwarder&#8217;s Liability vs. Shipping Insurance Forwarder&#8217;s Liability Shipping Insurance \ud83d\udca1 Tip: Always declare the accurate value of your shipment and follow our \ud83d\udce6 Shipping Packing Guide for [&hellip;]<\/p>\n","protected":false},"author":1,"featured_media":0,"parent":0,"menu_order":0,"comment_status":"closed","ping_status":"closed","template":"","meta":{"_eb_attr":"","_eb_data_table":"","site-sidebar-layout":"default","site-content-layout":"","ast-site-content-layout":"default","site-content-style":"default","site-sidebar-style":"default","ast-global-header-display":"","ast-banner-title-visibility":"","ast-main-header-display":"","ast-hfb-above-header-display":"","ast-hfb-below-header-display":"","ast-hfb-mobile-header-display":"","site-post-title":"","ast-breadcrumbs-content":"","ast-featured-img":"","footer-sml-layout":"","ast-disable-related-posts":"","theme-transparent-header-meta":"","adv-header-id-meta":"","stick-header-meta":"","header-above-stick-meta":"","header-main-stick-meta":"","header-below-stick-meta":"","astra-migrate-meta-layouts":"set","ast-page-background-enabled":"default","ast-page-background-meta":{"desktop":{"background-color":"var(--ast-global-color-4)","background-image":"","background-repeat":"repeat","background-position":"center center","background-size":"auto","background-attachment":"scroll","background-type":"","background-media":"","overlay-type":"","overlay-color":"","overlay-opacity":"","overlay-gradient":""},"tablet":{"background-color":"","background-image":"","background-repeat":"repeat","background-position":"center center","background-size":"auto","background-attachment":"scroll","background-type":"","background-media":"","overlay-type":"","overlay-color":"","overlay-opacity":"","overlay-gradient":""},"mobile":{"background-color":"","background-image":"","background-repeat":"repeat","background-position":"center center","background-size":"auto","background-attachment":"scroll","background-type":"","background-media":"","overlay-type":"","overlay-color":"","overlay-opacity":"","overlay-gradient":""}},"ast-content-background-meta":{"desktop":{"background-color":"var(--ast-global-color-5)","background-image":"","background-repeat":"repeat","background-position":"center center","background-size":"auto","background-attachment":"scroll","background-type":"","background-media":"","overlay-type":"","overlay-color":"","overlay-opacity":"","overlay-gradient":""},"tablet":{"background-color":"var(--ast-global-color-5)","background-image":"","background-repeat":"repeat","background-position":"center center","background-size":"auto","background-attachment":"scroll","background-type":"","background-media":"","overlay-type":"","overlay-color":"","overlay-opacity":"","overlay-gradient":""},"mobile":{"background-color":"var(--ast-global-color-5)","background-image":"","background-repeat":"repeat","background-position":"center center","background-size":"auto","background-attachment":"scroll","background-type":"","background-media":"","overlay-type":"","overlay-color":"","overlay-opacity":"","overlay-gradient":""}},"footnotes":""},"class_list":["post-14292","page","type-page","status-publish","hentry"],"_links":{"self":[{"href":"https:\/\/relocations.io\/portal\/ro\/wp-json\/wp\/v2\/pages\/14292","targetHints":{"allow":["GET"]}}],"collection":[{"href":"https:\/\/relocations.io\/portal\/ro\/wp-json\/wp\/v2\/pages"}],"about":[{"href":"https:\/\/relocations.io\/portal\/ro\/wp-json\/wp\/v2\/types\/page"}],"author":[{"embeddable":true,"href":"https:\/\/relocations.io\/portal\/ro\/wp-json\/wp\/v2\/users\/1"}],"replies":[{"embeddable":true,"href":"https:\/\/relocations.io\/portal\/ro\/wp-json\/wp\/v2\/comments?post=14292"}],"version-history":[{"count":7,"href":"https:\/\/relocations.io\/portal\/ro\/wp-json\/wp\/v2\/pages\/14292\/revisions"}],"predecessor-version":[{"id":14358,"href":"https:\/\/relocations.io\/portal\/ro\/wp-json\/wp\/v2\/pages\/14292\/revisions\/14358"}],"wp:attachment":[{"href":"https:\/\/relocations.io\/portal\/ro\/wp-json\/wp\/v2\/media?parent=14292"}],"curies":[{"name":"wp","href":"https:\/\/api.w.org\/{rel}","templated":true}]}}