{"id":14273,"date":"2025-11-25T11:24:44","date_gmt":"2025-11-25T11:24:44","guid":{"rendered":"https:\/\/relocations.io\/portal\/?page_id=14273"},"modified":"2025-12-16T09:07:21","modified_gmt":"2025-12-16T09:07:21","slug":"packing-guide","status":"publish","type":"page","link":"https:\/\/relocations.io\/portal\/ro\/packing-guide\/","title":{"rendered":"Ghid de ambalare"},"content":{"rendered":"<p><strong>Ghid cuprinz\u0103tor de ambalare pentru transporturi sigure \u0219i securizate<\/strong><\/p>\n\n\n\n<h3 class=\"wp-block-heading\">Introducere<\/h3>\n\n\n\n<p>Ambalarea corespunz\u0103toare este esen\u021bial\u0103 pentru a v\u0103 asigura c\u0103 transportul ajunge la destina\u021bie \u00een siguran\u021b\u0103 \u0219i f\u0103r\u0103 \u00eent\u00e2rzieri. Transportatorii au cerin\u021be stricte, iar ne\u00eendeplinirea acestora ar putea duce la refuzul ridic\u0103rii, deteriorarea bunurilor dvs. sau taxe suplimentare. Acest ghid ofer\u0103 instruc\u021biuni detaliate despre cum s\u0103 v\u0103 ambala\u021bi corect expedierea, fie c\u0103 este vorba de un colet mic sau de un palet mare.<\/p>\n\n\n\n<p>Nu putem fi tra\u0219i la r\u0103spundere pentru expedierile care sunt prost ambalate. Asigurarea expedierilor prost ambalate se pierde automat. Toate expedierile necesit\u0103 prezentarea unei fotografii a articolului ambalat \u00eenainte de preluare, at\u00e2t \u00een scopul asigur\u0103rii, c\u00e2t \u0219i pentru a asigura starea articolului. <\/p>\n\n\n\n<hr class=\"wp-block-separator has-alpha-channel-opacity\"\/>\n\n\n\n<h2 class=\"wp-block-heading\">Rapid <strong>Linii directoare pentru ambalarea cutiilor<\/strong><\/h2>\n\n\n\n<p>Consulta\u021bi reglement\u0103rile \u0219i sfaturile suplimentare din partea de jos a acestei pagini<\/p>\n\n\n\n<figure class=\"wp-block-image size-large\"><img decoding=\"async\" src=\"https:\/\/relocations.io\/ship\/wp-content\/uploads\/2025\/04\/parcel1-1024x360.png\" alt=\"\" class=\"wp-image-2336\"\/><\/figure>\n\n\n\n<figure class=\"wp-block-image size-large\"><img decoding=\"async\" src=\"https:\/\/relocations.io\/ship\/wp-content\/uploads\/2025\/04\/parcel2-1024x351.png\" alt=\"\" class=\"wp-image-2337\"\/><\/figure>\n\n\n\n<figure class=\"wp-block-image size-large\"><img decoding=\"async\" src=\"https:\/\/relocations.io\/ship\/wp-content\/uploads\/2025\/04\/parcel3-1024x359.png\" alt=\"\" class=\"wp-image-2338\"\/><\/figure>\n\n\n\n<figure class=\"wp-block-image size-large\"><img decoding=\"async\" src=\"https:\/\/relocations.io\/ship\/wp-content\/uploads\/2025\/04\/parcel4-1024x351.png\" alt=\"\" class=\"wp-image-2339\"\/><\/figure>\n\n\n\n<figure class=\"wp-block-image size-large\"><img decoding=\"async\" src=\"https:\/\/relocations.io\/ship\/wp-content\/uploads\/2025\/04\/parcel5-1024x354.png\" alt=\"\" class=\"wp-image-2340\"\/><\/figure>\n\n\n\n<h2 class=\"wp-block-heading\">Rapid <strong>Ghid de ambalare pentru<\/strong> <strong>Pale\u021bi<\/strong><\/h2>\n\n\n\n<p>Consulta\u021bi reglement\u0103rile \u0219i sfaturile suplimentare din partea de jos a acestei pagini<\/p>\n\n\n\n<figure class=\"wp-block-image size-large\"><img decoding=\"async\" src=\"https:\/\/relocations.io\/ship\/wp-content\/uploads\/2025\/04\/pallet1-1024x367.png\" alt=\"\" class=\"wp-image-2341\"\/><\/figure>\n\n\n\n<figure class=\"wp-block-image size-large\"><img decoding=\"async\" src=\"https:\/\/relocations.io\/ship\/wp-content\/uploads\/2025\/04\/pallet2-1024x403.png\" alt=\"\" class=\"wp-image-2342\"\/><\/figure>\n\n\n\n<figure class=\"wp-block-image size-large\"><img decoding=\"async\" src=\"https:\/\/relocations.io\/ship\/wp-content\/uploads\/2025\/04\/pallet3-1024x385.png\" alt=\"\" class=\"wp-image-2343\"\/><\/figure>\n\n\n\n<figure class=\"wp-block-image size-large\"><img decoding=\"async\" src=\"https:\/\/relocations.io\/ship\/wp-content\/uploads\/2025\/04\/pallet4-1024x342.png\" alt=\"\" class=\"wp-image-2344\"\/><\/figure>\n\n\n\n<figure class=\"wp-block-image size-large\"><img decoding=\"async\" src=\"https:\/\/relocations.io\/ship\/wp-content\/uploads\/2025\/04\/pallet5-1024x369.png\" alt=\"\" class=\"wp-image-2345\"\/><\/figure>\n\n\n\n<figure class=\"wp-block-image size-large\"><img decoding=\"async\" src=\"https:\/\/relocations.io\/ship\/wp-content\/uploads\/2025\/04\/pallet6-1024x361.png\" alt=\"\" class=\"wp-image-2346\"\/><\/figure>\n\n\n\n<h2 class=\"wp-block-heading\">Ghid rapid de ata\u0219are a etichetelor de expediere<\/h2>\n\n\n\n<p>Consulta\u021bi reglement\u0103rile \u0219i sfaturile suplimentare din partea de jos a acestei pagini<\/p>\n\n\n\n<figure class=\"wp-block-image size-large\"><img decoding=\"async\" src=\"https:\/\/relocations.io\/ship\/wp-content\/uploads\/2025\/04\/shiplabel2-1024x657.png\" alt=\"\" class=\"wp-image-2349\"\/><\/figure>\n\n\n\n<figure class=\"wp-block-image size-large\"><img decoding=\"async\" src=\"https:\/\/relocations.io\/ship\/wp-content\/uploads\/2025\/04\/shiplabel3-803x1024.png\" alt=\"\" class=\"wp-image-2348\"\/><\/figure>\n\n\n\n<figure class=\"wp-block-image size-large\"><img decoding=\"async\" src=\"https:\/\/relocations.io\/ship\/wp-content\/uploads\/2025\/04\/shiplabel4-954x1024.png\" alt=\"\" class=\"wp-image-2347\"\/><\/figure>\n\n\n\n<h1 class=\"wp-block-heading\"><strong>Ghid de ambalare - Transporturi sigure \u0219i securizate<\/strong><\/h1>\n\n\n\n<p><strong>Ambalarea corespunz\u0103toare v\u0103 asigur\u0103 c\u0103 transportul ajunge \u00een siguran\u021b\u0103, este acceptat de transportatori \u0219i evit\u0103 \u00eent\u00e2rzierile sau taxele suplimentare.<\/strong> Urma\u021bi acest ghid pentru a ambala corect at\u00e2t cutiile mici, c\u00e2t \u0219i expedierile paletizate mari. <\/p>\n\n\n\n<hr class=\"wp-block-separator has-alpha-channel-opacity\"\/>\n\n\n\n<h2 class=\"wp-block-heading\">\ud83d\udce6 <strong>Linii directoare pentru ambalarea cutiilor<\/strong><\/h2>\n\n\n\n<h3 class=\"wp-block-heading\"><strong>1. Alege\u021bi cutia potrivit\u0103<\/strong><\/h3>\n\n\n\n<ul class=\"wp-block-list\">\n<li>Utiliza\u021bi un nou, puternic <strong>cutie ondulat\u0103 cu pere\u021bi dubli<\/strong> pentru articole fragile sau grele.<\/li>\n\n\n\n<li>Cutiile trebuie s\u0103 fie pu\u021bin mai mari dec\u00e2t articolele, pentru a l\u0103sa loc pentru amortizare.<\/li>\n\n\n\n<li>Evita\u021bi reutilizarea cutiilor vechi\/sl\u0103bite care s-ar putea rupe \u00een timpul manipul\u0103rii. <\/li>\n<\/ul>\n\n\n\n<p><\/p>\n\n\n\n<hr class=\"wp-block-separator has-alpha-channel-opacity\"\/>\n\n\n\n<h3 class=\"wp-block-heading\"><strong>2. Amortizare \u0219i protec\u021bie intern\u0103<\/strong><\/h3>\n\n\n\n<ul class=\"wp-block-list\">\n<li>\u00cenf\u0103\u0219ura\u021bi fiecare articol individual cu <strong>folie cu bule, spum\u0103 sau h\u00e2rtie de ambalaj<\/strong>.<\/li>\n\n\n\n<li>Umple\u021bi spa\u021biile goale cu alune de ambalaj sau h\u00e2rtie mototolit\u0103 pentru a preveni mi\u0219carea.<\/li>\n\n\n\n<li>Ad\u0103uga\u021bi protec\u021bie suplimentar\u0103 \u00een jurul articolelor fragile \u0219i marca\u021bi clar aceste cutii ca <strong>FRAGILE<\/strong>. <\/li>\n<\/ul>\n\n\n\n<p><\/p>\n\n\n\n<hr class=\"wp-block-separator has-alpha-channel-opacity\"\/>\n\n\n\n<h3 class=\"wp-block-heading\"><strong>3. Sigilarea cutiei<\/strong><\/h3>\n\n\n\n<ul class=\"wp-block-list\">\n<li>Utilizare <strong>band\u0103 de ambalare de \u00eenalt\u0103 calitate<\/strong> (evita\u021bi banda adeziv\u0103 sau banda de mascare).<\/li>\n\n\n\n<li>Se sigileaz\u0103 cu ajutorul <strong>\u2018Metoda \u2019H<\/strong>: band\u0103 de-a lungul cus\u0103turii centrale <em>\u0219i<\/em> ambele margini.<\/li>\n\n\n\n<li>Asigura\u021bi-v\u0103 c\u0103 toate clapetele sunt complet \u00eenchise \u0219i fixate, astfel \u00eenc\u00e2t nimic s\u0103 nu poat\u0103 ie\u0219i. <\/li>\n<\/ul>\n\n\n\n<p><\/p>\n\n\n\n<hr class=\"wp-block-separator has-alpha-channel-opacity\"\/>\n\n\n\n<h3 class=\"wp-block-heading\"><strong>4. Etichetare<\/strong><\/h3>\n\n\n\n<ul class=\"wp-block-list\">\n<li>Ata\u0219a\u021bi <strong>etichet\u0103 de expediere furnizat\u0103<\/strong> cu band\u0103 adeziv\u0103 transparent\u0103, astfel \u00eenc\u00e2t s\u0103 nu se \u0219tearg\u0103.<\/li>\n\n\n\n<li>Include\u021bi un <strong>etichet\u0103 duplicat\u0103 \u00een interior<\/strong> cutia \u00een cazul \u00een care eticheta exterioar\u0103 se deterioreaz\u0103.<\/li>\n\n\n\n<li>Marca\u021bi clar cutiile cu instruc\u021biuni speciale de manipulare (de ex, <strong>Aceast\u0103 parte \u00een sus<\/strong>, <strong>Fragil<\/strong>).<\/li>\n<\/ul>\n\n\n\n<p><\/p>\n\n\n\n<hr class=\"wp-block-separator has-alpha-channel-opacity\"\/>\n\n\n\n<h2 class=\"wp-block-heading\">\ud83d\udce6 <strong>Instruc\u021biuni de ambalare pentru pale\u021bi<\/strong><\/h2>\n\n\n\n<h3 class=\"wp-block-heading\"><strong>1. Selectarea paletului potrivit<\/strong><\/h3>\n\n\n\n<ul class=\"wp-block-list\">\n<li>Utiliza\u021bi un <strong>palet standard din lemn sau plastic<\/strong> \u00een stare bun\u0103 (f\u0103r\u0103 sc\u00e2nduri sau cuie rupte).<\/li>\n\n\n\n<li>Paletul trebuie s\u0103 fie suficient de rezistent pentru greutatea total\u0103 a transportului.<\/li>\n<\/ul>\n\n\n\n<p><\/p>\n\n\n\n<hr class=\"wp-block-separator has-alpha-channel-opacity\"\/>\n\n\n\n<h3 class=\"wp-block-heading\"><strong>2. Stivuirea corect\u0103 a articolelor<\/strong><\/h3>\n\n\n\n<ul class=\"wp-block-list\">\n<li>Loc <strong>articole mai grele \u00een partea de jos<\/strong> \u0219i articole mai u\u0219oare deasupra pentru stabilitate.<\/li>\n\n\n\n<li>Distribui\u021bi greutatea uniform pe palet.<\/li>\n\n\n\n<li>P\u0103stra\u021bi bunurile stivuite <strong>\u00een interiorul marginilor<\/strong> astfel \u00eenc\u00e2t s\u0103 nu se suprapun\u0103. <\/li>\n<\/ul>\n\n\n\n<p><\/p>\n\n\n\n<hr class=\"wp-block-separator has-alpha-channel-opacity\"\/>\n\n\n\n<h3 class=\"wp-block-heading\"><strong>3. Fixarea \u00eenc\u0103rc\u0103turii<\/strong><\/h3>\n\n\n\n<ul class=\"wp-block-list\">\n<li>\u00cenf\u0103\u0219ura\u021bi paletul cu <strong>folie stretch de rezisten\u021b\u0103 industrial\u0103<\/strong> pentru a securiza con\u021binutul.<\/li>\n\n\n\n<li>Utilizare <strong>curele sau benzi<\/strong> pentru \u00eent\u0103rire suplimentar\u0103, \u00een special pentru expedierile mai grele. <\/li>\n<\/ul>\n\n\n\n<p><\/p>\n\n\n\n<hr class=\"wp-block-separator has-alpha-channel-opacity\"\/>\n\n\n\n<h3 class=\"wp-block-heading\"><strong>4. Etichetarea expedierii<\/strong><\/h3>\n\n\n\n<ul class=\"wp-block-list\">\n<li>A\u0219eza\u021bi <strong>etichet\u0103 de expediere pe cel pu\u021bin dou\u0103 fe\u021be<\/strong> astfel \u00eenc\u00e2t s\u0103 fie vizibil\u0103 din unghiuri diferite.<\/li>\n\n\n\n<li>Utiliza\u021bi etichete de avertizare adecvate pentru articolele fragile sau sensibile. <\/li>\n\n\n\n<li><\/li>\n<\/ul>\n\n\n\n<hr class=\"wp-block-separator has-alpha-channel-opacity\"\/>\n\n\n\n<h2 class=\"wp-block-heading\">\ud83d\udcca <strong>Capacitatea de stivuire - Ce trebuie s\u0103 \u0219ti\u021bi<\/strong><\/h2>\n\n\n\n<p>Paleta dvs. poate fi <strong>stivuibile<\/strong> sau <strong>nepiletabil<\/strong> - iar acest lucru afecteaz\u0103 modul \u00een care transportatorii v\u0103 gestioneaz\u0103 expedierea:<\/p>\n\n\n\n<h3 class=\"wp-block-heading\"><strong>Pale\u021bi stivuibili<\/strong><\/h3>\n\n\n\n<ul class=\"wp-block-list\">\n<li>Poate sus\u021bine \u00een siguran\u021b\u0103 un alt palet deasupra.<\/li>\n\n\n\n<li>Necesit\u0103 ambalaj plat, stabil \u0219i cutii bine \u00eenchise.<br>Acest lucru de multe ori <em>reduce costurile de expediere<\/em> deoarece spa\u021biul este utilizat mai eficient. <\/li>\n<\/ul>\n\n\n\n<p><\/p>\n\n\n\n<hr class=\"wp-block-separator has-alpha-channel-opacity\"\/>\n\n\n\n<h3 class=\"wp-block-heading\"><strong>Pale\u021bi neetajabili<\/strong><\/h3>\n\n\n\n<ul class=\"wp-block-list\">\n<li>Nu poate sus\u021bine \u00een siguran\u021b\u0103 greutatea unui alt palet din cauza formei, fragilit\u0103\u021bii sau instabilit\u0103\u021bii.<\/li>\n\n\n\n<li>Acestea pot fi expediate separat \u0219i ar putea duce la <em>taxe mai mari pentru transportator<\/em>. <\/li>\n<\/ul>\n\n\n\n<p><\/p>\n\n\n\n<hr class=\"wp-block-separator has-alpha-channel-opacity\"\/>\n\n\n\n<h2 class=\"wp-block-heading\">\ud83e\udde0 <strong>Considera\u021bii suplimentare<\/strong><\/h2>\n\n\n\n<ul class=\"wp-block-list\">\n<li><strong>Conformitate cu greutatea \u0219i dimensiunea:<\/strong> C\u00e2nt\u0103ri\u021bi \u0219i m\u0103sura\u021bi expedierea cu mult timp \u00eenainte de preluare pentru a evita taxele surpriz\u0103. <\/li>\n\n\n\n<li><strong>Articole interzise:<\/strong> Unele articole <em>nu poate fi expediat<\/em> - verifica\u021bi \u00eentotdeauna <strong>Lista articolelor interzise<\/strong> \u00eenainte de ambalare. <\/li>\n\n\n\n<li><strong>De ce este important\u0103 \u00eempachetarea corespunz\u0103toare:<\/strong> Transportatorii pot <em>ridicarea de\u0219eurilor<\/em> sau percepe\u021bi o tax\u0103 suplimentar\u0103 pentru m\u0103rfurile ambalate necorespunz\u0103tor \u0219i pentru diferen\u021bele de greutate \u0219i dimensiune necontractate \u0219i neprogramate. Ambalarea sigur\u0103 reduce, de asemenea, riscul de deteriorare. <\/li>\n<\/ul>\n\n\n\n<p><\/p>\n\n\n\n<hr class=\"wp-block-separator has-alpha-channel-opacity\"\/>\n\n\n\n<h2 class=\"wp-block-heading\">\ud83c\udff7\ufe0f <strong>Sfat pentru o expediere f\u0103r\u0103 probleme<\/strong><\/h2>\n\n\n\n<h4 class=\"wp-block-heading\">Ata\u0219a\u021bi \u00eentotdeauna etichetele \u00een mod clar \u0219i proteja\u021bi-le cu band\u0103 adeziv\u0103 - \u0219i nu uita\u021bi s\u0103 face\u021bi fotografii ale cutiilor \u0219i pale\u021bilor ambala\u021bi \u00eenainte de ridicare \u0219i <a href=\"https:\/\/relocations.io\/portal\/ro\/bulkupload\/\">s\u0103 ni-l trimite\u021bi<\/a>.<\/h4>\n\n\n\n<p><\/p>","protected":false},"excerpt":{"rendered":"<p>Comprehensive Packing Guide for Safe and Secure Shipments Introduction Proper packaging is essential to ensure your shipment reaches its destination safely and without delays. Carriers have strict requirements, and failing to meet them could result in refused pickup, damage to your goods, or additional charges. This guide provides detailed instructions on how to properly pack [&hellip;]<\/p>\n","protected":false},"author":1,"featured_media":0,"parent":0,"menu_order":0,"comment_status":"closed","ping_status":"closed","template":"","meta":{"_eb_attr":"","_eb_data_table":"","site-sidebar-layout":"default","site-content-layout":"","ast-site-content-layout":"default","site-content-style":"default","site-sidebar-style":"default","ast-global-header-display":"","ast-banner-title-visibility":"","ast-main-header-display":"","ast-hfb-above-header-display":"","ast-hfb-below-header-display":"","ast-hfb-mobile-header-display":"","site-post-title":"","ast-breadcrumbs-content":"","ast-featured-img":"","footer-sml-layout":"","ast-disable-related-posts":"","theme-transparent-header-meta":"","adv-header-id-meta":"","stick-header-meta":"","header-above-stick-meta":"","header-main-stick-meta":"","header-below-stick-meta":"","astra-migrate-meta-layouts":"set","ast-page-background-enabled":"default","ast-page-background-meta":{"desktop":{"background-color":"var(--ast-global-color-4)","background-image":"","background-repeat":"repeat","background-position":"center center","background-size":"auto","background-attachment":"scroll","background-type":"","background-media":"","overlay-type":"","overlay-color":"","overlay-opacity":"","overlay-gradient":""},"tablet":{"background-color":"","background-image":"","background-repeat":"repeat","background-position":"center center","background-size":"auto","background-attachment":"scroll","background-type":"","background-media":"","overlay-type":"","overlay-color":"","overlay-opacity":"","overlay-gradient":""},"mobile":{"background-color":"","background-image":"","background-repeat":"repeat","background-position":"center center","background-size":"auto","background-attachment":"scroll","background-type":"","background-media":"","overlay-type":"","overlay-color":"","overlay-opacity":"","overlay-gradient":""}},"ast-content-background-meta":{"desktop":{"background-color":"var(--ast-global-color-5)","background-image":"","background-repeat":"repeat","background-position":"center center","background-size":"auto","background-attachment":"scroll","background-type":"","background-media":"","overlay-type":"","overlay-color":"","overlay-opacity":"","overlay-gradient":""},"tablet":{"background-color":"var(--ast-global-color-5)","background-image":"","background-repeat":"repeat","background-position":"center center","background-size":"auto","background-attachment":"scroll","background-type":"","background-media":"","overlay-type":"","overlay-color":"","overlay-opacity":"","overlay-gradient":""},"mobile":{"background-color":"var(--ast-global-color-5)","background-image":"","background-repeat":"repeat","background-position":"center center","background-size":"auto","background-attachment":"scroll","background-type":"","background-media":"","overlay-type":"","overlay-color":"","overlay-opacity":"","overlay-gradient":""}},"footnotes":""},"class_list":["post-14273","page","type-page","status-publish","hentry"],"_links":{"self":[{"href":"https:\/\/relocations.io\/portal\/ro\/wp-json\/wp\/v2\/pages\/14273","targetHints":{"allow":["GET"]}}],"collection":[{"href":"https:\/\/relocations.io\/portal\/ro\/wp-json\/wp\/v2\/pages"}],"about":[{"href":"https:\/\/relocations.io\/portal\/ro\/wp-json\/wp\/v2\/types\/page"}],"author":[{"embeddable":true,"href":"https:\/\/relocations.io\/portal\/ro\/wp-json\/wp\/v2\/users\/1"}],"replies":[{"embeddable":true,"href":"https:\/\/relocations.io\/portal\/ro\/wp-json\/wp\/v2\/comments?post=14273"}],"version-history":[{"count":5,"href":"https:\/\/relocations.io\/portal\/ro\/wp-json\/wp\/v2\/pages\/14273\/revisions"}],"predecessor-version":[{"id":14366,"href":"https:\/\/relocations.io\/portal\/ro\/wp-json\/wp\/v2\/pages\/14273\/revisions\/14366"}],"wp:attachment":[{"href":"https:\/\/relocations.io\/portal\/ro\/wp-json\/wp\/v2\/media?parent=14273"}],"curies":[{"name":"wp","href":"https:\/\/api.w.org\/{rel}","templated":true}]}}