{"id":14271,"date":"2025-11-25T11:21:52","date_gmt":"2025-11-25T11:21:52","guid":{"rendered":"https:\/\/relocations.io\/portal\/?page_id=14271"},"modified":"2025-11-25T11:21:54","modified_gmt":"2025-11-25T11:21:54","slug":"prohibited-items","status":"publish","type":"page","link":"https:\/\/relocations.io\/portal\/ro\/prohibited-items\/","title":{"rendered":"Articole interzise \u0219i m\u0103rfuri periculoase - Transport maritim"},"content":{"rendered":"<p>\ud83d\udeab M\u0103rfuri periculoase \u0219i articole interzise \u00een transporturi<\/p>\n\n\n\n<p>Atunci c\u00e2nd v\u0103 preg\u0103ti\u021bi expedierea, este important s\u0103 \u00een\u021belege\u021bi ce articole sunt considerate <strong>m\u0103rfuri periculoase<\/strong> sau <strong>articole interzise<\/strong> \u00een conformitate cu reglement\u0103rile Uniunii Europene \u0219i cu reglement\u0103rile interna\u021bionale privind transportul maritim. Aceste norme exist\u0103 pentru a asigura siguran\u021ba personalului de transport, a agen\u021bilor vamali \u0219i a publicului larg.<\/p>\n\n\n\n<hr class=\"wp-block-separator has-alpha-channel-opacity\"\/>\n\n\n\n<p><strong>Printre obiectele comune care pot fi restric\u021bionate sau interzise se num\u0103r\u0103:<\/strong><\/p>\n\n\n\n<ul class=\"wp-block-list\">\n<li>\ud83d\udd25 Produse inflamabile (de exemplu, lichid pentru brichete, chibrituri)<\/li>\n\n\n\n<li>\ud83d\udd0b Baterii cu litiu sau dispozitive electronice care le con\u021bin<\/li>\n\n\n\n<li>\ud83d\udca8 Recipiente presurizate sau cu aerosoli<\/li>\n\n\n\n<li>\u2620\ufe0f Produse chimice toxice, corozive sau periculoase<\/li>\n\n\n\n<li>\ud83d\udca3 Explozivi, muni\u021bie sau arme<\/li>\n\n\n\n<li>\ud83e\udd61 Substan\u021be perisabile sau biologice<\/li>\n<\/ul>\n\n\n\n<hr class=\"wp-block-separator has-alpha-channel-opacity\"\/>\n\n\n\n<p>\u00cen plus fa\u021b\u0103 de reglement\u0103rile generale, <strong>transportatori specifici<\/strong> pot impune restric\u021bii suplimentare cu privire la ceea ce pot accepta. Dac\u0103 expedierea dvs. con\u021bine un articol discutabil, capacitatea de a-l expedia poate varia \u00een func\u021bie de destina\u021bie, de modul de transport \u0219i de transportatorul selectat.<\/p>\n\n\n\n<p>Dac\u0103 articolele dvs. se \u00eencadreaz\u0103 \u00een oricare dintre aceste categorii, v\u0103 rug\u0103m <strong>prezenta\u021bi toate documentele relevante<\/strong> \u0219i o descriere detaliat\u0103 atunci c\u00e2nd solicita\u021bi servicii de expediere. Echipa noastr\u0103 va evalua situa\u021bia \u0219i v\u0103 va spune dac\u0103 v\u0103 putem sprijini expedierea sau dac\u0103 v\u0103 putem oferi op\u021biuni alternative.<\/p>\n\n\n\n<hr class=\"wp-block-separator has-alpha-channel-opacity\"\/>\n\n\n\n<h3 class=\"wp-block-heading\">\ud83d\udea8 Necomunicarea m\u0103rfurilor periculoase sau restric\u021bionate poate duce la:<\/h3>\n\n\n\n<ul class=\"wp-block-list\">\n<li>\u00cent\u00e2rzieri sau respingeri vamale<\/li>\n\n\n\n<li>Taxe suplimentare pentru broker sau inspec\u021bie<\/li>\n\n\n\n<li>Returnarea sau eliminarea expedierilor<\/li>\n\n\n\n<li>Penalit\u0103\u021bi sau amenzi<\/li>\n<\/ul>\n\n\n\n<hr class=\"wp-block-separator has-alpha-channel-opacity\"\/>\n\n\n\n<h3 class=\"wp-block-heading\">\ud83d\udcda Resurse utile<\/h3>\n\n\n\n<ul class=\"wp-block-list\">\n<li>\ud83e\uddfe <\/li>\n\n\n\n<li>\ud83c\uddea\ud83c\uddfa <a class=\"\" href=\"https:\/\/taxation-customs.ec.europa.eu\/what-is-not-allowed-import-export_en\">Uniunea European\u0103: Importuri interzise \u0219i restric\u021bionate<\/a><\/li>\n\n\n\n<li>\ud83d\udcda <a class=\"\" href=\"https:\/\/dgiglobal.com\/classes\/\">Ghid de clasificare a m\u0103rfurilor periculoase - DGI Global<\/a><\/li>\n<\/ul>\n\n\n\n<hr class=\"wp-block-separator has-alpha-channel-opacity\"\/>\n\n\n\n<p>Dac\u0103 nu sunte\u021bi sigur dac\u0103 transportul dvs. include materiale restric\u021bionate, nu ezita\u021bi s\u0103 <a href=\"https:\/\/relocations.io\/portal\/ro\/contact\/\">contacta\u021bi-ne<\/a>. Suntem aici pentru a v\u0103 ajuta s\u0103 naviga\u021bi printre cerin\u021bele vamale \u0219i s\u0103 evita\u021bi orice perturbare a expedierii.<\/p>\n\n\n\n<p>CE ESTE INTERZIS?<\/p>\n\n\n\n<h2 class=\"wp-block-heading\">Tipuri de restric\u021bii \u0219i interdic\u021bii de expediere<\/h2>\n\n\n\n<figure class=\"wp-block-image\"><img decoding=\"async\" src=\"https:\/\/static.eurosender.com\/wp-content\/uploads\/2020\/05\/15070425\/Alco.png\" alt=\"shipping alcohol\" title=\"\"\/><\/figure>\n\n\n\n<p>Alcool<\/p>\n\n\n\n<p><strong>Persoane fizice:<\/strong>&nbsp;Expedierea alcoolului \u00eentre persoane fizice nu este permis\u0103 \u00een majoritatea \u021b\u0103rilor; prin urmare, atunci c\u00e2nd aleg s\u0103 trimit\u0103 alcool prin po\u0219t\u0103 sau prin curier, persoanele fizice o fac pe propriul risc.<\/p>\n\n\n\n<p><strong>Companii<\/strong>: B\u0103uturile alcoolice u\u0219oare pot fi expediate ca marf\u0103 sau prin magazine online autorizate, \u00een timp ce b\u0103uturile alcoolice grele trebuie expediate numai prin intermediul furnizorilor de logistic\u0103 autoriza\u021bi.<\/p>\n\n\n\n<figure class=\"wp-block-image\"><img decoding=\"async\" src=\"https:\/\/static.eurosender.com\/wp-content\/uploads\/2020\/05\/15070429\/Tobacco.png\" alt=\"shipping tobacco\" title=\"\"\/><\/figure>\n\n\n\n<p>Tutun, \u021big\u0103ri \u0219i trabucuri<\/p>\n\n\n\n<p><strong>Persoane fizice:<\/strong>&nbsp;\u00cen majoritatea \u021b\u0103rilor este interzis\u0103 expedierea oric\u0103rui tip de tutun \u00eentre persoane. Prin decizia de a posta \u021big\u0103ri, persoanele fizice o fac pe propriul risc.<\/p>\n\n\n\n<p><strong>Companii<\/strong>: \u00centreprinderile care produc sau distribuie produse din tutun le pot expedia prin intermediul furnizorilor de logistic\u0103 autoriza\u021bi.<\/p>\n\n\n\n<figure class=\"wp-block-image\"><img decoding=\"async\" src=\"https:\/\/static.eurosender.com\/wp-content\/uploads\/2020\/05\/15070428\/Liquids.png\" alt=\"shipping tobacco\" title=\"\"\/><\/figure>\n\n\n\n<p>Lichide, aerosoli \u0219i geluri<\/p>\n\n\n\n<p><strong>Persoane fizice:<\/strong>&nbsp;Expedierea de cantit\u0103\u021bi mici sau mari de lichide, aerosoli \u0219i geluri este strict interzis\u0103, indiferent de \u021bar\u0103 sau de curier.<\/p>\n\n\n\n<p><strong>Companii:<\/strong>&nbsp;\u00centreprinderile care produc sau v\u00e2nd lichide, aerosoli sau geluri sunt autorizate s\u0103 le expedieze prin po\u0219t\u0103 sau curier, \u00een baza unor acorduri speciale, sau prin intermediul unor entit\u0103\u021bi autorizate.<\/p>\n\n\n\n<figure class=\"wp-block-image\"><img decoding=\"async\" src=\"https:\/\/static.eurosender.com\/wp-content\/uploads\/2020\/05\/15070426\/BatteryProhibited.png\" alt=\"shipping batteries\" title=\"\"\/><\/figure>\n\n\n\n<p>Baterii cu litiu<\/p>\n\n\n\n<p>At\u00e2t persoanele fizice, c\u00e2t \u0219i cele juridice sunt autorizate s\u0103 trimit\u0103 articole care con\u021bin baterii prin po\u0219t\u0103 sau curier. Se recomand\u0103 p\u0103strarea bateriilor \u00een interiorul dispozitivelor f\u0103r\u0103 a fi \u00eenc\u0103rcate complet.<\/p>\n\n\n\n<figure class=\"wp-block-image\"><img decoding=\"async\" src=\"https:\/\/static.eurosender.com\/wp-content\/uploads\/2020\/05\/15083513\/SingleCell.png\" alt=\"\" title=\"\"\/><\/figure>\n\n\n\n<p><strong>Baterii cu o singur\u0103 celul\u0103:<\/strong><\/p>\n\n\n\n<p>Nu mai mult de 2 celule, \u226420Wh<\/p>\n\n\n\n<figure class=\"wp-block-image\"><img decoding=\"async\" src=\"https:\/\/static.eurosender.com\/wp-content\/uploads\/2020\/05\/15083512\/MultiCell.png\" alt=\"\" title=\"\"\/><\/figure>\n\n\n\n<p><strong>Baterii cu mai multe celule<\/strong>:<\/p>\n\n\n\n<p>Nu mai mult de 4 celule, \u2264100Wh<\/p>\n\n\n\n<figure class=\"wp-block-image\"><img decoding=\"async\" src=\"https:\/\/static.eurosender.com\/wp-content\/uploads\/2020\/05\/15070429\/Perishables.png\" alt=\"shipping perishable goods\" title=\"\"\/><\/figure>\n\n\n\n<p>Produse perisabile<\/p>\n\n\n\n<p><strong>Persoane fizice:<\/strong>&nbsp;Alimentele proaspete \u0219i alte bunuri perisabile nu pot fi expediate de c\u0103tre persoane fizice din cauza posibilit\u0103\u021bii ridicate de a fi deteriorate \u0219i de a deteriora alte colete din jur. Atunci c\u00e2nd aleg s\u0103 expedieze bunuri perisabile, persoanele fizice o fac pe propriul risc.<\/p>\n\n\n\n<p><strong>Companii<\/strong>: \u00centreprinderile care produc \u0219i v\u00e2nd bunuri perisabile au voie s\u0103 le expedieze \u00een anumite condi\u021bii \u0219i cu respectarea cerin\u021belor necesare. Serviciile de transport maritim cu temperatur\u0103 controlat\u0103 sunt utilizate de obicei pentru a transporta m\u0103rfuri perisabile.<\/p>\n\n\n\n<figure class=\"wp-block-image\"><img decoding=\"async\" src=\"https:\/\/static.eurosender.com\/wp-content\/uploads\/2020\/05\/15070427\/Fragile.png\" alt=\"shipping fragile\" title=\"\"\/><\/figure>\n\n\n\n<p>Articole fragile<\/p>\n\n\n\n<p><strong>Persoane fizice:&nbsp;<\/strong>Articolele fragile se pot deteriora cu u\u0219urin\u021b\u0103 \u00een timpul transportului \u0219i, prin urmare, nu ar trebui s\u0103 fie expediate de persoane fizice. Prin decizia de a expedia articole fragile, persoanele fizice o fac pe propriul lor risc.<\/p>\n\n\n\n<p><strong>Companii<\/strong>: \u00centreprinderile care expediaz\u0103 articole fragile au, de obicei, condi\u021bii convenite \u00een prealabil cu companiile de curierat \u0219i, prin urmare, li se permite s\u0103 le expedieze.<\/p>\n\n\n\n<figure class=\"wp-block-image\"><img decoding=\"async\" src=\"https:\/\/static.eurosender.com\/wp-content\/uploads\/2020\/05\/15070427\/Flammable.png\" alt=\"shipping flammable items\" title=\"\"\/><\/figure>\n\n\n\n<p>Produse toxice, inflamabile sau periculoase<\/p>\n\n\n\n<p><strong>Persoane fizice:<\/strong>&nbsp;Este interzis\u0103 expedierea produselor care con\u021bin substan\u021be toxice, inflamabile sau periculoase. Prin alegerea de a trimite aceste tipuri de produse, persoanele o fac pe propriul risc.<\/p>\n\n\n\n<p><strong>Companii<\/strong>: \u00centreprinderile care produc sau distribuie produse care con\u021bin componente toxice, inflamabile sau periculoase le pot expedia prin intermediul furnizorilor de logistic\u0103 autoriza\u021bi.<\/p>\n\n\n\n<figure class=\"wp-block-image\"><img decoding=\"async\" src=\"https:\/\/static.eurosender.com\/wp-content\/uploads\/2020\/05\/15070425\/Arms.png\" alt=\"shipping arms and ammunition\" title=\"\"\/><\/figure>\n\n\n\n<p>Arme de foc \u0219i muni\u021bie<\/p>\n\n\n\n<p>Transportul de arme de foc \u0219i muni\u021bie este strict reglementat. Prin urmare, numai \u00eentreprinderilor autorizate li se permite s\u0103 expedieze arme de foc \u0219i muni\u021bii prin intermediul furnizorilor de logistic\u0103 autoriza\u021bi \u0219i specializa\u021bi.<\/p>","protected":false},"excerpt":{"rendered":"<p>\ud83d\udeab Dangerous Goods &amp; Prohibited Items in Shipments When preparing your shipment, it&#8217;s important to understand what items are considered dangerous goods or prohibited items under European Union and international shipping regulations. These rules exist to ensure the safety of transport personnel, customs agents, and the general public. Common items that may be restricted or [&hellip;]<\/p>\n","protected":false},"author":1,"featured_media":0,"parent":0,"menu_order":0,"comment_status":"closed","ping_status":"closed","template":"","meta":{"_eb_attr":"","_eb_data_table":"","site-sidebar-layout":"default","site-content-layout":"","ast-site-content-layout":"default","site-content-style":"default","site-sidebar-style":"default","ast-global-header-display":"","ast-banner-title-visibility":"","ast-main-header-display":"","ast-hfb-above-header-display":"","ast-hfb-below-header-display":"","ast-hfb-mobile-header-display":"","site-post-title":"","ast-breadcrumbs-content":"","ast-featured-img":"","footer-sml-layout":"","ast-disable-related-posts":"","theme-transparent-header-meta":"","adv-header-id-meta":"","stick-header-meta":"","header-above-stick-meta":"","header-main-stick-meta":"","header-below-stick-meta":"","astra-migrate-meta-layouts":"set","ast-page-background-enabled":"default","ast-page-background-meta":{"desktop":{"background-color":"var(--ast-global-color-4)","background-image":"","background-repeat":"repeat","background-position":"center center","background-size":"auto","background-attachment":"scroll","background-type":"","background-media":"","overlay-type":"","overlay-color":"","overlay-opacity":"","overlay-gradient":""},"tablet":{"background-color":"","background-image":"","background-repeat":"repeat","background-position":"center center","background-size":"auto","background-attachment":"scroll","background-type":"","background-media":"","overlay-type":"","overlay-color":"","overlay-opacity":"","overlay-gradient":""},"mobile":{"background-color":"","background-image":"","background-repeat":"repeat","background-position":"center center","background-size":"auto","background-attachment":"scroll","background-type":"","background-media":"","overlay-type":"","overlay-color":"","overlay-opacity":"","overlay-gradient":""}},"ast-content-background-meta":{"desktop":{"background-color":"var(--ast-global-color-5)","background-image":"","background-repeat":"repeat","background-position":"center center","background-size":"auto","background-attachment":"scroll","background-type":"","background-media":"","overlay-type":"","overlay-color":"","overlay-opacity":"","overlay-gradient":""},"tablet":{"background-color":"var(--ast-global-color-5)","background-image":"","background-repeat":"repeat","background-position":"center center","background-size":"auto","background-attachment":"scroll","background-type":"","background-media":"","overlay-type":"","overlay-color":"","overlay-opacity":"","overlay-gradient":""},"mobile":{"background-color":"var(--ast-global-color-5)","background-image":"","background-repeat":"repeat","background-position":"center center","background-size":"auto","background-attachment":"scroll","background-type":"","background-media":"","overlay-type":"","overlay-color":"","overlay-opacity":"","overlay-gradient":""}},"footnotes":""},"class_list":["post-14271","page","type-page","status-publish","hentry"],"_links":{"self":[{"href":"https:\/\/relocations.io\/portal\/ro\/wp-json\/wp\/v2\/pages\/14271","targetHints":{"allow":["GET"]}}],"collection":[{"href":"https:\/\/relocations.io\/portal\/ro\/wp-json\/wp\/v2\/pages"}],"about":[{"href":"https:\/\/relocations.io\/portal\/ro\/wp-json\/wp\/v2\/types\/page"}],"author":[{"embeddable":true,"href":"https:\/\/relocations.io\/portal\/ro\/wp-json\/wp\/v2\/users\/1"}],"replies":[{"embeddable":true,"href":"https:\/\/relocations.io\/portal\/ro\/wp-json\/wp\/v2\/comments?post=14271"}],"version-history":[{"count":1,"href":"https:\/\/relocations.io\/portal\/ro\/wp-json\/wp\/v2\/pages\/14271\/revisions"}],"predecessor-version":[{"id":14272,"href":"https:\/\/relocations.io\/portal\/ro\/wp-json\/wp\/v2\/pages\/14271\/revisions\/14272"}],"wp:attachment":[{"href":"https:\/\/relocations.io\/portal\/ro\/wp-json\/wp\/v2\/media?parent=14271"}],"curies":[{"name":"wp","href":"https:\/\/api.w.org\/{rel}","templated":true}]}}