{"id":14273,"date":"2025-11-25T11:24:44","date_gmt":"2025-11-25T11:24:44","guid":{"rendered":"https:\/\/relocations.io\/portal\/?page_id=14273"},"modified":"2025-12-16T09:07:21","modified_gmt":"2025-12-16T09:07:21","slug":"packing-guide","status":"publish","type":"page","link":"https:\/\/relocations.io\/portal\/pt\/packing-guide\/","title":{"rendered":"Guia de embalagem"},"content":{"rendered":"<p><strong>Guia completo de embalagem para envios seguros e protegidos<\/strong><\/p>\n\n\n\n<h3 class=\"wp-block-heading\">Introdu\u00e7\u00e3o<\/h3>\n\n\n\n<p>Uma embalagem adequada \u00e9 essencial para garantir que o seu envio chega ao destino em seguran\u00e7a e sem atrasos. Os transportadores t\u00eam requisitos rigorosos e o n\u00e3o cumprimento dos mesmos pode resultar numa recolha recusada, em danos nas suas mercadorias ou em encargos adicionais. Este guia fornece instru\u00e7\u00f5es detalhadas sobre como embalar corretamente o seu envio, quer se trate de uma pequena encomenda ou de uma grande palete.<\/p>\n\n\n\n<p>N\u00e3o podemos ser responsabilizados por envios mal embalados. O seguro de envios mal embalados \u00e9 automaticamente anulado. Todos os envios requerem a apresenta\u00e7\u00e3o de uma fotografia do artigo embalado antes da recolha, tanto para efeitos de seguro como para garantir o estado do artigo. <\/p>\n\n\n\n<hr class=\"wp-block-separator has-alpha-channel-opacity\"\/>\n\n\n\n<h2 class=\"wp-block-heading\">R\u00e1pido <strong>Diretrizes de embalagem para caixas<\/strong><\/h2>\n\n\n\n<p>Ver regulamentos e sugest\u00f5es adicionais no final desta p\u00e1gina<\/p>\n\n\n\n<figure class=\"wp-block-image size-large\"><img decoding=\"async\" src=\"https:\/\/relocations.io\/ship\/wp-content\/uploads\/2025\/04\/parcel1-1024x360.png\" alt=\"\" class=\"wp-image-2336\"\/><\/figure>\n\n\n\n<figure class=\"wp-block-image size-large\"><img decoding=\"async\" src=\"https:\/\/relocations.io\/ship\/wp-content\/uploads\/2025\/04\/parcel2-1024x351.png\" alt=\"\" class=\"wp-image-2337\"\/><\/figure>\n\n\n\n<figure class=\"wp-block-image size-large\"><img decoding=\"async\" src=\"https:\/\/relocations.io\/ship\/wp-content\/uploads\/2025\/04\/parcel3-1024x359.png\" alt=\"\" class=\"wp-image-2338\"\/><\/figure>\n\n\n\n<figure class=\"wp-block-image size-large\"><img decoding=\"async\" src=\"https:\/\/relocations.io\/ship\/wp-content\/uploads\/2025\/04\/parcel4-1024x351.png\" alt=\"\" class=\"wp-image-2339\"\/><\/figure>\n\n\n\n<figure class=\"wp-block-image size-large\"><img decoding=\"async\" src=\"https:\/\/relocations.io\/ship\/wp-content\/uploads\/2025\/04\/parcel5-1024x354.png\" alt=\"\" class=\"wp-image-2340\"\/><\/figure>\n\n\n\n<h2 class=\"wp-block-heading\">R\u00e1pido <strong>Diretrizes de embalagem para<\/strong> <strong>Paletes<\/strong><\/h2>\n\n\n\n<p>Ver regulamentos e sugest\u00f5es adicionais no final desta p\u00e1gina<\/p>\n\n\n\n<figure class=\"wp-block-image size-large\"><img decoding=\"async\" src=\"https:\/\/relocations.io\/ship\/wp-content\/uploads\/2025\/04\/pallet1-1024x367.png\" alt=\"\" class=\"wp-image-2341\"\/><\/figure>\n\n\n\n<figure class=\"wp-block-image size-large\"><img decoding=\"async\" src=\"https:\/\/relocations.io\/ship\/wp-content\/uploads\/2025\/04\/pallet2-1024x403.png\" alt=\"\" class=\"wp-image-2342\"\/><\/figure>\n\n\n\n<figure class=\"wp-block-image size-large\"><img decoding=\"async\" src=\"https:\/\/relocations.io\/ship\/wp-content\/uploads\/2025\/04\/pallet3-1024x385.png\" alt=\"\" class=\"wp-image-2343\"\/><\/figure>\n\n\n\n<figure class=\"wp-block-image size-large\"><img decoding=\"async\" src=\"https:\/\/relocations.io\/ship\/wp-content\/uploads\/2025\/04\/pallet4-1024x342.png\" alt=\"\" class=\"wp-image-2344\"\/><\/figure>\n\n\n\n<figure class=\"wp-block-image size-large\"><img decoding=\"async\" src=\"https:\/\/relocations.io\/ship\/wp-content\/uploads\/2025\/04\/pallet5-1024x369.png\" alt=\"\" class=\"wp-image-2345\"\/><\/figure>\n\n\n\n<figure class=\"wp-block-image size-large\"><img decoding=\"async\" src=\"https:\/\/relocations.io\/ship\/wp-content\/uploads\/2025\/04\/pallet6-1024x361.png\" alt=\"\" class=\"wp-image-2346\"\/><\/figure>\n\n\n\n<h2 class=\"wp-block-heading\">Guia r\u00e1pido para anexar etiquetas de envio<\/h2>\n\n\n\n<p>Ver regulamentos e sugest\u00f5es adicionais no final desta p\u00e1gina<\/p>\n\n\n\n<figure class=\"wp-block-image size-large\"><img decoding=\"async\" src=\"https:\/\/relocations.io\/ship\/wp-content\/uploads\/2025\/04\/shiplabel2-1024x657.png\" alt=\"\" class=\"wp-image-2349\"\/><\/figure>\n\n\n\n<figure class=\"wp-block-image size-large\"><img decoding=\"async\" src=\"https:\/\/relocations.io\/ship\/wp-content\/uploads\/2025\/04\/shiplabel3-803x1024.png\" alt=\"\" class=\"wp-image-2348\"\/><\/figure>\n\n\n\n<figure class=\"wp-block-image size-large\"><img decoding=\"async\" src=\"https:\/\/relocations.io\/ship\/wp-content\/uploads\/2025\/04\/shiplabel4-954x1024.png\" alt=\"\" class=\"wp-image-2347\"\/><\/figure>\n\n\n\n<h1 class=\"wp-block-heading\"><strong>Guia de embalagem - Envios seguros e protegidos<\/strong><\/h1>\n\n\n\n<p><strong>Uma embalagem adequada garante que o seu envio chega em seguran\u00e7a, \u00e9 aceite pelos transportadores e evita atrasos ou taxas adicionais.<\/strong> Siga este guia para embalar corretamente tanto as caixas pequenas como os grandes envios paletizados. <\/p>\n\n\n\n<hr class=\"wp-block-separator has-alpha-channel-opacity\"\/>\n\n\n\n<h2 class=\"wp-block-heading\">\ud83d\udce6 <strong>Diretrizes de embalagem para caixas<\/strong><\/h2>\n\n\n\n<h3 class=\"wp-block-heading\"><strong>1. Escolher a caixa correta<\/strong><\/h3>\n\n\n\n<ul class=\"wp-block-list\">\n<li>Utilizar um novo e forte <strong>caixa de cart\u00e3o canelado de parede dupla<\/strong> para objectos fr\u00e1geis ou pesados.<\/li>\n\n\n\n<li>As caixas devem ser ligeiramente maiores do que os artigos para permitir espa\u00e7o para o amortecimento.<\/li>\n\n\n\n<li>Evitar reutilizar caixas velhas\/fracas que possam partir-se durante o manuseamento. <\/li>\n<\/ul>\n\n\n\n<p><\/p>\n\n\n\n<hr class=\"wp-block-separator has-alpha-channel-opacity\"\/>\n\n\n\n<h3 class=\"wp-block-heading\"><strong>2. Amortecimento e prote\u00e7\u00e3o interna<\/strong><\/h3>\n\n\n\n<ul class=\"wp-block-list\">\n<li>Embrulhe cada artigo individualmente com <strong>pl\u00e1stico de bolhas, espuma ou papel de embalagem<\/strong>.<\/li>\n\n\n\n<li>Preencher os espa\u00e7os vazios com amendoins de embalagem ou papel amassado para evitar movimentos.<\/li>\n\n\n\n<li>Proteja adicionalmente os artigos fr\u00e1geis e marque claramente estas caixas como <strong>FR\u00c1GIL<\/strong>. <\/li>\n<\/ul>\n\n\n\n<p><\/p>\n\n\n\n<hr class=\"wp-block-separator has-alpha-channel-opacity\"\/>\n\n\n\n<h3 class=\"wp-block-heading\"><strong>3. Selagem da caixa<\/strong><\/h3>\n\n\n\n<ul class=\"wp-block-list\">\n<li>Utiliza\u00e7\u00e3o <strong>fita de embalagem de alta qualidade<\/strong> (evitar fita adesiva ou fita adesiva).<\/li>\n\n\n\n<li>Selar com o <strong>\u2018M\u00e9todo \u2019H<\/strong>: fita ao longo da costura central <em>e<\/em> ambos os bordos.<\/li>\n\n\n\n<li>Certifique-se de que todas as abas est\u00e3o completamente fechadas e fixas para que nada possa sair. <\/li>\n<\/ul>\n\n\n\n<p><\/p>\n\n\n\n<hr class=\"wp-block-separator has-alpha-channel-opacity\"\/>\n\n\n\n<h3 class=\"wp-block-heading\"><strong>4. Etiquetagem<\/strong><\/h3>\n\n\n\n<ul class=\"wp-block-list\">\n<li>Fixar o <strong>etiqueta de envio fornecida<\/strong> com fita adesiva transparente para que n\u00e3o se apague.<\/li>\n\n\n\n<li>Incluir um <strong>duplicado da etiqueta no interior<\/strong> a caixa para o caso de a etiqueta exterior ficar danificada.<\/li>\n\n\n\n<li>Marcar claramente as caixas com instru\u00e7\u00f5es especiais de manuseamento (por exemplo, <strong>Este lado para cima<\/strong>, <strong>Fr\u00e1gil<\/strong>).<\/li>\n<\/ul>\n\n\n\n<p><\/p>\n\n\n\n<hr class=\"wp-block-separator has-alpha-channel-opacity\"\/>\n\n\n\n<h2 class=\"wp-block-heading\">\ud83d\udce6 <strong>Diretrizes de embalagem para paletes<\/strong><\/h2>\n\n\n\n<h3 class=\"wp-block-heading\"><strong>1. Selecionar a palete certa<\/strong><\/h3>\n\n\n\n<ul class=\"wp-block-list\">\n<li>Utilizar um <strong>palete normal de madeira ou de pl\u00e1stico<\/strong> em bom estado (sem t\u00e1buas ou pregos partidos).<\/li>\n\n\n\n<li>A palete deve ser suficientemente forte para o peso total da remessa.<\/li>\n<\/ul>\n\n\n\n<p><\/p>\n\n\n\n<hr class=\"wp-block-separator has-alpha-channel-opacity\"\/>\n\n\n\n<h3 class=\"wp-block-heading\"><strong>2. Empilhar corretamente os artigos<\/strong><\/h3>\n\n\n\n<ul class=\"wp-block-list\">\n<li>Local <strong>artigos mais pesados no fundo<\/strong> e objectos mais leves no topo para maior estabilidade.<\/li>\n\n\n\n<li>Distribuir o peso uniformemente pela palete.<\/li>\n\n\n\n<li>Manter as mercadorias empilhadas <strong>no interior das arestas<\/strong> para n\u00e3o ficarem pendentes. <\/li>\n<\/ul>\n\n\n\n<p><\/p>\n\n\n\n<hr class=\"wp-block-separator has-alpha-channel-opacity\"\/>\n\n\n\n<h3 class=\"wp-block-heading\"><strong>3. Fixa\u00e7\u00e3o da carga<\/strong><\/h3>\n\n\n\n<ul class=\"wp-block-list\">\n<li>Embrulhar a palete com <strong>pel\u00edcula extens\u00edvel de resist\u00eancia industrial<\/strong> para proteger o conte\u00fado.<\/li>\n\n\n\n<li>Utiliza\u00e7\u00e3o <strong>correias ou faixas<\/strong> para um refor\u00e7o adicional, especialmente para envios mais pesados. <\/li>\n<\/ul>\n\n\n\n<p><\/p>\n\n\n\n<hr class=\"wp-block-separator has-alpha-channel-opacity\"\/>\n\n\n\n<h3 class=\"wp-block-heading\"><strong>4. Etiquetagem da remessa<\/strong><\/h3>\n\n\n\n<ul class=\"wp-block-list\">\n<li>Colocar o <strong>etiqueta de expedi\u00e7\u00e3o em pelo menos dois lados<\/strong> para que seja vis\u00edvel de diferentes \u00e2ngulos.<\/li>\n\n\n\n<li>Utilizar etiquetas de aviso adequadas para artigos fr\u00e1geis ou sens\u00edveis. <\/li>\n\n\n\n<li><\/li>\n<\/ul>\n\n\n\n<hr class=\"wp-block-separator has-alpha-channel-opacity\"\/>\n\n\n\n<h2 class=\"wp-block-heading\">\ud83d\udcca <strong>Empilhabilidade - O que precisa de saber<\/strong><\/h2>\n\n\n\n<p>A sua palete pode ser <strong>empilh\u00e1vel<\/strong> ou <strong>n\u00e3o empilh\u00e1vel<\/strong> - e isso afecta a forma como as transportadoras tratam a sua expedi\u00e7\u00e3o:<\/p>\n\n\n\n<h3 class=\"wp-block-heading\"><strong>Paletes empilh\u00e1veis<\/strong><\/h3>\n\n\n\n<ul class=\"wp-block-list\">\n<li>Pode suportar com seguran\u00e7a outra palete no topo.<\/li>\n\n\n\n<li>Exigem uma embalagem plana e est\u00e1vel e caixas hermeticamente fechadas.<br>Isto muitas vezes <em>reduz os custos de transporte<\/em> porque o espa\u00e7o \u00e9 utilizado de forma mais eficiente. <\/li>\n<\/ul>\n\n\n\n<p><\/p>\n\n\n\n<hr class=\"wp-block-separator has-alpha-channel-opacity\"\/>\n\n\n\n<h3 class=\"wp-block-heading\"><strong>Paletes n\u00e3o empilh\u00e1veis<\/strong><\/h3>\n\n\n\n<ul class=\"wp-block-list\">\n<li>N\u00e3o pode suportar com seguran\u00e7a o peso de outra palete devido \u00e0 sua forma, fragilidade ou instabilidade.<\/li>\n\n\n\n<li>Estes podem ser enviados separadamente, o que pode levar a <em>taxas de transporte mais elevadas<\/em>. <\/li>\n<\/ul>\n\n\n\n<p><\/p>\n\n\n\n<hr class=\"wp-block-separator has-alpha-channel-opacity\"\/>\n\n\n\n<h2 class=\"wp-block-heading\">\ud83e\udde0 <strong>Considera\u00e7\u00f5es adicionais<\/strong><\/h2>\n\n\n\n<ul class=\"wp-block-list\">\n<li><strong>Conformidade de peso e tamanho:<\/strong> Pese e me\u00e7a o seu envio muito antes da recolha para evitar taxas inesperadas. <\/li>\n\n\n\n<li><strong>Artigos proibidos:<\/strong> Alguns artigos <em>n\u00e3o pode ser expedido<\/em> - verifique sempre o seu <strong>Lista de artigos proibidos<\/strong> antes de embalar. <\/li>\n\n\n\n<li><strong>Porque \u00e9 que uma embalagem adequada \u00e9 importante:<\/strong> Os transportadores podem <em>recolha de lixo<\/em> ou cobrar um suplemento por mercadorias mal embaladas e diferen\u00e7as de peso e tamanho n\u00e3o contratadas e n\u00e3o programadas. Uma embalagem segura tamb\u00e9m reduz o risco de danos. <\/li>\n<\/ul>\n\n\n\n<p><\/p>\n\n\n\n<hr class=\"wp-block-separator has-alpha-channel-opacity\"\/>\n\n\n\n<h2 class=\"wp-block-heading\">\ud83c\udff7\ufe0f <strong>Sugest\u00e3o para um envio sem problemas<\/strong><\/h2>\n\n\n\n<h4 class=\"wp-block-heading\">Cole sempre as suas etiquetas de forma clara e proteja-as com fita adesiva - e n\u00e3o se esque\u00e7a de tirar fotografias das suas caixas e paletes embaladas antes da recolha e <a href=\"https:\/\/relocations.io\/portal\/pt\/bulkupload\/\">enviar-nos<\/a>.<\/h4>\n\n\n\n<p><\/p>","protected":false},"excerpt":{"rendered":"<p>Comprehensive Packing Guide for Safe and Secure Shipments Introduction Proper packaging is essential to ensure your shipment reaches its destination safely and without delays. Carriers have strict requirements, and failing to meet them could result in refused pickup, damage to your goods, or additional charges. This guide provides detailed instructions on how to properly pack [&hellip;]<\/p>\n","protected":false},"author":1,"featured_media":0,"parent":0,"menu_order":0,"comment_status":"closed","ping_status":"closed","template":"","meta":{"_eb_attr":"","_eb_data_table":"","site-sidebar-layout":"default","site-content-layout":"","ast-site-content-layout":"default","site-content-style":"default","site-sidebar-style":"default","ast-global-header-display":"","ast-banner-title-visibility":"","ast-main-header-display":"","ast-hfb-above-header-display":"","ast-hfb-below-header-display":"","ast-hfb-mobile-header-display":"","site-post-title":"","ast-breadcrumbs-content":"","ast-featured-img":"","footer-sml-layout":"","ast-disable-related-posts":"","theme-transparent-header-meta":"","adv-header-id-meta":"","stick-header-meta":"","header-above-stick-meta":"","header-main-stick-meta":"","header-below-stick-meta":"","astra-migrate-meta-layouts":"set","ast-page-background-enabled":"default","ast-page-background-meta":{"desktop":{"background-color":"var(--ast-global-color-4)","background-image":"","background-repeat":"repeat","background-position":"center center","background-size":"auto","background-attachment":"scroll","background-type":"","background-media":"","overlay-type":"","overlay-color":"","overlay-opacity":"","overlay-gradient":""},"tablet":{"background-color":"","background-image":"","background-repeat":"repeat","background-position":"center center","background-size":"auto","background-attachment":"scroll","background-type":"","background-media":"","overlay-type":"","overlay-color":"","overlay-opacity":"","overlay-gradient":""},"mobile":{"background-color":"","background-image":"","background-repeat":"repeat","background-position":"center center","background-size":"auto","background-attachment":"scroll","background-type":"","background-media":"","overlay-type":"","overlay-color":"","overlay-opacity":"","overlay-gradient":""}},"ast-content-background-meta":{"desktop":{"background-color":"var(--ast-global-color-5)","background-image":"","background-repeat":"repeat","background-position":"center center","background-size":"auto","background-attachment":"scroll","background-type":"","background-media":"","overlay-type":"","overlay-color":"","overlay-opacity":"","overlay-gradient":""},"tablet":{"background-color":"var(--ast-global-color-5)","background-image":"","background-repeat":"repeat","background-position":"center center","background-size":"auto","background-attachment":"scroll","background-type":"","background-media":"","overlay-type":"","overlay-color":"","overlay-opacity":"","overlay-gradient":""},"mobile":{"background-color":"var(--ast-global-color-5)","background-image":"","background-repeat":"repeat","background-position":"center center","background-size":"auto","background-attachment":"scroll","background-type":"","background-media":"","overlay-type":"","overlay-color":"","overlay-opacity":"","overlay-gradient":""}},"footnotes":""},"class_list":["post-14273","page","type-page","status-publish","hentry"],"_links":{"self":[{"href":"https:\/\/relocations.io\/portal\/pt\/wp-json\/wp\/v2\/pages\/14273","targetHints":{"allow":["GET"]}}],"collection":[{"href":"https:\/\/relocations.io\/portal\/pt\/wp-json\/wp\/v2\/pages"}],"about":[{"href":"https:\/\/relocations.io\/portal\/pt\/wp-json\/wp\/v2\/types\/page"}],"author":[{"embeddable":true,"href":"https:\/\/relocations.io\/portal\/pt\/wp-json\/wp\/v2\/users\/1"}],"replies":[{"embeddable":true,"href":"https:\/\/relocations.io\/portal\/pt\/wp-json\/wp\/v2\/comments?post=14273"}],"version-history":[{"count":5,"href":"https:\/\/relocations.io\/portal\/pt\/wp-json\/wp\/v2\/pages\/14273\/revisions"}],"predecessor-version":[{"id":14366,"href":"https:\/\/relocations.io\/portal\/pt\/wp-json\/wp\/v2\/pages\/14273\/revisions\/14366"}],"wp:attachment":[{"href":"https:\/\/relocations.io\/portal\/pt\/wp-json\/wp\/v2\/media?parent=14273"}],"curies":[{"name":"wp","href":"https:\/\/api.w.org\/{rel}","templated":true}]}}