{"id":14271,"date":"2025-11-25T11:21:52","date_gmt":"2025-11-25T11:21:52","guid":{"rendered":"https:\/\/relocations.io\/portal\/?page_id=14271"},"modified":"2025-11-25T11:21:54","modified_gmt":"2025-11-25T11:21:54","slug":"prohibited-items","status":"publish","type":"page","link":"https:\/\/relocations.io\/portal\/pt\/prohibited-items\/","title":{"rendered":"Artigos proibidos e mercadorias perigosas - Transporte mar\u00edtimo"},"content":{"rendered":"<p>\ud83d\udeab Mercadorias perigosas e artigos proibidos nas remessas<\/p>\n\n\n\n<p>Ao preparar a sua expedi\u00e7\u00e3o, \u00e9 importante saber quais os artigos que s\u00e3o considerados <strong>mercadorias perigosas<\/strong> ou <strong>artigos proibidos<\/strong> de acordo com a regulamenta\u00e7\u00e3o da Uni\u00e3o Europeia e internacional em mat\u00e9ria de transporte mar\u00edtimo. Estas regras existem para garantir a seguran\u00e7a do pessoal de transporte, dos agentes aduaneiros e do p\u00fablico em geral.<\/p>\n\n\n\n<hr class=\"wp-block-separator has-alpha-channel-opacity\"\/>\n\n\n\n<p><strong>Os artigos comuns que podem ser restringidos ou proibidos incluem:<\/strong><\/p>\n\n\n\n<ul class=\"wp-block-list\">\n<li>Produtos inflam\u00e1veis (por exemplo, l\u00edquido de isqueiro, f\u00f3sforos)<\/li>\n\n\n\n<li>Baterias de l\u00edtio ou dispositivos electr\u00f3nicos que as contenham<\/li>\n\n\n\n<li>Recipientes pressurizados ou de aerossol<\/li>\n\n\n\n<li>\u2620\ufe0f Produtos qu\u00edmicos t\u00f3xicos, corrosivos ou perigosos<\/li>\n\n\n\n<li>Explosivos, muni\u00e7\u00f5es ou armas<\/li>\n\n\n\n<li>Subst\u00e2ncias perec\u00edveis ou biol\u00f3gicas<\/li>\n<\/ul>\n\n\n\n<hr class=\"wp-block-separator has-alpha-channel-opacity\"\/>\n\n\n\n<p>Para al\u00e9m dos regulamentos gerais, <strong>transportadores espec\u00edficos<\/strong> podem impor mais restri\u00e7\u00f5es sobre o que podem aceitar. Se o seu envio contiver um artigo question\u00e1vel, a possibilidade de o enviar pode variar consoante o destino, o modo de transporte e a transportadora selecionada.<\/p>\n\n\n\n<p>Se os seus artigos se enquadram em qualquer uma destas categorias, por favor <strong>apresentar toda a documenta\u00e7\u00e3o pertinente<\/strong> e uma descri\u00e7\u00e3o pormenorizada ao solicitar servi\u00e7os de envio. A nossa equipa avaliar\u00e1 a situa\u00e7\u00e3o e informar\u00e1 se podemos apoiar o seu envio ou oferecer op\u00e7\u00f5es alternativas.<\/p>\n\n\n\n<hr class=\"wp-block-separator has-alpha-channel-opacity\"\/>\n\n\n\n<h3 class=\"wp-block-heading\">A n\u00e3o divulga\u00e7\u00e3o de mercadorias perigosas ou sujeitas a restri\u00e7\u00f5es pode conduzir a:<\/h3>\n\n\n\n<ul class=\"wp-block-list\">\n<li>Atrasos ou rejei\u00e7\u00f5es aduaneiras<\/li>\n\n\n\n<li>Taxas adicionais de corretagem ou inspe\u00e7\u00e3o<\/li>\n\n\n\n<li>Devolu\u00e7\u00e3o ou elimina\u00e7\u00e3o de remessas<\/li>\n\n\n\n<li>San\u00e7\u00f5es ou multas<\/li>\n<\/ul>\n\n\n\n<hr class=\"wp-block-separator has-alpha-channel-opacity\"\/>\n\n\n\n<h3 class=\"wp-block-heading\">\ud83d\udcda Recursos \u00fateis<\/h3>\n\n\n\n<ul class=\"wp-block-list\">\n<li>\ud83e\uddfe <\/li>\n\n\n\n<li>\ud83c\uddea\ud83c\uddfa <a class=\"\" href=\"https:\/\/taxation-customs.ec.europa.eu\/what-is-not-allowed-import-export_en\">Uni\u00e3o Europeia: Importa\u00e7\u00f5es proibidas e restritas<\/a><\/li>\n\n\n\n<li>\ud83d\udcda <a class=\"\" href=\"https:\/\/dgiglobal.com\/classes\/\">Guia de Classifica\u00e7\u00e3o de Mercadorias Perigosas - DGI Global<\/a><\/li>\n<\/ul>\n\n\n\n<hr class=\"wp-block-separator has-alpha-channel-opacity\"\/>\n\n\n\n<p>Se n\u00e3o tiver a certeza de que o seu envio inclui materiais sujeitos a restri\u00e7\u00f5es, n\u00e3o hesite em <a href=\"https:\/\/relocations.io\/portal\/pt\/contact\/\">contactar-nos<\/a>. Estamos aqui para o ajudar a navegar pelos requisitos alfandeg\u00e1rios e evitar quaisquer perturba\u00e7\u00f5es na expedi\u00e7\u00e3o.<\/p>\n\n\n\n<p>O QUE \u00c9 PROIBIDO?<\/p>\n\n\n\n<h2 class=\"wp-block-heading\">Tipos de restri\u00e7\u00f5es e proibi\u00e7\u00f5es de transporte<\/h2>\n\n\n\n<figure class=\"wp-block-image\"><img decoding=\"async\" src=\"https:\/\/static.eurosender.com\/wp-content\/uploads\/2020\/05\/15070425\/Alco.png\" alt=\"shipping alcohol\" title=\"\"\/><\/figure>\n\n\n\n<p>\u00c1lcool<\/p>\n\n\n\n<p><strong>Indiv\u00edduos:<\/strong>&nbsp;O envio de bebidas alco\u00f3licas entre indiv\u00edduos n\u00e3o \u00e9 permitido na maioria dos pa\u00edses; por conseguinte, quando se opta por enviar bebidas alco\u00f3licas pelo correio ou por estafeta, os indiv\u00edduos fazem-no por sua conta e risco.<\/p>\n\n\n\n<p><strong>Empresas<\/strong>: As bebidas alco\u00f3licas ligeiras podem ser expedidas como frete ou por lojas online autorizadas, enquanto as bebidas alco\u00f3licas pesadas s\u00f3 devem ser expedidas atrav\u00e9s de fornecedores de log\u00edstica autorizados.<\/p>\n\n\n\n<figure class=\"wp-block-image\"><img decoding=\"async\" src=\"https:\/\/static.eurosender.com\/wp-content\/uploads\/2020\/05\/15070429\/Tobacco.png\" alt=\"shipping tobacco\" title=\"\"\/><\/figure>\n\n\n\n<p>Tabaco, cigarros e charutos<\/p>\n\n\n\n<p><strong>Indiv\u00edduos:<\/strong>&nbsp;Na maior parte dos pa\u00edses, \u00e9 proibido enviar qualquer tipo de tabaco entre indiv\u00edduos. Ao decidir enviar cigarros por correio, os indiv\u00edduos est\u00e3o a faz\u00ea-lo por sua conta e risco.<\/p>\n\n\n\n<p><strong>Empresas<\/strong>: As empresas que produzem ou distribuem produtos do tabaco podem envi\u00e1-los atrav\u00e9s de fornecedores de log\u00edstica autorizados.<\/p>\n\n\n\n<figure class=\"wp-block-image\"><img decoding=\"async\" src=\"https:\/\/static.eurosender.com\/wp-content\/uploads\/2020\/05\/15070428\/Liquids.png\" alt=\"shipping tobacco\" title=\"\"\/><\/figure>\n\n\n\n<p>L\u00edquidos, aeross\u00f3is e g\u00e9is<\/p>\n\n\n\n<p><strong>Indiv\u00edduos:<\/strong>&nbsp;O envio de pequenas ou grandes quantidades de l\u00edquidos, aeross\u00f3is e g\u00e9is \u00e9 estritamente proibido, independentemente do pa\u00eds ou do servi\u00e7o de correio.<\/p>\n\n\n\n<p><strong>Empresas:<\/strong>&nbsp;As empresas que produzem ou vendem l\u00edquidos, aeross\u00f3is ou g\u00e9is s\u00e3o autorizadas a envi\u00e1-los por correio ou por estafeta, ao abrigo de acordos especiais, ou atrav\u00e9s de entidades autorizadas.<\/p>\n\n\n\n<figure class=\"wp-block-image\"><img decoding=\"async\" src=\"https:\/\/static.eurosender.com\/wp-content\/uploads\/2020\/05\/15070426\/BatteryProhibited.png\" alt=\"shipping batteries\" title=\"\"\/><\/figure>\n\n\n\n<p>Baterias de l\u00edtio<\/p>\n\n\n\n<p>Tanto os particulares como as empresas est\u00e3o autorizados a enviar objectos que contenham pilhas por correio ou por estafeta. Aconselha-se a manter as pilhas dentro dos aparelhos sem estarem totalmente carregadas.<\/p>\n\n\n\n<figure class=\"wp-block-image\"><img decoding=\"async\" src=\"https:\/\/static.eurosender.com\/wp-content\/uploads\/2020\/05\/15083513\/SingleCell.png\" alt=\"\" title=\"\"\/><\/figure>\n\n\n\n<p><strong>Pilhas de c\u00e9lula \u00fanica:<\/strong><\/p>\n\n\n\n<p>N\u00e3o mais de 2 c\u00e9lulas, \u226420Wh<\/p>\n\n\n\n<figure class=\"wp-block-image\"><img decoding=\"async\" src=\"https:\/\/static.eurosender.com\/wp-content\/uploads\/2020\/05\/15083512\/MultiCell.png\" alt=\"\" title=\"\"\/><\/figure>\n\n\n\n<p><strong>Baterias multicelulares<\/strong>:<\/p>\n\n\n\n<p>N\u00e3o mais de 4 c\u00e9lulas, \u2264100Wh<\/p>\n\n\n\n<figure class=\"wp-block-image\"><img decoding=\"async\" src=\"https:\/\/static.eurosender.com\/wp-content\/uploads\/2020\/05\/15070429\/Perishables.png\" alt=\"shipping perishable goods\" title=\"\"\/><\/figure>\n\n\n\n<p>Produtos perec\u00edveis<\/p>\n\n\n\n<p><strong>Indiv\u00edduos:<\/strong>&nbsp;Os alimentos frescos e outros bens perec\u00edveis s\u00e3o proibidos de serem enviados por particulares devido \u00e0 elevada possibilidade de se danificarem e danificarem outras embalagens circundantes. Ao optar por enviar bens perec\u00edveis, os indiv\u00edduos fazem-no por sua conta e risco.<\/p>\n\n\n\n<p><strong>Empresas<\/strong>: As empresas que produzem e vendem bens perec\u00edveis est\u00e3o autorizadas a expedir esses bens sob certas condi\u00e7\u00f5es e cumprindo os requisitos necess\u00e1rios. Os servi\u00e7os de transporte mar\u00edtimo com temperatura controlada s\u00e3o normalmente utilizados para transportar bens perec\u00edveis.<\/p>\n\n\n\n<figure class=\"wp-block-image\"><img decoding=\"async\" src=\"https:\/\/static.eurosender.com\/wp-content\/uploads\/2020\/05\/15070427\/Fragile.png\" alt=\"shipping fragile\" title=\"\"\/><\/figure>\n\n\n\n<p>Artigos fr\u00e1geis<\/p>\n\n\n\n<p><strong>Indiv\u00edduos:&nbsp;<\/strong>Os artigos fr\u00e1geis podem ser facilmente danificados durante o transporte e, por conseguinte, n\u00e3o devem ser expedidos por particulares. Ao decidir enviar artigos fr\u00e1geis, os particulares est\u00e3o a faz\u00ea-lo por sua conta e risco.<\/p>\n\n\n\n<p><strong>Empresas<\/strong>: As empresas que enviam artigos fr\u00e1geis t\u00eam, normalmente, condi\u00e7\u00f5es pr\u00e9-acordadas com as empresas de correio e s\u00e3o, por isso, autorizadas a envi\u00e1-los.<\/p>\n\n\n\n<figure class=\"wp-block-image\"><img decoding=\"async\" src=\"https:\/\/static.eurosender.com\/wp-content\/uploads\/2020\/05\/15070427\/Flammable.png\" alt=\"shipping flammable items\" title=\"\"\/><\/figure>\n\n\n\n<p>Produtos t\u00f3xicos, inflam\u00e1veis ou perigosos<\/p>\n\n\n\n<p><strong>Indiv\u00edduos:<\/strong>&nbsp;\u00c9 proibido o envio de produtos que contenham subst\u00e2ncias t\u00f3xicas, inflam\u00e1veis ou perigosas. Ao optar por enviar este tipo de produtos, os particulares fazem-no por sua conta e risco.<\/p>\n\n\n\n<p><strong>Empresas<\/strong>: As empresas que produzem ou distribuem produtos que cont\u00eam componentes t\u00f3xicos, inflam\u00e1veis ou perigosos podem envi\u00e1-los atrav\u00e9s de fornecedores de log\u00edstica autorizados.<\/p>\n\n\n\n<figure class=\"wp-block-image\"><img decoding=\"async\" src=\"https:\/\/static.eurosender.com\/wp-content\/uploads\/2020\/05\/15070425\/Arms.png\" alt=\"shipping arms and ammunition\" title=\"\"\/><\/figure>\n\n\n\n<p>Armas de fogo e muni\u00e7\u00f5es<\/p>\n\n\n\n<p>O transporte de armas de fogo e muni\u00e7\u00f5es \u00e9 estritamente regulamentado. Por conseguinte, apenas as empresas autorizadas est\u00e3o autorizadas a expedir armas de fogo e muni\u00e7\u00f5es atrav\u00e9s de fornecedores de log\u00edstica licenciados e especializados.<\/p>","protected":false},"excerpt":{"rendered":"<p>\ud83d\udeab Dangerous Goods &amp; Prohibited Items in Shipments When preparing your shipment, it&#8217;s important to understand what items are considered dangerous goods or prohibited items under European Union and international shipping regulations. These rules exist to ensure the safety of transport personnel, customs agents, and the general public. Common items that may be restricted or [&hellip;]<\/p>\n","protected":false},"author":1,"featured_media":0,"parent":0,"menu_order":0,"comment_status":"closed","ping_status":"closed","template":"","meta":{"_eb_attr":"","_eb_data_table":"","site-sidebar-layout":"default","site-content-layout":"","ast-site-content-layout":"default","site-content-style":"default","site-sidebar-style":"default","ast-global-header-display":"","ast-banner-title-visibility":"","ast-main-header-display":"","ast-hfb-above-header-display":"","ast-hfb-below-header-display":"","ast-hfb-mobile-header-display":"","site-post-title":"","ast-breadcrumbs-content":"","ast-featured-img":"","footer-sml-layout":"","ast-disable-related-posts":"","theme-transparent-header-meta":"","adv-header-id-meta":"","stick-header-meta":"","header-above-stick-meta":"","header-main-stick-meta":"","header-below-stick-meta":"","astra-migrate-meta-layouts":"set","ast-page-background-enabled":"default","ast-page-background-meta":{"desktop":{"background-color":"var(--ast-global-color-4)","background-image":"","background-repeat":"repeat","background-position":"center center","background-size":"auto","background-attachment":"scroll","background-type":"","background-media":"","overlay-type":"","overlay-color":"","overlay-opacity":"","overlay-gradient":""},"tablet":{"background-color":"","background-image":"","background-repeat":"repeat","background-position":"center center","background-size":"auto","background-attachment":"scroll","background-type":"","background-media":"","overlay-type":"","overlay-color":"","overlay-opacity":"","overlay-gradient":""},"mobile":{"background-color":"","background-image":"","background-repeat":"repeat","background-position":"center center","background-size":"auto","background-attachment":"scroll","background-type":"","background-media":"","overlay-type":"","overlay-color":"","overlay-opacity":"","overlay-gradient":""}},"ast-content-background-meta":{"desktop":{"background-color":"var(--ast-global-color-5)","background-image":"","background-repeat":"repeat","background-position":"center center","background-size":"auto","background-attachment":"scroll","background-type":"","background-media":"","overlay-type":"","overlay-color":"","overlay-opacity":"","overlay-gradient":""},"tablet":{"background-color":"var(--ast-global-color-5)","background-image":"","background-repeat":"repeat","background-position":"center center","background-size":"auto","background-attachment":"scroll","background-type":"","background-media":"","overlay-type":"","overlay-color":"","overlay-opacity":"","overlay-gradient":""},"mobile":{"background-color":"var(--ast-global-color-5)","background-image":"","background-repeat":"repeat","background-position":"center center","background-size":"auto","background-attachment":"scroll","background-type":"","background-media":"","overlay-type":"","overlay-color":"","overlay-opacity":"","overlay-gradient":""}},"footnotes":""},"class_list":["post-14271","page","type-page","status-publish","hentry"],"_links":{"self":[{"href":"https:\/\/relocations.io\/portal\/pt\/wp-json\/wp\/v2\/pages\/14271","targetHints":{"allow":["GET"]}}],"collection":[{"href":"https:\/\/relocations.io\/portal\/pt\/wp-json\/wp\/v2\/pages"}],"about":[{"href":"https:\/\/relocations.io\/portal\/pt\/wp-json\/wp\/v2\/types\/page"}],"author":[{"embeddable":true,"href":"https:\/\/relocations.io\/portal\/pt\/wp-json\/wp\/v2\/users\/1"}],"replies":[{"embeddable":true,"href":"https:\/\/relocations.io\/portal\/pt\/wp-json\/wp\/v2\/comments?post=14271"}],"version-history":[{"count":1,"href":"https:\/\/relocations.io\/portal\/pt\/wp-json\/wp\/v2\/pages\/14271\/revisions"}],"predecessor-version":[{"id":14272,"href":"https:\/\/relocations.io\/portal\/pt\/wp-json\/wp\/v2\/pages\/14271\/revisions\/14272"}],"wp:attachment":[{"href":"https:\/\/relocations.io\/portal\/pt\/wp-json\/wp\/v2\/media?parent=14271"}],"curies":[{"name":"wp","href":"https:\/\/api.w.org\/{rel}","templated":true}]}}