{"id":14292,"date":"2025-11-27T10:28:14","date_gmt":"2025-11-27T10:28:14","guid":{"rendered":"https:\/\/relocations.io\/portal\/?page_id=14292"},"modified":"2025-12-15T18:00:31","modified_gmt":"2025-12-15T18:00:31","slug":"insurance","status":"publish","type":"page","link":"https:\/\/relocations.io\/portal\/pl\/insurance\/","title":{"rendered":"Ubezpieczenie"},"content":{"rendered":"<h1 class=\"wp-block-heading\">Ubezpieczenie przesy\u0142ki - Relocations.io<\/h1>\n\n\n\n<p>Zapewnij bezpieczny transport swoich towar\u00f3w dzi\u0119ki <strong>Kompleksowe ubezpieczenie przesy\u0142ki<\/strong>. Sama odpowiedzialno\u015b\u0107 spedytora mo\u017ce nie pokrywa\u0107 pe\u0142nej warto\u015bci przesy\u0142ki.<\/p>\n\n\n\n<hr class=\"wp-block-separator has-alpha-channel-opacity\"\/>\n\n\n\n<h2 class=\"wp-block-heading\">Odpowiedzialno\u015b\u0107 spedytora a ubezpieczenie przesy\u0142ki<\/h2>\n\n\n\n<h3 class=\"wp-block-heading\">Odpowiedzialno\u015b\u0107 spedytora<\/h3>\n\n\n\n<ul class=\"wp-block-list\">\n<li>Standardowe pokrycie przez przewo\u017anik\u00f3w.<\/li>\n\n\n\n<li>Maksymalna odpowiedzialno\u015b\u0107: <strong>8 \u20ac za kilogram<\/strong> przesy\u0142ki.\n<ul class=\"wp-block-list\">\n<li>Przyk\u0142ad: przesy\u0142ka 100 kg \u2192 do <strong>\u20ac800<\/strong>.<\/li>\n<\/ul>\n<\/li>\n\n\n\n<li>Odpowiedzialno\u015b\u0107 <strong>nie b\u0119d\u0105 mia\u0142y zastosowania<\/strong> je\u015bli uszkodzenie nie zostanie odnotowane w dokumentacji dostawy sporz\u0105dzonej przez kierowc\u0119 w momencie dostawy.<\/li>\n<\/ul>\n\n\n\n<h3 class=\"wp-block-heading\">Ubezpieczenie przesy\u0142ki<\/h3>\n\n\n\n<ul class=\"wp-block-list\">\n<li>Obejmuje <strong>pe\u0142na zadeklarowana warto\u015b\u0107<\/strong> towar\u00f3w.<\/li>\n\n\n\n<li>Zapewnia <strong>kompleksowa ochrona<\/strong> za utrat\u0119 lub uszkodzenie.<\/li>\n\n\n\n<li>Zapewnia sprawniejsz\u0105 i szybsz\u0105 obs\u0142ug\u0119 roszcze\u0144.<\/li>\n<\/ul>\n\n\n\n<blockquote class=\"wp-block-quote is-layout-flow wp-block-quote-is-layout-flow\">\n<p>Wskaz\u00f3wka: Zawsze deklaruj <strong>dok\u0142adna warto\u015b\u0107<\/strong> przesy\u0142ki i post\u0119puj zgodnie z naszymi <a href=\"https:\/\/relocations.io\/portal\/pl\/packing-guide\/\">Przewodnik pakowania przesy\u0142ek<\/a> w celu w\u0142a\u015bciwego zapakowania.<\/p>\n<\/blockquote>\n\n\n\n<hr class=\"wp-block-separator has-alpha-channel-opacity\"\/>\n\n\n\n<h2 class=\"wp-block-heading\">\ud83d\udee1\ufe0f CMR Insurance<\/h2>\n\n\n\n<p>Podstawowe ubezpieczenie CMR jest do\u0142\u0105czone do wszystkich europejskich przesy\u0142ek drogowych.<\/p>\n\n\n\n<p><strong>Kluczowe punkty:<\/strong><\/p>\n\n\n\n<ul class=\"wp-block-list\">\n<li>Ochrona w ramach <strong><a href=\"https:\/\/treaties.un.org\/doc\/Treaties\/1961\/07\/19610702%2001-56%20AM\/Ch_XI_B_11.pdf\" target=\"_blank\" rel=\"noreferrer noopener\">Konwencja o umowie mi\u0119dzynarodowego przewozu drogowego towar\u00f3w (Konwencja CMR)<\/a><\/strong>.<\/li>\n\n\n\n<li>Chroni przed utrat\u0105 lub uszkodzeniem podczas transportu.<\/li>\n\n\n\n<li>Tylko podstawowa ochrona; dodatkowe ubezpieczenie jest zalecane i mo\u017ce by\u0107 wymagane w przypadku przedmiot\u00f3w o wy\u017cszej warto\u015bci lub specjalnych.<\/li>\n\n\n\n<li>Ubezpieczenie lub odpowiedzialno\u015b\u0107 <strong>nie b\u0119d\u0105 mia\u0142y zastosowania<\/strong> je\u015bli zdj\u0119cie nie zostanie przes\u0142ane przed odbiorem i zrobione przy odbiorze oraz udokumentowane przez kierowc\u0119.<\/li>\n\n\n\n<li>Prawid\u0142owe opakowanie jest obowi\u0105zkowe dla uzyskania ochrony ubezpieczeniowej (<a href=\"https:\/\/relocations.io\/portal\/pl\/packing-guide\/\">Przewodnik pakowania przesy\u0142ek<\/a>).<\/li>\n<\/ul>\n\n\n\n<hr class=\"wp-block-separator has-alpha-channel-opacity\"\/>\n\n\n\n<h2 class=\"wp-block-heading\">Wymagania dotycz\u0105ce zdj\u0119\u0107 przesy\u0142ki<\/h2>\n\n\n\n<ul class=\"wp-block-list\">\n<li>Zdj\u0119cia zapakowanej przesy\u0142ki <strong>nale\u017cy pobra\u0107 przed odbiorem<\/strong> i przes\u0142ane na portalu dla wszystkich przesy\u0142ek i ka\u017cdego rodzaju ubezpieczenia.<\/li>\n\n\n\n<li>Potwierdza, \u017ce elementy s\u0105 <strong>odpowiednio zapakowane i spe\u0142niaj\u0105ce wymagania transportowe<\/strong>.<\/li>\n\n\n\n<li>Przesy\u0142ki bez zdj\u0119\u0107 <strong>nie b\u0119d\u0105 ubezpieczone<\/strong>, i roszczenia nie b\u0119d\u0105 akceptowane.<\/li>\n<\/ul>\n\n\n\n<hr class=\"wp-block-separator has-alpha-channel-opacity\"\/>\n\n\n\n<h2 class=\"wp-block-heading\">Przesy\u0142ki specjalne i towary o wysokiej warto\u015bci<\/h2>\n\n\n\n<p>Wymagana jest wcze\u015bniejsza koordynacja:<\/p>\n\n\n\n<ul class=\"wp-block-list\">\n<li>Przesy\u0142ki <strong>ponad 250 000 euro<\/strong>.<\/li>\n\n\n\n<li>Przedmioty niestandardowe lub o wysokiej warto\u015bci, takie jak\n<ul class=\"wp-block-list\">\n<li>Sztuka, antyki, prototypy<\/li>\n\n\n\n<li>Monety, dokumenty, certyfikaty<\/li>\n<\/ul>\n<\/li>\n<\/ul>\n\n\n\n<blockquote class=\"wp-block-quote is-layout-flow wp-block-quote-is-layout-flow\">\n<p>Ubezpieczenie zakupione bez uprzedniej zgody zazwyczaj obejmuje tylko <strong>warto\u015b\u0107 materialna<\/strong>.<\/p>\n<\/blockquote>\n\n\n\n<hr class=\"wp-block-separator has-alpha-channel-opacity\"\/>\n\n\n\n<h2 class=\"wp-block-heading\">Dlaczego warto wybra\u0107 ubezpieczenie przesy\u0142ki?<\/h2>\n\n\n\n<ul class=\"wp-block-list\">\n<li>Pe\u0142ne pokrycie zadeklarowanej warto\u015bci przesy\u0142ki.<\/li>\n\n\n\n<li>Unikanie ogranicze\u0144 odpowiedzialno\u015bci spedytora.<\/li>\n\n\n\n<li>Szybki i bezproblemowy proces zg\u0142aszania roszcze\u0144.<\/li>\n\n\n\n<li>Przyst\u0119pna cenowo ochrona cennych przesy\u0142ek.<\/li>\n<\/ul>\n\n\n\n<blockquote class=\"wp-block-quote is-layout-flow wp-block-quote-is-layout-flow\">\n<p>Firmy cz\u0119sto wysy\u0142aj\u0105ce przesy\u0142ki lub wysy\u0142aj\u0105ce przesy\u0142ki o du\u017cej warto\u015bci mog\u0105 zorganizowa\u0107 <strong>bezpo\u015brednie umowy ubezpieczeniowe<\/strong> dla spersonalizowanego zasi\u0119gu.<\/p>\n<\/blockquote>\n\n\n\n<hr class=\"wp-block-separator has-alpha-channel-opacity\"\/>\n\n\n\n<h3 class=\"wp-block-heading\">Skr\u00f3cona instrukcja obs\u0142ugi<\/h3>\n\n\n\n<figure class=\"wp-block-table\"><table class=\"has-fixed-layout\"><thead><tr><th>Typ<\/th><th>Zakres \/ Uwagi<\/th><\/tr><\/thead><tbody><tr><td><strong>Odpowiedzialno\u015b\u0107 spedytora<\/strong><\/td><td>8 \u20ac\/kg, ograniczone i podstawowe, zale\u017cy od dokumentacji kierowcy i w momencie dostawy<\/td><\/tr><tr><td><strong>CMR Insurance<\/strong> (podr\u00f3\u017ce po Europie)<\/td><td>W zestawie dla wszystkich przesy\u0142ek europejskich (<a href=\"https:\/\/treaties.un.org\/doc\/Treaties\/1961\/07\/19610702%2001-56%20AM\/Ch_XI_B_11.pdf\" data-type=\"link\" data-id=\"https:\/\/treaties.un.org\/doc\/Treaties\/1961\/07\/19610702%2001-56%20AM\/Ch_XI_B_11.pdf\" target=\"_blank\" rel=\"noreferrer noopener\">Przeczytaj pe\u0142n\u0105 konwencj\u0119 CMR tutaj<\/a>)<\/td><\/tr><tr><td><strong>Dodatkowe ubezpieczenie<\/strong> lub normalne ubezpieczenie<\/td><td>Dost\u0119pne dla wszystkich przesy\u0142ek, sk\u0142adka oparta na warto\u015bci towar\u00f3w. Mo\u017ce wymaga\u0107 paragonu lub dowodu zakupu w przypadkach, gdy ubezpieczyciel uzna warto\u015b\u0107 za wysok\u0105.<\/td><\/tr><tr><td><strong>Wymagane zdj\u0119cia<\/strong><\/td><td>Wys\u0142ane do nas przed odbiorem, obowi\u0105zkowe dla wszystkich i ka\u017cdego rodzaju ubezpieczenia<\/td><\/tr><tr><td><strong>Zgodno\u015b\u0107 z przepisami dotycz\u0105cymi opakowa\u0144<\/strong><\/td><td>Wymagane (<a href=\"https:\/\/relocations.io\/portal\/pl\/packing-guide\/\">Przewodnik pakowania przesy\u0142ek<\/a>)<\/td><\/tr><\/tbody><\/table><\/figure>\n\n\n\n<hr class=\"wp-block-separator has-alpha-channel-opacity\"\/>\n\n\n\n<ul class=\"wp-block-list\">\n<li>\u26a0\ufe0f <strong>Aktywacja ubezpieczenia:<\/strong> Ubezpieczenie jakiegokolwiek rodzaju nie mo\u017ce zosta\u0107 dodane, zakupione lub aktywowane po op\u0142aceniu faktury za przesy\u0142k\u0119 i zarezerwowaniu przesy\u0142ki do odbioru, oraz<\/li>\n\n\n\n<li>\u26a0\ufe0f <strong>Wymagane dowody pakowania:<\/strong> Je\u015bli zdj\u0119cie zapakowanego przedmiotu nie zostanie dostarczone przed odbiorem, ca\u0142a ochrona ubezpieczeniowa jest niewa\u017cna i \u017cadne roszczenia nie b\u0119d\u0105 akceptowane.<\/li>\n\n\n\n<li>\u26a0\ufe0f <strong>Potwierdzenie ubezpieczenia:<\/strong> W przypadku uwzgl\u0119dnienia ubezpieczenia, odpowiedni rodzaj ubezpieczenia zostanie wymieniony na fakturze, pod warunkiem przes\u0142ania zdj\u0119cia zapakowanego przedmiotu przed odbiorem.<\/li>\n\n\n\n<li>\u26a0\ufe0f <strong>Proces reklamacji:<\/strong> Wszystkie roszczenia musz\u0105 zosta\u0107 z\u0142o\u017cone w ci\u0105gu <strong>1 dzie\u0144 roboczy od dostawy<\/strong> i musi zawiera\u0107:<\/li>\n\n\n\n<li>Dokument potwierdzaj\u0105cy odbi\u00f3r dostarczony przez kierowc\u0119<\/li>\n\n\n\n<li>Dokument potwierdzaj\u0105cy dostaw\u0119 dostarczony przez kierowc\u0119<\/li>\n\n\n\n<li>Dow\u00f3d uszkodzenia w dokumencie dostawy dostarczonym przez kierowc\u0119 <\/li>\n\n\n\n<li>Zdj\u0119cie przedmiotu w momencie dostawy wykonane przez kierowc\u0119 i klienta<\/li>\n\n\n\n<li>Orygina\u0142 faktury\/paragonu za uszkodzony przedmiot ze sklepu lub firmy<\/li>\n\n\n\n<li>Faktura wysy\u0142kowa zawieraj\u0105ca rodzaj ubezpieczenia (Relocations.io)<\/li>\n\n\n\n<li>3x legalna wycena naprawy od zarejestrowanej firmy w lokalnym mie\u015bcie<\/li>\n\n\n\n<li>Przed zg\u0142oszeniem roszczenia nale\u017cy zapozna\u0107 si\u0119 z odpowiedni\u0105 polis\u0105 ubezpieczeniow\u0105. W przypadku ubezpieczenia CMR <strong>pe\u0142na konwencja CMR<\/strong> nale\u017cy zweryfikowa\u0107, poniewa\u017c niekt\u00f3re szkody mog\u0105 nie zosta\u0107 pokryte, je\u015bli nie zostan\u0105 spe\u0142nione okre\u015blone warunki.<\/li>\n\n\n\n<li>\u26a0\ufe0f <strong>Odliczenia:<\/strong> Wszystkie polisy ubezpieczeniowe, w tym podstawowe ubezpieczenie CMR, podlegaj\u0105 udzia\u0142owi w\u0142asnemu w oparciu o zadeklarowan\u0105 warto\u015b\u0107 i poziom ochrony.<\/li>\n<\/ul>","protected":false},"excerpt":{"rendered":"<p>\ud83d\udce6 Shipping Insurance \u2013 Relocations.io Ensure your goods are transported safely with comprehensive shipping insurance. Forwarder&#8217;s liability alone may not cover the full value of your shipment. \ud83d\ude9a Forwarder&#8217;s Liability vs. Shipping Insurance Forwarder&#8217;s Liability Shipping Insurance \ud83d\udca1 Tip: Always declare the accurate value of your shipment and follow our \ud83d\udce6 Shipping Packing Guide for [&hellip;]<\/p>\n","protected":false},"author":1,"featured_media":0,"parent":0,"menu_order":0,"comment_status":"closed","ping_status":"closed","template":"","meta":{"_eb_attr":"","_eb_data_table":"","site-sidebar-layout":"default","site-content-layout":"","ast-site-content-layout":"default","site-content-style":"default","site-sidebar-style":"default","ast-global-header-display":"","ast-banner-title-visibility":"","ast-main-header-display":"","ast-hfb-above-header-display":"","ast-hfb-below-header-display":"","ast-hfb-mobile-header-display":"","site-post-title":"","ast-breadcrumbs-content":"","ast-featured-img":"","footer-sml-layout":"","ast-disable-related-posts":"","theme-transparent-header-meta":"","adv-header-id-meta":"","stick-header-meta":"","header-above-stick-meta":"","header-main-stick-meta":"","header-below-stick-meta":"","astra-migrate-meta-layouts":"set","ast-page-background-enabled":"default","ast-page-background-meta":{"desktop":{"background-color":"var(--ast-global-color-4)","background-image":"","background-repeat":"repeat","background-position":"center center","background-size":"auto","background-attachment":"scroll","background-type":"","background-media":"","overlay-type":"","overlay-color":"","overlay-opacity":"","overlay-gradient":""},"tablet":{"background-color":"","background-image":"","background-repeat":"repeat","background-position":"center center","background-size":"auto","background-attachment":"scroll","background-type":"","background-media":"","overlay-type":"","overlay-color":"","overlay-opacity":"","overlay-gradient":""},"mobile":{"background-color":"","background-image":"","background-repeat":"repeat","background-position":"center center","background-size":"auto","background-attachment":"scroll","background-type":"","background-media":"","overlay-type":"","overlay-color":"","overlay-opacity":"","overlay-gradient":""}},"ast-content-background-meta":{"desktop":{"background-color":"var(--ast-global-color-5)","background-image":"","background-repeat":"repeat","background-position":"center center","background-size":"auto","background-attachment":"scroll","background-type":"","background-media":"","overlay-type":"","overlay-color":"","overlay-opacity":"","overlay-gradient":""},"tablet":{"background-color":"var(--ast-global-color-5)","background-image":"","background-repeat":"repeat","background-position":"center center","background-size":"auto","background-attachment":"scroll","background-type":"","background-media":"","overlay-type":"","overlay-color":"","overlay-opacity":"","overlay-gradient":""},"mobile":{"background-color":"var(--ast-global-color-5)","background-image":"","background-repeat":"repeat","background-position":"center center","background-size":"auto","background-attachment":"scroll","background-type":"","background-media":"","overlay-type":"","overlay-color":"","overlay-opacity":"","overlay-gradient":""}},"footnotes":""},"class_list":["post-14292","page","type-page","status-publish","hentry"],"_links":{"self":[{"href":"https:\/\/relocations.io\/portal\/pl\/wp-json\/wp\/v2\/pages\/14292","targetHints":{"allow":["GET"]}}],"collection":[{"href":"https:\/\/relocations.io\/portal\/pl\/wp-json\/wp\/v2\/pages"}],"about":[{"href":"https:\/\/relocations.io\/portal\/pl\/wp-json\/wp\/v2\/types\/page"}],"author":[{"embeddable":true,"href":"https:\/\/relocations.io\/portal\/pl\/wp-json\/wp\/v2\/users\/1"}],"replies":[{"embeddable":true,"href":"https:\/\/relocations.io\/portal\/pl\/wp-json\/wp\/v2\/comments?post=14292"}],"version-history":[{"count":7,"href":"https:\/\/relocations.io\/portal\/pl\/wp-json\/wp\/v2\/pages\/14292\/revisions"}],"predecessor-version":[{"id":14358,"href":"https:\/\/relocations.io\/portal\/pl\/wp-json\/wp\/v2\/pages\/14292\/revisions\/14358"}],"wp:attachment":[{"href":"https:\/\/relocations.io\/portal\/pl\/wp-json\/wp\/v2\/media?parent=14292"}],"curies":[{"name":"wp","href":"https:\/\/api.w.org\/{rel}","templated":true}]}}