{"id":14271,"date":"2025-11-25T11:21:52","date_gmt":"2025-11-25T11:21:52","guid":{"rendered":"https:\/\/relocations.io\/portal\/?page_id=14271"},"modified":"2025-11-25T11:21:54","modified_gmt":"2025-11-25T11:21:54","slug":"prohibited-items","status":"publish","type":"page","link":"https:\/\/relocations.io\/portal\/pl\/prohibited-items\/","title":{"rendered":"Przedmioty zabronione i towary niebezpieczne - wysy\u0142ka"},"content":{"rendered":"<p>Towary niebezpieczne i przedmioty zabronione w przesy\u0142kach<\/p>\n\n\n\n<p>Podczas przygotowywania przesy\u0142ki wa\u017cne jest, aby zrozumie\u0107, jakie przedmioty s\u0105 uwa\u017cane za <strong>towary niebezpieczne<\/strong> lub <strong>przedmioty zabronione<\/strong> zgodnie z przepisami Unii Europejskiej i mi\u0119dzynarodowymi przepisami dotycz\u0105cymi transportu morskiego. Przepisy te maj\u0105 na celu zapewnienie bezpiecze\u0144stwa personelu transportowego, agent\u00f3w celnych i og\u00f3\u0142u spo\u0142ecze\u0144stwa.<\/p>\n\n\n\n<hr class=\"wp-block-separator has-alpha-channel-opacity\"\/>\n\n\n\n<p><strong>Typowe przedmioty, kt\u00f3re mog\u0105 podlega\u0107 ograniczeniom lub by\u0107 zabronione obejmuj\u0105:<\/strong><\/p>\n\n\n\n<ul class=\"wp-block-list\">\n<li>Produkty \u0142atwopalne (np. p\u0142yn do zapalniczek, zapa\u0142ki)<\/li>\n\n\n\n<li>Baterie litowe lub zawieraj\u0105ce je urz\u0105dzenia elektroniczne<\/li>\n\n\n\n<li>Pojemniki ci\u015bnieniowe lub aerozolowe<\/li>\n\n\n\n<li>\u2620\ufe0f Toksyczne, \u017cr\u0105ce lub niebezpieczne chemikalia<\/li>\n\n\n\n<li>Materia\u0142y wybuchowe, amunicja lub bro\u0144<\/li>\n\n\n\n<li>Substancje \u0142atwo psuj\u0105ce si\u0119 lub biologiczne<\/li>\n<\/ul>\n\n\n\n<hr class=\"wp-block-separator has-alpha-channel-opacity\"\/>\n\n\n\n<p>Opr\u00f3cz przepis\u00f3w og\u00f3lnych, <strong>okre\u015blone no\u015bniki<\/strong> mog\u0105 na\u0142o\u017cy\u0107 dalsze ograniczenia na to, co mog\u0105 zaakceptowa\u0107. Je\u015bli przesy\u0142ka zawiera przedmiot budz\u0105cy w\u0105tpliwo\u015bci, mo\u017cliwo\u015b\u0107 jego wysy\u0142ki mo\u017ce si\u0119 r\u00f3\u017cni\u0107 w zale\u017cno\u015bci od miejsca docelowego, sposobu transportu i wybranego przewo\u017anika.<\/p>\n\n\n\n<p>Je\u015bli Twoje przedmioty nale\u017c\u0105 do kt\u00f3rejkolwiek z tych kategorii, prosimy o <strong>przed\u0142o\u017cy\u0107 ca\u0142\u0105 stosown\u0105 dokumentacj\u0119<\/strong> i szczeg\u00f3\u0142owy opis podczas zamawiania us\u0142ug wysy\u0142kowych. Nasz zesp\u00f3\u0142 oceni sytuacj\u0119 i doradzi, czy mo\u017cemy wesprze\u0107 przesy\u0142k\u0119 lub zaoferowa\u0107 alternatywne opcje.<\/p>\n\n\n\n<hr class=\"wp-block-separator has-alpha-channel-opacity\"\/>\n\n\n\n<h3 class=\"wp-block-heading\">Nieujawnienie towar\u00f3w niebezpiecznych lub obj\u0119tych ograniczeniami mo\u017ce prowadzi\u0107 do<\/h3>\n\n\n\n<ul class=\"wp-block-list\">\n<li>Op\u00f3\u017anienia lub odrzucenia celne<\/li>\n\n\n\n<li>Dodatkowe op\u0142aty brokerskie lub inspekcyjne<\/li>\n\n\n\n<li>Zwrot lub utylizacja przesy\u0142ki<\/li>\n\n\n\n<li>Kary lub grzywny<\/li>\n<\/ul>\n\n\n\n<hr class=\"wp-block-separator has-alpha-channel-opacity\"\/>\n\n\n\n<h3 class=\"wp-block-heading\">Pomocne zasoby<\/h3>\n\n\n\n<ul class=\"wp-block-list\">\n<li>\ud83e\uddfe <\/li>\n\n\n\n<li>\ud83c\uddea\ud83c\uddfa <a class=\"\" href=\"https:\/\/taxation-customs.ec.europa.eu\/what-is-not-allowed-import-export_en\">Unia Europejska: Import zabroniony i ograniczony<\/a><\/li>\n\n\n\n<li>\ud83d\udcda <a class=\"\" href=\"https:\/\/dgiglobal.com\/classes\/\">Przewodnik klasyfikacji towar\u00f3w niebezpiecznych - DGI Global<\/a><\/li>\n<\/ul>\n\n\n\n<hr class=\"wp-block-separator has-alpha-channel-opacity\"\/>\n\n\n\n<p>Je\u015bli nie masz pewno\u015bci, czy przesy\u0142ka zawiera materia\u0142y obj\u0119te ograniczeniami, nie wahaj si\u0119 <a href=\"https:\/\/relocations.io\/portal\/pl\/contact\/\">skontaktuj si\u0119 z nami<\/a>. Jeste\u015bmy tutaj, aby pom\u00f3c Ci porusza\u0107 si\u0119 po wymaganiach celnych i unikn\u0105\u0107 wszelkich zak\u0142\u00f3ce\u0144 w wysy\u0142ce.<\/p>\n\n\n\n<p>CO JEST ZABRONIONE?<\/p>\n\n\n\n<h2 class=\"wp-block-heading\">Rodzaje ogranicze\u0144 i zakaz\u00f3w wysy\u0142ki<\/h2>\n\n\n\n<figure class=\"wp-block-image\"><img decoding=\"async\" src=\"https:\/\/static.eurosender.com\/wp-content\/uploads\/2020\/05\/15070425\/Alco.png\" alt=\"shipping alcohol\" title=\"\"\/><\/figure>\n\n\n\n<p>Alkohol<\/p>\n\n\n\n<p><strong>Osoby fizyczne:<\/strong>&nbsp;Wysy\u0142ka alkoholu mi\u0119dzy osobami fizycznymi nie jest dozwolona w wi\u0119kszo\u015bci kraj\u00f3w; dlatego te\u017c, decyduj\u0105c si\u0119 na wysy\u0142k\u0119 alkoholu poczt\u0105 lub kurierem, osoby fizyczne robi\u0105 to na w\u0142asne ryzyko.<\/p>\n\n\n\n<p><strong>Firmy<\/strong>: Lekkie napoje alkoholowe mog\u0105 by\u0107 wysy\u0142ane jako fracht lub przez autoryzowane sklepy internetowe, podczas gdy ci\u0119\u017ckie napoje alkoholowe powinny by\u0107 wysy\u0142ane wy\u0142\u0105cznie za po\u015brednictwem autoryzowanych dostawc\u00f3w us\u0142ug logistycznych.<\/p>\n\n\n\n<figure class=\"wp-block-image\"><img decoding=\"async\" src=\"https:\/\/static.eurosender.com\/wp-content\/uploads\/2020\/05\/15070429\/Tobacco.png\" alt=\"shipping tobacco\" title=\"\"\/><\/figure>\n\n\n\n<p>Tyto\u0144, papierosy i cygara<\/p>\n\n\n\n<p><strong>Osoby fizyczne:<\/strong>&nbsp;W wi\u0119kszo\u015bci kraj\u00f3w zabronione jest przesy\u0142anie jakiegokolwiek rodzaju tytoniu mi\u0119dzy osobami fizycznymi. Decyduj\u0105c si\u0119 na wysy\u0142k\u0119 papieros\u00f3w, u\u017cytkownicy robi\u0105 to na w\u0142asne ryzyko.<\/p>\n\n\n\n<p><strong>Firmy<\/strong>: Firmy produkuj\u0105ce lub dystrybuuj\u0105ce wyroby tytoniowe mog\u0105 wysy\u0142a\u0107 je za po\u015brednictwem autoryzowanych dostawc\u00f3w us\u0142ug logistycznych.<\/p>\n\n\n\n<figure class=\"wp-block-image\"><img decoding=\"async\" src=\"https:\/\/static.eurosender.com\/wp-content\/uploads\/2020\/05\/15070428\/Liquids.png\" alt=\"shipping tobacco\" title=\"\"\/><\/figure>\n\n\n\n<p>P\u0142yny, aerozole i \u017cele<\/p>\n\n\n\n<p><strong>Osoby fizyczne:<\/strong>&nbsp;Wysy\u0142anie ma\u0142ych lub du\u017cych ilo\u015bci p\u0142yn\u00f3w, aerozoli i \u017celi jest surowo zabronione, niezale\u017cnie od kraju i kuriera.<\/p>\n\n\n\n<p><strong>Firmy:<\/strong>&nbsp;Firmy produkuj\u0105ce lub sprzedaj\u0105ce p\u0142yny, aerozole lub \u017cele mog\u0105 wysy\u0142a\u0107 je poczt\u0105 lub kurierem na podstawie specjalnych um\u00f3w lub za po\u015brednictwem upowa\u017cnionych podmiot\u00f3w.<\/p>\n\n\n\n<figure class=\"wp-block-image\"><img decoding=\"async\" src=\"https:\/\/static.eurosender.com\/wp-content\/uploads\/2020\/05\/15070426\/BatteryProhibited.png\" alt=\"shipping batteries\" title=\"\"\/><\/figure>\n\n\n\n<p>Baterie litowe<\/p>\n\n\n\n<p>Zar\u00f3wno osoby fizyczne, jak i firmy mog\u0105 wysy\u0142a\u0107 przedmioty zawieraj\u0105ce baterie poczt\u0105 lub kurierem. Zaleca si\u0119 przechowywanie baterii wewn\u0105trz urz\u0105dze\u0144 bez ich pe\u0142nego na\u0142adowania.<\/p>\n\n\n\n<figure class=\"wp-block-image\"><img decoding=\"async\" src=\"https:\/\/static.eurosender.com\/wp-content\/uploads\/2020\/05\/15083513\/SingleCell.png\" alt=\"\" title=\"\"\/><\/figure>\n\n\n\n<p><strong>Akumulatory jednoogniwowe:<\/strong><\/p>\n\n\n\n<p>Nie wi\u0119cej ni\u017c 2 ogniwa, \u226420 Wh<\/p>\n\n\n\n<figure class=\"wp-block-image\"><img decoding=\"async\" src=\"https:\/\/static.eurosender.com\/wp-content\/uploads\/2020\/05\/15083512\/MultiCell.png\" alt=\"\" title=\"\"\/><\/figure>\n\n\n\n<p><strong>Akumulatory wieloogniwowe<\/strong>:<\/p>\n\n\n\n<p>Nie wi\u0119cej ni\u017c 4 ogniwa, \u2264100 Wh<\/p>\n\n\n\n<figure class=\"wp-block-image\"><img decoding=\"async\" src=\"https:\/\/static.eurosender.com\/wp-content\/uploads\/2020\/05\/15070429\/Perishables.png\" alt=\"shipping perishable goods\" title=\"\"\/><\/figure>\n\n\n\n<p>Towary \u0142atwo psuj\u0105ce si\u0119<\/p>\n\n\n\n<p><strong>Osoby fizyczne:<\/strong>&nbsp;\u015awie\u017ca \u017cywno\u015b\u0107 i inne \u0142atwo psuj\u0105ce si\u0119 towary nie mog\u0105 by\u0107 wysy\u0142ane przez osoby fizyczne ze wzgl\u0119du na wysokie prawdopodobie\u0144stwo uszkodzenia i uszkodzenia innych otaczaj\u0105cych paczek. Decyduj\u0105c si\u0119 na wysy\u0142k\u0119 \u0142atwo psuj\u0105cych si\u0119 towar\u00f3w, osoby fizyczne robi\u0105 to na w\u0142asne ryzyko.<\/p>\n\n\n\n<p><strong>Firmy<\/strong>: Firmy produkuj\u0105ce i sprzedaj\u0105ce \u0142atwo psuj\u0105ce si\u0119 towary mog\u0105 je wysy\u0142a\u0107 pod pewnymi warunkami i spe\u0142niaj\u0105c niezb\u0119dne wymagania. Us\u0142ugi transportowe w kontrolowanej temperaturze s\u0105 zazwyczaj wykorzystywane do transportu \u0142atwo psuj\u0105cych si\u0119 towar\u00f3w.<\/p>\n\n\n\n<figure class=\"wp-block-image\"><img decoding=\"async\" src=\"https:\/\/static.eurosender.com\/wp-content\/uploads\/2020\/05\/15070427\/Fragile.png\" alt=\"shipping fragile\" title=\"\"\/><\/figure>\n\n\n\n<p>Kruche przedmioty<\/p>\n\n\n\n<p><strong>Osoby fizyczne:&nbsp;<\/strong>Delikatne przedmioty mog\u0105 \u0142atwo ulec uszkodzeniu podczas transportu i dlatego nie powinny by\u0107 wysy\u0142ane przez osoby fizyczne. Decyduj\u0105c si\u0119 na wysy\u0142k\u0119 delikatnych przedmiot\u00f3w, osoby fizyczne robi\u0105 to na w\u0142asne ryzyko.<\/p>\n\n\n\n<p><strong>Firmy<\/strong>: Firmy wysy\u0142aj\u0105ce delikatne przedmioty zazwyczaj maj\u0105 wcze\u015bniej uzgodnione warunki z firmami kurierskimi i dlatego mog\u0105 je wysy\u0142a\u0107.<\/p>\n\n\n\n<figure class=\"wp-block-image\"><img decoding=\"async\" src=\"https:\/\/static.eurosender.com\/wp-content\/uploads\/2020\/05\/15070427\/Flammable.png\" alt=\"shipping flammable items\" title=\"\"\/><\/figure>\n\n\n\n<p>Produkty toksyczne, \u0142atwopalne lub niebezpieczne<\/p>\n\n\n\n<p><strong>Osoby fizyczne:<\/strong>&nbsp;Zabrania si\u0119 wysy\u0142ania produkt\u00f3w zawieraj\u0105cych substancje toksyczne, \u0142atwopalne lub niebezpieczne. Decyduj\u0105c si\u0119 na wysy\u0142k\u0119 tego typu produkt\u00f3w, u\u017cytkownicy robi\u0105 to na w\u0142asne ryzyko.<\/p>\n\n\n\n<p><strong>Firmy<\/strong>: Firmy produkuj\u0105ce lub dystrybuuj\u0105ce produkty zawieraj\u0105ce toksyczne, \u0142atwopalne lub niebezpieczne sk\u0142adniki mog\u0105 wysy\u0142a\u0107 je za po\u015brednictwem autoryzowanych dostawc\u00f3w us\u0142ug logistycznych.<\/p>\n\n\n\n<figure class=\"wp-block-image\"><img decoding=\"async\" src=\"https:\/\/static.eurosender.com\/wp-content\/uploads\/2020\/05\/15070425\/Arms.png\" alt=\"shipping arms and ammunition\" title=\"\"\/><\/figure>\n\n\n\n<p>Bro\u0144 palna i amunicja<\/p>\n\n\n\n<p>Wysy\u0142ka broni palnej i amunicji jest \u015bci\u015ble regulowana. Dlatego tylko autoryzowane firmy mog\u0105 wysy\u0142a\u0107 bro\u0144 paln\u0105 i amunicj\u0119 za po\u015brednictwem licencjonowanych i wyspecjalizowanych dostawc\u00f3w us\u0142ug logistycznych.<\/p>","protected":false},"excerpt":{"rendered":"<p>\ud83d\udeab Dangerous Goods &amp; Prohibited Items in Shipments When preparing your shipment, it&#8217;s important to understand what items are considered dangerous goods or prohibited items under European Union and international shipping regulations. These rules exist to ensure the safety of transport personnel, customs agents, and the general public. Common items that may be restricted or [&hellip;]<\/p>\n","protected":false},"author":1,"featured_media":0,"parent":0,"menu_order":0,"comment_status":"closed","ping_status":"closed","template":"","meta":{"_eb_attr":"","_eb_data_table":"","site-sidebar-layout":"default","site-content-layout":"","ast-site-content-layout":"default","site-content-style":"default","site-sidebar-style":"default","ast-global-header-display":"","ast-banner-title-visibility":"","ast-main-header-display":"","ast-hfb-above-header-display":"","ast-hfb-below-header-display":"","ast-hfb-mobile-header-display":"","site-post-title":"","ast-breadcrumbs-content":"","ast-featured-img":"","footer-sml-layout":"","ast-disable-related-posts":"","theme-transparent-header-meta":"","adv-header-id-meta":"","stick-header-meta":"","header-above-stick-meta":"","header-main-stick-meta":"","header-below-stick-meta":"","astra-migrate-meta-layouts":"set","ast-page-background-enabled":"default","ast-page-background-meta":{"desktop":{"background-color":"var(--ast-global-color-4)","background-image":"","background-repeat":"repeat","background-position":"center center","background-size":"auto","background-attachment":"scroll","background-type":"","background-media":"","overlay-type":"","overlay-color":"","overlay-opacity":"","overlay-gradient":""},"tablet":{"background-color":"","background-image":"","background-repeat":"repeat","background-position":"center center","background-size":"auto","background-attachment":"scroll","background-type":"","background-media":"","overlay-type":"","overlay-color":"","overlay-opacity":"","overlay-gradient":""},"mobile":{"background-color":"","background-image":"","background-repeat":"repeat","background-position":"center center","background-size":"auto","background-attachment":"scroll","background-type":"","background-media":"","overlay-type":"","overlay-color":"","overlay-opacity":"","overlay-gradient":""}},"ast-content-background-meta":{"desktop":{"background-color":"var(--ast-global-color-5)","background-image":"","background-repeat":"repeat","background-position":"center center","background-size":"auto","background-attachment":"scroll","background-type":"","background-media":"","overlay-type":"","overlay-color":"","overlay-opacity":"","overlay-gradient":""},"tablet":{"background-color":"var(--ast-global-color-5)","background-image":"","background-repeat":"repeat","background-position":"center center","background-size":"auto","background-attachment":"scroll","background-type":"","background-media":"","overlay-type":"","overlay-color":"","overlay-opacity":"","overlay-gradient":""},"mobile":{"background-color":"var(--ast-global-color-5)","background-image":"","background-repeat":"repeat","background-position":"center center","background-size":"auto","background-attachment":"scroll","background-type":"","background-media":"","overlay-type":"","overlay-color":"","overlay-opacity":"","overlay-gradient":""}},"footnotes":""},"class_list":["post-14271","page","type-page","status-publish","hentry"],"_links":{"self":[{"href":"https:\/\/relocations.io\/portal\/pl\/wp-json\/wp\/v2\/pages\/14271","targetHints":{"allow":["GET"]}}],"collection":[{"href":"https:\/\/relocations.io\/portal\/pl\/wp-json\/wp\/v2\/pages"}],"about":[{"href":"https:\/\/relocations.io\/portal\/pl\/wp-json\/wp\/v2\/types\/page"}],"author":[{"embeddable":true,"href":"https:\/\/relocations.io\/portal\/pl\/wp-json\/wp\/v2\/users\/1"}],"replies":[{"embeddable":true,"href":"https:\/\/relocations.io\/portal\/pl\/wp-json\/wp\/v2\/comments?post=14271"}],"version-history":[{"count":1,"href":"https:\/\/relocations.io\/portal\/pl\/wp-json\/wp\/v2\/pages\/14271\/revisions"}],"predecessor-version":[{"id":14272,"href":"https:\/\/relocations.io\/portal\/pl\/wp-json\/wp\/v2\/pages\/14271\/revisions\/14272"}],"wp:attachment":[{"href":"https:\/\/relocations.io\/portal\/pl\/wp-json\/wp\/v2\/media?parent=14271"}],"curies":[{"name":"wp","href":"https:\/\/api.w.org\/{rel}","templated":true}]}}