{"id":14292,"date":"2025-11-27T10:28:14","date_gmt":"2025-11-27T10:28:14","guid":{"rendered":"https:\/\/relocations.io\/portal\/?page_id=14292"},"modified":"2025-12-15T18:00:31","modified_gmt":"2025-12-15T18:00:31","slug":"insurance","status":"publish","type":"page","link":"https:\/\/relocations.io\/portal\/it\/insurance\/","title":{"rendered":"Assicurazione"},"content":{"rendered":"<h1 class=\"wp-block-heading\">\ud83d\udce6 Assicurazione sulla spedizione - Relocations.io<\/h1>\n\n\n\n<p>Assicuratevi che le vostre merci siano trasportate in modo sicuro con <strong>Assicurazione completa per la spedizione<\/strong>. La sola responsabilit\u00e0 dello spedizioniere potrebbe non coprire l'intero valore della vostra spedizione.<\/p>\n\n\n\n<hr class=\"wp-block-separator has-alpha-channel-opacity\"\/>\n\n\n\n<h2 class=\"wp-block-heading\">\ud83d\ude9a Responsabilit\u00e0 dello spedizioniere e assicurazione sulla spedizione<\/h2>\n\n\n\n<h3 class=\"wp-block-heading\">Responsabilit\u00e0 dello spedizioniere<\/h3>\n\n\n\n<ul class=\"wp-block-list\">\n<li>Copertura standard da parte dei trasportatori.<\/li>\n\n\n\n<li>Responsabilit\u00e0 massima: <strong>8 euro al chilogrammo<\/strong> della vostra spedizione.\n<ul class=\"wp-block-list\">\n<li>Esempio: spedizione di 100 kg \u2192 fino a <strong>\u20ac800<\/strong>.<\/li>\n<\/ul>\n<\/li>\n\n\n\n<li>Responsabilit\u00e0 <strong>non si applica<\/strong> se il danno non viene annotato sulla documentazione di consegna dell'autista al momento della consegna.<\/li>\n<\/ul>\n\n\n\n<h3 class=\"wp-block-heading\">Assicurazione sulla spedizione<\/h3>\n\n\n\n<ul class=\"wp-block-list\">\n<li>Copre il <strong>valore pieno dichiarato<\/strong> delle vostre merci.<\/li>\n\n\n\n<li>Fornisce <strong>protezione completa<\/strong> per perdite o danni.<\/li>\n\n\n\n<li>Garantisce una gestione pi\u00f9 fluida e veloce dei sinistri.<\/li>\n<\/ul>\n\n\n\n<blockquote class=\"wp-block-quote is-layout-flow wp-block-quote-is-layout-flow\">\n<p>\ud83d\udca1 Suggerimento: Dichiarare sempre l'elemento <strong>valore preciso<\/strong> della vostra spedizione e seguite le nostre <a href=\"https:\/\/relocations.io\/portal\/it\/packing-guide\/\">\ud83d\udce6 Guida all'imballaggio della spedizione<\/a> per un imballaggio adeguato.<\/p>\n<\/blockquote>\n\n\n\n<hr class=\"wp-block-separator has-alpha-channel-opacity\"\/>\n\n\n\n<h2 class=\"wp-block-heading\">\ud83d\udee1\ufe0f Assicurazione CMR<\/h2>\n\n\n\n<p>L'assicurazione di base CMR \u00e8 inclusa in tutte le spedizioni europee su strada.<\/p>\n\n\n\n<p><strong>Punti chiave:<\/strong><\/p>\n\n\n\n<ul class=\"wp-block-list\">\n<li>Copertura ai sensi del <strong><a href=\"https:\/\/treaties.un.org\/doc\/Treaties\/1961\/07\/19610702%2001-56%20AM\/Ch_XI_B_11.pdf\" target=\"_blank\" rel=\"noreferrer noopener\">Convenzione sul contratto di trasporto internazionale di merci su strada (Convenzione CMR)<\/a><\/strong>.<\/li>\n\n\n\n<li>Protegge da perdite o danni durante il trasporto.<\/li>\n\n\n\n<li>La copertura \u00e8 solo quella di base; un'assicurazione aggiuntiva \u00e8 consigliata e pu\u00f2 essere richiesta per articoli di valore superiore o speciali.<\/li>\n\n\n\n<li>Assicurazione o responsabilit\u00e0 civile <strong>non si applica<\/strong> se non viene presentata una foto prima del ritiro e se non viene scattata alla consegna e documentata dall'autista.<\/li>\n\n\n\n<li>L'imballaggio corretto \u00e8 obbligatorio per la copertura assicurativa (<a href=\"https:\/\/relocations.io\/portal\/it\/packing-guide\/\">\ud83d\udce6 Guida all'imballaggio della spedizione<\/a>).<\/li>\n<\/ul>\n\n\n\n<hr class=\"wp-block-separator has-alpha-channel-opacity\"\/>\n\n\n\n<h2 class=\"wp-block-heading\">\ud83d\udcf8 Requisito delle foto della spedizione<\/h2>\n\n\n\n<ul class=\"wp-block-list\">\n<li>Foto della spedizione imballata <strong>deve essere preso prima del ritiro<\/strong> e presentati sul portale per tutte le spedizioni e per qualsiasi tipo di assicurazione.<\/li>\n\n\n\n<li>Conferma che gli elementi sono <strong>imballati correttamente e conformi ai requisiti di trasporto<\/strong>.<\/li>\n\n\n\n<li>Spedizioni senza foto <strong>non saranno assicurati<\/strong>, e i reclami non saranno accettati.<\/li>\n<\/ul>\n\n\n\n<hr class=\"wp-block-separator has-alpha-channel-opacity\"\/>\n\n\n\n<h2 class=\"wp-block-heading\">\ud83d\udcbc Spedizioni speciali e merci di alto valore<\/h2>\n\n\n\n<p>Il coordinamento preventivo \u00e8 richiesto per:<\/p>\n\n\n\n<ul class=\"wp-block-list\">\n<li>Spedizioni <strong>oltre 250.000 euro<\/strong>.<\/li>\n\n\n\n<li>Articoli non standard o di valore elevato, come ad esempio:\n<ul class=\"wp-block-list\">\n<li>Arte, antiquariato, prototipi<\/li>\n\n\n\n<li>Monete, documenti, certificati<\/li>\n<\/ul>\n<\/li>\n<\/ul>\n\n\n\n<blockquote class=\"wp-block-quote is-layout-flow wp-block-quote-is-layout-flow\">\n<p>L'assicurazione acquistata senza approvazione preventiva copre di solito solo il <strong>valore del materiale<\/strong>.<\/p>\n<\/blockquote>\n\n\n\n<hr class=\"wp-block-separator has-alpha-channel-opacity\"\/>\n\n\n\n<h2 class=\"wp-block-heading\">Perch\u00e9 scegliere l'assicurazione sulla spedizione<\/h2>\n\n\n\n<ul class=\"wp-block-list\">\n<li>Copertura completa per il valore dichiarato della vostra spedizione.<\/li>\n\n\n\n<li>Evitare le limitazioni di responsabilit\u00e0 dello spedizioniere.<\/li>\n\n\n\n<li>Procedura di risarcimento rapida e senza problemi.<\/li>\n\n\n\n<li>Protezione conveniente per le spedizioni di valore.<\/li>\n<\/ul>\n\n\n\n<blockquote class=\"wp-block-quote is-layout-flow wp-block-quote-is-layout-flow\">\n<p>Le aziende con spedizioni frequenti o di valore elevato possono organizzare <strong>contratti di assicurazione diretta<\/strong> per una copertura personalizzata.<\/p>\n<\/blockquote>\n\n\n\n<hr class=\"wp-block-separator has-alpha-channel-opacity\"\/>\n\n\n\n<h3 class=\"wp-block-heading\">\ud83d\udca1 Riferimento rapido<\/h3>\n\n\n\n<figure class=\"wp-block-table\"><table class=\"has-fixed-layout\"><thead><tr><th>Tipo<\/th><th>Copertura \/ Note<\/th><\/tr><\/thead><tbody><tr><td><strong>Responsabilit\u00e0 dello spedizioniere<\/strong><\/td><td>8 \u20ac\/kg, limitato e di base, dipende dalla documentazione dell'autista e dal momento della consegna.<\/td><\/tr><tr><td><strong>Assicurazione CMR<\/strong> (viaggiando in Europa)<\/td><td>Incluso per tutte le spedizioni europee (<a href=\"https:\/\/treaties.un.org\/doc\/Treaties\/1961\/07\/19610702%2001-56%20AM\/Ch_XI_B_11.pdf\" data-type=\"link\" data-id=\"https:\/\/treaties.un.org\/doc\/Treaties\/1961\/07\/19610702%2001-56%20AM\/Ch_XI_B_11.pdf\" target=\"_blank\" rel=\"noreferrer noopener\">Leggi qui il convegno CMR completo<\/a>)<\/td><\/tr><tr><td><strong>Assicurazione aggiuntiva<\/strong> o Assicurazione normale<\/td><td>Disponibile per tutte le spedizioni, il premio si basa sul valore della merce. Pu\u00f2 richiedere una ricevuta o una prova d'acquisto nei casi in cui il valore sia considerato elevato dall'assicuratore.<\/td><\/tr><tr><td><strong>Foto richieste<\/strong><\/td><td>Da inviare prima del ritiro, obbligatorio per tutti e per qualsiasi tipo di assicurazione.<\/td><\/tr><tr><td><strong>Conformit\u00e0 degli imballaggi<\/strong><\/td><td>Richiesto (<a href=\"https:\/\/relocations.io\/portal\/it\/packing-guide\/\">\ud83d\udce6 Guida all'imballaggio della spedizione<\/a>)<\/td><\/tr><\/tbody><\/table><\/figure>\n\n\n\n<hr class=\"wp-block-separator has-alpha-channel-opacity\"\/>\n\n\n\n<ul class=\"wp-block-list\">\n<li>\u26a0\ufe0f <strong>Attivazione dell'assicurazione:<\/strong> L'assicurazione di qualsiasi tipo non pu\u00f2 essere aggiunta, acquistata o attivata dopo che la fattura della spedizione \u00e8 stata pagata e la spedizione \u00e8 stata prenotata per il ritiro.<\/li>\n\n\n\n<li>\u26a0\ufe0f <strong>Prove di imballaggio richieste:<\/strong> Se non viene fornita una foto dell'articolo imballato prima del ritiro, la copertura assicurativa \u00e8 nulla e non saranno accettati reclami.<\/li>\n\n\n\n<li>\u26a0\ufe0f <strong>Conferma dell'assicurazione:<\/strong> Quando l'assicurazione \u00e8 inclusa, il tipo di assicurazione applicabile sar\u00e0 indicato sulla fattura, a condizione che venga presentata una foto dell'articolo imballato prima del ritiro.<\/li>\n\n\n\n<li>\u26a0\ufe0f <strong>Processo di reclamo:<\/strong> Tutte le richieste di rimborso devono essere presentate entro <strong>1 giorno lavorativo dalla consegna<\/strong> e deve includere:<\/li>\n\n\n\n<li>Documento di prova del ritiro fornito dall'autista<\/li>\n\n\n\n<li>Documento di prova della consegna fornito dall'autista<\/li>\n\n\n\n<li>Documento di prova del danno alla consegna fornito dall'autista <\/li>\n\n\n\n<li>Foto dell'articolo alla consegna scattata dall'autista e dal cliente<\/li>\n\n\n\n<li>Fattura originale\/ricevuta dell'articolo danneggiato da parte di un negozio o di un'attivit\u00e0 commerciale<\/li>\n\n\n\n<li>Fattura di spedizione con indicazione del tipo di assicurazione (Relocations.io)<\/li>\n\n\n\n<li>3x preventivi di riparazione legale da un'azienda registrata nella citt\u00e0 locale<\/li>\n\n\n\n<li>Prima di inoltrare una richiesta di risarcimento, si prega di prendere visione della polizza assicurativa applicabile. Per l'assicurazione CMR, il <strong>Convenzione CMR completa<\/strong> \u00e8 necessario verificare che alcuni danni non siano coperti se non vengono soddisfatte determinate condizioni.<\/li>\n\n\n\n<li>\u26a0\ufe0f <strong>Franchigie:<\/strong> Tutte le polizze assicurative, compresa l'assicurazione base CMR, sono soggette a una franchigia basata sul valore dichiarato e sul livello di copertura.<\/li>\n<\/ul>","protected":false},"excerpt":{"rendered":"<p>\ud83d\udce6 Shipping Insurance \u2013 Relocations.io Ensure your goods are transported safely with comprehensive shipping insurance. Forwarder&#8217;s liability alone may not cover the full value of your shipment. \ud83d\ude9a Forwarder&#8217;s Liability vs. Shipping Insurance Forwarder&#8217;s Liability Shipping Insurance \ud83d\udca1 Tip: Always declare the accurate value of your shipment and follow our \ud83d\udce6 Shipping Packing Guide for [&hellip;]<\/p>\n","protected":false},"author":1,"featured_media":0,"parent":0,"menu_order":0,"comment_status":"closed","ping_status":"closed","template":"","meta":{"_eb_attr":"","_eb_data_table":"","site-sidebar-layout":"default","site-content-layout":"","ast-site-content-layout":"default","site-content-style":"default","site-sidebar-style":"default","ast-global-header-display":"","ast-banner-title-visibility":"","ast-main-header-display":"","ast-hfb-above-header-display":"","ast-hfb-below-header-display":"","ast-hfb-mobile-header-display":"","site-post-title":"","ast-breadcrumbs-content":"","ast-featured-img":"","footer-sml-layout":"","ast-disable-related-posts":"","theme-transparent-header-meta":"","adv-header-id-meta":"","stick-header-meta":"","header-above-stick-meta":"","header-main-stick-meta":"","header-below-stick-meta":"","astra-migrate-meta-layouts":"set","ast-page-background-enabled":"default","ast-page-background-meta":{"desktop":{"background-color":"var(--ast-global-color-4)","background-image":"","background-repeat":"repeat","background-position":"center center","background-size":"auto","background-attachment":"scroll","background-type":"","background-media":"","overlay-type":"","overlay-color":"","overlay-opacity":"","overlay-gradient":""},"tablet":{"background-color":"","background-image":"","background-repeat":"repeat","background-position":"center center","background-size":"auto","background-attachment":"scroll","background-type":"","background-media":"","overlay-type":"","overlay-color":"","overlay-opacity":"","overlay-gradient":""},"mobile":{"background-color":"","background-image":"","background-repeat":"repeat","background-position":"center center","background-size":"auto","background-attachment":"scroll","background-type":"","background-media":"","overlay-type":"","overlay-color":"","overlay-opacity":"","overlay-gradient":""}},"ast-content-background-meta":{"desktop":{"background-color":"var(--ast-global-color-5)","background-image":"","background-repeat":"repeat","background-position":"center center","background-size":"auto","background-attachment":"scroll","background-type":"","background-media":"","overlay-type":"","overlay-color":"","overlay-opacity":"","overlay-gradient":""},"tablet":{"background-color":"var(--ast-global-color-5)","background-image":"","background-repeat":"repeat","background-position":"center center","background-size":"auto","background-attachment":"scroll","background-type":"","background-media":"","overlay-type":"","overlay-color":"","overlay-opacity":"","overlay-gradient":""},"mobile":{"background-color":"var(--ast-global-color-5)","background-image":"","background-repeat":"repeat","background-position":"center center","background-size":"auto","background-attachment":"scroll","background-type":"","background-media":"","overlay-type":"","overlay-color":"","overlay-opacity":"","overlay-gradient":""}},"footnotes":""},"class_list":["post-14292","page","type-page","status-publish","hentry"],"_links":{"self":[{"href":"https:\/\/relocations.io\/portal\/it\/wp-json\/wp\/v2\/pages\/14292","targetHints":{"allow":["GET"]}}],"collection":[{"href":"https:\/\/relocations.io\/portal\/it\/wp-json\/wp\/v2\/pages"}],"about":[{"href":"https:\/\/relocations.io\/portal\/it\/wp-json\/wp\/v2\/types\/page"}],"author":[{"embeddable":true,"href":"https:\/\/relocations.io\/portal\/it\/wp-json\/wp\/v2\/users\/1"}],"replies":[{"embeddable":true,"href":"https:\/\/relocations.io\/portal\/it\/wp-json\/wp\/v2\/comments?post=14292"}],"version-history":[{"count":7,"href":"https:\/\/relocations.io\/portal\/it\/wp-json\/wp\/v2\/pages\/14292\/revisions"}],"predecessor-version":[{"id":14358,"href":"https:\/\/relocations.io\/portal\/it\/wp-json\/wp\/v2\/pages\/14292\/revisions\/14358"}],"wp:attachment":[{"href":"https:\/\/relocations.io\/portal\/it\/wp-json\/wp\/v2\/media?parent=14292"}],"curies":[{"name":"wp","href":"https:\/\/api.w.org\/{rel}","templated":true}]}}