{"id":14273,"date":"2025-11-25T11:24:44","date_gmt":"2025-11-25T11:24:44","guid":{"rendered":"https:\/\/relocations.io\/portal\/?page_id=14273"},"modified":"2025-12-16T09:07:21","modified_gmt":"2025-12-16T09:07:21","slug":"packing-guide","status":"publish","type":"page","link":"https:\/\/relocations.io\/portal\/it\/packing-guide\/","title":{"rendered":"Guida all'imballaggio"},"content":{"rendered":"<p><strong>Guida completa all'imballaggio per spedizioni sicure e protette<\/strong><\/p>\n\n\n\n<h3 class=\"wp-block-heading\">Introduzione<\/h3>\n\n\n\n<p>Un imballaggio adeguato \u00e8 essenziale per garantire che la vostra spedizione arrivi a destinazione in modo sicuro e senza ritardi. I vettori hanno requisiti molto severi e il mancato rispetto di tali requisiti pu\u00f2 comportare il rifiuto del ritiro, il danneggiamento della merce o costi aggiuntivi. Questa guida fornisce istruzioni dettagliate su come imballare correttamente la vostra spedizione, che si tratti di un piccolo pacco o di un grande pallet.<\/p>\n\n\n\n<p>Non possiamo essere ritenuti responsabili di spedizioni mal imballate. L'assicurazione delle spedizioni mal imballate decade automaticamente. Tutte le spedizioni richiedono l'invio di una foto dell'articolo imballato prima del ritiro, sia a fini assicurativi che per garantire lo stato dell'articolo. <\/p>\n\n\n\n<hr class=\"wp-block-separator has-alpha-channel-opacity\"\/>\n\n\n\n<h2 class=\"wp-block-heading\">Veloce <strong>Linee guida per l'imballaggio delle scatole<\/strong><\/h2>\n\n\n\n<p>Vedere ulteriori regolamenti e suggerimenti in fondo a questa pagina.<\/p>\n\n\n\n<figure class=\"wp-block-image size-large\"><img decoding=\"async\" src=\"https:\/\/relocations.io\/ship\/wp-content\/uploads\/2025\/04\/parcel1-1024x360.png\" alt=\"\" class=\"wp-image-2336\"\/><\/figure>\n\n\n\n<figure class=\"wp-block-image size-large\"><img decoding=\"async\" src=\"https:\/\/relocations.io\/ship\/wp-content\/uploads\/2025\/04\/parcel2-1024x351.png\" alt=\"\" class=\"wp-image-2337\"\/><\/figure>\n\n\n\n<figure class=\"wp-block-image size-large\"><img decoding=\"async\" src=\"https:\/\/relocations.io\/ship\/wp-content\/uploads\/2025\/04\/parcel3-1024x359.png\" alt=\"\" class=\"wp-image-2338\"\/><\/figure>\n\n\n\n<figure class=\"wp-block-image size-large\"><img decoding=\"async\" src=\"https:\/\/relocations.io\/ship\/wp-content\/uploads\/2025\/04\/parcel4-1024x351.png\" alt=\"\" class=\"wp-image-2339\"\/><\/figure>\n\n\n\n<figure class=\"wp-block-image size-large\"><img decoding=\"async\" src=\"https:\/\/relocations.io\/ship\/wp-content\/uploads\/2025\/04\/parcel5-1024x354.png\" alt=\"\" class=\"wp-image-2340\"\/><\/figure>\n\n\n\n<h2 class=\"wp-block-heading\">Veloce <strong>Linee guida per l'imballaggio di<\/strong> <strong>Pallet<\/strong><\/h2>\n\n\n\n<p>Vedere ulteriori regolamenti e suggerimenti in fondo a questa pagina.<\/p>\n\n\n\n<figure class=\"wp-block-image size-large\"><img decoding=\"async\" src=\"https:\/\/relocations.io\/ship\/wp-content\/uploads\/2025\/04\/pallet1-1024x367.png\" alt=\"\" class=\"wp-image-2341\"\/><\/figure>\n\n\n\n<figure class=\"wp-block-image size-large\"><img decoding=\"async\" src=\"https:\/\/relocations.io\/ship\/wp-content\/uploads\/2025\/04\/pallet2-1024x403.png\" alt=\"\" class=\"wp-image-2342\"\/><\/figure>\n\n\n\n<figure class=\"wp-block-image size-large\"><img decoding=\"async\" src=\"https:\/\/relocations.io\/ship\/wp-content\/uploads\/2025\/04\/pallet3-1024x385.png\" alt=\"\" class=\"wp-image-2343\"\/><\/figure>\n\n\n\n<figure class=\"wp-block-image size-large\"><img decoding=\"async\" src=\"https:\/\/relocations.io\/ship\/wp-content\/uploads\/2025\/04\/pallet4-1024x342.png\" alt=\"\" class=\"wp-image-2344\"\/><\/figure>\n\n\n\n<figure class=\"wp-block-image size-large\"><img decoding=\"async\" src=\"https:\/\/relocations.io\/ship\/wp-content\/uploads\/2025\/04\/pallet5-1024x369.png\" alt=\"\" class=\"wp-image-2345\"\/><\/figure>\n\n\n\n<figure class=\"wp-block-image size-large\"><img decoding=\"async\" src=\"https:\/\/relocations.io\/ship\/wp-content\/uploads\/2025\/04\/pallet6-1024x361.png\" alt=\"\" class=\"wp-image-2346\"\/><\/figure>\n\n\n\n<h2 class=\"wp-block-heading\">Guida rapida all'applicazione delle etichette di spedizione<\/h2>\n\n\n\n<p>Vedere ulteriori regolamenti e suggerimenti in fondo a questa pagina.<\/p>\n\n\n\n<figure class=\"wp-block-image size-large\"><img decoding=\"async\" src=\"https:\/\/relocations.io\/ship\/wp-content\/uploads\/2025\/04\/shiplabel2-1024x657.png\" alt=\"\" class=\"wp-image-2349\"\/><\/figure>\n\n\n\n<figure class=\"wp-block-image size-large\"><img decoding=\"async\" src=\"https:\/\/relocations.io\/ship\/wp-content\/uploads\/2025\/04\/shiplabel3-803x1024.png\" alt=\"\" class=\"wp-image-2348\"\/><\/figure>\n\n\n\n<figure class=\"wp-block-image size-large\"><img decoding=\"async\" src=\"https:\/\/relocations.io\/ship\/wp-content\/uploads\/2025\/04\/shiplabel4-954x1024.png\" alt=\"\" class=\"wp-image-2347\"\/><\/figure>\n\n\n\n<h1 class=\"wp-block-heading\"><strong>Guida all'imballaggio - Spedizioni sicure e protette<\/strong><\/h1>\n\n\n\n<p><strong>Un imballaggio adeguato garantisce che la spedizione arrivi in modo sicuro, sia accettata dai vettori ed eviti ritardi o costi aggiuntivi.<\/strong> Seguite questa guida per imballare correttamente sia le piccole scatole che le grandi spedizioni pallettizzate. <\/p>\n\n\n\n<hr class=\"wp-block-separator has-alpha-channel-opacity\"\/>\n\n\n\n<h2 class=\"wp-block-heading\">\ud83d\udce6 <strong>Linee guida per l'imballaggio delle scatole<\/strong><\/h2>\n\n\n\n<h3 class=\"wp-block-heading\"><strong>1. Scegliere la scatola giusta<\/strong><\/h3>\n\n\n\n<ul class=\"wp-block-list\">\n<li>Utilizzare un nuovo e robusto <strong>scatola ondulata a doppia parete<\/strong> per articoli fragili o pesanti.<\/li>\n\n\n\n<li>Le scatole devono essere leggermente pi\u00f9 grandi degli articoli per lasciare spazio all'imbottitura.<\/li>\n\n\n\n<li>Evitare di riutilizzare scatole vecchie\/deboli che potrebbero rompersi durante la movimentazione. <\/li>\n<\/ul>\n\n\n\n<p><\/p>\n\n\n\n<hr class=\"wp-block-separator has-alpha-channel-opacity\"\/>\n\n\n\n<h3 class=\"wp-block-heading\"><strong>2. Ammortizzazione e protezione interna<\/strong><\/h3>\n\n\n\n<ul class=\"wp-block-list\">\n<li>Avvolgere ogni articolo singolarmente con <strong>pluriball, schiuma o carta da imballaggio<\/strong>.<\/li>\n\n\n\n<li>Riempire gli spazi vuoti con noccioline da imballaggio o carta accartocciata per evitare che si muovano.<\/li>\n\n\n\n<li>Proteggete ulteriormente gli oggetti fragili e contrassegnate chiaramente queste scatole come <strong>FRAGILE<\/strong>. <\/li>\n<\/ul>\n\n\n\n<p><\/p>\n\n\n\n<hr class=\"wp-block-separator has-alpha-channel-opacity\"\/>\n\n\n\n<h3 class=\"wp-block-heading\"><strong>3. Sigillatura della scatola<\/strong><\/h3>\n\n\n\n<ul class=\"wp-block-list\">\n<li>Utilizzo <strong>nastro da imballaggio di alta qualit\u00e0<\/strong> (evitare il nastro adesivo o il nastro per mascheratura).<\/li>\n\n\n\n<li>Sigillare utilizzando il tasto <strong>\u2018Metodo \u2019H<\/strong>nastro adesivo lungo la cucitura centrale <em>e<\/em> entrambi i bordi.<\/li>\n\n\n\n<li>Assicurarsi che tutti gli sportelli siano completamente chiusi e fissati in modo che nulla possa scivolare fuori. <\/li>\n<\/ul>\n\n\n\n<p><\/p>\n\n\n\n<hr class=\"wp-block-separator has-alpha-channel-opacity\"\/>\n\n\n\n<h3 class=\"wp-block-heading\"><strong>4. Etichettatura<\/strong><\/h3>\n\n\n\n<ul class=\"wp-block-list\">\n<li>Collegare il <strong>etichetta di spedizione fornita<\/strong> con del nastro adesivo trasparente, in modo che non si sfreghi.<\/li>\n\n\n\n<li>Includere un <strong>etichetta duplicata all'interno<\/strong> la scatola in caso di danneggiamento dell'etichetta esterna.<\/li>\n\n\n\n<li>Contrassegnare chiaramente le scatole con istruzioni speciali per la movimentazione (ad es, <strong>Da questa parte<\/strong>, <strong>Fragile<\/strong>).<\/li>\n<\/ul>\n\n\n\n<p><\/p>\n\n\n\n<hr class=\"wp-block-separator has-alpha-channel-opacity\"\/>\n\n\n\n<h2 class=\"wp-block-heading\">\ud83d\udce6 <strong>Linee guida per l'imballaggio dei pallet<\/strong><\/h2>\n\n\n\n<h3 class=\"wp-block-heading\"><strong>1. Selezione del pallet giusto<\/strong><\/h3>\n\n\n\n<ul class=\"wp-block-list\">\n<li>Utilizzare un <strong>pallet standard in legno o plastica<\/strong> in buone condizioni (senza tavole o chiodi rotti).<\/li>\n\n\n\n<li>Il pallet deve essere sufficientemente resistente per il peso totale della spedizione.<\/li>\n<\/ul>\n\n\n\n<p><\/p>\n\n\n\n<hr class=\"wp-block-separator has-alpha-channel-opacity\"\/>\n\n\n\n<h3 class=\"wp-block-heading\"><strong>2. Impilare gli articoli in modo corretto<\/strong><\/h3>\n\n\n\n<ul class=\"wp-block-list\">\n<li>Luogo <strong>gli articoli pi\u00f9 pesanti in basso<\/strong> e gli oggetti pi\u00f9 leggeri in cima per garantire la stabilit\u00e0.<\/li>\n\n\n\n<li>Distribuire il peso in modo uniforme sul pallet.<\/li>\n\n\n\n<li>Conservare le merci impilate <strong>all'interno dei bordi<\/strong> in modo che non sporgano. <\/li>\n<\/ul>\n\n\n\n<p><\/p>\n\n\n\n<hr class=\"wp-block-separator has-alpha-channel-opacity\"\/>\n\n\n\n<h3 class=\"wp-block-heading\"><strong>3. Fissare il carico<\/strong><\/h3>\n\n\n\n<ul class=\"wp-block-list\">\n<li>Avvolgere il pallet con <strong>avvolgimento elastico a resistenza industriale<\/strong> per proteggere il contenuto.<\/li>\n\n\n\n<li>Utilizzo <strong>cinghie o bande<\/strong> per un ulteriore rinforzo, soprattutto per le spedizioni pi\u00f9 pesanti. <\/li>\n<\/ul>\n\n\n\n<p><\/p>\n\n\n\n<hr class=\"wp-block-separator has-alpha-channel-opacity\"\/>\n\n\n\n<h3 class=\"wp-block-heading\"><strong>4. Etichettatura della spedizione<\/strong><\/h3>\n\n\n\n<ul class=\"wp-block-list\">\n<li>Posizionare il <strong>etichetta di spedizione su almeno due lati<\/strong> in modo che sia visibile da diverse angolazioni.<\/li>\n\n\n\n<li>Utilizzate etichette di avvertimento appropriate per gli articoli fragili o sensibili. <\/li>\n\n\n\n<li><\/li>\n<\/ul>\n\n\n\n<hr class=\"wp-block-separator has-alpha-channel-opacity\"\/>\n\n\n\n<h2 class=\"wp-block-heading\">\ud83d\udcca <strong>Impilabilit\u00e0: cosa c'\u00e8 da sapere<\/strong><\/h2>\n\n\n\n<p>Il vostro pallet pu\u00f2 essere <strong>impilabile<\/strong> o <strong>non impilabile<\/strong> - e questo influisce sul modo in cui i vettori gestiscono la vostra spedizione:<\/p>\n\n\n\n<h3 class=\"wp-block-heading\"><strong>Pallet impilabili<\/strong><\/h3>\n\n\n\n<ul class=\"wp-block-list\">\n<li>Pu\u00f2 sostenere in modo sicuro un altro pallet sulla parte superiore.<\/li>\n\n\n\n<li>Richiedono un imballaggio piatto e stabile e scatole ben chiuse.<br>Questo spesso <em>riduce i costi di spedizione<\/em> perch\u00e9 lo spazio viene utilizzato in modo pi\u00f9 efficiente. <\/li>\n<\/ul>\n\n\n\n<p><\/p>\n\n\n\n<hr class=\"wp-block-separator has-alpha-channel-opacity\"\/>\n\n\n\n<h3 class=\"wp-block-heading\"><strong>Pallet non impilabili<\/strong><\/h3>\n\n\n\n<ul class=\"wp-block-list\">\n<li>Non pu\u00f2 sostenere in modo sicuro il peso di un altro pallet a causa della forma, della fragilit\u00e0 o dell'instabilit\u00e0.<\/li>\n\n\n\n<li>Questi possono essere spediti separatamente e potrebbero portare a <em>tariffe pi\u00f9 elevate per i vettori<\/em>. <\/li>\n<\/ul>\n\n\n\n<p><\/p>\n\n\n\n<hr class=\"wp-block-separator has-alpha-channel-opacity\"\/>\n\n\n\n<h2 class=\"wp-block-heading\">\ud83e\udde0 <strong>Ulteriori considerazioni<\/strong><\/h2>\n\n\n\n<ul class=\"wp-block-list\">\n<li><strong>Conformit\u00e0 di peso e dimensioni:<\/strong> Pesate e misurate la vostra spedizione ben prima del ritiro per evitare spese a sorpresa. <\/li>\n\n\n\n<li><strong>Articoli vietati:<\/strong> Alcuni articoli <em>non pu\u00f2 essere spedito<\/em> - controllate sempre il vostro <strong>Elenco degli articoli vietati<\/strong> prima dell'imballaggio. <\/li>\n\n\n\n<li><strong>Perch\u00e9 un imballaggio corretto \u00e8 importante:<\/strong> I vettori possono <em>raccolta dei rifiuti<\/em> o addebitare un supplemento per merce imballata male e per differenze di peso e dimensioni non previste dal contratto. Un imballaggio sicuro riduce anche il rischio di danni. <\/li>\n<\/ul>\n\n\n\n<p><\/p>\n\n\n\n<hr class=\"wp-block-separator has-alpha-channel-opacity\"\/>\n\n\n\n<h2 class=\"wp-block-heading\">\ud83c\udff7\ufe0f <strong>Suggerimento per una spedizione senza intoppi<\/strong><\/h2>\n\n\n\n<h4 class=\"wp-block-heading\">Attaccate sempre le etichette in modo chiaro e proteggetele con del nastro adesivo e non dimenticate di fotografare le scatole e i pallet imballati prima del ritiro. <a href=\"https:\/\/relocations.io\/portal\/it\/bulkupload\/\">sottoponetecelo<\/a>.<\/h4>\n\n\n\n<p><\/p>","protected":false},"excerpt":{"rendered":"<p>Comprehensive Packing Guide for Safe and Secure Shipments Introduction Proper packaging is essential to ensure your shipment reaches its destination safely and without delays. Carriers have strict requirements, and failing to meet them could result in refused pickup, damage to your goods, or additional charges. This guide provides detailed instructions on how to properly pack [&hellip;]<\/p>\n","protected":false},"author":1,"featured_media":0,"parent":0,"menu_order":0,"comment_status":"closed","ping_status":"closed","template":"","meta":{"_eb_attr":"","_eb_data_table":"","site-sidebar-layout":"default","site-content-layout":"","ast-site-content-layout":"default","site-content-style":"default","site-sidebar-style":"default","ast-global-header-display":"","ast-banner-title-visibility":"","ast-main-header-display":"","ast-hfb-above-header-display":"","ast-hfb-below-header-display":"","ast-hfb-mobile-header-display":"","site-post-title":"","ast-breadcrumbs-content":"","ast-featured-img":"","footer-sml-layout":"","ast-disable-related-posts":"","theme-transparent-header-meta":"","adv-header-id-meta":"","stick-header-meta":"","header-above-stick-meta":"","header-main-stick-meta":"","header-below-stick-meta":"","astra-migrate-meta-layouts":"set","ast-page-background-enabled":"default","ast-page-background-meta":{"desktop":{"background-color":"var(--ast-global-color-4)","background-image":"","background-repeat":"repeat","background-position":"center center","background-size":"auto","background-attachment":"scroll","background-type":"","background-media":"","overlay-type":"","overlay-color":"","overlay-opacity":"","overlay-gradient":""},"tablet":{"background-color":"","background-image":"","background-repeat":"repeat","background-position":"center center","background-size":"auto","background-attachment":"scroll","background-type":"","background-media":"","overlay-type":"","overlay-color":"","overlay-opacity":"","overlay-gradient":""},"mobile":{"background-color":"","background-image":"","background-repeat":"repeat","background-position":"center center","background-size":"auto","background-attachment":"scroll","background-type":"","background-media":"","overlay-type":"","overlay-color":"","overlay-opacity":"","overlay-gradient":""}},"ast-content-background-meta":{"desktop":{"background-color":"var(--ast-global-color-5)","background-image":"","background-repeat":"repeat","background-position":"center center","background-size":"auto","background-attachment":"scroll","background-type":"","background-media":"","overlay-type":"","overlay-color":"","overlay-opacity":"","overlay-gradient":""},"tablet":{"background-color":"var(--ast-global-color-5)","background-image":"","background-repeat":"repeat","background-position":"center center","background-size":"auto","background-attachment":"scroll","background-type":"","background-media":"","overlay-type":"","overlay-color":"","overlay-opacity":"","overlay-gradient":""},"mobile":{"background-color":"var(--ast-global-color-5)","background-image":"","background-repeat":"repeat","background-position":"center center","background-size":"auto","background-attachment":"scroll","background-type":"","background-media":"","overlay-type":"","overlay-color":"","overlay-opacity":"","overlay-gradient":""}},"footnotes":""},"class_list":["post-14273","page","type-page","status-publish","hentry"],"_links":{"self":[{"href":"https:\/\/relocations.io\/portal\/it\/wp-json\/wp\/v2\/pages\/14273","targetHints":{"allow":["GET"]}}],"collection":[{"href":"https:\/\/relocations.io\/portal\/it\/wp-json\/wp\/v2\/pages"}],"about":[{"href":"https:\/\/relocations.io\/portal\/it\/wp-json\/wp\/v2\/types\/page"}],"author":[{"embeddable":true,"href":"https:\/\/relocations.io\/portal\/it\/wp-json\/wp\/v2\/users\/1"}],"replies":[{"embeddable":true,"href":"https:\/\/relocations.io\/portal\/it\/wp-json\/wp\/v2\/comments?post=14273"}],"version-history":[{"count":5,"href":"https:\/\/relocations.io\/portal\/it\/wp-json\/wp\/v2\/pages\/14273\/revisions"}],"predecessor-version":[{"id":14366,"href":"https:\/\/relocations.io\/portal\/it\/wp-json\/wp\/v2\/pages\/14273\/revisions\/14366"}],"wp:attachment":[{"href":"https:\/\/relocations.io\/portal\/it\/wp-json\/wp\/v2\/media?parent=14273"}],"curies":[{"name":"wp","href":"https:\/\/api.w.org\/{rel}","templated":true}]}}