{"id":14271,"date":"2025-11-25T11:21:52","date_gmt":"2025-11-25T11:21:52","guid":{"rendered":"https:\/\/relocations.io\/portal\/?page_id=14271"},"modified":"2025-11-25T11:21:54","modified_gmt":"2025-11-25T11:21:54","slug":"prohibited-items","status":"publish","type":"page","link":"https:\/\/relocations.io\/portal\/it\/prohibited-items\/","title":{"rendered":"Articoli vietati e merci pericolose - Spedizione"},"content":{"rendered":"<p>\ud83d\udeab Merci pericolose e articoli vietati nelle spedizioni<\/p>\n\n\n\n<p>Quando si prepara la spedizione, \u00e8 importante capire quali sono gli articoli che vengono considerati <strong>merci pericolose<\/strong> o <strong>articoli vietati<\/strong> in base alle norme di spedizione dell'Unione Europea e internazionali. Queste regole esistono per garantire la sicurezza del personale di trasporto, degli agenti doganali e del pubblico in generale.<\/p>\n\n\n\n<hr class=\"wp-block-separator has-alpha-channel-opacity\"\/>\n\n\n\n<p><strong>Gli articoli pi\u00f9 comuni che possono essere limitati o proibiti includono:<\/strong><\/p>\n\n\n\n<ul class=\"wp-block-list\">\n<li>\ud83d\udd25 Prodotti infiammabili (ad esempio, liquido per accendini, fiammiferi)<\/li>\n\n\n\n<li>\ud83d\udd0b Batterie al litio o dispositivi elettronici che le contengono<\/li>\n\n\n\n<li>\ud83d\udca8 Contenitori pressurizzati o aerosol<\/li>\n\n\n\n<li>\u2620\ufe0f Sostanze chimiche tossiche, corrosive o pericolose<\/li>\n\n\n\n<li>\ud83d\udca3 Esplosivi, munizioni o armi<\/li>\n\n\n\n<li>\ud83e\udd61 Sostanze deperibili o biologiche<\/li>\n<\/ul>\n\n\n\n<hr class=\"wp-block-separator has-alpha-channel-opacity\"\/>\n\n\n\n<p>Oltre ai regolamenti generali, <strong>vettori specifici<\/strong> possono imporre ulteriori restrizioni su ci\u00f2 che possono accettare. Se la vostra spedizione contiene un articolo dubbio, la possibilit\u00e0 di spedirlo pu\u00f2 variare a seconda della destinazione, della modalit\u00e0 di trasporto e del vettore scelto.<\/p>\n\n\n\n<p>Se i vostri articoli rientrano in una di queste categorie, vi invitiamo a <strong>presentare tutta la documentazione pertinente<\/strong> e una descrizione dettagliata quando richiedete i servizi di spedizione. Il nostro team valuter\u00e0 la situazione e comunicher\u00e0 se possiamo supportare la vostra spedizione o offrire opzioni alternative.<\/p>\n\n\n\n<hr class=\"wp-block-separator has-alpha-channel-opacity\"\/>\n\n\n\n<h3 class=\"wp-block-heading\">\ud83d\udea8 La mancata comunicazione di merci pericolose o soggette a restrizioni pu\u00f2 comportare:<\/h3>\n\n\n\n<ul class=\"wp-block-list\">\n<li>Ritardi o rifiuti doganali<\/li>\n\n\n\n<li>Spese aggiuntive di intermediazione o di ispezione<\/li>\n\n\n\n<li>Restituzione o smaltimento della spedizione<\/li>\n\n\n\n<li>Sanzioni o multe<\/li>\n<\/ul>\n\n\n\n<hr class=\"wp-block-separator has-alpha-channel-opacity\"\/>\n\n\n\n<h3 class=\"wp-block-heading\">\ud83d\udcda Risorse utili<\/h3>\n\n\n\n<ul class=\"wp-block-list\">\n<li>\ud83e\uddfe <\/li>\n\n\n\n<li>\ud83c\uddea\ud83c\uddfa <a class=\"\" href=\"https:\/\/taxation-customs.ec.europa.eu\/what-is-not-allowed-import-export_en\">Unione Europea: Importazioni vietate e limitate<\/a><\/li>\n\n\n\n<li>\ud83d\udcda <a class=\"\" href=\"https:\/\/dgiglobal.com\/classes\/\">Guida alla classificazione delle merci pericolose - DGI Global<\/a><\/li>\n<\/ul>\n\n\n\n<hr class=\"wp-block-separator has-alpha-channel-opacity\"\/>\n\n\n\n<p>Se non siete sicuri che la vostra spedizione contenga materiali soggetti a restrizioni, non esitate a <a href=\"https:\/\/relocations.io\/portal\/it\/contact\/\">contattateci<\/a>. Siamo a vostra disposizione per aiutarvi a superare i requisiti doganali ed evitare qualsiasi inconveniente nella spedizione.<\/p>\n\n\n\n<p>COSA \u00c8 VIETATO?<\/p>\n\n\n\n<h2 class=\"wp-block-heading\">Tipi di restrizioni e divieti di spedizione<\/h2>\n\n\n\n<figure class=\"wp-block-image\"><img decoding=\"async\" src=\"https:\/\/static.eurosender.com\/wp-content\/uploads\/2020\/05\/15070425\/Alco.png\" alt=\"shipping alcohol\" title=\"\"\/><\/figure>\n\n\n\n<p>Alcool<\/p>\n\n\n\n<p><strong>Individui:<\/strong>&nbsp;La spedizione di alcolici tra privati non \u00e8 consentita nella maggior parte dei Paesi; pertanto, quando si sceglie di inviare alcolici per posta o tramite corriere, lo si fa a proprio rischio e pericolo.<\/p>\n\n\n\n<p><strong>Aziende<\/strong>: Le bevande alcoliche leggere possono essere spedite come merci o da negozi autorizzati online, mentre le bevande alcoliche pesanti devono essere spedite solo attraverso fornitori di logistica autorizzati.<\/p>\n\n\n\n<figure class=\"wp-block-image\"><img decoding=\"async\" src=\"https:\/\/static.eurosender.com\/wp-content\/uploads\/2020\/05\/15070429\/Tobacco.png\" alt=\"shipping tobacco\" title=\"\"\/><\/figure>\n\n\n\n<p>Tabacco, sigarette e sigari<\/p>\n\n\n\n<p><strong>Individui:<\/strong>&nbsp;Nella maggior parte dei Paesi \u00e8 vietato spedire qualsiasi tipo di tabacco tra individui. Se decidono di spedire sigarette, lo fanno a proprio rischio e pericolo.<\/p>\n\n\n\n<p><strong>Aziende<\/strong>: Le imprese che producono o distribuiscono prodotti del tabacco possono spedirli tramite fornitori di servizi logistici autorizzati.<\/p>\n\n\n\n<figure class=\"wp-block-image\"><img decoding=\"async\" src=\"https:\/\/static.eurosender.com\/wp-content\/uploads\/2020\/05\/15070428\/Liquids.png\" alt=\"shipping tobacco\" title=\"\"\/><\/figure>\n\n\n\n<p>Liquidi, aerosol e gel<\/p>\n\n\n\n<p><strong>Individui:<\/strong>&nbsp;La spedizione di piccole o grandi quantit\u00e0 di liquidi, aerosol e gel \u00e8 severamente vietata, indipendentemente dal Paese o dal corriere.<\/p>\n\n\n\n<p><strong>Aziende:<\/strong>&nbsp;Le aziende che producono o vendono liquidi, aerosol o gel sono autorizzate a spedirli per posta o corriere in base ad accordi speciali, o tramite enti autorizzati.<\/p>\n\n\n\n<figure class=\"wp-block-image\"><img decoding=\"async\" src=\"https:\/\/static.eurosender.com\/wp-content\/uploads\/2020\/05\/15070426\/BatteryProhibited.png\" alt=\"shipping batteries\" title=\"\"\/><\/figure>\n\n\n\n<p>Batterie al litio<\/p>\n\n\n\n<p>Sia i privati che le aziende possono inviare articoli contenenti batterie per posta o per corriere. Si consiglia di conservare le batterie all'interno dei dispositivi senza che siano completamente cariche.<\/p>\n\n\n\n<figure class=\"wp-block-image\"><img decoding=\"async\" src=\"https:\/\/static.eurosender.com\/wp-content\/uploads\/2020\/05\/15083513\/SingleCell.png\" alt=\"\" title=\"\"\/><\/figure>\n\n\n\n<p><strong>Batterie a cella singola:<\/strong><\/p>\n\n\n\n<p>Non pi\u00f9 di 2 celle, \u226420Wh<\/p>\n\n\n\n<figure class=\"wp-block-image\"><img decoding=\"async\" src=\"https:\/\/static.eurosender.com\/wp-content\/uploads\/2020\/05\/15083512\/MultiCell.png\" alt=\"\" title=\"\"\/><\/figure>\n\n\n\n<p><strong>Batterie multicellulari<\/strong>:<\/p>\n\n\n\n<p>Non pi\u00f9 di 4 celle, \u2264100Wh<\/p>\n\n\n\n<figure class=\"wp-block-image\"><img decoding=\"async\" src=\"https:\/\/static.eurosender.com\/wp-content\/uploads\/2020\/05\/15070429\/Perishables.png\" alt=\"shipping perishable goods\" title=\"\"\/><\/figure>\n\n\n\n<p>Prodotti deperibili<\/p>\n\n\n\n<p><strong>Individui:<\/strong>&nbsp;Gli alimenti freschi e le altre merci deperibili non possono essere spediti dai privati a causa dell'elevata possibilit\u00e0 di danneggiarsi e di danneggiare gli altri pacchi circostanti. Quando si sceglie di spedire merci deperibili, lo si fa a proprio rischio e pericolo.<\/p>\n\n\n\n<p><strong>Aziende<\/strong>: Le aziende che producono e vendono merci deperibili sono autorizzate a spedirle a determinate condizioni e nel rispetto dei requisiti necessari. I servizi di spedizione a temperatura controllata sono tipicamente utilizzati per trasportare merci deperibili.<\/p>\n\n\n\n<figure class=\"wp-block-image\"><img decoding=\"async\" src=\"https:\/\/static.eurosender.com\/wp-content\/uploads\/2020\/05\/15070427\/Fragile.png\" alt=\"shipping fragile\" title=\"\"\/><\/figure>\n\n\n\n<p>Articoli fragili<\/p>\n\n\n\n<p><strong>Individui:&nbsp;<\/strong>Gli articoli fragili possono facilmente danneggiarsi durante il trasporto e, pertanto, non dovrebbero essere spediti da privati. Se si decide di spedire articoli fragili, lo si fa a proprio rischio e pericolo.<\/p>\n\n\n\n<p><strong>Aziende<\/strong>: Le aziende che spediscono articoli fragili di solito hanno concordato con i corrieri delle condizioni preliminari e sono quindi autorizzate a spedirli.<\/p>\n\n\n\n<figure class=\"wp-block-image\"><img decoding=\"async\" src=\"https:\/\/static.eurosender.com\/wp-content\/uploads\/2020\/05\/15070427\/Flammable.png\" alt=\"shipping flammable items\" title=\"\"\/><\/figure>\n\n\n\n<p>Prodotti tossici, infiammabili o pericolosi<\/p>\n\n\n\n<p><strong>Individui:<\/strong>&nbsp;\u00c8 vietato spedire prodotti contenenti sostanze tossiche, infiammabili o pericolose. Scegliendo di inviare questo tipo di prodotti, il singolo lo fa a proprio rischio e pericolo.<\/p>\n\n\n\n<p><strong>Aziende<\/strong>: Le aziende che producono o distribuiscono prodotti contenenti componenti tossici, infiammabili o pericolosi possono spedirli attraverso fornitori di servizi logistici autorizzati.<\/p>\n\n\n\n<figure class=\"wp-block-image\"><img decoding=\"async\" src=\"https:\/\/static.eurosender.com\/wp-content\/uploads\/2020\/05\/15070425\/Arms.png\" alt=\"shipping arms and ammunition\" title=\"\"\/><\/figure>\n\n\n\n<p>Armi da fuoco e munizioni<\/p>\n\n\n\n<p>La spedizione di armi da fuoco e munizioni \u00e8 strettamente regolamentata. Pertanto, solo le aziende autorizzate possono spedire armi da fuoco e munizioni attraverso fornitori di logistica autorizzati e specializzati.<\/p>","protected":false},"excerpt":{"rendered":"<p>\ud83d\udeab Dangerous Goods &amp; Prohibited Items in Shipments When preparing your shipment, it&#8217;s important to understand what items are considered dangerous goods or prohibited items under European Union and international shipping regulations. These rules exist to ensure the safety of transport personnel, customs agents, and the general public. Common items that may be restricted or [&hellip;]<\/p>\n","protected":false},"author":1,"featured_media":0,"parent":0,"menu_order":0,"comment_status":"closed","ping_status":"closed","template":"","meta":{"_eb_attr":"","_eb_data_table":"","site-sidebar-layout":"default","site-content-layout":"","ast-site-content-layout":"default","site-content-style":"default","site-sidebar-style":"default","ast-global-header-display":"","ast-banner-title-visibility":"","ast-main-header-display":"","ast-hfb-above-header-display":"","ast-hfb-below-header-display":"","ast-hfb-mobile-header-display":"","site-post-title":"","ast-breadcrumbs-content":"","ast-featured-img":"","footer-sml-layout":"","ast-disable-related-posts":"","theme-transparent-header-meta":"","adv-header-id-meta":"","stick-header-meta":"","header-above-stick-meta":"","header-main-stick-meta":"","header-below-stick-meta":"","astra-migrate-meta-layouts":"set","ast-page-background-enabled":"default","ast-page-background-meta":{"desktop":{"background-color":"var(--ast-global-color-4)","background-image":"","background-repeat":"repeat","background-position":"center center","background-size":"auto","background-attachment":"scroll","background-type":"","background-media":"","overlay-type":"","overlay-color":"","overlay-opacity":"","overlay-gradient":""},"tablet":{"background-color":"","background-image":"","background-repeat":"repeat","background-position":"center center","background-size":"auto","background-attachment":"scroll","background-type":"","background-media":"","overlay-type":"","overlay-color":"","overlay-opacity":"","overlay-gradient":""},"mobile":{"background-color":"","background-image":"","background-repeat":"repeat","background-position":"center center","background-size":"auto","background-attachment":"scroll","background-type":"","background-media":"","overlay-type":"","overlay-color":"","overlay-opacity":"","overlay-gradient":""}},"ast-content-background-meta":{"desktop":{"background-color":"var(--ast-global-color-5)","background-image":"","background-repeat":"repeat","background-position":"center center","background-size":"auto","background-attachment":"scroll","background-type":"","background-media":"","overlay-type":"","overlay-color":"","overlay-opacity":"","overlay-gradient":""},"tablet":{"background-color":"var(--ast-global-color-5)","background-image":"","background-repeat":"repeat","background-position":"center center","background-size":"auto","background-attachment":"scroll","background-type":"","background-media":"","overlay-type":"","overlay-color":"","overlay-opacity":"","overlay-gradient":""},"mobile":{"background-color":"var(--ast-global-color-5)","background-image":"","background-repeat":"repeat","background-position":"center center","background-size":"auto","background-attachment":"scroll","background-type":"","background-media":"","overlay-type":"","overlay-color":"","overlay-opacity":"","overlay-gradient":""}},"footnotes":""},"class_list":["post-14271","page","type-page","status-publish","hentry"],"_links":{"self":[{"href":"https:\/\/relocations.io\/portal\/it\/wp-json\/wp\/v2\/pages\/14271","targetHints":{"allow":["GET"]}}],"collection":[{"href":"https:\/\/relocations.io\/portal\/it\/wp-json\/wp\/v2\/pages"}],"about":[{"href":"https:\/\/relocations.io\/portal\/it\/wp-json\/wp\/v2\/types\/page"}],"author":[{"embeddable":true,"href":"https:\/\/relocations.io\/portal\/it\/wp-json\/wp\/v2\/users\/1"}],"replies":[{"embeddable":true,"href":"https:\/\/relocations.io\/portal\/it\/wp-json\/wp\/v2\/comments?post=14271"}],"version-history":[{"count":1,"href":"https:\/\/relocations.io\/portal\/it\/wp-json\/wp\/v2\/pages\/14271\/revisions"}],"predecessor-version":[{"id":14272,"href":"https:\/\/relocations.io\/portal\/it\/wp-json\/wp\/v2\/pages\/14271\/revisions\/14272"}],"wp:attachment":[{"href":"https:\/\/relocations.io\/portal\/it\/wp-json\/wp\/v2\/media?parent=14271"}],"curies":[{"name":"wp","href":"https:\/\/api.w.org\/{rel}","templated":true}]}}