{"id":14628,"date":"2026-01-23T20:03:50","date_gmt":"2026-01-23T20:03:50","guid":{"rendered":"https:\/\/relocations.io\/portal\/?page_id=14628"},"modified":"2026-01-23T20:10:47","modified_gmt":"2026-01-23T20:10:47","slug":"web-app","status":"publish","type":"page","link":"https:\/\/relocations.io\/portal\/fr\/web-app\/","title":{"rendered":"Application Web"},"content":{"rendered":"<h2 class=\"wp-block-heading\">\u2728 Nouveau : Enregistrer le portail Relocations.io sur votre \u00e9cran d'accueil<\/h2>\n\n\n\n<p>Vous pouvez maintenant enregistrer le <strong>Portail Relocations.io<\/strong> directement sur l'\u00e9cran d'accueil de votre t\u00e9l\u00e9phone et l'utiliser <strong>comme une application<\/strong> - aucun t\u00e9l\u00e9chargement de l'App Store ou du Play Store n'est n\u00e9cessaire.<\/p>\n\n\n\n<p>Vous b\u00e9n\u00e9ficiez ainsi d'un acc\u00e8s plus rapide et d'une exp\u00e9rience plus propre, semblable \u00e0 celle d'une application, d'un simple effleurement.<\/p>\n\n\n\n<hr class=\"wp-block-separator has-alpha-channel-opacity\"\/>\n\n\n\n<h2 class=\"wp-block-heading\">\ud83d\udcf1 Comment ajouter le portail \u00e0 votre \u00e9cran d'accueil<\/h2>\n\n\n\n<h3 class=\"wp-block-heading\">iPhone (Safari)<\/h3>\n\n\n\n<figure class=\"wp-block-image\"><img decoding=\"async\" src=\"https:\/\/images.openai.com\/static-rsc-1\/gOsuew1u3gUuWPx8Vq3ZjLkfttijHpF3mUMaN2SVRVgCyfpfdTQRfOAj4NDe8sWJ1Ti5c5as1XZbuS93PGEWroH95md1zhhTGB76xd7EEvlktwB8UdKGWVRrZV8RM1TcDS2SZnIIiFy45Rwnrh8jjg\" alt=\"https:\/\/discussions.apple.com\/content\/attachment\/979177040\"\/><\/figure>\n\n\n\n<figure class=\"wp-block-image\"><img decoding=\"async\" src=\"https:\/\/hq.getmatter.com\/images\/IOSShareExtension_01%402x.png\" alt=\"https:\/\/hq.getmatter.com\/images\/IOSShareExtension_01%402x.png\"\/><\/figure>\n\n\n\n<figure class=\"wp-block-image\"><img decoding=\"async\" src=\"https:\/\/images.macrumors.com\/article-new\/2025\/08\/ios-add-to-home-screen2.jpg\" alt=\"https:\/\/images.macrumors.com\/article-new\/2025\/08\/ios-add-to-home-screen2.jpg\"\/><\/figure>\n\n\n\n<ol class=\"wp-block-list\">\n<li>Ouvrez le portail Relocations.io en utilisant <strong>Safari<\/strong><\/li>\n\n\n\n<li>Appuyez sur la touche <strong>Partager<\/strong> ic\u00f4ne (carr\u00e9 avec une fl\u00e8che pointant vers le haut)<\/li>\n\n\n\n<li>Faites d\u00e9filer vers le bas et appuyez sur <strong>Ajouter \u00e0 l'\u00e9cran d'accueil<\/strong><\/li>\n\n\n\n<li>Confirmez en appuyant sur <strong>Ajouter<\/strong><\/li>\n<\/ol>\n\n\n\n<p>Le portail appara\u00eetra d\u00e9sormais sur votre \u00e9cran d'accueil comme une application.<\/p>\n\n\n\n<hr class=\"wp-block-separator has-alpha-channel-opacity\"\/>\n\n\n\n<h3 class=\"wp-block-heading\">Android (Chrome)<\/h3>\n\n\n\n<figure class=\"wp-block-image\"><img decoding=\"async\" src=\"https:\/\/tse2.mm.bing.net\/th\/id\/OIP.9lJj6iJdN4sLFfqJ2od6WQHaQd?w=474&amp;h=379&amp;c=7&amp;p=0\" alt=\"https:\/\/support.startpage.com\/hc\/article_attachments\/6738385280020\/Screenshot_20220603-095113.jpeg\"\/><\/figure>\n\n\n\n<figure class=\"wp-block-image\"><img decoding=\"async\" src=\"https:\/\/www.androidauthority.com\/wp-content\/uploads\/2023\/09\/11-3.png\" alt=\"https:\/\/www.androidauthority.com\/wp-content\/uploads\/2023\/09\/11-3.png\"\/><\/figure>\n\n\n\n<figure class=\"wp-block-image\"><img decoding=\"async\" src=\"https:\/\/www.i-programmer.info\/images\/stories\/News\/2013\/Oct\/A\/homescreen1.jpg\" alt=\"https:\/\/www.i-programmer.info\/images\/stories\/News\/2013\/Oct\/A\/homescreen1.jpg\"\/><\/figure>\n\n\n\n<ol class=\"wp-block-list\">\n<li>Ouvrez le portail Relocations.io en utilisant <strong>Chrome<\/strong><\/li>\n\n\n\n<li>Appuyez sur la touche <strong>menu \u00e0 trois points<\/strong> dans le coin sup\u00e9rieur droit<\/li>\n\n\n\n<li>Robinet <strong>Ajouter \u00e0 l'\u00e9cran d'accueil<\/strong> ou <strong>Installer l'application<\/strong><\/li>\n\n\n\n<li>Confirmer \u00e0 l'invite<\/li>\n<\/ol>\n\n\n\n<p>Le portail sera ajout\u00e9 \u00e0 votre \u00e9cran d'accueil pour un acc\u00e8s rapide.<\/p>\n\n\n\n<hr class=\"wp-block-separator has-alpha-channel-opacity\"\/>\n\n\n\n<h2 class=\"wp-block-heading\">\ud83d\ude80 Pourquoi l'\u00e9pargner ?<\/h2>\n\n\n\n<ul class=\"wp-block-list\">\n<li>Acc\u00e8s d'une seule touche depuis l'\u00e9cran d'accueil<\/li>\n\n\n\n<li>Une exp\u00e9rience similaire \u00e0 celle d'une application, sans t\u00e9l\u00e9chargement<\/li>\n\n\n\n<li><\/li>\n<\/ul>\n\n\n\n<h2 class=\"wp-block-heading\">\u2753 Le portail Relocations.io est-il une application mobile ?<\/h2>\n\n\n\n<p><strong>Non.<\/strong> Les <strong>Portail Relocations.io<\/strong> est <strong>pas<\/strong> une application mobile native et est <strong>pas<\/strong> disponible dans l'Apple App Store ou le Google Play Store.<\/p>\n\n\n\n<p>Il s'agit d'un <strong>portail s\u00e9curis\u00e9 bas\u00e9 sur le web<\/strong> qui s'ex\u00e9cute dans votre navigateur.<\/p>\n\n\n\n<hr class=\"wp-block-separator has-alpha-channel-opacity\"\/>\n\n\n\n<h2 class=\"wp-block-heading\">\u2753 Pourquoi ressemble-t-il et se comporte-t-il comme une application ?<\/h2>\n\n\n\n<p>Les navigateurs modernes permettent d'enregistrer des sites web sur l'\u00e9cran d'accueil de votre t\u00e9l\u00e9phone.<br>Lorsque vous ajoutez le portail Relocations.io \u00e0 votre \u00e9cran d'accueil, il s'ouvre dans une vue claire, semblable \u00e0 celle d'une application, et vous pouvez y acc\u00e9der d'un simple effleurement - comme dans une application mobile.<\/p>\n\n\n\n<hr class=\"wp-block-separator has-alpha-channel-opacity\"\/>\n\n\n\n<h2 class=\"wp-block-heading\">\u2753 Dois-je t\u00e9l\u00e9charger ou installer quoi que ce soit ?<\/h2>\n\n\n\n<p><strong>Non.<\/strong> C'est le cas :<\/p>\n\n\n\n<ul class=\"wp-block-list\">\n<li>Pas de t\u00e9l\u00e9chargement d'application<\/li>\n\n\n\n<li>Pas d'installation de l'App Store ou du Play Store<\/li>\n\n\n\n<li>Aucun logiciel suppl\u00e9mentaire n'est n\u00e9cessaire<\/li>\n<\/ul>\n\n\n\n<p>Le portail fonctionne directement \u00e0 partir de votre navigateur.<\/p>\n\n\n\n<hr class=\"wp-block-separator has-alpha-channel-opacity\"\/>\n\n\n\n<h2 class=\"wp-block-heading\">\u2753 Cela fonctionnera-t-il hors ligne ?<\/h2>\n\n\n\n<p><strong>Non.<\/strong> Une connexion internet est n\u00e9cessaire pour acc\u00e9der au portail Relocations.io et \u00e0 ses fonctionnalit\u00e9s.<\/p>\n\n\n\n<hr class=\"wp-block-separator has-alpha-channel-opacity\"\/>\n\n\n\n<h2 class=\"wp-block-heading\">\u2753 Est-ce la m\u00eame chose qu'une application native iOS ou Android ?<\/h2>\n\n\n\n<p><strong>Non.<\/strong><br>Bien que le portail puisse \u00eatre enregistr\u00e9 sur votre \u00e9cran d'accueil et utilis\u00e9 comme une application, il reste une application. <strong>service en ligne<\/strong> et ne remplace pas une application native iOS ou Android.<\/p>\n\n\n\n<hr class=\"wp-block-separator has-alpha-channel-opacity\"\/>\n\n\n\n<h2 class=\"wp-block-heading\">Mes donn\u00e9es sont-elles s\u00e9curis\u00e9es ?<\/h2>\n\n\n\n<p>Oui, le portail Relocations.io utilise des connexions s\u00e9curis\u00e9es et crypt\u00e9es ainsi que des pratiques de s\u00e9curit\u00e9 web standard pour prot\u00e9ger vos informations.<\/p>\n\n\n\n<p><\/p>","protected":false},"excerpt":{"rendered":"<p>\u2728 New: Save the Relocations.io Portal to Your Home Screen You can now save the Relocations.io Portal directly to your phone\u2019s home screen and use it just like an app \u2014 no App Store or Play Store download required. This gives you faster access and a cleaner, app-like experience with just one tap. \ud83d\udcf1 How [&hellip;]<\/p>\n","protected":false},"author":1,"featured_media":0,"parent":0,"menu_order":0,"comment_status":"closed","ping_status":"closed","template":"","meta":{"_eb_attr":"","_eb_data_table":"","site-sidebar-layout":"default","site-content-layout":"","ast-site-content-layout":"default","site-content-style":"default","site-sidebar-style":"default","ast-global-header-display":"","ast-banner-title-visibility":"","ast-main-header-display":"","ast-hfb-above-header-display":"","ast-hfb-below-header-display":"","ast-hfb-mobile-header-display":"","site-post-title":"","ast-breadcrumbs-content":"","ast-featured-img":"","footer-sml-layout":"","ast-disable-related-posts":"","theme-transparent-header-meta":"","adv-header-id-meta":"","stick-header-meta":"","header-above-stick-meta":"","header-main-stick-meta":"","header-below-stick-meta":"","astra-migrate-meta-layouts":"set","ast-page-background-enabled":"default","ast-page-background-meta":{"desktop":{"background-color":"var(--ast-global-color-4)","background-image":"","background-repeat":"repeat","background-position":"center center","background-size":"auto","background-attachment":"scroll","background-type":"","background-media":"","overlay-type":"","overlay-color":"","overlay-opacity":"","overlay-gradient":""},"tablet":{"background-color":"","background-image":"","background-repeat":"repeat","background-position":"center center","background-size":"auto","background-attachment":"scroll","background-type":"","background-media":"","overlay-type":"","overlay-color":"","overlay-opacity":"","overlay-gradient":""},"mobile":{"background-color":"","background-image":"","background-repeat":"repeat","background-position":"center center","background-size":"auto","background-attachment":"scroll","background-type":"","background-media":"","overlay-type":"","overlay-color":"","overlay-opacity":"","overlay-gradient":""}},"ast-content-background-meta":{"desktop":{"background-color":"var(--ast-global-color-5)","background-image":"","background-repeat":"repeat","background-position":"center center","background-size":"auto","background-attachment":"scroll","background-type":"","background-media":"","overlay-type":"","overlay-color":"","overlay-opacity":"","overlay-gradient":""},"tablet":{"background-color":"var(--ast-global-color-5)","background-image":"","background-repeat":"repeat","background-position":"center center","background-size":"auto","background-attachment":"scroll","background-type":"","background-media":"","overlay-type":"","overlay-color":"","overlay-opacity":"","overlay-gradient":""},"mobile":{"background-color":"var(--ast-global-color-5)","background-image":"","background-repeat":"repeat","background-position":"center center","background-size":"auto","background-attachment":"scroll","background-type":"","background-media":"","overlay-type":"","overlay-color":"","overlay-opacity":"","overlay-gradient":""}},"footnotes":""},"class_list":["post-14628","page","type-page","status-publish","hentry"],"_links":{"self":[{"href":"https:\/\/relocations.io\/portal\/fr\/wp-json\/wp\/v2\/pages\/14628","targetHints":{"allow":["GET"]}}],"collection":[{"href":"https:\/\/relocations.io\/portal\/fr\/wp-json\/wp\/v2\/pages"}],"about":[{"href":"https:\/\/relocations.io\/portal\/fr\/wp-json\/wp\/v2\/types\/page"}],"author":[{"embeddable":true,"href":"https:\/\/relocations.io\/portal\/fr\/wp-json\/wp\/v2\/users\/1"}],"replies":[{"embeddable":true,"href":"https:\/\/relocations.io\/portal\/fr\/wp-json\/wp\/v2\/comments?post=14628"}],"version-history":[{"count":3,"href":"https:\/\/relocations.io\/portal\/fr\/wp-json\/wp\/v2\/pages\/14628\/revisions"}],"predecessor-version":[{"id":14635,"href":"https:\/\/relocations.io\/portal\/fr\/wp-json\/wp\/v2\/pages\/14628\/revisions\/14635"}],"wp:attachment":[{"href":"https:\/\/relocations.io\/portal\/fr\/wp-json\/wp\/v2\/media?parent=14628"}],"curies":[{"name":"wp","href":"https:\/\/api.w.org\/{rel}","templated":true}]}}