{"id":14273,"date":"2025-11-25T11:24:44","date_gmt":"2025-11-25T11:24:44","guid":{"rendered":"https:\/\/relocations.io\/portal\/?page_id=14273"},"modified":"2025-12-16T09:07:21","modified_gmt":"2025-12-16T09:07:21","slug":"packing-guide","status":"publish","type":"page","link":"https:\/\/relocations.io\/portal\/fr\/packing-guide\/","title":{"rendered":"Guide d'emballage"},"content":{"rendered":"<p><strong>Guide d'emballage complet pour des envois s\u00fbrs et s\u00e9curis\u00e9s<\/strong><\/p>\n\n\n\n<h3 class=\"wp-block-heading\">Introduction<\/h3>\n\n\n\n<p>Un emballage ad\u00e9quat est essentiel pour que votre envoi arrive \u00e0 destination en toute s\u00e9curit\u00e9 et sans retard. Les transporteurs ont des exigences strictes, et le non-respect de ces exigences peut entra\u00eener un refus d'enl\u00e8vement, des dommages \u00e0 vos marchandises ou des frais suppl\u00e9mentaires. Ce guide fournit des instructions d\u00e9taill\u00e9es sur la mani\u00e8re d'emballer correctement votre envoi, qu'il s'agisse d'un petit colis ou d'une grande palette.<\/p>\n\n\n\n<p>Nous ne pouvons \u00eatre tenus responsables des envois mal emball\u00e9s. L'assurance des envois mal emball\u00e9s est automatiquement annul\u00e9e. Pour tous les envois, une photo de l'article emball\u00e9 doit \u00eatre soumise avant l'enl\u00e8vement, \u00e0 la fois pour des raisons d'assurance et pour garantir l'\u00e9tat de l'article. <\/p>\n\n\n\n<hr class=\"wp-block-separator has-alpha-channel-opacity\"\/>\n\n\n\n<h2 class=\"wp-block-heading\">Rapide <strong>Lignes directrices pour l'emballage des bo\u00eetes<\/strong><\/h2>\n\n\n\n<p>Voir les r\u00e8glements et conseils suppl\u00e9mentaires au bas de cette page.<\/p>\n\n\n\n<figure class=\"wp-block-image size-large\"><img decoding=\"async\" src=\"https:\/\/relocations.io\/ship\/wp-content\/uploads\/2025\/04\/parcel1-1024x360.png\" alt=\"\" class=\"wp-image-2336\"\/><\/figure>\n\n\n\n<figure class=\"wp-block-image size-large\"><img decoding=\"async\" src=\"https:\/\/relocations.io\/ship\/wp-content\/uploads\/2025\/04\/parcel2-1024x351.png\" alt=\"\" class=\"wp-image-2337\"\/><\/figure>\n\n\n\n<figure class=\"wp-block-image size-large\"><img decoding=\"async\" src=\"https:\/\/relocations.io\/ship\/wp-content\/uploads\/2025\/04\/parcel3-1024x359.png\" alt=\"\" class=\"wp-image-2338\"\/><\/figure>\n\n\n\n<figure class=\"wp-block-image size-large\"><img decoding=\"async\" src=\"https:\/\/relocations.io\/ship\/wp-content\/uploads\/2025\/04\/parcel4-1024x351.png\" alt=\"\" class=\"wp-image-2339\"\/><\/figure>\n\n\n\n<figure class=\"wp-block-image size-large\"><img decoding=\"async\" src=\"https:\/\/relocations.io\/ship\/wp-content\/uploads\/2025\/04\/parcel5-1024x354.png\" alt=\"\" class=\"wp-image-2340\"\/><\/figure>\n\n\n\n<h2 class=\"wp-block-heading\">Rapide <strong>Conseils d'emballage pour<\/strong> <strong>Palettes<\/strong><\/h2>\n\n\n\n<p>Voir les r\u00e8glements et conseils suppl\u00e9mentaires au bas de cette page.<\/p>\n\n\n\n<figure class=\"wp-block-image size-large\"><img decoding=\"async\" src=\"https:\/\/relocations.io\/ship\/wp-content\/uploads\/2025\/04\/pallet1-1024x367.png\" alt=\"\" class=\"wp-image-2341\"\/><\/figure>\n\n\n\n<figure class=\"wp-block-image size-large\"><img decoding=\"async\" src=\"https:\/\/relocations.io\/ship\/wp-content\/uploads\/2025\/04\/pallet2-1024x403.png\" alt=\"\" class=\"wp-image-2342\"\/><\/figure>\n\n\n\n<figure class=\"wp-block-image size-large\"><img decoding=\"async\" src=\"https:\/\/relocations.io\/ship\/wp-content\/uploads\/2025\/04\/pallet3-1024x385.png\" alt=\"\" class=\"wp-image-2343\"\/><\/figure>\n\n\n\n<figure class=\"wp-block-image size-large\"><img decoding=\"async\" src=\"https:\/\/relocations.io\/ship\/wp-content\/uploads\/2025\/04\/pallet4-1024x342.png\" alt=\"\" class=\"wp-image-2344\"\/><\/figure>\n\n\n\n<figure class=\"wp-block-image size-large\"><img decoding=\"async\" src=\"https:\/\/relocations.io\/ship\/wp-content\/uploads\/2025\/04\/pallet5-1024x369.png\" alt=\"\" class=\"wp-image-2345\"\/><\/figure>\n\n\n\n<figure class=\"wp-block-image size-large\"><img decoding=\"async\" src=\"https:\/\/relocations.io\/ship\/wp-content\/uploads\/2025\/04\/pallet6-1024x361.png\" alt=\"\" class=\"wp-image-2346\"\/><\/figure>\n\n\n\n<h2 class=\"wp-block-heading\">Guide rapide pour l'apposition d'\u00e9tiquettes d'exp\u00e9dition<\/h2>\n\n\n\n<p>Voir les r\u00e8glements et conseils suppl\u00e9mentaires au bas de cette page.<\/p>\n\n\n\n<figure class=\"wp-block-image size-large\"><img decoding=\"async\" src=\"https:\/\/relocations.io\/ship\/wp-content\/uploads\/2025\/04\/shiplabel2-1024x657.png\" alt=\"\" class=\"wp-image-2349\"\/><\/figure>\n\n\n\n<figure class=\"wp-block-image size-large\"><img decoding=\"async\" src=\"https:\/\/relocations.io\/ship\/wp-content\/uploads\/2025\/04\/shiplabel3-803x1024.png\" alt=\"\" class=\"wp-image-2348\"\/><\/figure>\n\n\n\n<figure class=\"wp-block-image size-large\"><img decoding=\"async\" src=\"https:\/\/relocations.io\/ship\/wp-content\/uploads\/2025\/04\/shiplabel4-954x1024.png\" alt=\"\" class=\"wp-image-2347\"\/><\/figure>\n\n\n\n<h1 class=\"wp-block-heading\"><strong>Guide d'emballage - Des envois s\u00fbrs et s\u00e9curis\u00e9s<\/strong><\/h1>\n\n\n\n<p><strong>Un emballage ad\u00e9quat garantit que votre envoi arrive en toute s\u00e9curit\u00e9, qu'il est accept\u00e9 par les transporteurs et qu'il n'y a pas de retard ou de frais suppl\u00e9mentaires.<\/strong> Suivez ce guide pour emballer correctement les petits cartons et les gros envois palettis\u00e9s. <\/p>\n\n\n\n<hr class=\"wp-block-separator has-alpha-channel-opacity\"\/>\n\n\n\n<h2 class=\"wp-block-heading\">\ud83d\udce6 <strong>Lignes directrices pour l'emballage des bo\u00eetes<\/strong><\/h2>\n\n\n\n<h3 class=\"wp-block-heading\"><strong>1. Choisir la bonne bo\u00eete<\/strong><\/h3>\n\n\n\n<ul class=\"wp-block-list\">\n<li>Utiliser un nouveau <strong>bo\u00eete en carton ondul\u00e9 \u00e0 double paroi<\/strong> pour les articles fragiles ou lourds.<\/li>\n\n\n\n<li>Les bo\u00eetes doivent \u00eatre l\u00e9g\u00e8rement plus grandes que les articles afin de laisser de la place pour le rembourrage.<\/li>\n\n\n\n<li>\u00c9vitez de r\u00e9utiliser des bo\u00eetes anciennes ou fragiles qui risquent de se briser lors de la manipulation. <\/li>\n<\/ul>\n\n\n\n<p><\/p>\n\n\n\n<hr class=\"wp-block-separator has-alpha-channel-opacity\"\/>\n\n\n\n<h3 class=\"wp-block-heading\"><strong>2. Amortissement et protection interne<\/strong><\/h3>\n\n\n\n<ul class=\"wp-block-list\">\n<li>Enveloppez chaque article individuellement avec <strong>du papier bulle, de la mousse ou du papier d'emballage<\/strong>.<\/li>\n\n\n\n<li>Remplissez les espaces vides avec des cacahu\u00e8tes d'emballage ou du papier froiss\u00e9 pour emp\u00eacher tout mouvement.<\/li>\n\n\n\n<li>Ajoutez une protection suppl\u00e9mentaire autour des objets fragiles et indiquez clairement sur ces bo\u00eetes qu'il s'agit de <strong>FRAGILE<\/strong>. <\/li>\n<\/ul>\n\n\n\n<p><\/p>\n\n\n\n<hr class=\"wp-block-separator has-alpha-channel-opacity\"\/>\n\n\n\n<h3 class=\"wp-block-heading\"><strong>3. Sceller la bo\u00eete<\/strong><\/h3>\n\n\n\n<ul class=\"wp-block-list\">\n<li>Utilisation <strong>ruban d'emballage de haute qualit\u00e9<\/strong> (\u00e9viter le ruban adh\u00e9sif ou le ruban de masquage).<\/li>\n\n\n\n<li>Sceller \u00e0 l'aide du <strong>\u2018M\u00e9thode \u2019H<\/strong>ruban adh\u00e9sif le long de la couture centrale <em>et<\/em> les deux bords.<\/li>\n\n\n\n<li>Assurez-vous que tous les volets sont compl\u00e8tement ferm\u00e9s et s\u00e9curis\u00e9s afin que rien ne puisse s'\u00e9chapper. <\/li>\n<\/ul>\n\n\n\n<p><\/p>\n\n\n\n<hr class=\"wp-block-separator has-alpha-channel-opacity\"\/>\n\n\n\n<h3 class=\"wp-block-heading\"><strong>4. \u00c9tiquetage<\/strong><\/h3>\n\n\n\n<ul class=\"wp-block-list\">\n<li>Attachez le <strong>l'\u00e9tiquette d'exp\u00e9dition fournie<\/strong> avec du ruban adh\u00e9sif transparent afin qu'il ne s'efface pas.<\/li>\n\n\n\n<li>Inclure un <strong>\u00e9tiquette en double \u00e0 l'int\u00e9rieur<\/strong> la bo\u00eete au cas o\u00f9 l'\u00e9tiquette ext\u00e9rieure serait endommag\u00e9e.<\/li>\n\n\n\n<li>Marquer clairement les bo\u00eetes avec des instructions de manutention sp\u00e9ciales (par exemple, <strong>De ce c\u00f4t\u00e9-ci<\/strong>, <strong>Fragile<\/strong>).<\/li>\n<\/ul>\n\n\n\n<p><\/p>\n\n\n\n<hr class=\"wp-block-separator has-alpha-channel-opacity\"\/>\n\n\n\n<h2 class=\"wp-block-heading\">\ud83d\udce6 <strong>Lignes directrices pour l'emballage des palettes<\/strong><\/h2>\n\n\n\n<h3 class=\"wp-block-heading\"><strong>1. Choisir la bonne palette<\/strong><\/h3>\n\n\n\n<ul class=\"wp-block-list\">\n<li>Utiliser un <strong>palette standard en bois ou en plastique<\/strong> en bon \u00e9tat (pas de planches ou de clous cass\u00e9s).<\/li>\n\n\n\n<li>La palette doit \u00eatre suffisamment solide pour supporter le poids total de l'envoi.<\/li>\n<\/ul>\n\n\n\n<p><\/p>\n\n\n\n<hr class=\"wp-block-separator has-alpha-channel-opacity\"\/>\n\n\n\n<h3 class=\"wp-block-heading\"><strong>2. Empiler correctement les articles<\/strong><\/h3>\n\n\n\n<ul class=\"wp-block-list\">\n<li>Lieu <strong>les articles plus lourds au bas de l'\u00e9chelle<\/strong> et des objets plus l\u00e9gers sur le dessus pour plus de stabilit\u00e9.<\/li>\n\n\n\n<li>R\u00e9partir le poids uniform\u00e9ment sur la palette.<\/li>\n\n\n\n<li>Conserver les marchandises empil\u00e9es <strong>\u00e0 l'int\u00e9rieur des limites<\/strong> afin qu'ils ne d\u00e9bordent pas. <\/li>\n<\/ul>\n\n\n\n<p><\/p>\n\n\n\n<hr class=\"wp-block-separator has-alpha-channel-opacity\"\/>\n\n\n\n<h3 class=\"wp-block-heading\"><strong>3. S\u00e9curisation de la charge<\/strong><\/h3>\n\n\n\n<ul class=\"wp-block-list\">\n<li>Envelopper la palette avec <strong>film \u00e9tirable \u00e0 r\u00e9sistance industrielle<\/strong> pour s\u00e9curiser le contenu.<\/li>\n\n\n\n<li>Utilisation <strong>des sangles ou des bandes<\/strong> pour un renforcement suppl\u00e9mentaire, en particulier pour les envois plus lourds. <\/li>\n<\/ul>\n\n\n\n<p><\/p>\n\n\n\n<hr class=\"wp-block-separator has-alpha-channel-opacity\"\/>\n\n\n\n<h3 class=\"wp-block-heading\"><strong>4. \u00c9tiquetage de l'envoi<\/strong><\/h3>\n\n\n\n<ul class=\"wp-block-list\">\n<li>Placer le <strong>\u00e9tiquette d'exp\u00e9dition sur au moins deux c\u00f4t\u00e9s<\/strong> afin qu'il soit visible sous diff\u00e9rents angles.<\/li>\n\n\n\n<li>Utilisez des \u00e9tiquettes d'avertissement appropri\u00e9es pour les articles fragiles ou sensibles. <\/li>\n\n\n\n<li><\/li>\n<\/ul>\n\n\n\n<hr class=\"wp-block-separator has-alpha-channel-opacity\"\/>\n\n\n\n<h2 class=\"wp-block-heading\">\ud83d\udcca <strong>Empilabilit\u00e9 - Ce qu'il faut savoir<\/strong><\/h2>\n\n\n\n<p>Votre palette peut \u00eatre <strong>empilable<\/strong> ou <strong>non empilable<\/strong> - et cela influe sur la mani\u00e8re dont les transporteurs traitent votre envoi :<\/p>\n\n\n\n<h3 class=\"wp-block-heading\"><strong>Palettes empilables<\/strong><\/h3>\n\n\n\n<ul class=\"wp-block-list\">\n<li>Peut supporter une autre palette en toute s\u00e9curit\u00e9.<\/li>\n\n\n\n<li>Ils doivent \u00eatre emball\u00e9s \u00e0 plat, de mani\u00e8re stable et dans des bo\u00eetes herm\u00e9tiquement ferm\u00e9es.<br>Il s'agit souvent <em>r\u00e9duit les frais d'exp\u00e9dition<\/em> car l'espace est utilis\u00e9 plus efficacement. <\/li>\n<\/ul>\n\n\n\n<p><\/p>\n\n\n\n<hr class=\"wp-block-separator has-alpha-channel-opacity\"\/>\n\n\n\n<h3 class=\"wp-block-heading\"><strong>Palettes non empilables<\/strong><\/h3>\n\n\n\n<ul class=\"wp-block-list\">\n<li>Ne peut supporter en toute s\u00e9curit\u00e9 le poids d'une autre palette en raison de sa forme, de sa fragilit\u00e9 ou de son instabilit\u00e9.<\/li>\n\n\n\n<li>Ceux-ci peuvent \u00eatre exp\u00e9di\u00e9s s\u00e9par\u00e9ment, ce qui peut entra\u00eener <em>des frais de transport plus \u00e9lev\u00e9s<\/em>. <\/li>\n<\/ul>\n\n\n\n<p><\/p>\n\n\n\n<hr class=\"wp-block-separator has-alpha-channel-opacity\"\/>\n\n\n\n<h2 class=\"wp-block-heading\">\ud83e\udde0 <strong>Autres consid\u00e9rations<\/strong><\/h2>\n\n\n\n<ul class=\"wp-block-list\">\n<li><strong>Conformit\u00e9 du poids et de la taille :<\/strong> Pesez et mesurez votre envoi bien avant l'enl\u00e8vement pour \u00e9viter les frais impr\u00e9vus. <\/li>\n\n\n\n<li><strong>Articles interdits :<\/strong> Quelques \u00e9l\u00e9ments <em>ne peut \u00eatre exp\u00e9di\u00e9<\/em> - v\u00e9rifiez toujours votre <strong>Liste des articles interdits<\/strong> avant l'emballage. <\/li>\n\n\n\n<li><strong>L'importance d'un bon emballage<\/strong> Les transporteurs peuvent <em>ramassage des ordures<\/em> ou facturer des frais suppl\u00e9mentaires pour des marchandises mal emball\u00e9es et des diff\u00e9rences de poids et de taille non contractuelles et non programm\u00e9es. Un emballage s\u00fbr r\u00e9duit \u00e9galement les risques de dommages. <\/li>\n<\/ul>\n\n\n\n<p><\/p>\n\n\n\n<hr class=\"wp-block-separator has-alpha-channel-opacity\"\/>\n\n\n\n<h2 class=\"wp-block-heading\">\ud83c\udff7\ufe0f <strong>Conseil pour une exp\u00e9dition en douceur<\/strong><\/h2>\n\n\n\n<h4 class=\"wp-block-heading\">Attachez toujours vos \u00e9tiquettes clairement et prot\u00e9gez-les avec du ruban adh\u00e9sif - et n'oubliez pas de prendre des photos de vos bo\u00eetes et palettes emball\u00e9es avant l'enl\u00e8vement et l'exp\u00e9dition. <a href=\"https:\/\/relocations.io\/portal\/fr\/bulkupload\/\">nous le soumettre<\/a>.<\/h4>\n\n\n\n<p><\/p>","protected":false},"excerpt":{"rendered":"<p>Comprehensive Packing Guide for Safe and Secure Shipments Introduction Proper packaging is essential to ensure your shipment reaches its destination safely and without delays. Carriers have strict requirements, and failing to meet them could result in refused pickup, damage to your goods, or additional charges. This guide provides detailed instructions on how to properly pack [&hellip;]<\/p>\n","protected":false},"author":1,"featured_media":0,"parent":0,"menu_order":0,"comment_status":"closed","ping_status":"closed","template":"","meta":{"_eb_attr":"","_eb_data_table":"","site-sidebar-layout":"default","site-content-layout":"","ast-site-content-layout":"default","site-content-style":"default","site-sidebar-style":"default","ast-global-header-display":"","ast-banner-title-visibility":"","ast-main-header-display":"","ast-hfb-above-header-display":"","ast-hfb-below-header-display":"","ast-hfb-mobile-header-display":"","site-post-title":"","ast-breadcrumbs-content":"","ast-featured-img":"","footer-sml-layout":"","ast-disable-related-posts":"","theme-transparent-header-meta":"","adv-header-id-meta":"","stick-header-meta":"","header-above-stick-meta":"","header-main-stick-meta":"","header-below-stick-meta":"","astra-migrate-meta-layouts":"set","ast-page-background-enabled":"default","ast-page-background-meta":{"desktop":{"background-color":"var(--ast-global-color-4)","background-image":"","background-repeat":"repeat","background-position":"center center","background-size":"auto","background-attachment":"scroll","background-type":"","background-media":"","overlay-type":"","overlay-color":"","overlay-opacity":"","overlay-gradient":""},"tablet":{"background-color":"","background-image":"","background-repeat":"repeat","background-position":"center center","background-size":"auto","background-attachment":"scroll","background-type":"","background-media":"","overlay-type":"","overlay-color":"","overlay-opacity":"","overlay-gradient":""},"mobile":{"background-color":"","background-image":"","background-repeat":"repeat","background-position":"center center","background-size":"auto","background-attachment":"scroll","background-type":"","background-media":"","overlay-type":"","overlay-color":"","overlay-opacity":"","overlay-gradient":""}},"ast-content-background-meta":{"desktop":{"background-color":"var(--ast-global-color-5)","background-image":"","background-repeat":"repeat","background-position":"center center","background-size":"auto","background-attachment":"scroll","background-type":"","background-media":"","overlay-type":"","overlay-color":"","overlay-opacity":"","overlay-gradient":""},"tablet":{"background-color":"var(--ast-global-color-5)","background-image":"","background-repeat":"repeat","background-position":"center center","background-size":"auto","background-attachment":"scroll","background-type":"","background-media":"","overlay-type":"","overlay-color":"","overlay-opacity":"","overlay-gradient":""},"mobile":{"background-color":"var(--ast-global-color-5)","background-image":"","background-repeat":"repeat","background-position":"center center","background-size":"auto","background-attachment":"scroll","background-type":"","background-media":"","overlay-type":"","overlay-color":"","overlay-opacity":"","overlay-gradient":""}},"footnotes":""},"class_list":["post-14273","page","type-page","status-publish","hentry"],"_links":{"self":[{"href":"https:\/\/relocations.io\/portal\/fr\/wp-json\/wp\/v2\/pages\/14273","targetHints":{"allow":["GET"]}}],"collection":[{"href":"https:\/\/relocations.io\/portal\/fr\/wp-json\/wp\/v2\/pages"}],"about":[{"href":"https:\/\/relocations.io\/portal\/fr\/wp-json\/wp\/v2\/types\/page"}],"author":[{"embeddable":true,"href":"https:\/\/relocations.io\/portal\/fr\/wp-json\/wp\/v2\/users\/1"}],"replies":[{"embeddable":true,"href":"https:\/\/relocations.io\/portal\/fr\/wp-json\/wp\/v2\/comments?post=14273"}],"version-history":[{"count":5,"href":"https:\/\/relocations.io\/portal\/fr\/wp-json\/wp\/v2\/pages\/14273\/revisions"}],"predecessor-version":[{"id":14366,"href":"https:\/\/relocations.io\/portal\/fr\/wp-json\/wp\/v2\/pages\/14273\/revisions\/14366"}],"wp:attachment":[{"href":"https:\/\/relocations.io\/portal\/fr\/wp-json\/wp\/v2\/media?parent=14273"}],"curies":[{"name":"wp","href":"https:\/\/api.w.org\/{rel}","templated":true}]}}