{"id":14271,"date":"2025-11-25T11:21:52","date_gmt":"2025-11-25T11:21:52","guid":{"rendered":"https:\/\/relocations.io\/portal\/?page_id=14271"},"modified":"2025-11-25T11:21:54","modified_gmt":"2025-11-25T11:21:54","slug":"prohibited-items","status":"publish","type":"page","link":"https:\/\/relocations.io\/portal\/fr\/prohibited-items\/","title":{"rendered":"Articles interdits et marchandises dangereuses - Transport maritime"},"content":{"rendered":"<p>\ud83d\udeab Marchandises dangereuses et articles interdits dans les envois<\/p>\n\n\n\n<p>Lorsque vous pr\u00e9parez votre envoi, il est important de savoir quels sont les \u00e9l\u00e9ments consid\u00e9r\u00e9s comme \u00e9tant <strong>marchandises dangereuses<\/strong> ou <strong>articles interdits<\/strong> selon les r\u00e8gles de l'Union europ\u00e9enne et les r\u00e8gles internationales en mati\u00e8re de transport maritime. Ces r\u00e8gles visent \u00e0 assurer la s\u00e9curit\u00e9 du personnel de transport, des agents des douanes et du public en g\u00e9n\u00e9ral.<\/p>\n\n\n\n<hr class=\"wp-block-separator has-alpha-channel-opacity\"\/>\n\n\n\n<p><strong>Les \u00e9l\u00e9ments courants qui peuvent faire l'objet de restrictions ou d'interdictions sont les suivants<\/strong><\/p>\n\n\n\n<ul class=\"wp-block-list\">\n<li>\ud83d\udd25 Produits inflammables (par exemple, essence \u00e0 briquet, allumettes)<\/li>\n\n\n\n<li>\ud83d\udd0b Les piles au lithium ou les appareils \u00e9lectroniques qui en contiennent<\/li>\n\n\n\n<li>\ud83d\udca8 Conteneurs pressuris\u00e9s ou a\u00e9rosols<\/li>\n\n\n\n<li>\u2620\ufe0f Produits chimiques toxiques, corrosifs ou dangereux<\/li>\n\n\n\n<li>\ud83d\udca3 Explosifs, munitions ou armes<\/li>\n\n\n\n<li>\ud83e\udd61 Substances p\u00e9rissables ou biologiques<\/li>\n<\/ul>\n\n\n\n<hr class=\"wp-block-separator has-alpha-channel-opacity\"\/>\n\n\n\n<p>En plus des r\u00e8glements g\u00e9n\u00e9raux, <strong>les transporteurs sp\u00e9cifiques<\/strong> peuvent imposer des restrictions suppl\u00e9mentaires sur ce qu'ils peuvent accepter. Si votre envoi contient un article douteux, la possibilit\u00e9 de l'exp\u00e9dier peut varier en fonction de votre destination, du mode de transport et du transporteur choisi.<\/p>\n\n\n\n<p>Si vos articles entrent dans l'une de ces cat\u00e9gories, veuillez <strong>soumettre tous les documents pertinents<\/strong> et une description d\u00e9taill\u00e9e lors de la demande de services d'exp\u00e9dition. Notre \u00e9quipe \u00e9valuera la situation et vous indiquera si nous pouvons prendre en charge votre envoi ou vous proposer d'autres options.<\/p>\n\n\n\n<hr class=\"wp-block-separator has-alpha-channel-opacity\"\/>\n\n\n\n<h3 class=\"wp-block-heading\">\ud83d\udea8 L'absence de d\u00e9claration de marchandises dangereuses ou soumises \u00e0 des restrictions peut entra\u00eener :<\/h3>\n\n\n\n<ul class=\"wp-block-list\">\n<li>Retards ou rejets douaniers<\/li>\n\n\n\n<li>Frais suppl\u00e9mentaires de courtage ou d'inspection<\/li>\n\n\n\n<li>Renvoi ou \u00e9limination des envois<\/li>\n\n\n\n<li>P\u00e9nalit\u00e9s ou amendes<\/li>\n<\/ul>\n\n\n\n<hr class=\"wp-block-separator has-alpha-channel-opacity\"\/>\n\n\n\n<h3 class=\"wp-block-heading\">\ud83d\udcda Ressources utiles<\/h3>\n\n\n\n<ul class=\"wp-block-list\">\n<li>\ud83e\uddfe <\/li>\n\n\n\n<li>\ud83c\uddea\ud83c\uddfa <a class=\"\" href=\"https:\/\/taxation-customs.ec.europa.eu\/what-is-not-allowed-import-export_en\">Union europ\u00e9enne : Importations interdites et restreintes<\/a><\/li>\n\n\n\n<li>\ud83d\udcda <a class=\"\" href=\"https:\/\/dgiglobal.com\/classes\/\">Guide de classification des marchandises dangereuses - DGI Global<\/a><\/li>\n<\/ul>\n\n\n\n<hr class=\"wp-block-separator has-alpha-channel-opacity\"\/>\n\n\n\n<p>Si vous n'\u00eates pas s\u00fbr que votre envoi contienne des produits soumis \u00e0 des restrictions, n'h\u00e9sitez pas \u00e0 contacter les services suivants <a href=\"https:\/\/relocations.io\/portal\/fr\/contact\/\">nous contacter<\/a>. Nous sommes l\u00e0 pour vous aider \u00e0 vous y retrouver dans les exigences douani\u00e8res et \u00e0 \u00e9viter toute perturbation de l'exp\u00e9dition.<\/p>\n\n\n\n<p>QU'EST-CE QUI EST INTERDIT ?<\/p>\n\n\n\n<h2 class=\"wp-block-heading\">Types de restrictions et d'interdictions en mati\u00e8re de transport maritime<\/h2>\n\n\n\n<figure class=\"wp-block-image\"><img decoding=\"async\" src=\"https:\/\/static.eurosender.com\/wp-content\/uploads\/2020\/05\/15070425\/Alco.png\" alt=\"shipping alcohol\" title=\"\"\/><\/figure>\n\n\n\n<p>Alcool<\/p>\n\n\n\n<p><strong>Individus :<\/strong>&nbsp;L'envoi d'alcool entre particuliers n'est pas autoris\u00e9 dans la plupart des pays ; par cons\u00e9quent, les personnes qui choisissent d'envoyer de l'alcool par la poste ou par service de messagerie le font \u00e0 leurs propres risques.<\/p>\n\n\n\n<p><strong>Entreprises<\/strong>: Les boissons alcoolis\u00e9es l\u00e9g\u00e8res peuvent \u00eatre exp\u00e9di\u00e9es sous forme de fret ou par des magasins en ligne agr\u00e9\u00e9s, tandis que les boissons alcoolis\u00e9es lourdes ne doivent \u00eatre exp\u00e9di\u00e9es que par l'interm\u00e9diaire de fournisseurs de services logistiques agr\u00e9\u00e9s.<\/p>\n\n\n\n<figure class=\"wp-block-image\"><img decoding=\"async\" src=\"https:\/\/static.eurosender.com\/wp-content\/uploads\/2020\/05\/15070429\/Tobacco.png\" alt=\"shipping tobacco\" title=\"\"\/><\/figure>\n\n\n\n<p>Tabac, cigarettes et cigares<\/p>\n\n\n\n<p><strong>Individus :<\/strong>&nbsp;Dans la plupart des pays, il est interdit d'exp\u00e9dier tout type de tabac entre particuliers. En d\u00e9cidant d'envoyer des cigarettes par la poste, les particuliers le font \u00e0 leurs propres risques.<\/p>\n\n\n\n<p><strong>Entreprises<\/strong>: Les entreprises qui produisent ou distribuent des produits du tabac peuvent les exp\u00e9dier par l'interm\u00e9diaire de prestataires logistiques agr\u00e9\u00e9s.<\/p>\n\n\n\n<figure class=\"wp-block-image\"><img decoding=\"async\" src=\"https:\/\/static.eurosender.com\/wp-content\/uploads\/2020\/05\/15070428\/Liquids.png\" alt=\"shipping tobacco\" title=\"\"\/><\/figure>\n\n\n\n<p>Liquides, a\u00e9rosols et gels<\/p>\n\n\n\n<p><strong>Individus :<\/strong>&nbsp;L'envoi de petites ou grandes quantit\u00e9s de liquides, d'a\u00e9rosols et de gels est strictement interdit, quel que soit le pays ou le transporteur.<\/p>\n\n\n\n<p><strong>Entreprises :<\/strong>&nbsp;Les entreprises qui produisent ou vendent des liquides, des a\u00e9rosols ou des gels sont autoris\u00e9es \u00e0 les exp\u00e9dier par la poste ou par service de messagerie dans le cadre d'accords sp\u00e9ciaux, ou par l'interm\u00e9diaire d'entit\u00e9s autoris\u00e9es.<\/p>\n\n\n\n<figure class=\"wp-block-image\"><img decoding=\"async\" src=\"https:\/\/static.eurosender.com\/wp-content\/uploads\/2020\/05\/15070426\/BatteryProhibited.png\" alt=\"shipping batteries\" title=\"\"\/><\/figure>\n\n\n\n<p>Piles au lithium<\/p>\n\n\n\n<p>Les particuliers et les entreprises sont autoris\u00e9s \u00e0 envoyer des articles contenant des piles par la poste ou par service de messagerie. Il est conseill\u00e9 de conserver les piles \u00e0 l'int\u00e9rieur des appareils sans les charger compl\u00e8tement.<\/p>\n\n\n\n<figure class=\"wp-block-image\"><img decoding=\"async\" src=\"https:\/\/static.eurosender.com\/wp-content\/uploads\/2020\/05\/15083513\/SingleCell.png\" alt=\"\" title=\"\"\/><\/figure>\n\n\n\n<p><strong>Piles \u00e0 un seul \u00e9l\u00e9ment :<\/strong><\/p>\n\n\n\n<p>Pas plus de 2 cellules, \u226420Wh<\/p>\n\n\n\n<figure class=\"wp-block-image\"><img decoding=\"async\" src=\"https:\/\/static.eurosender.com\/wp-content\/uploads\/2020\/05\/15083512\/MultiCell.png\" alt=\"\" title=\"\"\/><\/figure>\n\n\n\n<p><strong>Batteries multi-cellules<\/strong>:<\/p>\n\n\n\n<p>Pas plus de 4 cellules, \u2264100Wh<\/p>\n\n\n\n<figure class=\"wp-block-image\"><img decoding=\"async\" src=\"https:\/\/static.eurosender.com\/wp-content\/uploads\/2020\/05\/15070429\/Perishables.png\" alt=\"shipping perishable goods\" title=\"\"\/><\/figure>\n\n\n\n<p>Produits p\u00e9rissables<\/p>\n\n\n\n<p><strong>Individus :<\/strong>&nbsp;Les aliments frais et autres denr\u00e9es p\u00e9rissables ne peuvent pas \u00eatre exp\u00e9di\u00e9s par des particuliers en raison du risque \u00e9lev\u00e9 d'endommagement et de d\u00e9t\u00e9rioration des autres colis environnants. Lorsqu'ils choisissent d'exp\u00e9dier des denr\u00e9es p\u00e9rissables, les particuliers le font \u00e0 leurs propres risques.<\/p>\n\n\n\n<p><strong>Entreprises<\/strong>: Les entreprises qui produisent et vendent des denr\u00e9es p\u00e9rissables sont autoris\u00e9es \u00e0 les exp\u00e9dier sous certaines conditions et en remplissant les exigences n\u00e9cessaires. Les services d'exp\u00e9dition \u00e0 temp\u00e9rature contr\u00f4l\u00e9e sont g\u00e9n\u00e9ralement utilis\u00e9s pour transporter des denr\u00e9es p\u00e9rissables.<\/p>\n\n\n\n<figure class=\"wp-block-image\"><img decoding=\"async\" src=\"https:\/\/static.eurosender.com\/wp-content\/uploads\/2020\/05\/15070427\/Fragile.png\" alt=\"shipping fragile\" title=\"\"\/><\/figure>\n\n\n\n<p>Articles fragiles<\/p>\n\n\n\n<p><strong>Individus :&nbsp;<\/strong>Les articles fragiles peuvent facilement \u00eatre endommag\u00e9s pendant le transport et ne devraient donc pas \u00eatre exp\u00e9di\u00e9s par des particuliers. En d\u00e9cidant d'exp\u00e9dier des articles fragiles, les particuliers le font \u00e0 leurs propres risques.<\/p>\n\n\n\n<p><strong>Entreprises<\/strong>: Les entreprises qui exp\u00e9dient des articles fragiles ont g\u00e9n\u00e9ralement conclu des accords pr\u00e9alables avec les soci\u00e9t\u00e9s de messagerie et sont donc autoris\u00e9es \u00e0 les exp\u00e9dier.<\/p>\n\n\n\n<figure class=\"wp-block-image\"><img decoding=\"async\" src=\"https:\/\/static.eurosender.com\/wp-content\/uploads\/2020\/05\/15070427\/Flammable.png\" alt=\"shipping flammable items\" title=\"\"\/><\/figure>\n\n\n\n<p>Produits toxiques, inflammables ou dangereux<\/p>\n\n\n\n<p><strong>Individus :<\/strong>&nbsp;Les produits contenant des substances toxiques, inflammables ou dangereuses sont interdits d'envoi. En choisissant d'envoyer ce type de produits, les personnes le font \u00e0 leurs propres risques.<\/p>\n\n\n\n<p><strong>Entreprises<\/strong>: Les entreprises qui produisent ou distribuent des produits contenant des composants toxiques, inflammables ou dangereux peuvent les exp\u00e9dier par l'interm\u00e9diaire de prestataires logistiques agr\u00e9\u00e9s.<\/p>\n\n\n\n<figure class=\"wp-block-image\"><img decoding=\"async\" src=\"https:\/\/static.eurosender.com\/wp-content\/uploads\/2020\/05\/15070425\/Arms.png\" alt=\"shipping arms and ammunition\" title=\"\"\/><\/figure>\n\n\n\n<p>Armes \u00e0 feu et munitions<\/p>\n\n\n\n<p>Le transport d'armes \u00e0 feu et de munitions est strictement r\u00e9glement\u00e9. Par cons\u00e9quent, seules les entreprises agr\u00e9\u00e9es sont autoris\u00e9es \u00e0 exp\u00e9dier des armes \u00e0 feu et des munitions par l'interm\u00e9diaire de fournisseurs de services logistiques agr\u00e9\u00e9s et sp\u00e9cialis\u00e9s.<\/p>","protected":false},"excerpt":{"rendered":"<p>\ud83d\udeab Dangerous Goods &amp; Prohibited Items in Shipments When preparing your shipment, it&#8217;s important to understand what items are considered dangerous goods or prohibited items under European Union and international shipping regulations. These rules exist to ensure the safety of transport personnel, customs agents, and the general public. Common items that may be restricted or [&hellip;]<\/p>\n","protected":false},"author":1,"featured_media":0,"parent":0,"menu_order":0,"comment_status":"closed","ping_status":"closed","template":"","meta":{"_eb_attr":"","_eb_data_table":"","site-sidebar-layout":"default","site-content-layout":"","ast-site-content-layout":"default","site-content-style":"default","site-sidebar-style":"default","ast-global-header-display":"","ast-banner-title-visibility":"","ast-main-header-display":"","ast-hfb-above-header-display":"","ast-hfb-below-header-display":"","ast-hfb-mobile-header-display":"","site-post-title":"","ast-breadcrumbs-content":"","ast-featured-img":"","footer-sml-layout":"","ast-disable-related-posts":"","theme-transparent-header-meta":"","adv-header-id-meta":"","stick-header-meta":"","header-above-stick-meta":"","header-main-stick-meta":"","header-below-stick-meta":"","astra-migrate-meta-layouts":"set","ast-page-background-enabled":"default","ast-page-background-meta":{"desktop":{"background-color":"var(--ast-global-color-4)","background-image":"","background-repeat":"repeat","background-position":"center center","background-size":"auto","background-attachment":"scroll","background-type":"","background-media":"","overlay-type":"","overlay-color":"","overlay-opacity":"","overlay-gradient":""},"tablet":{"background-color":"","background-image":"","background-repeat":"repeat","background-position":"center center","background-size":"auto","background-attachment":"scroll","background-type":"","background-media":"","overlay-type":"","overlay-color":"","overlay-opacity":"","overlay-gradient":""},"mobile":{"background-color":"","background-image":"","background-repeat":"repeat","background-position":"center center","background-size":"auto","background-attachment":"scroll","background-type":"","background-media":"","overlay-type":"","overlay-color":"","overlay-opacity":"","overlay-gradient":""}},"ast-content-background-meta":{"desktop":{"background-color":"var(--ast-global-color-5)","background-image":"","background-repeat":"repeat","background-position":"center center","background-size":"auto","background-attachment":"scroll","background-type":"","background-media":"","overlay-type":"","overlay-color":"","overlay-opacity":"","overlay-gradient":""},"tablet":{"background-color":"var(--ast-global-color-5)","background-image":"","background-repeat":"repeat","background-position":"center center","background-size":"auto","background-attachment":"scroll","background-type":"","background-media":"","overlay-type":"","overlay-color":"","overlay-opacity":"","overlay-gradient":""},"mobile":{"background-color":"var(--ast-global-color-5)","background-image":"","background-repeat":"repeat","background-position":"center center","background-size":"auto","background-attachment":"scroll","background-type":"","background-media":"","overlay-type":"","overlay-color":"","overlay-opacity":"","overlay-gradient":""}},"footnotes":""},"class_list":["post-14271","page","type-page","status-publish","hentry"],"_links":{"self":[{"href":"https:\/\/relocations.io\/portal\/fr\/wp-json\/wp\/v2\/pages\/14271","targetHints":{"allow":["GET"]}}],"collection":[{"href":"https:\/\/relocations.io\/portal\/fr\/wp-json\/wp\/v2\/pages"}],"about":[{"href":"https:\/\/relocations.io\/portal\/fr\/wp-json\/wp\/v2\/types\/page"}],"author":[{"embeddable":true,"href":"https:\/\/relocations.io\/portal\/fr\/wp-json\/wp\/v2\/users\/1"}],"replies":[{"embeddable":true,"href":"https:\/\/relocations.io\/portal\/fr\/wp-json\/wp\/v2\/comments?post=14271"}],"version-history":[{"count":1,"href":"https:\/\/relocations.io\/portal\/fr\/wp-json\/wp\/v2\/pages\/14271\/revisions"}],"predecessor-version":[{"id":14272,"href":"https:\/\/relocations.io\/portal\/fr\/wp-json\/wp\/v2\/pages\/14271\/revisions\/14272"}],"wp:attachment":[{"href":"https:\/\/relocations.io\/portal\/fr\/wp-json\/wp\/v2\/media?parent=14271"}],"curies":[{"name":"wp","href":"https:\/\/api.w.org\/{rel}","templated":true}]}}