{"id":14273,"date":"2025-11-25T11:24:44","date_gmt":"2025-11-25T11:24:44","guid":{"rendered":"https:\/\/relocations.io\/portal\/?page_id=14273"},"modified":"2025-12-16T09:07:21","modified_gmt":"2025-12-16T09:07:21","slug":"packing-guide","status":"publish","type":"page","link":"https:\/\/relocations.io\/portal\/es\/packing-guide\/","title":{"rendered":"Gu\u00eda de embalaje"},"content":{"rendered":"<p><strong>Gu\u00eda completa de embalaje para env\u00edos seguros<\/strong><\/p>\n\n\n\n<h3 class=\"wp-block-heading\">Introducci\u00f3n<\/h3>\n\n\n\n<p>Un embalaje adecuado es esencial para garantizar que su env\u00edo llegue a su destino de forma segura y sin retrasos. Los transportistas tienen requisitos estrictos, y no cumplirlos puede dar lugar a la denegaci\u00f3n de la recogida, da\u00f1os a su mercanc\u00eda o cargos adicionales. Esta gu\u00eda proporciona instrucciones detalladas sobre c\u00f3mo embalar correctamente su env\u00edo, tanto si se trata de un paquete peque\u00f1o como de un pal\u00e9 grande.<\/p>\n\n\n\n<p>No nos hacemos responsables de los env\u00edos mal embalados. El seguro de los env\u00edos mal embalados se perder\u00e1 autom\u00e1ticamente. Todos los env\u00edos requieren una foto del art\u00edculo embalado que se presentar\u00e1 antes de la recogida, tanto a efectos del seguro y para asegurar el estado del art\u00edculo. <\/p>\n\n\n\n<hr class=\"wp-block-separator has-alpha-channel-opacity\"\/>\n\n\n\n<h2 class=\"wp-block-heading\">R\u00e1pido <strong>Pautas de embalaje para cajas<\/strong><\/h2>\n\n\n\n<p>Consulte las normas y consejos adicionales al final de esta p\u00e1gina<\/p>\n\n\n\n<figure class=\"wp-block-image size-large\"><img decoding=\"async\" src=\"https:\/\/relocations.io\/ship\/wp-content\/uploads\/2025\/04\/parcel1-1024x360.png\" alt=\"\" class=\"wp-image-2336\"\/><\/figure>\n\n\n\n<figure class=\"wp-block-image size-large\"><img decoding=\"async\" src=\"https:\/\/relocations.io\/ship\/wp-content\/uploads\/2025\/04\/parcel2-1024x351.png\" alt=\"\" class=\"wp-image-2337\"\/><\/figure>\n\n\n\n<figure class=\"wp-block-image size-large\"><img decoding=\"async\" src=\"https:\/\/relocations.io\/ship\/wp-content\/uploads\/2025\/04\/parcel3-1024x359.png\" alt=\"\" class=\"wp-image-2338\"\/><\/figure>\n\n\n\n<figure class=\"wp-block-image size-large\"><img decoding=\"async\" src=\"https:\/\/relocations.io\/ship\/wp-content\/uploads\/2025\/04\/parcel4-1024x351.png\" alt=\"\" class=\"wp-image-2339\"\/><\/figure>\n\n\n\n<figure class=\"wp-block-image size-large\"><img decoding=\"async\" src=\"https:\/\/relocations.io\/ship\/wp-content\/uploads\/2025\/04\/parcel5-1024x354.png\" alt=\"\" class=\"wp-image-2340\"\/><\/figure>\n\n\n\n<h2 class=\"wp-block-heading\">R\u00e1pido <strong>Pautas de embalaje para<\/strong> <strong>Pal\u00e9s<\/strong><\/h2>\n\n\n\n<p>Consulte las normas y consejos adicionales al final de esta p\u00e1gina<\/p>\n\n\n\n<figure class=\"wp-block-image size-large\"><img decoding=\"async\" src=\"https:\/\/relocations.io\/ship\/wp-content\/uploads\/2025\/04\/pallet1-1024x367.png\" alt=\"\" class=\"wp-image-2341\"\/><\/figure>\n\n\n\n<figure class=\"wp-block-image size-large\"><img decoding=\"async\" src=\"https:\/\/relocations.io\/ship\/wp-content\/uploads\/2025\/04\/pallet2-1024x403.png\" alt=\"\" class=\"wp-image-2342\"\/><\/figure>\n\n\n\n<figure class=\"wp-block-image size-large\"><img decoding=\"async\" src=\"https:\/\/relocations.io\/ship\/wp-content\/uploads\/2025\/04\/pallet3-1024x385.png\" alt=\"\" class=\"wp-image-2343\"\/><\/figure>\n\n\n\n<figure class=\"wp-block-image size-large\"><img decoding=\"async\" src=\"https:\/\/relocations.io\/ship\/wp-content\/uploads\/2025\/04\/pallet4-1024x342.png\" alt=\"\" class=\"wp-image-2344\"\/><\/figure>\n\n\n\n<figure class=\"wp-block-image size-large\"><img decoding=\"async\" src=\"https:\/\/relocations.io\/ship\/wp-content\/uploads\/2025\/04\/pallet5-1024x369.png\" alt=\"\" class=\"wp-image-2345\"\/><\/figure>\n\n\n\n<figure class=\"wp-block-image size-large\"><img decoding=\"async\" src=\"https:\/\/relocations.io\/ship\/wp-content\/uploads\/2025\/04\/pallet6-1024x361.png\" alt=\"\" class=\"wp-image-2346\"\/><\/figure>\n\n\n\n<h2 class=\"wp-block-heading\">Gu\u00eda r\u00e1pida Colocaci\u00f3n de etiquetas de env\u00edo<\/h2>\n\n\n\n<p>Consulte las normas y consejos adicionales al final de esta p\u00e1gina<\/p>\n\n\n\n<figure class=\"wp-block-image size-large\"><img decoding=\"async\" src=\"https:\/\/relocations.io\/ship\/wp-content\/uploads\/2025\/04\/shiplabel2-1024x657.png\" alt=\"\" class=\"wp-image-2349\"\/><\/figure>\n\n\n\n<figure class=\"wp-block-image size-large\"><img decoding=\"async\" src=\"https:\/\/relocations.io\/ship\/wp-content\/uploads\/2025\/04\/shiplabel3-803x1024.png\" alt=\"\" class=\"wp-image-2348\"\/><\/figure>\n\n\n\n<figure class=\"wp-block-image size-large\"><img decoding=\"async\" src=\"https:\/\/relocations.io\/ship\/wp-content\/uploads\/2025\/04\/shiplabel4-954x1024.png\" alt=\"\" class=\"wp-image-2347\"\/><\/figure>\n\n\n\n<h1 class=\"wp-block-heading\"><strong>Gu\u00eda de embalaje - Env\u00edos seguros<\/strong><\/h1>\n\n\n\n<p><strong>Un embalaje adecuado garantiza que su env\u00edo llegue seguro, sea aceptado por los transportistas y evite retrasos o gastos adicionales.<\/strong> Siga esta gu\u00eda para embalar correctamente tanto cajas peque\u00f1as como grandes env\u00edos paletizados. <\/p>\n\n\n\n<hr class=\"wp-block-separator has-alpha-channel-opacity\"\/>\n\n\n\n<h2 class=\"wp-block-heading\">\ud83d\udce6 <strong>Pautas de embalaje para cajas<\/strong><\/h2>\n\n\n\n<h3 class=\"wp-block-heading\"><strong>1. Elija la caja adecuada<\/strong><\/h3>\n\n\n\n<ul class=\"wp-block-list\">\n<li>Utilice un <strong>caja de cart\u00f3n ondulado de doble pared<\/strong> para art\u00edculos fr\u00e1giles o pesados.<\/li>\n\n\n\n<li>Las cajas deben ser ligeramente m\u00e1s grandes que los art\u00edculos para dejar espacio para el acolchado.<\/li>\n\n\n\n<li>Evite reutilizar cajas viejas o d\u00e9biles que puedan romperse durante la manipulaci\u00f3n. <\/li>\n<\/ul>\n\n\n\n<p><\/p>\n\n\n\n<hr class=\"wp-block-separator has-alpha-channel-opacity\"\/>\n\n\n\n<h3 class=\"wp-block-heading\"><strong>2. Amortiguaci\u00f3n y protecci\u00f3n interna<\/strong><\/h3>\n\n\n\n<ul class=\"wp-block-list\">\n<li>Envuelva cada art\u00edculo individualmente con <strong>pl\u00e1stico de burbujas, espuma o papel de embalaje<\/strong>.<\/li>\n\n\n\n<li>Rellena los espacios vac\u00edos con cacahuetes de embalaje o papel arrugado para evitar que se muevan.<\/li>\n\n\n\n<li>A\u00f1ada protecci\u00f3n adicional alrededor de los art\u00edculos fr\u00e1giles y marque estas cajas claramente como <strong>FRAGIL<\/strong>. <\/li>\n<\/ul>\n\n\n\n<p><\/p>\n\n\n\n<hr class=\"wp-block-separator has-alpha-channel-opacity\"\/>\n\n\n\n<h3 class=\"wp-block-heading\"><strong>3. Sellado de la caja<\/strong><\/h3>\n\n\n\n<ul class=\"wp-block-list\">\n<li>Utilice <strong>cinta de embalar de alta calidad<\/strong> (evite la cinta aislante o la cinta adhesiva).<\/li>\n\n\n\n<li>Sellar con el <strong>\u2018M\u00e9todo \u2019H<\/strong>cinta adhesiva a lo largo de la costura central <em>y<\/em> ambos bordes.<\/li>\n\n\n\n<li>Aseg\u00farese de que todas las solapas est\u00e1n completamente cerradas y aseguradas para que nada pueda salirse. <\/li>\n<\/ul>\n\n\n\n<p><\/p>\n\n\n\n<hr class=\"wp-block-separator has-alpha-channel-opacity\"\/>\n\n\n\n<h3 class=\"wp-block-heading\"><strong>4. Etiquetado<\/strong><\/h3>\n\n\n\n<ul class=\"wp-block-list\">\n<li>Fije el <strong>etiqueta de env\u00edo suministrada<\/strong> con cinta adhesiva transparente para que no se borre.<\/li>\n\n\n\n<li>Incluir un <strong>etiqueta duplicada en el interior<\/strong> la caja por si se da\u00f1a la etiqueta exterior.<\/li>\n\n\n\n<li>Marque claramente las cajas con instrucciones especiales de manipulaci\u00f3n (p. ej, <strong>Este lado arriba<\/strong>, <strong>Fr\u00e1gil<\/strong>).<\/li>\n<\/ul>\n\n\n\n<p><\/p>\n\n\n\n<hr class=\"wp-block-separator has-alpha-channel-opacity\"\/>\n\n\n\n<h2 class=\"wp-block-heading\">\ud83d\udce6 <strong>Directrices de embalaje para pal\u00e9s<\/strong><\/h2>\n\n\n\n<h3 class=\"wp-block-heading\"><strong>1. Selecci\u00f3n de la paleta adecuada<\/strong><\/h3>\n\n\n\n<ul class=\"wp-block-list\">\n<li>Utilice un <strong>pal\u00e9 est\u00e1ndar de madera o pl\u00e1stico<\/strong> en buen estado (sin tablas ni clavos rotos).<\/li>\n\n\n\n<li>El pal\u00e9 debe ser lo suficientemente resistente para el peso total del env\u00edo.<\/li>\n<\/ul>\n\n\n\n<p><\/p>\n\n\n\n<hr class=\"wp-block-separator has-alpha-channel-opacity\"\/>\n\n\n\n<h3 class=\"wp-block-heading\"><strong>2. Apilar los art\u00edculos correctamente<\/strong><\/h3>\n\n\n\n<ul class=\"wp-block-list\">\n<li>Lugar <strong>art\u00edculos m\u00e1s pesados en la parte inferior<\/strong> y art\u00edculos m\u00e1s ligeros en la parte superior para mayor estabilidad.<\/li>\n\n\n\n<li>Distribuya el peso uniformemente por la paleta.<\/li>\n\n\n\n<li>Mantenga la mercanc\u00eda apilada <strong>dentro de los bordes<\/strong> para que no sobresalgan. <\/li>\n<\/ul>\n\n\n\n<p><\/p>\n\n\n\n<hr class=\"wp-block-separator has-alpha-channel-opacity\"\/>\n\n\n\n<h3 class=\"wp-block-heading\"><strong>3. Asegurar la carga<\/strong><\/h3>\n\n\n\n<ul class=\"wp-block-list\">\n<li>Envuelva la paleta con <strong>film estirable industrial<\/strong> para asegurar el contenido.<\/li>\n\n\n\n<li>Utilice <strong>correas o bandas<\/strong> para un refuerzo adicional, especialmente para los env\u00edos m\u00e1s pesados. <\/li>\n<\/ul>\n\n\n\n<p><\/p>\n\n\n\n<hr class=\"wp-block-separator has-alpha-channel-opacity\"\/>\n\n\n\n<h3 class=\"wp-block-heading\"><strong>4. Etiquetado del env\u00edo<\/strong><\/h3>\n\n\n\n<ul class=\"wp-block-list\">\n<li>Coloque el <strong>etiqueta de env\u00edo en al menos dos caras<\/strong> para que sea visible desde diferentes \u00e1ngulos.<\/li>\n\n\n\n<li>Utilice etiquetas de advertencia adecuadas para los art\u00edculos fr\u00e1giles o delicados. <\/li>\n\n\n\n<li><\/li>\n<\/ul>\n\n\n\n<hr class=\"wp-block-separator has-alpha-channel-opacity\"\/>\n\n\n\n<h2 class=\"wp-block-heading\">\ud83d\udcca <strong>Apilabilidad: lo que hay que saber<\/strong><\/h2>\n\n\n\n<p>Su paleta puede ser <strong>apilable<\/strong> o <strong>no apilable<\/strong> - y esto afecta al modo en que los transportistas gestionan su env\u00edo:<\/p>\n\n\n\n<h3 class=\"wp-block-heading\"><strong>Pal\u00e9s apilables<\/strong><\/h3>\n\n\n\n<ul class=\"wp-block-list\">\n<li>Puede soportar con seguridad otro palet encima.<\/li>\n\n\n\n<li>Requieren un embalaje plano y estable y cajas bien cerradas.<br>A menudo <em>reduce los gastos de env\u00edo<\/em> porque el espacio se utiliza de forma m\u00e1s eficiente. <\/li>\n<\/ul>\n\n\n\n<p><\/p>\n\n\n\n<hr class=\"wp-block-separator has-alpha-channel-opacity\"\/>\n\n\n\n<h3 class=\"wp-block-heading\"><strong>Pal\u00e9s no apilables<\/strong><\/h3>\n\n\n\n<ul class=\"wp-block-list\">\n<li>No puede soportar con seguridad el peso de otra paleta debido a su forma, fragilidad o inestabilidad.<\/li>\n\n\n\n<li>\u00c9stos pueden enviarse por separado y podr\u00edan dar lugar a <em>gastos de transporte m\u00e1s elevados<\/em>. <\/li>\n<\/ul>\n\n\n\n<p><\/p>\n\n\n\n<hr class=\"wp-block-separator has-alpha-channel-opacity\"\/>\n\n\n\n<h2 class=\"wp-block-heading\">\ud83e\udde0 <strong>Consideraciones adicionales<\/strong><\/h2>\n\n\n\n<ul class=\"wp-block-list\">\n<li><strong>Cumplimiento de peso y tama\u00f1o:<\/strong> Pese y mida su env\u00edo mucho antes de recogerlo para evitar gastos sorpresa. <\/li>\n\n\n\n<li><strong>Art\u00edculos prohibidos:<\/strong> Algunos art\u00edculos <em>no se puede enviar<\/em> - compruebe siempre su <strong>Lista de art\u00edculos prohibidos<\/strong> antes de embalar. <\/li>\n\n\n\n<li><strong>Por qu\u00e9 es importante un embalaje adecuado:<\/strong> Los transportistas podr\u00e1n <em>recogida de basuras<\/em> o cobrar un recargo por mercanc\u00edas mal embaladas y diferencias de peso y tama\u00f1o no contratadas ni programadas. Un embalaje seguro tambi\u00e9n reduce el riesgo de da\u00f1os. <\/li>\n<\/ul>\n\n\n\n<p><\/p>\n\n\n\n<hr class=\"wp-block-separator has-alpha-channel-opacity\"\/>\n\n\n\n<h2 class=\"wp-block-heading\">\ud83c\udff7\ufe0f <strong>Consejo para un env\u00edo sin problemas<\/strong><\/h2>\n\n\n\n<h4 class=\"wp-block-heading\">Pegue siempre las etiquetas con claridad y prot\u00e9jalas con cinta adhesiva, y no olvide hacer fotos de las cajas y pal\u00e9s embalados antes de la recogida y el transporte. <a href=\"https:\/\/relocations.io\/portal\/es\/bulkupload\/\">env\u00edenoslo<\/a>.<\/h4>\n\n\n\n<p><\/p>","protected":false},"excerpt":{"rendered":"<p>Comprehensive Packing Guide for Safe and Secure Shipments Introduction Proper packaging is essential to ensure your shipment reaches its destination safely and without delays. Carriers have strict requirements, and failing to meet them could result in refused pickup, damage to your goods, or additional charges. This guide provides detailed instructions on how to properly pack [&hellip;]<\/p>\n","protected":false},"author":1,"featured_media":0,"parent":0,"menu_order":0,"comment_status":"closed","ping_status":"closed","template":"","meta":{"_eb_attr":"","_eb_data_table":"","site-sidebar-layout":"default","site-content-layout":"","ast-site-content-layout":"default","site-content-style":"default","site-sidebar-style":"default","ast-global-header-display":"","ast-banner-title-visibility":"","ast-main-header-display":"","ast-hfb-above-header-display":"","ast-hfb-below-header-display":"","ast-hfb-mobile-header-display":"","site-post-title":"","ast-breadcrumbs-content":"","ast-featured-img":"","footer-sml-layout":"","ast-disable-related-posts":"","theme-transparent-header-meta":"","adv-header-id-meta":"","stick-header-meta":"","header-above-stick-meta":"","header-main-stick-meta":"","header-below-stick-meta":"","astra-migrate-meta-layouts":"set","ast-page-background-enabled":"default","ast-page-background-meta":{"desktop":{"background-color":"var(--ast-global-color-4)","background-image":"","background-repeat":"repeat","background-position":"center center","background-size":"auto","background-attachment":"scroll","background-type":"","background-media":"","overlay-type":"","overlay-color":"","overlay-opacity":"","overlay-gradient":""},"tablet":{"background-color":"","background-image":"","background-repeat":"repeat","background-position":"center center","background-size":"auto","background-attachment":"scroll","background-type":"","background-media":"","overlay-type":"","overlay-color":"","overlay-opacity":"","overlay-gradient":""},"mobile":{"background-color":"","background-image":"","background-repeat":"repeat","background-position":"center center","background-size":"auto","background-attachment":"scroll","background-type":"","background-media":"","overlay-type":"","overlay-color":"","overlay-opacity":"","overlay-gradient":""}},"ast-content-background-meta":{"desktop":{"background-color":"var(--ast-global-color-5)","background-image":"","background-repeat":"repeat","background-position":"center center","background-size":"auto","background-attachment":"scroll","background-type":"","background-media":"","overlay-type":"","overlay-color":"","overlay-opacity":"","overlay-gradient":""},"tablet":{"background-color":"var(--ast-global-color-5)","background-image":"","background-repeat":"repeat","background-position":"center center","background-size":"auto","background-attachment":"scroll","background-type":"","background-media":"","overlay-type":"","overlay-color":"","overlay-opacity":"","overlay-gradient":""},"mobile":{"background-color":"var(--ast-global-color-5)","background-image":"","background-repeat":"repeat","background-position":"center center","background-size":"auto","background-attachment":"scroll","background-type":"","background-media":"","overlay-type":"","overlay-color":"","overlay-opacity":"","overlay-gradient":""}},"footnotes":""},"class_list":["post-14273","page","type-page","status-publish","hentry"],"_links":{"self":[{"href":"https:\/\/relocations.io\/portal\/es\/wp-json\/wp\/v2\/pages\/14273","targetHints":{"allow":["GET"]}}],"collection":[{"href":"https:\/\/relocations.io\/portal\/es\/wp-json\/wp\/v2\/pages"}],"about":[{"href":"https:\/\/relocations.io\/portal\/es\/wp-json\/wp\/v2\/types\/page"}],"author":[{"embeddable":true,"href":"https:\/\/relocations.io\/portal\/es\/wp-json\/wp\/v2\/users\/1"}],"replies":[{"embeddable":true,"href":"https:\/\/relocations.io\/portal\/es\/wp-json\/wp\/v2\/comments?post=14273"}],"version-history":[{"count":5,"href":"https:\/\/relocations.io\/portal\/es\/wp-json\/wp\/v2\/pages\/14273\/revisions"}],"predecessor-version":[{"id":14366,"href":"https:\/\/relocations.io\/portal\/es\/wp-json\/wp\/v2\/pages\/14273\/revisions\/14366"}],"wp:attachment":[{"href":"https:\/\/relocations.io\/portal\/es\/wp-json\/wp\/v2\/media?parent=14273"}],"curies":[{"name":"wp","href":"https:\/\/api.w.org\/{rel}","templated":true}]}}