{"id":14271,"date":"2025-11-25T11:21:52","date_gmt":"2025-11-25T11:21:52","guid":{"rendered":"https:\/\/relocations.io\/portal\/?page_id=14271"},"modified":"2025-11-25T11:21:54","modified_gmt":"2025-11-25T11:21:54","slug":"prohibited-items","status":"publish","type":"page","link":"https:\/\/relocations.io\/portal\/es\/prohibited-items\/","title":{"rendered":"Art\u00edculos prohibidos y mercanc\u00edas peligrosas - Transporte mar\u00edtimo"},"content":{"rendered":"<p>\ud83d\udeab Mercanc\u00edas peligrosas y art\u00edculos prohibidos en los env\u00edos<\/p>\n\n\n\n<p>A la hora de preparar su env\u00edo, es importante saber qu\u00e9 art\u00edculos se consideran <strong>mercanc\u00edas peligrosas<\/strong> o <strong>art\u00edculos prohibidos<\/strong> en virtud de las normas de transporte mar\u00edtimo internacionales y de la Uni\u00f3n Europea. Estas normas existen para garantizar la seguridad del personal de transporte, los agentes de aduanas y el p\u00fablico en general.<\/p>\n\n\n\n<hr class=\"wp-block-separator has-alpha-channel-opacity\"\/>\n\n\n\n<p><strong>Entre los art\u00edculos comunes que pueden estar restringidos o prohibidos se incluyen:<\/strong><\/p>\n\n\n\n<ul class=\"wp-block-list\">\n<li>\ud83d\udd25 Productos inflamables (por ejemplo, l\u00edquido para encendedores, cerillas).<\/li>\n\n\n\n<li>\ud83d\udd0b Pilas de litio o dispositivos electr\u00f3nicos que las contengan<\/li>\n\n\n\n<li>\ud83d\udca8 Recipientes a presi\u00f3n o aerosoles<\/li>\n\n\n\n<li>\u2620\ufe0f Productos qu\u00edmicos t\u00f3xicos, corrosivos o peligrosos<\/li>\n\n\n\n<li>\ud83d\udca3 Explosivos, municiones o armas<\/li>\n\n\n\n<li>\ud83e\udd61 Sustancias perecederas o biol\u00f3gicas<\/li>\n<\/ul>\n\n\n\n<hr class=\"wp-block-separator has-alpha-channel-opacity\"\/>\n\n\n\n<p>Adem\u00e1s de la normativa general, <strong>portadores espec\u00edficos<\/strong> pueden imponer m\u00e1s restricciones sobre lo que pueden aceptar. Si su env\u00edo contiene un art\u00edculo dudoso, la posibilidad de enviarlo puede variar en funci\u00f3n de su destino, modo de transporte y transportista seleccionado.<\/p>\n\n\n\n<p>Si sus art\u00edculos pertenecen a alguna de estas categor\u00edas, por favor <strong>presentar toda la documentaci\u00f3n pertinente<\/strong> y una descripci\u00f3n detallada al solicitar servicios de env\u00edo. Nuestro equipo evaluar\u00e1 la situaci\u00f3n y le indicar\u00e1 si podemos ayudarle con su env\u00edo u ofrecerle opciones alternativas.<\/p>\n\n\n\n<hr class=\"wp-block-separator has-alpha-channel-opacity\"\/>\n\n\n\n<h3 class=\"wp-block-heading\">\ud83d\udea8 No declarar las mercanc\u00edas peligrosas o restringidas puede dar lugar a:<\/h3>\n\n\n\n<ul class=\"wp-block-list\">\n<li>Retrasos o rechazos aduaneros<\/li>\n\n\n\n<li>Honorarios adicionales de agente o inspecci\u00f3n<\/li>\n\n\n\n<li>Devoluci\u00f3n o eliminaci\u00f3n de env\u00edos<\/li>\n\n\n\n<li>Sanciones o multas<\/li>\n<\/ul>\n\n\n\n<hr class=\"wp-block-separator has-alpha-channel-opacity\"\/>\n\n\n\n<h3 class=\"wp-block-heading\">Recursos \u00fatiles<\/h3>\n\n\n\n<ul class=\"wp-block-list\">\n<li>\ud83e\uddfe <\/li>\n\n\n\n<li>\ud83c\uddea\ud83c\uddfa <a class=\"\" href=\"https:\/\/taxation-customs.ec.europa.eu\/what-is-not-allowed-import-export_en\">Uni\u00f3n Europea: Importaciones prohibidas y restringidas<\/a><\/li>\n\n\n\n<li>\ud83d\udcda <a class=\"\" href=\"https:\/\/dgiglobal.com\/classes\/\">Gu\u00eda de clasificaci\u00f3n de mercanc\u00edas peligrosas - DGI Global<\/a><\/li>\n<\/ul>\n\n\n\n<hr class=\"wp-block-separator has-alpha-channel-opacity\"\/>\n\n\n\n<p>Si no est\u00e1 seguro de si su env\u00edo incluye materiales restringidos, no dude en <a href=\"https:\/\/relocations.io\/portal\/es\/contact\/\">Contacto<\/a>. Estamos aqu\u00ed para ayudarle a cumplir los requisitos aduaneros y evitar interrupciones en los env\u00edos.<\/p>\n\n\n\n<p>\u00bfQU\u00c9 EST\u00c1 PROHIBIDO?<\/p>\n\n\n\n<h2 class=\"wp-block-heading\">Tipos de restricciones y prohibiciones de expedici\u00f3n<\/h2>\n\n\n\n<figure class=\"wp-block-image\"><img decoding=\"async\" src=\"https:\/\/static.eurosender.com\/wp-content\/uploads\/2020\/05\/15070425\/Alco.png\" alt=\"shipping alcohol\" title=\"\"\/><\/figure>\n\n\n\n<p>Alcohol<\/p>\n\n\n\n<p><strong>Individuos:<\/strong>&nbsp;El env\u00edo de alcohol entre particulares no est\u00e1 permitido en la mayor\u00eda de los pa\u00edses; por lo tanto, cuando se opta por enviar alcohol por correo o por mensajer\u00eda, los particulares lo hacen por su cuenta y riesgo.<\/p>\n\n\n\n<p><strong>Empresas<\/strong>: Las bebidas alcoh\u00f3licas ligeras pueden enviarse como carga o a trav\u00e9s de tiendas en l\u00ednea autorizadas, mientras que las bebidas alcoh\u00f3licas fuertes s\u00f3lo deben enviarse a trav\u00e9s de proveedores log\u00edsticos autorizados.<\/p>\n\n\n\n<figure class=\"wp-block-image\"><img decoding=\"async\" src=\"https:\/\/static.eurosender.com\/wp-content\/uploads\/2020\/05\/15070429\/Tobacco.png\" alt=\"shipping tobacco\" title=\"\"\/><\/figure>\n\n\n\n<p>Tabaco, cigarrillos y puros<\/p>\n\n\n\n<p><strong>Individuos:<\/strong>&nbsp;En la mayor\u00eda de los pa\u00edses est\u00e1 prohibido enviar cualquier tipo de tabaco entre particulares. Al decidir enviar cigarrillos por correo, los particulares lo hacen por su cuenta y riesgo.<\/p>\n\n\n\n<p><strong>Empresas<\/strong>: Las empresas que producen o distribuyen productos del tabaco pueden enviarlos a trav\u00e9s de proveedores log\u00edsticos autorizados.<\/p>\n\n\n\n<figure class=\"wp-block-image\"><img decoding=\"async\" src=\"https:\/\/static.eurosender.com\/wp-content\/uploads\/2020\/05\/15070428\/Liquids.png\" alt=\"shipping tobacco\" title=\"\"\/><\/figure>\n\n\n\n<p>L\u00edquidos, aerosoles y geles<\/p>\n\n\n\n<p><strong>Individuos:<\/strong>&nbsp;El env\u00edo de peque\u00f1as o grandes cantidades de l\u00edquidos, aerosoles y geles est\u00e1 estrictamente prohibido, independientemente del pa\u00eds o de la empresa de mensajer\u00eda.<\/p>\n\n\n\n<p><strong>Empresas:<\/strong>&nbsp;Las empresas que producen o venden l\u00edquidos, aerosoles o geles pueden enviarlos por correo o mensajer\u00eda en virtud de acuerdos especiales, o a trav\u00e9s de entidades autorizadas.<\/p>\n\n\n\n<figure class=\"wp-block-image\"><img decoding=\"async\" src=\"https:\/\/static.eurosender.com\/wp-content\/uploads\/2020\/05\/15070426\/BatteryProhibited.png\" alt=\"shipping batteries\" title=\"\"\/><\/figure>\n\n\n\n<p>Bater\u00edas de litio<\/p>\n\n\n\n<p>Tanto los particulares como las empresas pueden enviar art\u00edculos que contengan pilas por correo o mensajer\u00eda. Se aconseja guardar las pilas dentro de los aparatos sin que est\u00e9n totalmente cargadas.<\/p>\n\n\n\n<figure class=\"wp-block-image\"><img decoding=\"async\" src=\"https:\/\/static.eurosender.com\/wp-content\/uploads\/2020\/05\/15083513\/SingleCell.png\" alt=\"\" title=\"\"\/><\/figure>\n\n\n\n<p><strong>Bater\u00edas monocelulares:<\/strong><\/p>\n\n\n\n<p>No m\u00e1s de 2 c\u00e9lulas, \u226420Wh<\/p>\n\n\n\n<figure class=\"wp-block-image\"><img decoding=\"async\" src=\"https:\/\/static.eurosender.com\/wp-content\/uploads\/2020\/05\/15083512\/MultiCell.png\" alt=\"\" title=\"\"\/><\/figure>\n\n\n\n<p><strong>Bater\u00edas multicelda<\/strong>:<\/p>\n\n\n\n<p>No m\u00e1s de 4 c\u00e9lulas, \u2264100Wh<\/p>\n\n\n\n<figure class=\"wp-block-image\"><img decoding=\"async\" src=\"https:\/\/static.eurosender.com\/wp-content\/uploads\/2020\/05\/15070429\/Perishables.png\" alt=\"shipping perishable goods\" title=\"\"\/><\/figure>\n\n\n\n<p>Productos perecederos<\/p>\n\n\n\n<p><strong>Individuos:<\/strong>&nbsp;Est\u00e1 prohibido que los particulares env\u00eden alimentos frescos y otros productos perecederos debido a la alta posibilidad de que se estropeen y da\u00f1en otros paquetes circundantes. Al optar por enviar productos perecederos, los particulares lo hacen por su cuenta y riesgo.<\/p>\n\n\n\n<p><strong>Empresas<\/strong>: Las empresas que producen y venden productos perecederos est\u00e1n autorizadas a enviarlos bajo determinadas condiciones y cumpliendo los requisitos necesarios. Para transportar productos perecederos se suelen utilizar servicios de env\u00edo con temperatura controlada.<\/p>\n\n\n\n<figure class=\"wp-block-image\"><img decoding=\"async\" src=\"https:\/\/static.eurosender.com\/wp-content\/uploads\/2020\/05\/15070427\/Fragile.png\" alt=\"shipping fragile\" title=\"\"\/><\/figure>\n\n\n\n<p>Art\u00edculos fr\u00e1giles<\/p>\n\n\n\n<p><strong>Individuos:&nbsp;<\/strong>Los art\u00edculos fr\u00e1giles pueden da\u00f1arse f\u00e1cilmente durante el transporte y, por lo tanto, no deben ser enviados por particulares. Si decide enviar art\u00edculos fr\u00e1giles, lo hace por su cuenta y riesgo.<\/p>\n\n\n\n<p><strong>Empresas<\/strong>: Las empresas que env\u00edan art\u00edculos fr\u00e1giles suelen haber acordado condiciones previas con las empresas de mensajer\u00eda y, por tanto, est\u00e1n autorizadas a enviarlos.<\/p>\n\n\n\n<figure class=\"wp-block-image\"><img decoding=\"async\" src=\"https:\/\/static.eurosender.com\/wp-content\/uploads\/2020\/05\/15070427\/Flammable.png\" alt=\"shipping flammable items\" title=\"\"\/><\/figure>\n\n\n\n<p>Productos t\u00f3xicos, inflamables o peligrosos<\/p>\n\n\n\n<p><strong>Individuos:<\/strong>&nbsp;Est\u00e1 prohibido enviar productos que contengan sustancias t\u00f3xicas, inflamables o peligrosas. Al optar por enviar este tipo de productos, los particulares lo hacen bajo su propia responsabilidad.<\/p>\n\n\n\n<p><strong>Empresas<\/strong>: Las empresas que fabrican o distribuyen productos que contienen componentes t\u00f3xicos, inflamables o peligrosos pueden enviarlos a trav\u00e9s de proveedores log\u00edsticos autorizados.<\/p>\n\n\n\n<figure class=\"wp-block-image\"><img decoding=\"async\" src=\"https:\/\/static.eurosender.com\/wp-content\/uploads\/2020\/05\/15070425\/Arms.png\" alt=\"shipping arms and ammunition\" title=\"\"\/><\/figure>\n\n\n\n<p>Armas de fuego y munici\u00f3n<\/p>\n\n\n\n<p>El env\u00edo de armas de fuego y munici\u00f3n est\u00e1 estrictamente regulado. Por tanto, solo las empresas autorizadas pueden enviar armas de fuego y munici\u00f3n a trav\u00e9s de proveedores log\u00edsticos autorizados y especializados.<\/p>","protected":false},"excerpt":{"rendered":"<p>\ud83d\udeab Dangerous Goods &amp; Prohibited Items in Shipments When preparing your shipment, it&#8217;s important to understand what items are considered dangerous goods or prohibited items under European Union and international shipping regulations. These rules exist to ensure the safety of transport personnel, customs agents, and the general public. Common items that may be restricted or [&hellip;]<\/p>\n","protected":false},"author":1,"featured_media":0,"parent":0,"menu_order":0,"comment_status":"closed","ping_status":"closed","template":"","meta":{"_eb_attr":"","_eb_data_table":"","site-sidebar-layout":"default","site-content-layout":"","ast-site-content-layout":"default","site-content-style":"default","site-sidebar-style":"default","ast-global-header-display":"","ast-banner-title-visibility":"","ast-main-header-display":"","ast-hfb-above-header-display":"","ast-hfb-below-header-display":"","ast-hfb-mobile-header-display":"","site-post-title":"","ast-breadcrumbs-content":"","ast-featured-img":"","footer-sml-layout":"","ast-disable-related-posts":"","theme-transparent-header-meta":"","adv-header-id-meta":"","stick-header-meta":"","header-above-stick-meta":"","header-main-stick-meta":"","header-below-stick-meta":"","astra-migrate-meta-layouts":"set","ast-page-background-enabled":"default","ast-page-background-meta":{"desktop":{"background-color":"var(--ast-global-color-4)","background-image":"","background-repeat":"repeat","background-position":"center center","background-size":"auto","background-attachment":"scroll","background-type":"","background-media":"","overlay-type":"","overlay-color":"","overlay-opacity":"","overlay-gradient":""},"tablet":{"background-color":"","background-image":"","background-repeat":"repeat","background-position":"center center","background-size":"auto","background-attachment":"scroll","background-type":"","background-media":"","overlay-type":"","overlay-color":"","overlay-opacity":"","overlay-gradient":""},"mobile":{"background-color":"","background-image":"","background-repeat":"repeat","background-position":"center center","background-size":"auto","background-attachment":"scroll","background-type":"","background-media":"","overlay-type":"","overlay-color":"","overlay-opacity":"","overlay-gradient":""}},"ast-content-background-meta":{"desktop":{"background-color":"var(--ast-global-color-5)","background-image":"","background-repeat":"repeat","background-position":"center center","background-size":"auto","background-attachment":"scroll","background-type":"","background-media":"","overlay-type":"","overlay-color":"","overlay-opacity":"","overlay-gradient":""},"tablet":{"background-color":"var(--ast-global-color-5)","background-image":"","background-repeat":"repeat","background-position":"center center","background-size":"auto","background-attachment":"scroll","background-type":"","background-media":"","overlay-type":"","overlay-color":"","overlay-opacity":"","overlay-gradient":""},"mobile":{"background-color":"var(--ast-global-color-5)","background-image":"","background-repeat":"repeat","background-position":"center center","background-size":"auto","background-attachment":"scroll","background-type":"","background-media":"","overlay-type":"","overlay-color":"","overlay-opacity":"","overlay-gradient":""}},"footnotes":""},"class_list":["post-14271","page","type-page","status-publish","hentry"],"_links":{"self":[{"href":"https:\/\/relocations.io\/portal\/es\/wp-json\/wp\/v2\/pages\/14271","targetHints":{"allow":["GET"]}}],"collection":[{"href":"https:\/\/relocations.io\/portal\/es\/wp-json\/wp\/v2\/pages"}],"about":[{"href":"https:\/\/relocations.io\/portal\/es\/wp-json\/wp\/v2\/types\/page"}],"author":[{"embeddable":true,"href":"https:\/\/relocations.io\/portal\/es\/wp-json\/wp\/v2\/users\/1"}],"replies":[{"embeddable":true,"href":"https:\/\/relocations.io\/portal\/es\/wp-json\/wp\/v2\/comments?post=14271"}],"version-history":[{"count":1,"href":"https:\/\/relocations.io\/portal\/es\/wp-json\/wp\/v2\/pages\/14271\/revisions"}],"predecessor-version":[{"id":14272,"href":"https:\/\/relocations.io\/portal\/es\/wp-json\/wp\/v2\/pages\/14271\/revisions\/14272"}],"wp:attachment":[{"href":"https:\/\/relocations.io\/portal\/es\/wp-json\/wp\/v2\/media?parent=14271"}],"curies":[{"name":"wp","href":"https:\/\/api.w.org\/{rel}","templated":true}]}}