{"id":14273,"date":"2025-11-25T11:24:44","date_gmt":"2025-11-25T11:24:44","guid":{"rendered":"https:\/\/relocations.io\/portal\/?page_id=14273"},"modified":"2025-12-16T09:07:21","modified_gmt":"2025-12-16T09:07:21","slug":"packing-guide","status":"publish","type":"page","link":"https:\/\/relocations.io\/portal\/de\/packing-guide\/","title":{"rendered":"Anleitung zum Packen"},"content":{"rendered":"<p><strong>Umfassender Verpackungsleitfaden f\u00fcr sichere und gesch\u00fctzte Sendungen<\/strong><\/p>\n\n\n\n<h3 class=\"wp-block-heading\">Einf\u00fchrung<\/h3>\n\n\n\n<p>Eine ordnungsgem\u00e4\u00dfe Verpackung ist unerl\u00e4sslich, damit Ihre Sendung den Bestimmungsort sicher und ohne Verz\u00f6gerungen erreicht. Die Spediteure haben strenge Anforderungen, deren Nichteinhaltung zu einer Ablehnung der Abholung, einer Besch\u00e4digung Ihrer Waren oder zu zus\u00e4tzlichen Kosten f\u00fchren kann. In diesem Leitfaden finden Sie detaillierte Anweisungen, wie Sie Ihre Sendung richtig verpacken, egal ob es sich um ein kleines Paket oder eine gro\u00dfe Palette handelt.<\/p>\n\n\n\n<p>Wir k\u00f6nnen nicht f\u00fcr Sendungen verantwortlich gemacht werden, die schlecht verpackt sind. Die Versicherung f\u00fcr schlecht verpackte Sendungen wird automatisch verwirkt. Alle Sendungen erfordern ein Foto des verpackten Artikels vor der Abholung f\u00fcr beide Versicherungszwecke und den Zustand des Artikels zu versichern eingereicht werden. <\/p>\n\n\n\n<hr class=\"wp-block-separator has-alpha-channel-opacity\"\/>\n\n\n\n<h2 class=\"wp-block-heading\">Schnell <strong>Verpackungsrichtlinien f\u00fcr Kisten<\/strong><\/h2>\n\n\n\n<p>Weitere Vorschriften und Tipps finden Sie am Ende dieser Seite.<\/p>\n\n\n\n<figure class=\"wp-block-image size-large\"><img decoding=\"async\" src=\"https:\/\/relocations.io\/ship\/wp-content\/uploads\/2025\/04\/parcel1-1024x360.png\" alt=\"\" class=\"wp-image-2336\"\/><\/figure>\n\n\n\n<figure class=\"wp-block-image size-large\"><img decoding=\"async\" src=\"https:\/\/relocations.io\/ship\/wp-content\/uploads\/2025\/04\/parcel2-1024x351.png\" alt=\"\" class=\"wp-image-2337\"\/><\/figure>\n\n\n\n<figure class=\"wp-block-image size-large\"><img decoding=\"async\" src=\"https:\/\/relocations.io\/ship\/wp-content\/uploads\/2025\/04\/parcel3-1024x359.png\" alt=\"\" class=\"wp-image-2338\"\/><\/figure>\n\n\n\n<figure class=\"wp-block-image size-large\"><img decoding=\"async\" src=\"https:\/\/relocations.io\/ship\/wp-content\/uploads\/2025\/04\/parcel4-1024x351.png\" alt=\"\" class=\"wp-image-2339\"\/><\/figure>\n\n\n\n<figure class=\"wp-block-image size-large\"><img decoding=\"async\" src=\"https:\/\/relocations.io\/ship\/wp-content\/uploads\/2025\/04\/parcel5-1024x354.png\" alt=\"\" class=\"wp-image-2340\"\/><\/figure>\n\n\n\n<h2 class=\"wp-block-heading\">Schnell <strong>Verpackungsrichtlinien f\u00fcr<\/strong> <strong>Paletten<\/strong><\/h2>\n\n\n\n<p>Weitere Vorschriften und Tipps finden Sie am Ende dieser Seite.<\/p>\n\n\n\n<figure class=\"wp-block-image size-large\"><img decoding=\"async\" src=\"https:\/\/relocations.io\/ship\/wp-content\/uploads\/2025\/04\/pallet1-1024x367.png\" alt=\"\" class=\"wp-image-2341\"\/><\/figure>\n\n\n\n<figure class=\"wp-block-image size-large\"><img decoding=\"async\" src=\"https:\/\/relocations.io\/ship\/wp-content\/uploads\/2025\/04\/pallet2-1024x403.png\" alt=\"\" class=\"wp-image-2342\"\/><\/figure>\n\n\n\n<figure class=\"wp-block-image size-large\"><img decoding=\"async\" src=\"https:\/\/relocations.io\/ship\/wp-content\/uploads\/2025\/04\/pallet3-1024x385.png\" alt=\"\" class=\"wp-image-2343\"\/><\/figure>\n\n\n\n<figure class=\"wp-block-image size-large\"><img decoding=\"async\" src=\"https:\/\/relocations.io\/ship\/wp-content\/uploads\/2025\/04\/pallet4-1024x342.png\" alt=\"\" class=\"wp-image-2344\"\/><\/figure>\n\n\n\n<figure class=\"wp-block-image size-large\"><img decoding=\"async\" src=\"https:\/\/relocations.io\/ship\/wp-content\/uploads\/2025\/04\/pallet5-1024x369.png\" alt=\"\" class=\"wp-image-2345\"\/><\/figure>\n\n\n\n<figure class=\"wp-block-image size-large\"><img decoding=\"async\" src=\"https:\/\/relocations.io\/ship\/wp-content\/uploads\/2025\/04\/pallet6-1024x361.png\" alt=\"\" class=\"wp-image-2346\"\/><\/figure>\n\n\n\n<h2 class=\"wp-block-heading\">Kurzanleitung zum Anbringen von Versandetiketten<\/h2>\n\n\n\n<p>Weitere Vorschriften und Tipps finden Sie am Ende dieser Seite.<\/p>\n\n\n\n<figure class=\"wp-block-image size-large\"><img decoding=\"async\" src=\"https:\/\/relocations.io\/ship\/wp-content\/uploads\/2025\/04\/shiplabel2-1024x657.png\" alt=\"\" class=\"wp-image-2349\"\/><\/figure>\n\n\n\n<figure class=\"wp-block-image size-large\"><img decoding=\"async\" src=\"https:\/\/relocations.io\/ship\/wp-content\/uploads\/2025\/04\/shiplabel3-803x1024.png\" alt=\"\" class=\"wp-image-2348\"\/><\/figure>\n\n\n\n<figure class=\"wp-block-image size-large\"><img decoding=\"async\" src=\"https:\/\/relocations.io\/ship\/wp-content\/uploads\/2025\/04\/shiplabel4-954x1024.png\" alt=\"\" class=\"wp-image-2347\"\/><\/figure>\n\n\n\n<h1 class=\"wp-block-heading\"><strong>Verpackungsleitfaden - Sichere Sendungen<\/strong><\/h1>\n\n\n\n<p><strong>Eine ordnungsgem\u00e4\u00dfe Verpackung gew\u00e4hrleistet, dass Ihre Sendung sicher ankommt, von den Transportunternehmen akzeptiert wird und Verz\u00f6gerungen oder zus\u00e4tzliche Geb\u00fchren vermieden werden.<\/strong> Befolgen Sie diesen Leitfaden, um sowohl kleine Kartons als auch gro\u00dfe palettierte Sendungen richtig zu verpacken. <\/p>\n\n\n\n<hr class=\"wp-block-separator has-alpha-channel-opacity\"\/>\n\n\n\n<h2 class=\"wp-block-heading\">\ud83d\udce6 <strong>Verpackungsrichtlinien f\u00fcr Kisten<\/strong><\/h2>\n\n\n\n<h3 class=\"wp-block-heading\"><strong>1. W\u00e4hlen Sie die richtige Box<\/strong><\/h3>\n\n\n\n<ul class=\"wp-block-list\">\n<li>Verwenden Sie ein neues, starkes <strong>doppelwandiger Wellpappkarton<\/strong> f\u00fcr zerbrechliche oder schwere Gegenst\u00e4nde.<\/li>\n\n\n\n<li>Die Kartons sollten etwas gr\u00f6\u00dfer sein als die Gegenst\u00e4nde, um Platz f\u00fcr die Polsterung zu lassen.<\/li>\n\n\n\n<li>Vermeiden Sie die Wiederverwendung alter\/schwacher Kartons, die bei der Handhabung zerbrechen k\u00f6nnten. <\/li>\n<\/ul>\n\n\n\n<p><\/p>\n\n\n\n<hr class=\"wp-block-separator has-alpha-channel-opacity\"\/>\n\n\n\n<h3 class=\"wp-block-heading\"><strong>2. D\u00e4mpfung und interner Schutz<\/strong><\/h3>\n\n\n\n<ul class=\"wp-block-list\">\n<li>Wickeln Sie jedes St\u00fcck einzeln mit <strong>Luftpolsterfolie, Schaumstoff oder Packpapier<\/strong>.<\/li>\n\n\n\n<li>F\u00fcllen Sie leere R\u00e4ume mit Erdn\u00fcssen oder zerkn\u00fclltem Papier, um Bewegungen zu verhindern.<\/li>\n\n\n\n<li>Sch\u00fctzen Sie zerbrechliche Gegenst\u00e4nde zus\u00e4tzlich und kennzeichnen Sie diese Kartons deutlich als <strong>FRAGILE<\/strong>. <\/li>\n<\/ul>\n\n\n\n<p><\/p>\n\n\n\n<hr class=\"wp-block-separator has-alpha-channel-opacity\"\/>\n\n\n\n<h3 class=\"wp-block-heading\"><strong>3. Versiegeln der Box<\/strong><\/h3>\n\n\n\n<ul class=\"wp-block-list\">\n<li>Verwenden Sie <strong>hochwertiges Packband<\/strong> (vermeiden Sie Klebeband oder Abdeckband).<\/li>\n\n\n\n<li>Versiegeln mit dem <strong>\u2018H\u2019-Methode<\/strong>: Klebeband entlang der Mittelnaht <em>und<\/em> beide Kanten.<\/li>\n\n\n\n<li>Achten Sie darauf, dass alle Klappen vollst\u00e4ndig geschlossen und gesichert sind, damit nichts herausrutschen kann. <\/li>\n<\/ul>\n\n\n\n<p><\/p>\n\n\n\n<hr class=\"wp-block-separator has-alpha-channel-opacity\"\/>\n\n\n\n<h3 class=\"wp-block-heading\"><strong>4. Kennzeichnung<\/strong><\/h3>\n\n\n\n<ul class=\"wp-block-list\">\n<li>Befestigen Sie die <strong>mitgeliefertes Versandetikett<\/strong> mit transparentem Klebeband, damit es nicht abf\u00e4rbt.<\/li>\n\n\n\n<li>Enthalten Sie eine <strong>Doppeltes Etikett innen<\/strong> die Schachtel, falls das \u00e4u\u00dfere Etikett besch\u00e4digt wird.<\/li>\n\n\n\n<li>Kennzeichnen Sie die Kartons deutlich mit besonderen Handhabungshinweisen (z.B., <strong>Diese Seite nach oben<\/strong>, <strong>Fragil<\/strong>).<\/li>\n<\/ul>\n\n\n\n<p><\/p>\n\n\n\n<hr class=\"wp-block-separator has-alpha-channel-opacity\"\/>\n\n\n\n<h2 class=\"wp-block-heading\">\ud83d\udce6 <strong>Verpackungsrichtlinien f\u00fcr Paletten<\/strong><\/h2>\n\n\n\n<h3 class=\"wp-block-heading\"><strong>1. Die Auswahl der richtigen Palette<\/strong><\/h3>\n\n\n\n<ul class=\"wp-block-list\">\n<li>Verwenden Sie eine <strong>Standardpalette aus Holz oder Kunststoff<\/strong> in gutem Zustand (keine gebrochenen Bretter oder N\u00e4gel).<\/li>\n\n\n\n<li>Die Palette muss stark genug f\u00fcr das Gesamtgewicht der Sendung sein.<\/li>\n<\/ul>\n\n\n\n<p><\/p>\n\n\n\n<hr class=\"wp-block-separator has-alpha-channel-opacity\"\/>\n\n\n\n<h3 class=\"wp-block-heading\"><strong>2. Richtiges Stapeln von Gegenst\u00e4nden<\/strong><\/h3>\n\n\n\n<ul class=\"wp-block-list\">\n<li>Ort <strong>schwerere Gegenst\u00e4nde am Boden<\/strong> und leichtere Gegenst\u00e4nde zur Stabilit\u00e4t oben drauf.<\/li>\n\n\n\n<li>Verteilen Sie das Gewicht gleichm\u00e4\u00dfig auf der Palette.<\/li>\n\n\n\n<li>Gestapelte Waren aufbewahren <strong>innerhalb der Kanten<\/strong> damit sie nicht \u00fcberh\u00e4ngen. <\/li>\n<\/ul>\n\n\n\n<p><\/p>\n\n\n\n<hr class=\"wp-block-separator has-alpha-channel-opacity\"\/>\n\n\n\n<h3 class=\"wp-block-heading\"><strong>3. Sichern der Ladung<\/strong><\/h3>\n\n\n\n<ul class=\"wp-block-list\">\n<li>Umwickeln Sie die Palette mit <strong>Industriestarke Stretchfolie<\/strong> um den Inhalt zu sichern.<\/li>\n\n\n\n<li>Verwenden Sie <strong>Riemen oder B\u00e4nder<\/strong> zur zus\u00e4tzlichen Verst\u00e4rkung, insbesondere bei schwereren Sendungen. <\/li>\n<\/ul>\n\n\n\n<p><\/p>\n\n\n\n<hr class=\"wp-block-separator has-alpha-channel-opacity\"\/>\n\n\n\n<h3 class=\"wp-block-heading\"><strong>4. Kennzeichnung der Sendung<\/strong><\/h3>\n\n\n\n<ul class=\"wp-block-list\">\n<li>Legen Sie die <strong>Versandetikett auf mindestens zwei Seiten<\/strong> damit sie aus verschiedenen Blickwinkeln sichtbar ist.<\/li>\n\n\n\n<li>Verwenden Sie geeignete Warnschilder f\u00fcr zerbrechliche oder empfindliche Gegenst\u00e4nde. <\/li>\n\n\n\n<li><\/li>\n<\/ul>\n\n\n\n<hr class=\"wp-block-separator has-alpha-channel-opacity\"\/>\n\n\n\n<h2 class=\"wp-block-heading\">\ud83d\udcca <strong>Stapelbarkeit - Was Sie wissen m\u00fcssen<\/strong><\/h2>\n\n\n\n<p>Ihre Palette kann sein <strong>stapelbar<\/strong> oder <strong>nicht stapelbar<\/strong> - und dies wirkt sich darauf aus, wie die Spediteure Ihre Sendung behandeln:<\/p>\n\n\n\n<h3 class=\"wp-block-heading\"><strong>Stapelbare Paletten<\/strong><\/h3>\n\n\n\n<ul class=\"wp-block-list\">\n<li>Kann sicher eine weitere Palette darauf abst\u00fctzen.<\/li>\n\n\n\n<li>Sie ben\u00f6tigen eine flache, stabile Verpackung und dicht verschlossene Kisten.<br>Dies ist oft <em>reduziert die Transportkosten<\/em> weil der Platz effizienter genutzt wird. <\/li>\n<\/ul>\n\n\n\n<p><\/p>\n\n\n\n<hr class=\"wp-block-separator has-alpha-channel-opacity\"\/>\n\n\n\n<h3 class=\"wp-block-heading\"><strong>Nicht stapelbare Paletten<\/strong><\/h3>\n\n\n\n<ul class=\"wp-block-list\">\n<li>Aufgrund ihrer Form, Zerbrechlichkeit oder Instabilit\u00e4t k\u00f6nnen sie das Gewicht einer anderen Palette nicht sicher tragen.<\/li>\n\n\n\n<li>Diese k\u00f6nnen separat versandt werden und k\u00f6nnen zu folgenden Problemen f\u00fchren <em>h\u00f6here Betreiberkosten<\/em>. <\/li>\n<\/ul>\n\n\n\n<p><\/p>\n\n\n\n<hr class=\"wp-block-separator has-alpha-channel-opacity\"\/>\n\n\n\n<h2 class=\"wp-block-heading\">\ud83e\udde0 <strong>Zus\u00e4tzliche \u00dcberlegungen<\/strong><\/h2>\n\n\n\n<ul class=\"wp-block-list\">\n<li><strong>Gewicht und Gr\u00f6\u00dfe entsprechen:<\/strong> Wiegen und messen Sie Ihre Sendung rechtzeitig vor der Abholung, um \u00fcberraschende Geb\u00fchren zu vermeiden. <\/li>\n\n\n\n<li><strong>Verbotene Gegenst\u00e4nde:<\/strong> Einige Artikel <em>kann nicht verschickt werden<\/em> - Pr\u00fcfen Sie stets Ihre <strong>Liste verbotener Gegenst\u00e4nde<\/strong> vor dem Verpacken. <\/li>\n\n\n\n<li><strong>Warum richtiges Packen wichtig ist:<\/strong> Bef\u00f6rderungsunternehmen k\u00f6nnen <em>M\u00fcllabfuhr<\/em> oder berechnen zus\u00e4tzliche Geb\u00fchren f\u00fcr schlecht verpackte Waren und nicht vertragsgem\u00e4\u00dfe und nicht geplante Gewichts- und Gr\u00f6\u00dfenunterschiede. Eine sichere Verpackung verringert auch das Schadensrisiko. <\/li>\n<\/ul>\n\n\n\n<p><\/p>\n\n\n\n<hr class=\"wp-block-separator has-alpha-channel-opacity\"\/>\n\n\n\n<h2 class=\"wp-block-heading\">\ud83c\udff7\ufe0f <strong>Tipp f\u00fcr einen reibungslosen Versand<\/strong><\/h2>\n\n\n\n<h4 class=\"wp-block-heading\">Bringen Sie Ihre Etiketten immer gut sichtbar an und sch\u00fctzen Sie sie mit Klebeband - und vergessen Sie nicht, Fotos von Ihren gepackten Kartons und Paletten zu machen, bevor Sie sie abholen. <a href=\"https:\/\/relocations.io\/portal\/de\/bulkupload\/\">es uns vorlegen<\/a>.<\/h4>\n\n\n\n<p><\/p>","protected":false},"excerpt":{"rendered":"<p>Comprehensive Packing Guide for Safe and Secure Shipments Introduction Proper packaging is essential to ensure your shipment reaches its destination safely and without delays. Carriers have strict requirements, and failing to meet them could result in refused pickup, damage to your goods, or additional charges. This guide provides detailed instructions on how to properly pack [&hellip;]<\/p>\n","protected":false},"author":1,"featured_media":0,"parent":0,"menu_order":0,"comment_status":"closed","ping_status":"closed","template":"","meta":{"_eb_attr":"","_eb_data_table":"","site-sidebar-layout":"default","site-content-layout":"","ast-site-content-layout":"default","site-content-style":"default","site-sidebar-style":"default","ast-global-header-display":"","ast-banner-title-visibility":"","ast-main-header-display":"","ast-hfb-above-header-display":"","ast-hfb-below-header-display":"","ast-hfb-mobile-header-display":"","site-post-title":"","ast-breadcrumbs-content":"","ast-featured-img":"","footer-sml-layout":"","ast-disable-related-posts":"","theme-transparent-header-meta":"","adv-header-id-meta":"","stick-header-meta":"","header-above-stick-meta":"","header-main-stick-meta":"","header-below-stick-meta":"","astra-migrate-meta-layouts":"set","ast-page-background-enabled":"default","ast-page-background-meta":{"desktop":{"background-color":"var(--ast-global-color-4)","background-image":"","background-repeat":"repeat","background-position":"center center","background-size":"auto","background-attachment":"scroll","background-type":"","background-media":"","overlay-type":"","overlay-color":"","overlay-opacity":"","overlay-gradient":""},"tablet":{"background-color":"","background-image":"","background-repeat":"repeat","background-position":"center center","background-size":"auto","background-attachment":"scroll","background-type":"","background-media":"","overlay-type":"","overlay-color":"","overlay-opacity":"","overlay-gradient":""},"mobile":{"background-color":"","background-image":"","background-repeat":"repeat","background-position":"center center","background-size":"auto","background-attachment":"scroll","background-type":"","background-media":"","overlay-type":"","overlay-color":"","overlay-opacity":"","overlay-gradient":""}},"ast-content-background-meta":{"desktop":{"background-color":"var(--ast-global-color-5)","background-image":"","background-repeat":"repeat","background-position":"center center","background-size":"auto","background-attachment":"scroll","background-type":"","background-media":"","overlay-type":"","overlay-color":"","overlay-opacity":"","overlay-gradient":""},"tablet":{"background-color":"var(--ast-global-color-5)","background-image":"","background-repeat":"repeat","background-position":"center center","background-size":"auto","background-attachment":"scroll","background-type":"","background-media":"","overlay-type":"","overlay-color":"","overlay-opacity":"","overlay-gradient":""},"mobile":{"background-color":"var(--ast-global-color-5)","background-image":"","background-repeat":"repeat","background-position":"center center","background-size":"auto","background-attachment":"scroll","background-type":"","background-media":"","overlay-type":"","overlay-color":"","overlay-opacity":"","overlay-gradient":""}},"footnotes":""},"class_list":["post-14273","page","type-page","status-publish","hentry"],"_links":{"self":[{"href":"https:\/\/relocations.io\/portal\/de\/wp-json\/wp\/v2\/pages\/14273","targetHints":{"allow":["GET"]}}],"collection":[{"href":"https:\/\/relocations.io\/portal\/de\/wp-json\/wp\/v2\/pages"}],"about":[{"href":"https:\/\/relocations.io\/portal\/de\/wp-json\/wp\/v2\/types\/page"}],"author":[{"embeddable":true,"href":"https:\/\/relocations.io\/portal\/de\/wp-json\/wp\/v2\/users\/1"}],"replies":[{"embeddable":true,"href":"https:\/\/relocations.io\/portal\/de\/wp-json\/wp\/v2\/comments?post=14273"}],"version-history":[{"count":5,"href":"https:\/\/relocations.io\/portal\/de\/wp-json\/wp\/v2\/pages\/14273\/revisions"}],"predecessor-version":[{"id":14366,"href":"https:\/\/relocations.io\/portal\/de\/wp-json\/wp\/v2\/pages\/14273\/revisions\/14366"}],"wp:attachment":[{"href":"https:\/\/relocations.io\/portal\/de\/wp-json\/wp\/v2\/media?parent=14273"}],"curies":[{"name":"wp","href":"https:\/\/api.w.org\/{rel}","templated":true}]}}