{"id":14271,"date":"2025-11-25T11:21:52","date_gmt":"2025-11-25T11:21:52","guid":{"rendered":"https:\/\/relocations.io\/portal\/?page_id=14271"},"modified":"2025-11-25T11:21:54","modified_gmt":"2025-11-25T11:21:54","slug":"prohibited-items","status":"publish","type":"page","link":"https:\/\/relocations.io\/portal\/de\/prohibited-items\/","title":{"rendered":"Verbotene Gegenst\u00e4nde und gef\u00e4hrliche G\u00fcter - Versand"},"content":{"rendered":"<p>\ud83d\udeab Gef\u00e4hrliche G\u00fcter und verbotene Gegenst\u00e4nde in Sendungen<\/p>\n\n\n\n<p>Bei der Vorbereitung Ihrer Sendung ist es wichtig zu wissen, welche Gegenst\u00e4nde als <strong>gef\u00e4hrliche G\u00fcter<\/strong> oder <strong>verbotene Gegenst\u00e4nde<\/strong> nach den Vorschriften der Europ\u00e4ischen Union und den internationalen Schifffahrtsvorschriften. Diese Vorschriften dienen der Sicherheit des Transportpersonals, der Zollbeamten und der \u00d6ffentlichkeit.<\/p>\n\n\n\n<hr class=\"wp-block-separator has-alpha-channel-opacity\"\/>\n\n\n\n<p><strong>Zu den \u00fcblichen Gegenst\u00e4nden, die eingeschr\u00e4nkt oder verboten werden k\u00f6nnen, geh\u00f6ren:<\/strong><\/p>\n\n\n\n<ul class=\"wp-block-list\">\n<li>\ud83d\udd25 Entflammbare Produkte (z. B. Feuerzeugbenzin, Streichh\u00f6lzer)<\/li>\n\n\n\n<li>\ud83d\udd0b Lithiumbatterien oder elektronische Ger\u00e4te, die solche Batterien enthalten<\/li>\n\n\n\n<li>\ud83d\udca8 Druckbeh\u00e4lter oder Aerosolbeh\u00e4lter<\/li>\n\n\n\n<li>\u2620\ufe0f Giftige, \u00e4tzende oder gef\u00e4hrliche Chemikalien<\/li>\n\n\n\n<li>\ud83d\udca3 Sprengstoffe, Munition oder Waffen<\/li>\n\n\n\n<li>\ud83e\udd61 Verderbliche oder biologische Stoffe<\/li>\n<\/ul>\n\n\n\n<hr class=\"wp-block-separator has-alpha-channel-opacity\"\/>\n\n\n\n<p>Zus\u00e4tzlich zu den allgemeinen Vorschriften, <strong>spezifische Tr\u00e4ger<\/strong> k\u00f6nnen weitere Beschr\u00e4nkungen f\u00fcr die Annahme von Sendungen auferlegen. Wenn Ihre Sendung einen fragw\u00fcrdigen Artikel enth\u00e4lt, kann die M\u00f6glichkeit, diesen zu versenden, je nach Zielort, Transportart und gew\u00e4hltem Transportunternehmen variieren.<\/p>\n\n\n\n<p>Wenn Ihre Artikel unter eine dieser Kategorien fallen, bitten wir Sie <strong>alle relevanten Unterlagen einreichen<\/strong> und eine detaillierte Beschreibung, wenn Sie einen Versanddienst anfordern. Unser Team wird die Situation beurteilen und Ihnen mitteilen, ob wir Ihre Sendung unterst\u00fctzen oder alternative Optionen anbieten k\u00f6nnen.<\/p>\n\n\n\n<hr class=\"wp-block-separator has-alpha-channel-opacity\"\/>\n\n\n\n<h3 class=\"wp-block-heading\">\ud83d\udea8 Die Nichtangabe von gef\u00e4hrlichen oder eingeschr\u00e4nkten Waren kann zur Folge haben:<\/h3>\n\n\n\n<ul class=\"wp-block-list\">\n<li>Verz\u00f6gerungen oder Zur\u00fcckweisungen durch den Zoll<\/li>\n\n\n\n<li>Zus\u00e4tzliche Makler- oder Inspektionsgeb\u00fchren<\/li>\n\n\n\n<li>R\u00fccksendung oder Entsorgung von Sendungen<\/li>\n\n\n\n<li>Sanktionen oder Geldstrafen<\/li>\n<\/ul>\n\n\n\n<hr class=\"wp-block-separator has-alpha-channel-opacity\"\/>\n\n\n\n<h3 class=\"wp-block-heading\">\ud83d\udcda Hilfreiche Ressourcen<\/h3>\n\n\n\n<ul class=\"wp-block-list\">\n<li>\ud83e\uddfe <\/li>\n\n\n\n<li>\ud83c\uddea\ud83c\uddfa <a class=\"\" href=\"https:\/\/taxation-customs.ec.europa.eu\/what-is-not-allowed-import-export_en\">Europ\u00e4ische Union: Verbotene und eingeschr\u00e4nkte Einfuhren<\/a><\/li>\n\n\n\n<li>\ud83d\udcda <a class=\"\" href=\"https:\/\/dgiglobal.com\/classes\/\">Leitfaden zur Klassifizierung gef\u00e4hrlicher G\u00fcter - DGI Global<\/a><\/li>\n<\/ul>\n\n\n\n<hr class=\"wp-block-separator has-alpha-channel-opacity\"\/>\n\n\n\n<p>Wenn Sie sich nicht sicher sind, ob Ihre Sendung verbotene Materialien enth\u00e4lt, z\u00f6gern Sie nicht, uns zu kontaktieren <a href=\"https:\/\/relocations.io\/portal\/de\/contact\/\">kontaktieren Sie uns<\/a>. Wir helfen Ihnen bei der Bew\u00e4ltigung der Zollanforderungen und der Vermeidung von Versandunterbrechungen.<\/p>\n\n\n\n<p>WAS IST VERBOTEN?<\/p>\n\n\n\n<h2 class=\"wp-block-heading\">Arten von Versandbeschr\u00e4nkungen und -verboten<\/h2>\n\n\n\n<figure class=\"wp-block-image\"><img decoding=\"async\" src=\"https:\/\/static.eurosender.com\/wp-content\/uploads\/2020\/05\/15070425\/Alco.png\" alt=\"shipping alcohol\" title=\"\"\/><\/figure>\n\n\n\n<p>Alkohol<\/p>\n\n\n\n<p><strong>Einzelpersonen:<\/strong>&nbsp;Der Versand von Alkohol zwischen Privatpersonen ist in den meisten L\u00e4ndern nicht erlaubt; wenn Sie sich also f\u00fcr den Versand von Alkohol per Post oder Kurier entscheiden, tun Sie dies auf eigenes Risiko.<\/p>\n\n\n\n<p><strong>Unternehmen<\/strong>: Leichte alkoholische Getr\u00e4nke d\u00fcrfen als Frachtgut oder \u00fcber zugelassene Online-Shops versandt werden, w\u00e4hrend schwere alkoholische Getr\u00e4nke nur \u00fcber zugelassene Logistikunternehmen versandt werden sollten.<\/p>\n\n\n\n<figure class=\"wp-block-image\"><img decoding=\"async\" src=\"https:\/\/static.eurosender.com\/wp-content\/uploads\/2020\/05\/15070429\/Tobacco.png\" alt=\"shipping tobacco\" title=\"\"\/><\/figure>\n\n\n\n<p>Tabak, Zigaretten und Zigarren<\/p>\n\n\n\n<p><strong>Einzelpersonen:<\/strong>&nbsp;In den meisten L\u00e4ndern ist es verboten, jede Art von Tabak zwischen Privatpersonen zu versenden. Die Entscheidung, Zigaretten zu versenden, geschieht auf eigene Gefahr.<\/p>\n\n\n\n<p><strong>Unternehmen<\/strong>: Unternehmen, die Tabakerzeugnisse herstellen oder vertreiben, k\u00f6nnen diese \u00fcber zugelassene Logistikdienstleister versenden.<\/p>\n\n\n\n<figure class=\"wp-block-image\"><img decoding=\"async\" src=\"https:\/\/static.eurosender.com\/wp-content\/uploads\/2020\/05\/15070428\/Liquids.png\" alt=\"shipping tobacco\" title=\"\"\/><\/figure>\n\n\n\n<p>Fl\u00fcssigkeiten, Aerosole und Gele<\/p>\n\n\n\n<p><strong>Einzelpersonen:<\/strong>&nbsp;Der Versand kleiner oder gro\u00dfer Mengen von Fl\u00fcssigkeiten, Aerosolen und Gelen ist strengstens verboten, unabh\u00e4ngig vom Land oder Kurierdienst.<\/p>\n\n\n\n<p><strong>Unternehmen:<\/strong>&nbsp;Unternehmen, die Fl\u00fcssigkeiten, Aerosole oder Gele herstellen oder verkaufen, d\u00fcrfen diese im Rahmen von Sondervereinbarungen oder \u00fcber zugelassene Stellen per Post oder Kurierdienst versenden.<\/p>\n\n\n\n<figure class=\"wp-block-image\"><img decoding=\"async\" src=\"https:\/\/static.eurosender.com\/wp-content\/uploads\/2020\/05\/15070426\/BatteryProhibited.png\" alt=\"shipping batteries\" title=\"\"\/><\/figure>\n\n\n\n<p>Lithium-Batterien<\/p>\n\n\n\n<p>Sowohl Privatpersonen als auch Unternehmen d\u00fcrfen Gegenst\u00e4nde, die Batterien enthalten, per Post oder Kurier verschicken. Es wird empfohlen, die Batterien in den Ger\u00e4ten aufzubewahren, ohne sie vollst\u00e4ndig aufzuladen.<\/p>\n\n\n\n<figure class=\"wp-block-image\"><img decoding=\"async\" src=\"https:\/\/static.eurosender.com\/wp-content\/uploads\/2020\/05\/15083513\/SingleCell.png\" alt=\"\" title=\"\"\/><\/figure>\n\n\n\n<p><strong>Einzellige Batterien:<\/strong><\/p>\n\n\n\n<p>Nicht mehr als 2 Zellen, \u226420Wh<\/p>\n\n\n\n<figure class=\"wp-block-image\"><img decoding=\"async\" src=\"https:\/\/static.eurosender.com\/wp-content\/uploads\/2020\/05\/15083512\/MultiCell.png\" alt=\"\" title=\"\"\/><\/figure>\n\n\n\n<p><strong>Mehrzellige Batterien<\/strong>:<\/p>\n\n\n\n<p>Nicht mehr als 4 Zellen, \u2264100Wh<\/p>\n\n\n\n<figure class=\"wp-block-image\"><img decoding=\"async\" src=\"https:\/\/static.eurosender.com\/wp-content\/uploads\/2020\/05\/15070429\/Perishables.png\" alt=\"shipping perishable goods\" title=\"\"\/><\/figure>\n\n\n\n<p>Verderbliche Waren<\/p>\n\n\n\n<p><strong>Einzelpersonen:<\/strong>&nbsp;Frische Lebensmittel und andere verderbliche Waren d\u00fcrfen nicht von Privatpersonen verschickt werden, da die Gefahr besteht, dass sie besch\u00e4digt werden und andere Pakete in der Umgebung besch\u00e4digen. Der Versand von verderblichen Waren erfolgt auf eigenes Risiko.<\/p>\n\n\n\n<p><strong>Unternehmen<\/strong>: Unternehmen, die verderbliche Waren herstellen und verkaufen, d\u00fcrfen diese unter bestimmten Bedingungen und bei Erf\u00fcllung der erforderlichen Voraussetzungen versenden. F\u00fcr den Transport verderblicher Waren werden in der Regel temperaturgef\u00fchrte Versanddienste eingesetzt.<\/p>\n\n\n\n<figure class=\"wp-block-image\"><img decoding=\"async\" src=\"https:\/\/static.eurosender.com\/wp-content\/uploads\/2020\/05\/15070427\/Fragile.png\" alt=\"shipping fragile\" title=\"\"\/><\/figure>\n\n\n\n<p>Zerbrechliche Gegenst\u00e4nde<\/p>\n\n\n\n<p><strong>Einzelpersonen:&nbsp;<\/strong>Zerbrechliche Gegenst\u00e4nde k\u00f6nnen w\u00e4hrend des Transports leicht besch\u00e4digt werden und sollten daher nicht von Privatpersonen verschickt werden. Wer sich f\u00fcr den Versand von zerbrechlichen Gegenst\u00e4nden entscheidet, tut dies auf eigenes Risiko.<\/p>\n\n\n\n<p><strong>Unternehmen<\/strong>: Unternehmen, die zerbrechliche Sendungen versenden, haben in der Regel im Voraus mit den Kurierdiensten vereinbarte Bedingungen und d\u00fcrfen sie daher versenden.<\/p>\n\n\n\n<figure class=\"wp-block-image\"><img decoding=\"async\" src=\"https:\/\/static.eurosender.com\/wp-content\/uploads\/2020\/05\/15070427\/Flammable.png\" alt=\"shipping flammable items\" title=\"\"\/><\/figure>\n\n\n\n<p>Giftige, entflammbare oder gef\u00e4hrliche Produkte<\/p>\n\n\n\n<p><strong>Einzelpersonen:<\/strong>&nbsp;Produkte, die giftige, entflammbare oder gef\u00e4hrliche Stoffe enthalten, d\u00fcrfen nicht verschickt werden. Der Versand dieser Art von Produkten erfolgt auf eigene Gefahr.<\/p>\n\n\n\n<p><strong>Unternehmen<\/strong>: Unternehmen, die Produkte herstellen oder vertreiben, die giftige, entflammbare oder gef\u00e4hrliche Bestandteile enthalten, k\u00f6nnen diese \u00fcber zugelassene Logistikdienstleister versenden.<\/p>\n\n\n\n<figure class=\"wp-block-image\"><img decoding=\"async\" src=\"https:\/\/static.eurosender.com\/wp-content\/uploads\/2020\/05\/15070425\/Arms.png\" alt=\"shipping arms and ammunition\" title=\"\"\/><\/figure>\n\n\n\n<p>Schusswaffen und Munition<\/p>\n\n\n\n<p>Der Versand von Schusswaffen und Munition ist streng geregelt. Daher d\u00fcrfen nur zugelassene Unternehmen Feuerwaffen und Munition \u00fcber zugelassene und spezialisierte Logistikdienstleister versenden.<\/p>","protected":false},"excerpt":{"rendered":"<p>\ud83d\udeab Dangerous Goods &amp; Prohibited Items in Shipments When preparing your shipment, it&#8217;s important to understand what items are considered dangerous goods or prohibited items under European Union and international shipping regulations. These rules exist to ensure the safety of transport personnel, customs agents, and the general public. Common items that may be restricted or [&hellip;]<\/p>\n","protected":false},"author":1,"featured_media":0,"parent":0,"menu_order":0,"comment_status":"closed","ping_status":"closed","template":"","meta":{"_eb_attr":"","_eb_data_table":"","site-sidebar-layout":"default","site-content-layout":"","ast-site-content-layout":"default","site-content-style":"default","site-sidebar-style":"default","ast-global-header-display":"","ast-banner-title-visibility":"","ast-main-header-display":"","ast-hfb-above-header-display":"","ast-hfb-below-header-display":"","ast-hfb-mobile-header-display":"","site-post-title":"","ast-breadcrumbs-content":"","ast-featured-img":"","footer-sml-layout":"","ast-disable-related-posts":"","theme-transparent-header-meta":"","adv-header-id-meta":"","stick-header-meta":"","header-above-stick-meta":"","header-main-stick-meta":"","header-below-stick-meta":"","astra-migrate-meta-layouts":"set","ast-page-background-enabled":"default","ast-page-background-meta":{"desktop":{"background-color":"var(--ast-global-color-4)","background-image":"","background-repeat":"repeat","background-position":"center center","background-size":"auto","background-attachment":"scroll","background-type":"","background-media":"","overlay-type":"","overlay-color":"","overlay-opacity":"","overlay-gradient":""},"tablet":{"background-color":"","background-image":"","background-repeat":"repeat","background-position":"center center","background-size":"auto","background-attachment":"scroll","background-type":"","background-media":"","overlay-type":"","overlay-color":"","overlay-opacity":"","overlay-gradient":""},"mobile":{"background-color":"","background-image":"","background-repeat":"repeat","background-position":"center center","background-size":"auto","background-attachment":"scroll","background-type":"","background-media":"","overlay-type":"","overlay-color":"","overlay-opacity":"","overlay-gradient":""}},"ast-content-background-meta":{"desktop":{"background-color":"var(--ast-global-color-5)","background-image":"","background-repeat":"repeat","background-position":"center center","background-size":"auto","background-attachment":"scroll","background-type":"","background-media":"","overlay-type":"","overlay-color":"","overlay-opacity":"","overlay-gradient":""},"tablet":{"background-color":"var(--ast-global-color-5)","background-image":"","background-repeat":"repeat","background-position":"center center","background-size":"auto","background-attachment":"scroll","background-type":"","background-media":"","overlay-type":"","overlay-color":"","overlay-opacity":"","overlay-gradient":""},"mobile":{"background-color":"var(--ast-global-color-5)","background-image":"","background-repeat":"repeat","background-position":"center center","background-size":"auto","background-attachment":"scroll","background-type":"","background-media":"","overlay-type":"","overlay-color":"","overlay-opacity":"","overlay-gradient":""}},"footnotes":""},"class_list":["post-14271","page","type-page","status-publish","hentry"],"_links":{"self":[{"href":"https:\/\/relocations.io\/portal\/de\/wp-json\/wp\/v2\/pages\/14271","targetHints":{"allow":["GET"]}}],"collection":[{"href":"https:\/\/relocations.io\/portal\/de\/wp-json\/wp\/v2\/pages"}],"about":[{"href":"https:\/\/relocations.io\/portal\/de\/wp-json\/wp\/v2\/types\/page"}],"author":[{"embeddable":true,"href":"https:\/\/relocations.io\/portal\/de\/wp-json\/wp\/v2\/users\/1"}],"replies":[{"embeddable":true,"href":"https:\/\/relocations.io\/portal\/de\/wp-json\/wp\/v2\/comments?post=14271"}],"version-history":[{"count":1,"href":"https:\/\/relocations.io\/portal\/de\/wp-json\/wp\/v2\/pages\/14271\/revisions"}],"predecessor-version":[{"id":14272,"href":"https:\/\/relocations.io\/portal\/de\/wp-json\/wp\/v2\/pages\/14271\/revisions\/14272"}],"wp:attachment":[{"href":"https:\/\/relocations.io\/portal\/de\/wp-json\/wp\/v2\/media?parent=14271"}],"curies":[{"name":"wp","href":"https:\/\/api.w.org\/{rel}","templated":true}]}}