{"id":14628,"date":"2026-01-23T20:03:50","date_gmt":"2026-01-23T20:03:50","guid":{"rendered":"https:\/\/relocations.io\/portal\/?page_id=14628"},"modified":"2026-01-23T20:10:47","modified_gmt":"2026-01-23T20:10:47","slug":"web-app","status":"publish","type":"page","link":"https:\/\/relocations.io\/portal\/da\/web-app\/","title":{"rendered":"Web-app"},"content":{"rendered":"<h2 class=\"wp-block-heading\">\u2728 Nyt: Gem Relocations.io-portalen p\u00e5 din startsk\u00e6rm<\/h2>\n\n\n\n<p>Du kan nu gemme <strong>Relocations.io Portal<\/strong> direkte til din telefons startsk\u00e6rm og brug den <strong>Ligesom en app<\/strong> - Der kr\u00e6ves ingen download af App Store eller Play Store.<\/p>\n\n\n\n<p>Det giver dig hurtigere adgang og en renere, app-lignende oplevelse med bare \u00e9t tryk.<\/p>\n\n\n\n<hr class=\"wp-block-separator has-alpha-channel-opacity\"\/>\n\n\n\n<h2 class=\"wp-block-heading\">\ud83d\udcf1 S\u00e5dan f\u00f8jer du portalen til din startsk\u00e6rm<\/h2>\n\n\n\n<h3 class=\"wp-block-heading\">iPhone (Safari)<\/h3>\n\n\n\n<figure class=\"wp-block-image\"><img decoding=\"async\" src=\"https:\/\/images.openai.com\/static-rsc-1\/gOsuew1u3gUuWPx8Vq3ZjLkfttijHpF3mUMaN2SVRVgCyfpfdTQRfOAj4NDe8sWJ1Ti5c5as1XZbuS93PGEWroH95md1zhhTGB76xd7EEvlktwB8UdKGWVRrZV8RM1TcDS2SZnIIiFy45Rwnrh8jjg\" alt=\"https:\/\/discussions.apple.com\/content\/attachment\/979177040\"\/><\/figure>\n\n\n\n<figure class=\"wp-block-image\"><img decoding=\"async\" src=\"https:\/\/hq.getmatter.com\/images\/IOSShareExtension_01%402x.png\" alt=\"https:\/\/hq.getmatter.com\/images\/IOSShareExtension_01%402x.png\"\/><\/figure>\n\n\n\n<figure class=\"wp-block-image\"><img decoding=\"async\" src=\"https:\/\/images.macrumors.com\/article-new\/2025\/08\/ios-add-to-home-screen2.jpg\" alt=\"https:\/\/images.macrumors.com\/article-new\/2025\/08\/ios-add-to-home-screen2.jpg\"\/><\/figure>\n\n\n\n<ol class=\"wp-block-list\">\n<li>\u00c5bn Relocations.io-portalen ved hj\u00e6lp af <strong>Safari<\/strong><\/li>\n\n\n\n<li>Tryk p\u00e5 <strong>Del<\/strong> ikon (firkant med en pil, der peger opad)<\/li>\n\n\n\n<li>Rul ned, og tryk p\u00e5 <strong>F\u00f8j til startsk\u00e6rm<\/strong><\/li>\n\n\n\n<li>Bekr\u00e6ft ved at trykke p\u00e5 <strong>Tilf\u00f8j<\/strong><\/li>\n<\/ol>\n\n\n\n<p>Portalen vises nu p\u00e5 din startsk\u00e6rm som en app.<\/p>\n\n\n\n<hr class=\"wp-block-separator has-alpha-channel-opacity\"\/>\n\n\n\n<h3 class=\"wp-block-heading\">Android (Chrome)<\/h3>\n\n\n\n<figure class=\"wp-block-image\"><img decoding=\"async\" src=\"https:\/\/tse2.mm.bing.net\/th\/id\/OIP.9lJj6iJdN4sLFfqJ2od6WQHaQd?w=474&amp;h=379&amp;c=7&amp;p=0\" alt=\"https:\/\/support.startpage.com\/hc\/article_attachments\/6738385280020\/Screenshot_20220603-095113.jpeg\"\/><\/figure>\n\n\n\n<figure class=\"wp-block-image\"><img decoding=\"async\" src=\"https:\/\/www.androidauthority.com\/wp-content\/uploads\/2023\/09\/11-3.png\" alt=\"https:\/\/www.androidauthority.com\/wp-content\/uploads\/2023\/09\/11-3.png\"\/><\/figure>\n\n\n\n<figure class=\"wp-block-image\"><img decoding=\"async\" src=\"https:\/\/www.i-programmer.info\/images\/stories\/News\/2013\/Oct\/A\/homescreen1.jpg\" alt=\"https:\/\/www.i-programmer.info\/images\/stories\/News\/2013\/Oct\/A\/homescreen1.jpg\"\/><\/figure>\n\n\n\n<ol class=\"wp-block-list\">\n<li>\u00c5bn Relocations.io-portalen ved hj\u00e6lp af <strong>Krom<\/strong><\/li>\n\n\n\n<li>Tryk p\u00e5 <strong>menu med tre punkter<\/strong> i \u00f8verste h\u00f8jre hj\u00f8rne<\/li>\n\n\n\n<li>Tap <strong>F\u00f8j til startsk\u00e6rmen<\/strong> eller <strong>Installer app<\/strong><\/li>\n\n\n\n<li>Bekr\u00e6ft, n\u00e5r du bliver bedt om det<\/li>\n<\/ol>\n\n\n\n<p>Portalen f\u00f8jes til din startsk\u00e6rm, s\u00e5 du hurtigt kan f\u00e5 adgang til den.<\/p>\n\n\n\n<hr class=\"wp-block-separator has-alpha-channel-opacity\"\/>\n\n\n\n<h2 class=\"wp-block-heading\">\ud83d\ude80 Hvorfor gemme det?<\/h2>\n\n\n\n<ul class=\"wp-block-list\">\n<li>Adgang med \u00e9t tryk fra din startsk\u00e6rm<\/li>\n\n\n\n<li>App-lignende oplevelse uden downloads<\/li>\n\n\n\n<li><\/li>\n<\/ul>\n\n\n\n<h2 class=\"wp-block-heading\">\u2753 Er Relocations.io-portalen en mobilapp?<\/h2>\n\n\n\n<p><strong>Nej.<\/strong> Den <strong>Relocations.io Portal<\/strong> er <strong>ikke<\/strong> en indbygget mobilapp og er <strong>ikke<\/strong> tilg\u00e6ngelig i Apple App Store eller Google Play Store.<\/p>\n\n\n\n<p>Det er en <strong>sikker webbaseret portal<\/strong> som k\u00f8rer i din browser.<\/p>\n\n\n\n<hr class=\"wp-block-separator has-alpha-channel-opacity\"\/>\n\n\n\n<h2 class=\"wp-block-heading\">\u2753 Hvorfor ser den ud og opf\u00f8rer sig som en app?<\/h2>\n\n\n\n<p>Moderne browsere g\u00f8r det muligt at gemme hjemmesider p\u00e5 telefonens startsk\u00e6rm.<br>N\u00e5r du tilf\u00f8jer Relocations.io Portal til din startsk\u00e6rm, \u00e5bnes den i en ren, app-lignende visning og kan tilg\u00e5s med et enkelt tryk - ligesom en mobilapp.<\/p>\n\n\n\n<hr class=\"wp-block-separator has-alpha-channel-opacity\"\/>\n\n\n\n<h2 class=\"wp-block-heading\">\u2753 Skal jeg downloade eller installere noget?<\/h2>\n\n\n\n<p><strong>Nej.<\/strong> Det er der:<\/p>\n\n\n\n<ul class=\"wp-block-list\">\n<li>Ingen download af app<\/li>\n\n\n\n<li>Ingen installation af App Store eller Play Store<\/li>\n\n\n\n<li>Ingen ekstra software p\u00e5kr\u00e6vet<\/li>\n<\/ul>\n\n\n\n<p>Portalen k\u00f8rer direkte fra din browser.<\/p>\n\n\n\n<hr class=\"wp-block-separator has-alpha-channel-opacity\"\/>\n\n\n\n<h2 class=\"wp-block-heading\">\u2753 Vil det fungere offline?<\/h2>\n\n\n\n<p><strong>Nej.<\/strong> Der kr\u00e6ves en internetforbindelse for at f\u00e5 adgang til Relocations.io-portalen og dens funktioner.<\/p>\n\n\n\n<hr class=\"wp-block-separator has-alpha-channel-opacity\"\/>\n\n\n\n<h2 class=\"wp-block-heading\">\u2753 Er det det samme som en indbygget iOS- eller Android-app?<\/h2>\n\n\n\n<p><strong>Nej.<\/strong><br>Selv om portalen kan gemmes p\u00e5 din startsk\u00e6rm og bruges som en app, er den stadig en <strong>webbaseret tjeneste<\/strong> og erstatter ikke en oprindelig iOS- eller Android-applikation.<\/p>\n\n\n\n<hr class=\"wp-block-separator has-alpha-channel-opacity\"\/>\n\n\n\n<h2 class=\"wp-block-heading\">\u2753 Er mine data sikre?<\/h2>\n\n\n\n<p>Ja. Relocations.io-portalen bruger sikre, krypterede forbindelser og standard websikkerhedspraksis for at beskytte dine oplysninger.<\/p>\n\n\n\n<p><\/p>","protected":false},"excerpt":{"rendered":"<p>\u2728 New: Save the Relocations.io Portal to Your Home Screen You can now save the Relocations.io Portal directly to your phone\u2019s home screen and use it just like an app \u2014 no App Store or Play Store download required. This gives you faster access and a cleaner, app-like experience with just one tap. \ud83d\udcf1 How [&hellip;]<\/p>\n","protected":false},"author":1,"featured_media":0,"parent":0,"menu_order":0,"comment_status":"closed","ping_status":"closed","template":"","meta":{"_eb_attr":"","_eb_data_table":"","site-sidebar-layout":"default","site-content-layout":"","ast-site-content-layout":"default","site-content-style":"default","site-sidebar-style":"default","ast-global-header-display":"","ast-banner-title-visibility":"","ast-main-header-display":"","ast-hfb-above-header-display":"","ast-hfb-below-header-display":"","ast-hfb-mobile-header-display":"","site-post-title":"","ast-breadcrumbs-content":"","ast-featured-img":"","footer-sml-layout":"","ast-disable-related-posts":"","theme-transparent-header-meta":"","adv-header-id-meta":"","stick-header-meta":"","header-above-stick-meta":"","header-main-stick-meta":"","header-below-stick-meta":"","astra-migrate-meta-layouts":"set","ast-page-background-enabled":"default","ast-page-background-meta":{"desktop":{"background-color":"var(--ast-global-color-4)","background-image":"","background-repeat":"repeat","background-position":"center center","background-size":"auto","background-attachment":"scroll","background-type":"","background-media":"","overlay-type":"","overlay-color":"","overlay-opacity":"","overlay-gradient":""},"tablet":{"background-color":"","background-image":"","background-repeat":"repeat","background-position":"center center","background-size":"auto","background-attachment":"scroll","background-type":"","background-media":"","overlay-type":"","overlay-color":"","overlay-opacity":"","overlay-gradient":""},"mobile":{"background-color":"","background-image":"","background-repeat":"repeat","background-position":"center center","background-size":"auto","background-attachment":"scroll","background-type":"","background-media":"","overlay-type":"","overlay-color":"","overlay-opacity":"","overlay-gradient":""}},"ast-content-background-meta":{"desktop":{"background-color":"var(--ast-global-color-5)","background-image":"","background-repeat":"repeat","background-position":"center center","background-size":"auto","background-attachment":"scroll","background-type":"","background-media":"","overlay-type":"","overlay-color":"","overlay-opacity":"","overlay-gradient":""},"tablet":{"background-color":"var(--ast-global-color-5)","background-image":"","background-repeat":"repeat","background-position":"center center","background-size":"auto","background-attachment":"scroll","background-type":"","background-media":"","overlay-type":"","overlay-color":"","overlay-opacity":"","overlay-gradient":""},"mobile":{"background-color":"var(--ast-global-color-5)","background-image":"","background-repeat":"repeat","background-position":"center center","background-size":"auto","background-attachment":"scroll","background-type":"","background-media":"","overlay-type":"","overlay-color":"","overlay-opacity":"","overlay-gradient":""}},"footnotes":""},"class_list":["post-14628","page","type-page","status-publish","hentry"],"_links":{"self":[{"href":"https:\/\/relocations.io\/portal\/da\/wp-json\/wp\/v2\/pages\/14628","targetHints":{"allow":["GET"]}}],"collection":[{"href":"https:\/\/relocations.io\/portal\/da\/wp-json\/wp\/v2\/pages"}],"about":[{"href":"https:\/\/relocations.io\/portal\/da\/wp-json\/wp\/v2\/types\/page"}],"author":[{"embeddable":true,"href":"https:\/\/relocations.io\/portal\/da\/wp-json\/wp\/v2\/users\/1"}],"replies":[{"embeddable":true,"href":"https:\/\/relocations.io\/portal\/da\/wp-json\/wp\/v2\/comments?post=14628"}],"version-history":[{"count":3,"href":"https:\/\/relocations.io\/portal\/da\/wp-json\/wp\/v2\/pages\/14628\/revisions"}],"predecessor-version":[{"id":14635,"href":"https:\/\/relocations.io\/portal\/da\/wp-json\/wp\/v2\/pages\/14628\/revisions\/14635"}],"wp:attachment":[{"href":"https:\/\/relocations.io\/portal\/da\/wp-json\/wp\/v2\/media?parent=14628"}],"curies":[{"name":"wp","href":"https:\/\/api.w.org\/{rel}","templated":true}]}}