{"id":14273,"date":"2025-11-25T11:24:44","date_gmt":"2025-11-25T11:24:44","guid":{"rendered":"https:\/\/relocations.io\/portal\/?page_id=14273"},"modified":"2025-12-16T09:07:21","modified_gmt":"2025-12-16T09:07:21","slug":"packing-guide","status":"publish","type":"page","link":"https:\/\/relocations.io\/portal\/da\/packing-guide\/","title":{"rendered":"Guide til pakning"},"content":{"rendered":"<p><strong>Omfattende pakkeguide til sikker og tryg forsendelse<\/strong><\/p>\n\n\n\n<h3 class=\"wp-block-heading\">Introduktion<\/h3>\n\n\n\n<p>Korrekt emballage er afg\u00f8rende for at sikre, at din forsendelse n\u00e5r sikkert frem til destinationen uden forsinkelser. Transport\u00f8rer har strenge krav, og hvis de ikke opfyldes, kan det resultere i afvisning af afhentning, beskadigelse af dine varer eller ekstra gebyrer. Denne guide giver detaljerede instruktioner om, hvordan du pakker din forsendelse korrekt, uanset om det er en lille pakke eller en stor palle.<\/p>\n\n\n\n<p>Vi kan ikke holdes ansvarlige for forsendelser, der er d\u00e5rligt pakket. Forsikring af d\u00e5rligt pakkede forsendelser bortfalder automatisk. Alle forsendelser kr\u00e6ver, at der indsendes et foto af den pakkede vare f\u00f8r afhentning, b\u00e5de af hensyn til forsikringen og for at sikre varens tilstand. <\/p>\n\n\n\n<hr class=\"wp-block-separator has-alpha-channel-opacity\"\/>\n\n\n\n<h2 class=\"wp-block-heading\">Hurtig <strong>Retningslinjer for pakning af kasser<\/strong><\/h2>\n\n\n\n<p>Se yderligere regler og tips nederst p\u00e5 denne side.<\/p>\n\n\n\n<figure class=\"wp-block-image size-large\"><img decoding=\"async\" src=\"https:\/\/relocations.io\/ship\/wp-content\/uploads\/2025\/04\/parcel1-1024x360.png\" alt=\"\" class=\"wp-image-2336\"\/><\/figure>\n\n\n\n<figure class=\"wp-block-image size-large\"><img decoding=\"async\" src=\"https:\/\/relocations.io\/ship\/wp-content\/uploads\/2025\/04\/parcel2-1024x351.png\" alt=\"\" class=\"wp-image-2337\"\/><\/figure>\n\n\n\n<figure class=\"wp-block-image size-large\"><img decoding=\"async\" src=\"https:\/\/relocations.io\/ship\/wp-content\/uploads\/2025\/04\/parcel3-1024x359.png\" alt=\"\" class=\"wp-image-2338\"\/><\/figure>\n\n\n\n<figure class=\"wp-block-image size-large\"><img decoding=\"async\" src=\"https:\/\/relocations.io\/ship\/wp-content\/uploads\/2025\/04\/parcel4-1024x351.png\" alt=\"\" class=\"wp-image-2339\"\/><\/figure>\n\n\n\n<figure class=\"wp-block-image size-large\"><img decoding=\"async\" src=\"https:\/\/relocations.io\/ship\/wp-content\/uploads\/2025\/04\/parcel5-1024x354.png\" alt=\"\" class=\"wp-image-2340\"\/><\/figure>\n\n\n\n<h2 class=\"wp-block-heading\">Hurtig <strong>Retningslinjer for pakning<\/strong> <strong>Paller<\/strong><\/h2>\n\n\n\n<p>Se yderligere regler og tips nederst p\u00e5 denne side.<\/p>\n\n\n\n<figure class=\"wp-block-image size-large\"><img decoding=\"async\" src=\"https:\/\/relocations.io\/ship\/wp-content\/uploads\/2025\/04\/pallet1-1024x367.png\" alt=\"\" class=\"wp-image-2341\"\/><\/figure>\n\n\n\n<figure class=\"wp-block-image size-large\"><img decoding=\"async\" src=\"https:\/\/relocations.io\/ship\/wp-content\/uploads\/2025\/04\/pallet2-1024x403.png\" alt=\"\" class=\"wp-image-2342\"\/><\/figure>\n\n\n\n<figure class=\"wp-block-image size-large\"><img decoding=\"async\" src=\"https:\/\/relocations.io\/ship\/wp-content\/uploads\/2025\/04\/pallet3-1024x385.png\" alt=\"\" class=\"wp-image-2343\"\/><\/figure>\n\n\n\n<figure class=\"wp-block-image size-large\"><img decoding=\"async\" src=\"https:\/\/relocations.io\/ship\/wp-content\/uploads\/2025\/04\/pallet4-1024x342.png\" alt=\"\" class=\"wp-image-2344\"\/><\/figure>\n\n\n\n<figure class=\"wp-block-image size-large\"><img decoding=\"async\" src=\"https:\/\/relocations.io\/ship\/wp-content\/uploads\/2025\/04\/pallet5-1024x369.png\" alt=\"\" class=\"wp-image-2345\"\/><\/figure>\n\n\n\n<figure class=\"wp-block-image size-large\"><img decoding=\"async\" src=\"https:\/\/relocations.io\/ship\/wp-content\/uploads\/2025\/04\/pallet6-1024x361.png\" alt=\"\" class=\"wp-image-2346\"\/><\/figure>\n\n\n\n<h2 class=\"wp-block-heading\">Hurtig guide til at s\u00e6tte fragtlabels p\u00e5<\/h2>\n\n\n\n<p>Se yderligere regler og tips nederst p\u00e5 denne side.<\/p>\n\n\n\n<figure class=\"wp-block-image size-large\"><img decoding=\"async\" src=\"https:\/\/relocations.io\/ship\/wp-content\/uploads\/2025\/04\/shiplabel2-1024x657.png\" alt=\"\" class=\"wp-image-2349\"\/><\/figure>\n\n\n\n<figure class=\"wp-block-image size-large\"><img decoding=\"async\" src=\"https:\/\/relocations.io\/ship\/wp-content\/uploads\/2025\/04\/shiplabel3-803x1024.png\" alt=\"\" class=\"wp-image-2348\"\/><\/figure>\n\n\n\n<figure class=\"wp-block-image size-large\"><img decoding=\"async\" src=\"https:\/\/relocations.io\/ship\/wp-content\/uploads\/2025\/04\/shiplabel4-954x1024.png\" alt=\"\" class=\"wp-image-2347\"\/><\/figure>\n\n\n\n<h1 class=\"wp-block-heading\"><strong>Pakkeguide - sikre og trygge forsendelser<\/strong><\/h1>\n\n\n\n<p><strong>Korrekt indpakning sikrer, at din forsendelse kommer sikkert frem, accepteres af transport\u00f8rerne og undg\u00e5r forsinkelser eller ekstra gebyrer.<\/strong> F\u00f8lg denne vejledning for at pakke b\u00e5de sm\u00e5 kasser og store palleterede forsendelser korrekt. <\/p>\n\n\n\n<hr class=\"wp-block-separator has-alpha-channel-opacity\"\/>\n\n\n\n<h2 class=\"wp-block-heading\">\ud83d\udce6 <strong>Retningslinjer for pakning af kasser<\/strong><\/h2>\n\n\n\n<h3 class=\"wp-block-heading\"><strong>1. V\u00e6lg den rigtige kasse<\/strong><\/h3>\n\n\n\n<ul class=\"wp-block-list\">\n<li>Brug en ny, st\u00e6rk <strong>Dobbeltv\u00e6gget b\u00f8lgepapkasse<\/strong> til skr\u00f8belige eller tunge genstande.<\/li>\n\n\n\n<li>Kasserne skal v\u00e6re lidt st\u00f8rre end varerne, s\u00e5 der er plads til polstring.<\/li>\n\n\n\n<li>Undg\u00e5 at genbruge gamle\/svage kasser, som kan g\u00e5 i stykker under h\u00e5ndtering. <\/li>\n<\/ul>\n\n\n\n<p><\/p>\n\n\n\n<hr class=\"wp-block-separator has-alpha-channel-opacity\"\/>\n\n\n\n<h3 class=\"wp-block-heading\"><strong>2. St\u00f8dd\u00e6mpning og indvendig beskyttelse<\/strong><\/h3>\n\n\n\n<ul class=\"wp-block-list\">\n<li>Pak hver vare ind enkeltvis med <strong>bobleplast, skum eller indpakningspapir<\/strong>.<\/li>\n\n\n\n<li>Fyld tomme rum med jordn\u00f8dder eller sammenkr\u00f8llet papir for at forhindre bev\u00e6gelse.<\/li>\n\n\n\n<li>Tilf\u00f8j ekstra beskyttelse omkring skr\u00f8belige genstande, og m\u00e6rk disse kasser tydeligt som <strong>FRAGILE<\/strong>. <\/li>\n<\/ul>\n\n\n\n<p><\/p>\n\n\n\n<hr class=\"wp-block-separator has-alpha-channel-opacity\"\/>\n\n\n\n<h3 class=\"wp-block-heading\"><strong>3. Forsegling af kassen<\/strong><\/h3>\n\n\n\n<ul class=\"wp-block-list\">\n<li>Brug <strong>Pakketape af h\u00f8j kvalitet<\/strong> (undg\u00e5 gaffatape eller afd\u00e6kningstape).<\/li>\n\n\n\n<li>Forsegl ved hj\u00e6lp af <strong>\u2018H\u2019-metoden<\/strong>: tape langs midters\u00f8mmen <em>og<\/em> begge kanter.<\/li>\n\n\n\n<li>S\u00f8rg for, at alle klapper er helt lukkede og fastgjort, s\u00e5 intet kan glide ud. <\/li>\n<\/ul>\n\n\n\n<p><\/p>\n\n\n\n<hr class=\"wp-block-separator has-alpha-channel-opacity\"\/>\n\n\n\n<h3 class=\"wp-block-heading\"><strong>4. M\u00e6rkning<\/strong><\/h3>\n\n\n\n<ul class=\"wp-block-list\">\n<li>Fastg\u00f8r den <strong>medf\u00f8lgende forsendelseslabel<\/strong> med gennemsigtig tape, s\u00e5 det ikke smitter af.<\/li>\n\n\n\n<li>Medtag en <strong>duplikeret etiket indeni<\/strong> \u00e6sken i tilf\u00e6lde af, at den ydre etiket bliver beskadiget.<\/li>\n\n\n\n<li>M\u00e6rk tydeligt kasser med s\u00e6rlige h\u00e5ndteringsinstruktioner (f.eks, <strong>Denne side op<\/strong>, <strong>Skr\u00f8belig<\/strong>).<\/li>\n<\/ul>\n\n\n\n<p><\/p>\n\n\n\n<hr class=\"wp-block-separator has-alpha-channel-opacity\"\/>\n\n\n\n<h2 class=\"wp-block-heading\">\ud83d\udce6 <strong>Retningslinjer for pakning af paller<\/strong><\/h2>\n\n\n\n<h3 class=\"wp-block-heading\"><strong>1. V\u00e6lg den rigtige palle<\/strong><\/h3>\n\n\n\n<ul class=\"wp-block-list\">\n<li>Brug en <strong>Standard tr\u00e6- eller plastpalle<\/strong> i god stand (ingen kn\u00e6kkede br\u00e6dder eller s\u00f8m).<\/li>\n\n\n\n<li>Pallen skal v\u00e6re st\u00e6rk nok til forsendelsens samlede v\u00e6gt.<\/li>\n<\/ul>\n\n\n\n<p><\/p>\n\n\n\n<hr class=\"wp-block-separator has-alpha-channel-opacity\"\/>\n\n\n\n<h3 class=\"wp-block-heading\"><strong>2. Stabling af genstande korrekt<\/strong><\/h3>\n\n\n\n<ul class=\"wp-block-list\">\n<li>Sted <strong>tungere ting i bunden<\/strong> og lettere ting ovenp\u00e5 for at sikre stabilitet.<\/li>\n\n\n\n<li>Fordel v\u00e6gten j\u00e6vnt over pallen.<\/li>\n\n\n\n<li>Opbevar stablede varer <strong>inden for kanterne<\/strong> s\u00e5 de ikke h\u00e6nger ud. <\/li>\n<\/ul>\n\n\n\n<p><\/p>\n\n\n\n<hr class=\"wp-block-separator has-alpha-channel-opacity\"\/>\n\n\n\n<h3 class=\"wp-block-heading\"><strong>3. Sikring af lasten<\/strong><\/h3>\n\n\n\n<ul class=\"wp-block-list\">\n<li>Pak pallen ind med <strong>str\u00e6kfilm med industriel styrke<\/strong> for at sikre indholdet.<\/li>\n\n\n\n<li>Brug <strong>stropper eller b\u00e5nd<\/strong> for ekstra forst\u00e6rkning, is\u00e6r ved tungere forsendelser. <\/li>\n<\/ul>\n\n\n\n<p><\/p>\n\n\n\n<hr class=\"wp-block-separator has-alpha-channel-opacity\"\/>\n\n\n\n<h3 class=\"wp-block-heading\"><strong>4. M\u00e6rkning af forsendelsen<\/strong><\/h3>\n\n\n\n<ul class=\"wp-block-list\">\n<li>Placer den <strong>forsendelseslabel p\u00e5 mindst to sider<\/strong> s\u00e5 det er synligt fra forskellige vinkler.<\/li>\n\n\n\n<li>Brug passende advarselsm\u00e6rkater til skr\u00f8belige eller f\u00f8lsomme genstande. <\/li>\n\n\n\n<li><\/li>\n<\/ul>\n\n\n\n<hr class=\"wp-block-separator has-alpha-channel-opacity\"\/>\n\n\n\n<h2 class=\"wp-block-heading\">\ud83d\udcca <strong>Stabelbarhed - hvad du skal vide<\/strong><\/h2>\n\n\n\n<p>Din palle kan v\u00e6re <strong>stabelbar<\/strong> eller <strong>kan ikke stables<\/strong> - og det p\u00e5virker, hvordan transport\u00f8rerne h\u00e5ndterer din forsendelse:<\/p>\n\n\n\n<h3 class=\"wp-block-heading\"><strong>Stabelbare paller<\/strong><\/h3>\n\n\n\n<ul class=\"wp-block-list\">\n<li>Kan sikkert b\u00e6re en anden palle ovenp\u00e5.<\/li>\n\n\n\n<li>Kr\u00e6ver flad, stabil indpakning og t\u00e6t forseglede kasser.<br>Dette sker ofte <em>reducerer forsendelsesomkostningerne<\/em> fordi pladsen udnyttes mere effektivt. <\/li>\n<\/ul>\n\n\n\n<p><\/p>\n\n\n\n<hr class=\"wp-block-separator has-alpha-channel-opacity\"\/>\n\n\n\n<h3 class=\"wp-block-heading\"><strong>Ikke-stabelbare paller<\/strong><\/h3>\n\n\n\n<ul class=\"wp-block-list\">\n<li>Kan ikke sikkert b\u00e6re en anden palles v\u00e6gt p\u00e5 grund af form, skr\u00f8belighed eller ustabilitet.<\/li>\n\n\n\n<li>Disse kan blive sendt separat og kan f\u00f8re til <em>h\u00f8jere transportomkostninger<\/em>. <\/li>\n<\/ul>\n\n\n\n<p><\/p>\n\n\n\n<hr class=\"wp-block-separator has-alpha-channel-opacity\"\/>\n\n\n\n<h2 class=\"wp-block-heading\">\ud83e\udde0 <strong>Yderligere overvejelser<\/strong><\/h2>\n\n\n\n<ul class=\"wp-block-list\">\n<li><strong>Overholdelse af v\u00e6gt og st\u00f8rrelse:<\/strong> Vej og m\u00e5l din forsendelse i god tid f\u00f8r afhentning for at undg\u00e5 overraskende gebyrer. <\/li>\n\n\n\n<li><strong>Forbudte genstande:<\/strong> Nogle ting <em>kan ikke sendes<\/em> - Tjek altid din <strong>Liste over forbudte genstande<\/strong> f\u00f8r du pakker. <\/li>\n\n\n\n<li><strong>Hvorfor korrekt pakning er vigtig:<\/strong> Transport\u00f8rer kan <em>Afhentning af affald<\/em> eller opkr\u00e6ve ekstra for d\u00e5rligt emballerede varer og v\u00e6gt- og st\u00f8rrelsesforskelle, der ikke er aftalt eller planlagt. Sikker pakning reducerer ogs\u00e5 risikoen for skader. <\/li>\n<\/ul>\n\n\n\n<p><\/p>\n\n\n\n<hr class=\"wp-block-separator has-alpha-channel-opacity\"\/>\n\n\n\n<h2 class=\"wp-block-heading\">\ud83c\udff7\ufe0f <strong>Tip til problemfri forsendelse<\/strong><\/h2>\n\n\n\n<h4 class=\"wp-block-heading\">S\u00e6t altid dine labels tydeligt p\u00e5 og beskyt dem med tape - og glem ikke at tage billeder af dine pakkede kasser og paller, f\u00f8r du henter dem. <a href=\"https:\/\/relocations.io\/portal\/da\/bulkupload\/\">Send det til os<\/a>.<\/h4>\n\n\n\n<p><\/p>","protected":false},"excerpt":{"rendered":"<p>Comprehensive Packing Guide for Safe and Secure Shipments Introduction Proper packaging is essential to ensure your shipment reaches its destination safely and without delays. Carriers have strict requirements, and failing to meet them could result in refused pickup, damage to your goods, or additional charges. This guide provides detailed instructions on how to properly pack [&hellip;]<\/p>\n","protected":false},"author":1,"featured_media":0,"parent":0,"menu_order":0,"comment_status":"closed","ping_status":"closed","template":"","meta":{"_eb_attr":"","_eb_data_table":"","site-sidebar-layout":"default","site-content-layout":"","ast-site-content-layout":"default","site-content-style":"default","site-sidebar-style":"default","ast-global-header-display":"","ast-banner-title-visibility":"","ast-main-header-display":"","ast-hfb-above-header-display":"","ast-hfb-below-header-display":"","ast-hfb-mobile-header-display":"","site-post-title":"","ast-breadcrumbs-content":"","ast-featured-img":"","footer-sml-layout":"","ast-disable-related-posts":"","theme-transparent-header-meta":"","adv-header-id-meta":"","stick-header-meta":"","header-above-stick-meta":"","header-main-stick-meta":"","header-below-stick-meta":"","astra-migrate-meta-layouts":"set","ast-page-background-enabled":"default","ast-page-background-meta":{"desktop":{"background-color":"var(--ast-global-color-4)","background-image":"","background-repeat":"repeat","background-position":"center center","background-size":"auto","background-attachment":"scroll","background-type":"","background-media":"","overlay-type":"","overlay-color":"","overlay-opacity":"","overlay-gradient":""},"tablet":{"background-color":"","background-image":"","background-repeat":"repeat","background-position":"center center","background-size":"auto","background-attachment":"scroll","background-type":"","background-media":"","overlay-type":"","overlay-color":"","overlay-opacity":"","overlay-gradient":""},"mobile":{"background-color":"","background-image":"","background-repeat":"repeat","background-position":"center center","background-size":"auto","background-attachment":"scroll","background-type":"","background-media":"","overlay-type":"","overlay-color":"","overlay-opacity":"","overlay-gradient":""}},"ast-content-background-meta":{"desktop":{"background-color":"var(--ast-global-color-5)","background-image":"","background-repeat":"repeat","background-position":"center center","background-size":"auto","background-attachment":"scroll","background-type":"","background-media":"","overlay-type":"","overlay-color":"","overlay-opacity":"","overlay-gradient":""},"tablet":{"background-color":"var(--ast-global-color-5)","background-image":"","background-repeat":"repeat","background-position":"center center","background-size":"auto","background-attachment":"scroll","background-type":"","background-media":"","overlay-type":"","overlay-color":"","overlay-opacity":"","overlay-gradient":""},"mobile":{"background-color":"var(--ast-global-color-5)","background-image":"","background-repeat":"repeat","background-position":"center center","background-size":"auto","background-attachment":"scroll","background-type":"","background-media":"","overlay-type":"","overlay-color":"","overlay-opacity":"","overlay-gradient":""}},"footnotes":""},"class_list":["post-14273","page","type-page","status-publish","hentry"],"_links":{"self":[{"href":"https:\/\/relocations.io\/portal\/da\/wp-json\/wp\/v2\/pages\/14273","targetHints":{"allow":["GET"]}}],"collection":[{"href":"https:\/\/relocations.io\/portal\/da\/wp-json\/wp\/v2\/pages"}],"about":[{"href":"https:\/\/relocations.io\/portal\/da\/wp-json\/wp\/v2\/types\/page"}],"author":[{"embeddable":true,"href":"https:\/\/relocations.io\/portal\/da\/wp-json\/wp\/v2\/users\/1"}],"replies":[{"embeddable":true,"href":"https:\/\/relocations.io\/portal\/da\/wp-json\/wp\/v2\/comments?post=14273"}],"version-history":[{"count":5,"href":"https:\/\/relocations.io\/portal\/da\/wp-json\/wp\/v2\/pages\/14273\/revisions"}],"predecessor-version":[{"id":14366,"href":"https:\/\/relocations.io\/portal\/da\/wp-json\/wp\/v2\/pages\/14273\/revisions\/14366"}],"wp:attachment":[{"href":"https:\/\/relocations.io\/portal\/da\/wp-json\/wp\/v2\/media?parent=14273"}],"curies":[{"name":"wp","href":"https:\/\/api.w.org\/{rel}","templated":true}]}}