{"id":14271,"date":"2025-11-25T11:21:52","date_gmt":"2025-11-25T11:21:52","guid":{"rendered":"https:\/\/relocations.io\/portal\/?page_id=14271"},"modified":"2025-11-25T11:21:54","modified_gmt":"2025-11-25T11:21:54","slug":"prohibited-items","status":"publish","type":"page","link":"https:\/\/relocations.io\/portal\/da\/prohibited-items\/","title":{"rendered":"Forbudte genstande og farligt gods - Shipping"},"content":{"rendered":"<p>\ud83d\udeab Farligt gods og forbudte genstande i forsendelser<\/p>\n\n\n\n<p>N\u00e5r du forbereder din forsendelse, er det vigtigt at forst\u00e5, hvilke varer der betragtes som <strong>farligt gods<\/strong> eller <strong>forbudte genstande<\/strong> i henhold til EU's og internationale skibsfartsregler. Disse regler findes for at sikre sikkerheden for transportpersonale, toldembedsm\u00e6nd og offentligheden.<\/p>\n\n\n\n<hr class=\"wp-block-separator has-alpha-channel-opacity\"\/>\n\n\n\n<p><strong>Almindelige ting, der kan v\u00e6re begr\u00e6nset eller forbudt, omfatter:<\/strong><\/p>\n\n\n\n<ul class=\"wp-block-list\">\n<li>\ud83d\udd25 Brandfarlige produkter (f.eks. lightergas, t\u00e6ndstikker)<\/li>\n\n\n\n<li>\ud83d\udd0b Litiumbatterier eller elektroniske enheder, der indeholder dem<\/li>\n\n\n\n<li>\ud83d\udca8 Beholdere under tryk eller aerosolbeholdere<\/li>\n\n\n\n<li>\u2620\ufe0f Giftige, \u00e6tsende eller farlige kemikalier<\/li>\n\n\n\n<li>\ud83d\udca3 Spr\u00e6ngstoffer, ammunition eller v\u00e5ben<\/li>\n\n\n\n<li>\ud83e\udd61 Letford\u00e6rvelige eller biologiske stoffer<\/li>\n<\/ul>\n\n\n\n<hr class=\"wp-block-separator has-alpha-channel-opacity\"\/>\n\n\n\n<p>Ud over de generelle regler, <strong>specifikke transport\u00f8rer<\/strong> kan indf\u00f8re yderligere begr\u00e6nsninger for, hvad de kan acceptere. Hvis din forsendelse indeholder en tvivlsom vare, kan muligheden for at sende den variere afh\u00e6ngigt af din destination, transportform og den valgte transport\u00f8r.<\/p>\n\n\n\n<p>Hvis dine varer falder ind under en af disse kategorier, bedes du <strong>indsende al relevant dokumentation<\/strong> og en detaljeret beskrivelse, n\u00e5r du anmoder om forsendelsestjenester. Vores team vil vurdere situationen og r\u00e5dgive om, hvorvidt vi kan st\u00f8tte din forsendelse eller tilbyde alternative muligheder.<\/p>\n\n\n\n<hr class=\"wp-block-separator has-alpha-channel-opacity\"\/>\n\n\n\n<h3 class=\"wp-block-heading\">\ud83d\udea8 Undladelse af at oplyse om farligt eller begr\u00e6nset gods kan f\u00f8re til:<\/h3>\n\n\n\n<ul class=\"wp-block-list\">\n<li>Forsinkelser eller afvisninger fra toldmyndighederne<\/li>\n\n\n\n<li>Yderligere m\u00e6gler- eller inspektionsgebyrer<\/li>\n\n\n\n<li>Returnering eller bortskaffelse af forsendelser<\/li>\n\n\n\n<li>Sanktioner eller b\u00f8der<\/li>\n<\/ul>\n\n\n\n<hr class=\"wp-block-separator has-alpha-channel-opacity\"\/>\n\n\n\n<h3 class=\"wp-block-heading\">\ud83d\udcda Nyttige ressourcer<\/h3>\n\n\n\n<ul class=\"wp-block-list\">\n<li>\ud83e\uddfe <\/li>\n\n\n\n<li>\ud83c\uddea\ud83c\uddfa <a class=\"\" href=\"https:\/\/taxation-customs.ec.europa.eu\/what-is-not-allowed-import-export_en\">Den Europ\u00e6iske Union: Forbudt og begr\u00e6nset import<\/a><\/li>\n\n\n\n<li>\ud83d\udcda <a class=\"\" href=\"https:\/\/dgiglobal.com\/classes\/\">Guide til klassificering af farligt gods - DGI Global<\/a><\/li>\n<\/ul>\n\n\n\n<hr class=\"wp-block-separator has-alpha-channel-opacity\"\/>\n\n\n\n<p>Hvis du er usikker p\u00e5, om din forsendelse indeholder materialer med restriktioner, s\u00e5 t\u00f8v ikke med at kontakte <a href=\"https:\/\/relocations.io\/portal\/da\/contact\/\">kontakt os<\/a>. Vi er her for at hj\u00e6lpe dig med at navigere i toldkrav og undg\u00e5 eventuelle forsendelsesforstyrrelser.<\/p>\n\n\n\n<p>HVAD ER FORBUDT?<\/p>\n\n\n\n<h2 class=\"wp-block-heading\">Typer af forsendelsesrestriktioner og -forbud<\/h2>\n\n\n\n<figure class=\"wp-block-image\"><img decoding=\"async\" src=\"https:\/\/static.eurosender.com\/wp-content\/uploads\/2020\/05\/15070425\/Alco.png\" alt=\"shipping alcohol\" title=\"\"\/><\/figure>\n\n\n\n<p>Alkohol<\/p>\n\n\n\n<p><strong>Enkeltpersoner:<\/strong>&nbsp;Det er ikke tilladt at sende alkohol mellem personer i de fleste lande, s\u00e5 hvis man v\u00e6lger at sende alkohol med posten eller med kurer, sker det p\u00e5 eget ansvar.<\/p>\n\n\n\n<p><strong>Virksomheder<\/strong>: Lette alkoholiske drikkevarer m\u00e5 sendes som fragt eller af autoriserede onlinebutikker, mens tunge alkoholiske drikkevarer kun m\u00e5 sendes gennem autoriserede logistikudbydere.<\/p>\n\n\n\n<figure class=\"wp-block-image\"><img decoding=\"async\" src=\"https:\/\/static.eurosender.com\/wp-content\/uploads\/2020\/05\/15070429\/Tobacco.png\" alt=\"shipping tobacco\" title=\"\"\/><\/figure>\n\n\n\n<p>Tobak, cigaretter og cigarer<\/p>\n\n\n\n<p><strong>Enkeltpersoner:<\/strong>&nbsp;Det er forbudt at sende enhver form for tobak mellem personer i de fleste lande. Hvis man beslutter sig for at sende cigaretter, g\u00f8r man det p\u00e5 egen risiko.<\/p>\n\n\n\n<p><strong>Virksomheder<\/strong>: Virksomheder, der producerer eller distribuerer tobaksvarer, kan sende dem via godkendte logistikudbydere.<\/p>\n\n\n\n<figure class=\"wp-block-image\"><img decoding=\"async\" src=\"https:\/\/static.eurosender.com\/wp-content\/uploads\/2020\/05\/15070428\/Liquids.png\" alt=\"shipping tobacco\" title=\"\"\/><\/figure>\n\n\n\n<p>V\u00e6sker, aerosoler og geler<\/p>\n\n\n\n<p><strong>Enkeltpersoner:<\/strong>&nbsp;Det er strengt forbudt at sende sm\u00e5 eller store m\u00e6ngder v\u00e6sker, aerosoler og geler, uanset hvilket land eller kurer der er tale om.<\/p>\n\n\n\n<p><strong>Virksomheder:<\/strong>&nbsp;Virksomheder, der producerer eller s\u00e6lger v\u00e6sker, aerosoler eller geler, m\u00e5 sende dem med post eller kurer i henhold til s\u00e6rlige aftaler eller gennem autoriserede enheder.<\/p>\n\n\n\n<figure class=\"wp-block-image\"><img decoding=\"async\" src=\"https:\/\/static.eurosender.com\/wp-content\/uploads\/2020\/05\/15070426\/BatteryProhibited.png\" alt=\"shipping batteries\" title=\"\"\/><\/figure>\n\n\n\n<p>Litium-batterier<\/p>\n\n\n\n<p>B\u00e5de privatpersoner og virksomheder m\u00e5 gerne sende varer, der indeholder batterier, med post eller kurer. Det anbefales at opbevare batterierne i enhederne uden at lade dem helt op.<\/p>\n\n\n\n<figure class=\"wp-block-image\"><img decoding=\"async\" src=\"https:\/\/static.eurosender.com\/wp-content\/uploads\/2020\/05\/15083513\/SingleCell.png\" alt=\"\" title=\"\"\/><\/figure>\n\n\n\n<p><strong>En-celle batterier:<\/strong><\/p>\n\n\n\n<p>Ikke mere end 2 celler, \u226420Wh<\/p>\n\n\n\n<figure class=\"wp-block-image\"><img decoding=\"async\" src=\"https:\/\/static.eurosender.com\/wp-content\/uploads\/2020\/05\/15083512\/MultiCell.png\" alt=\"\" title=\"\"\/><\/figure>\n\n\n\n<p><strong>Batterier med flere celler<\/strong>:<\/p>\n\n\n\n<p>Ikke mere end 4 celler, \u2264100Wh<\/p>\n\n\n\n<figure class=\"wp-block-image\"><img decoding=\"async\" src=\"https:\/\/static.eurosender.com\/wp-content\/uploads\/2020\/05\/15070429\/Perishables.png\" alt=\"shipping perishable goods\" title=\"\"\/><\/figure>\n\n\n\n<p>Letford\u00e6rvelige varer<\/p>\n\n\n\n<p><strong>Enkeltpersoner:<\/strong>&nbsp;Friske f\u00f8devarer og andre letford\u00e6rvelige varer m\u00e5 ikke sendes af privatpersoner p\u00e5 grund af den store risiko for, at de bliver beskadiget og skader andre omkringliggende pakker. N\u00e5r man v\u00e6lger at sende letford\u00e6rvelige varer, g\u00f8r man det p\u00e5 egen risiko.<\/p>\n\n\n\n<p><strong>Virksomheder<\/strong>: Virksomheder, der producerer og s\u00e6lger letford\u00e6rvelige varer, har lov til at sende dem under visse betingelser og ved at opfylde de n\u00f8dvendige krav. Temperaturkontrollerede forsendelsestjenester bruges typisk til at transportere letford\u00e6rvelige varer.<\/p>\n\n\n\n<figure class=\"wp-block-image\"><img decoding=\"async\" src=\"https:\/\/static.eurosender.com\/wp-content\/uploads\/2020\/05\/15070427\/Fragile.png\" alt=\"shipping fragile\" title=\"\"\/><\/figure>\n\n\n\n<p>Skr\u00f8belige genstande<\/p>\n\n\n\n<p><strong>Enkeltpersoner:&nbsp;<\/strong>Skr\u00f8belige genstande kan let blive beskadiget under transport og b\u00f8r derfor ikke sendes af privatpersoner. Hvis man beslutter sig for at sende skr\u00f8belige varer, g\u00f8r man det p\u00e5 egen risiko.<\/p>\n\n\n\n<p><strong>Virksomheder<\/strong>: Virksomheder, der sender skr\u00f8belige varer, har normalt aftalt vilk\u00e5r med kurerfirmaer og har derfor lov til at sende dem.<\/p>\n\n\n\n<figure class=\"wp-block-image\"><img decoding=\"async\" src=\"https:\/\/static.eurosender.com\/wp-content\/uploads\/2020\/05\/15070427\/Flammable.png\" alt=\"shipping flammable items\" title=\"\"\/><\/figure>\n\n\n\n<p>Giftige, brandfarlige eller farlige produkter<\/p>\n\n\n\n<p><strong>Enkeltpersoner:<\/strong>&nbsp;Produkter, der indeholder giftige, brandfarlige eller farlige stoffer, er forbudt at sende. Hvis man v\u00e6lger at sende denne type produkter, sker det p\u00e5 eget ansvar.<\/p>\n\n\n\n<p><strong>Virksomheder<\/strong>: Virksomheder, der producerer eller distribuerer produkter, der indeholder giftige, brandfarlige eller farlige komponenter, kan sende dem gennem autoriserede logistikudbydere.<\/p>\n\n\n\n<figure class=\"wp-block-image\"><img decoding=\"async\" src=\"https:\/\/static.eurosender.com\/wp-content\/uploads\/2020\/05\/15070425\/Arms.png\" alt=\"shipping arms and ammunition\" title=\"\"\/><\/figure>\n\n\n\n<p>Skydev\u00e5ben og ammunition<\/p>\n\n\n\n<p>Forsendelse af skydev\u00e5ben og ammunition er strengt reguleret. Derfor er det kun autoriserede virksomheder, der m\u00e5 sende skydev\u00e5ben og ammunition gennem godkendte og specialiserede logistikudbydere.<\/p>","protected":false},"excerpt":{"rendered":"<p>\ud83d\udeab Dangerous Goods &amp; Prohibited Items in Shipments When preparing your shipment, it&#8217;s important to understand what items are considered dangerous goods or prohibited items under European Union and international shipping regulations. These rules exist to ensure the safety of transport personnel, customs agents, and the general public. Common items that may be restricted or [&hellip;]<\/p>\n","protected":false},"author":1,"featured_media":0,"parent":0,"menu_order":0,"comment_status":"closed","ping_status":"closed","template":"","meta":{"_eb_attr":"","_eb_data_table":"","site-sidebar-layout":"default","site-content-layout":"","ast-site-content-layout":"default","site-content-style":"default","site-sidebar-style":"default","ast-global-header-display":"","ast-banner-title-visibility":"","ast-main-header-display":"","ast-hfb-above-header-display":"","ast-hfb-below-header-display":"","ast-hfb-mobile-header-display":"","site-post-title":"","ast-breadcrumbs-content":"","ast-featured-img":"","footer-sml-layout":"","ast-disable-related-posts":"","theme-transparent-header-meta":"","adv-header-id-meta":"","stick-header-meta":"","header-above-stick-meta":"","header-main-stick-meta":"","header-below-stick-meta":"","astra-migrate-meta-layouts":"set","ast-page-background-enabled":"default","ast-page-background-meta":{"desktop":{"background-color":"var(--ast-global-color-4)","background-image":"","background-repeat":"repeat","background-position":"center center","background-size":"auto","background-attachment":"scroll","background-type":"","background-media":"","overlay-type":"","overlay-color":"","overlay-opacity":"","overlay-gradient":""},"tablet":{"background-color":"","background-image":"","background-repeat":"repeat","background-position":"center center","background-size":"auto","background-attachment":"scroll","background-type":"","background-media":"","overlay-type":"","overlay-color":"","overlay-opacity":"","overlay-gradient":""},"mobile":{"background-color":"","background-image":"","background-repeat":"repeat","background-position":"center center","background-size":"auto","background-attachment":"scroll","background-type":"","background-media":"","overlay-type":"","overlay-color":"","overlay-opacity":"","overlay-gradient":""}},"ast-content-background-meta":{"desktop":{"background-color":"var(--ast-global-color-5)","background-image":"","background-repeat":"repeat","background-position":"center center","background-size":"auto","background-attachment":"scroll","background-type":"","background-media":"","overlay-type":"","overlay-color":"","overlay-opacity":"","overlay-gradient":""},"tablet":{"background-color":"var(--ast-global-color-5)","background-image":"","background-repeat":"repeat","background-position":"center center","background-size":"auto","background-attachment":"scroll","background-type":"","background-media":"","overlay-type":"","overlay-color":"","overlay-opacity":"","overlay-gradient":""},"mobile":{"background-color":"var(--ast-global-color-5)","background-image":"","background-repeat":"repeat","background-position":"center center","background-size":"auto","background-attachment":"scroll","background-type":"","background-media":"","overlay-type":"","overlay-color":"","overlay-opacity":"","overlay-gradient":""}},"footnotes":""},"class_list":["post-14271","page","type-page","status-publish","hentry"],"_links":{"self":[{"href":"https:\/\/relocations.io\/portal\/da\/wp-json\/wp\/v2\/pages\/14271","targetHints":{"allow":["GET"]}}],"collection":[{"href":"https:\/\/relocations.io\/portal\/da\/wp-json\/wp\/v2\/pages"}],"about":[{"href":"https:\/\/relocations.io\/portal\/da\/wp-json\/wp\/v2\/types\/page"}],"author":[{"embeddable":true,"href":"https:\/\/relocations.io\/portal\/da\/wp-json\/wp\/v2\/users\/1"}],"replies":[{"embeddable":true,"href":"https:\/\/relocations.io\/portal\/da\/wp-json\/wp\/v2\/comments?post=14271"}],"version-history":[{"count":1,"href":"https:\/\/relocations.io\/portal\/da\/wp-json\/wp\/v2\/pages\/14271\/revisions"}],"predecessor-version":[{"id":14272,"href":"https:\/\/relocations.io\/portal\/da\/wp-json\/wp\/v2\/pages\/14271\/revisions\/14272"}],"wp:attachment":[{"href":"https:\/\/relocations.io\/portal\/da\/wp-json\/wp\/v2\/media?parent=14271"}],"curies":[{"name":"wp","href":"https:\/\/api.w.org\/{rel}","templated":true}]}}