{"id":14628,"date":"2026-01-23T20:03:50","date_gmt":"2026-01-23T20:03:50","guid":{"rendered":"https:\/\/relocations.io\/portal\/?page_id=14628"},"modified":"2026-01-23T20:10:47","modified_gmt":"2026-01-23T20:10:47","slug":"web-app","status":"publish","type":"page","link":"https:\/\/relocations.io\/portal\/cs\/web-app\/","title":{"rendered":"Webov\u00e1 aplikace"},"content":{"rendered":"<h2 class=\"wp-block-heading\">\u2728 Novinka: Ulo\u017eit port\u00e1l Relocations.io na domovskou obrazovku<\/h2>\n\n\n\n<p>Nyn\u00ed m\u016f\u017eete ulo\u017eit <strong>Port\u00e1l Relocations.io<\/strong> p\u0159\u00edmo na domovskou obrazovku telefonu a pou\u017e\u00edvat ji. <strong>stejn\u011b jako aplikace<\/strong> - nen\u00ed nutn\u00e9 stahovat z App Store ani Play Store.<\/p>\n\n\n\n<p>D\u00edky tomu z\u00edsk\u00e1te rychlej\u0161\u00ed p\u0159\u00edstup a p\u0159ehledn\u011bj\u0161\u00ed prost\u0159ed\u00ed podobn\u00e9 aplikac\u00edm jedin\u00fdm klepnut\u00edm.<\/p>\n\n\n\n<hr class=\"wp-block-separator has-alpha-channel-opacity\"\/>\n\n\n\n<h2 class=\"wp-block-heading\">\ud83d\udcf1 Jak p\u0159idat port\u00e1l na domovskou obrazovku<\/h2>\n\n\n\n<h3 class=\"wp-block-heading\">iPhone (Safari)<\/h3>\n\n\n\n<figure class=\"wp-block-image\"><img decoding=\"async\" src=\"https:\/\/images.openai.com\/static-rsc-1\/gOsuew1u3gUuWPx8Vq3ZjLkfttijHpF3mUMaN2SVRVgCyfpfdTQRfOAj4NDe8sWJ1Ti5c5as1XZbuS93PGEWroH95md1zhhTGB76xd7EEvlktwB8UdKGWVRrZV8RM1TcDS2SZnIIiFy45Rwnrh8jjg\" alt=\"https:\/\/discussions.apple.com\/content\/attachment\/979177040\"\/><\/figure>\n\n\n\n<figure class=\"wp-block-image\"><img decoding=\"async\" src=\"https:\/\/hq.getmatter.com\/images\/IOSShareExtension_01%402x.png\" alt=\"https:\/\/hq.getmatter.com\/images\/IOSShareExtension_01%402x.png\"\/><\/figure>\n\n\n\n<figure class=\"wp-block-image\"><img decoding=\"async\" src=\"https:\/\/images.macrumors.com\/article-new\/2025\/08\/ios-add-to-home-screen2.jpg\" alt=\"https:\/\/images.macrumors.com\/article-new\/2025\/08\/ios-add-to-home-screen2.jpg\"\/><\/figure>\n\n\n\n<ol class=\"wp-block-list\">\n<li>Otev\u0159ete port\u00e1l Relocations.io pomoc\u00ed <strong>Safari<\/strong><\/li>\n\n\n\n<li>Klepn\u011bte na mo\u017enost <strong>Sd\u00edlet<\/strong> ikona (\u010dtverec se \u0161ipkou sm\u011b\u0159uj\u00edc\u00ed nahoru)<\/li>\n\n\n\n<li>P\u0159ejd\u011bte dol\u016f a klepn\u011bte na <strong>P\u0159id\u00e1n\u00ed na domovskou obrazovku<\/strong><\/li>\n\n\n\n<li>Potvr\u010fte klepnut\u00edm na <strong>P\u0159idat<\/strong><\/li>\n<\/ol>\n\n\n\n<p>Port\u00e1l se nyn\u00ed zobraz\u00ed na domovsk\u00e9 obrazovce jako aplikace.<\/p>\n\n\n\n<hr class=\"wp-block-separator has-alpha-channel-opacity\"\/>\n\n\n\n<h3 class=\"wp-block-heading\">Android (Chrome)<\/h3>\n\n\n\n<figure class=\"wp-block-image\"><img decoding=\"async\" src=\"https:\/\/tse2.mm.bing.net\/th\/id\/OIP.9lJj6iJdN4sLFfqJ2od6WQHaQd?w=474&amp;h=379&amp;c=7&amp;p=0\" alt=\"https:\/\/support.startpage.com\/hc\/article_attachments\/6738385280020\/Screenshot_20220603-095113.jpeg\"\/><\/figure>\n\n\n\n<figure class=\"wp-block-image\"><img decoding=\"async\" src=\"https:\/\/www.androidauthority.com\/wp-content\/uploads\/2023\/09\/11-3.png\" alt=\"https:\/\/www.androidauthority.com\/wp-content\/uploads\/2023\/09\/11-3.png\"\/><\/figure>\n\n\n\n<figure class=\"wp-block-image\"><img decoding=\"async\" src=\"https:\/\/www.i-programmer.info\/images\/stories\/News\/2013\/Oct\/A\/homescreen1.jpg\" alt=\"https:\/\/www.i-programmer.info\/images\/stories\/News\/2013\/Oct\/A\/homescreen1.jpg\"\/><\/figure>\n\n\n\n<ol class=\"wp-block-list\">\n<li>Otev\u0159ete port\u00e1l Relocations.io pomoc\u00ed <strong>Chrome<\/strong><\/li>\n\n\n\n<li>Klepn\u011bte na mo\u017enost <strong>nab\u00eddka se t\u0159emi te\u010dkami<\/strong> v prav\u00e9m horn\u00edm rohu<\/li>\n\n\n\n<li>Klepn\u011bte na <strong>P\u0159id\u00e1n\u00ed na domovskou obrazovku<\/strong> nebo <strong>Instalace aplikace<\/strong><\/li>\n\n\n\n<li>Potvr\u010fte na v\u00fdzvu<\/li>\n<\/ol>\n\n\n\n<p>Port\u00e1l bude p\u0159id\u00e1n na domovskou obrazovku pro rychl\u00fd p\u0159\u00edstup.<\/p>\n\n\n\n<hr class=\"wp-block-separator has-alpha-channel-opacity\"\/>\n\n\n\n<h2 class=\"wp-block-heading\">\ud83d\ude80 Pro\u010d ji zachr\u00e1nit?<\/h2>\n\n\n\n<ul class=\"wp-block-list\">\n<li>P\u0159\u00edstup z domovsk\u00e9 obrazovky jedn\u00edm klepnut\u00edm<\/li>\n\n\n\n<li>Zku\u0161enosti podobn\u00e9 aplikac\u00edm bez stahov\u00e1n\u00ed<\/li>\n\n\n\n<li><\/li>\n<\/ul>\n\n\n\n<h2 class=\"wp-block-heading\">\u2753 Je port\u00e1l Relocations.io mobiln\u00ed aplikac\u00ed?<\/h2>\n\n\n\n<p><strong>Ne.<\/strong> Na str\u00e1nk\u00e1ch <strong>Port\u00e1l Relocations.io<\/strong> je <strong>ne<\/strong> nativn\u00ed mobiln\u00ed aplikaci a je <strong>ne<\/strong> k dispozici v obchod\u011b Apple App Store nebo Google Play.<\/p>\n\n\n\n<p>Jedn\u00e1 se o <strong>zabezpe\u010den\u00fd webov\u00fd port\u00e1l<\/strong> kter\u00fd je spu\u0161t\u011bn v prohl\u00ed\u017ee\u010di.<\/p>\n\n\n\n<hr class=\"wp-block-separator has-alpha-channel-opacity\"\/>\n\n\n\n<h2 class=\"wp-block-heading\">\u2753 Pro\u010d vypad\u00e1 a chov\u00e1 se jako aplikace?<\/h2>\n\n\n\n<p>Modern\u00ed prohl\u00ed\u017ee\u010de umo\u017e\u0148uj\u00ed ukl\u00e1d\u00e1n\u00ed webov\u00fdch str\u00e1nek na domovskou obrazovku telefonu.<br>Kdy\u017e si port\u00e1l Relocations.io p\u0159id\u00e1te na domovskou obrazovku, otev\u0159e se v \u010dist\u00e9m zobrazen\u00ed podobn\u00e9m aplikaci a lze k n\u011bmu p\u0159istupovat jedin\u00fdm klepnut\u00edm - podobn\u011b jako k mobiln\u00ed aplikaci.<\/p>\n\n\n\n<hr class=\"wp-block-separator has-alpha-channel-opacity\"\/>\n\n\n\n<h2 class=\"wp-block-heading\">\u2753 Mus\u00edm n\u011bco stahovat nebo instalovat?<\/h2>\n\n\n\n<p><strong>Ne.<\/strong> Je zde:<\/p>\n\n\n\n<ul class=\"wp-block-list\">\n<li>\u017d\u00e1dn\u00e9 stahov\u00e1n\u00ed aplikac\u00ed<\/li>\n\n\n\n<li>\u017d\u00e1dn\u00e1 instalace App Store nebo Play Store<\/li>\n\n\n\n<li>Nen\u00ed nutn\u00fd \u017e\u00e1dn\u00fd dal\u0161\u00ed software<\/li>\n<\/ul>\n\n\n\n<p>Port\u00e1l se spou\u0161t\u00ed p\u0159\u00edmo z prohl\u00ed\u017ee\u010de.<\/p>\n\n\n\n<hr class=\"wp-block-separator has-alpha-channel-opacity\"\/>\n\n\n\n<h2 class=\"wp-block-heading\">\u2753 Bude fungovat offline?<\/h2>\n\n\n\n<p><strong>Ne.<\/strong> Pro p\u0159\u00edstup k port\u00e1lu Relocations.io a jeho funkc\u00edm je nutn\u00e9 p\u0159ipojen\u00ed k internetu.<\/p>\n\n\n\n<hr class=\"wp-block-separator has-alpha-channel-opacity\"\/>\n\n\n\n<h2 class=\"wp-block-heading\">\u2753 Je to stejn\u00e9 jako u nativn\u00ed aplikace pro iOS nebo Android?<\/h2>\n\n\n\n<p><strong>Ne.<\/strong><br>Port\u00e1l sice lze ulo\u017eit na domovskou obrazovku a pou\u017e\u00edvat jej jako aplikaci, ale i nad\u00e1le z\u016fst\u00e1v\u00e1 <strong>webov\u00e1 slu\u017eba<\/strong> a nenahrazuje nativn\u00ed aplikaci pro iOS nebo Android.<\/p>\n\n\n\n<hr class=\"wp-block-separator has-alpha-channel-opacity\"\/>\n\n\n\n<h2 class=\"wp-block-heading\">\u2753 Jsou moje data v bezpe\u010d\u00ed?<\/h2>\n\n\n\n<p>Ano. Port\u00e1l Relocations.io pou\u017e\u00edv\u00e1 k ochran\u011b va\u0161ich informac\u00ed zabezpe\u010den\u00e1, \u0161ifrovan\u00e1 p\u0159ipojen\u00ed a standardn\u00ed postupy zabezpe\u010den\u00ed webu.<\/p>\n\n\n\n<p><\/p>","protected":false},"excerpt":{"rendered":"<p>\u2728 New: Save the Relocations.io Portal to Your Home Screen You can now save the Relocations.io Portal directly to your phone\u2019s home screen and use it just like an app \u2014 no App Store or Play Store download required. This gives you faster access and a cleaner, app-like experience with just one tap. \ud83d\udcf1 How [&hellip;]<\/p>\n","protected":false},"author":1,"featured_media":0,"parent":0,"menu_order":0,"comment_status":"closed","ping_status":"closed","template":"","meta":{"_eb_attr":"","_eb_data_table":"","site-sidebar-layout":"default","site-content-layout":"","ast-site-content-layout":"default","site-content-style":"default","site-sidebar-style":"default","ast-global-header-display":"","ast-banner-title-visibility":"","ast-main-header-display":"","ast-hfb-above-header-display":"","ast-hfb-below-header-display":"","ast-hfb-mobile-header-display":"","site-post-title":"","ast-breadcrumbs-content":"","ast-featured-img":"","footer-sml-layout":"","ast-disable-related-posts":"","theme-transparent-header-meta":"","adv-header-id-meta":"","stick-header-meta":"","header-above-stick-meta":"","header-main-stick-meta":"","header-below-stick-meta":"","astra-migrate-meta-layouts":"set","ast-page-background-enabled":"default","ast-page-background-meta":{"desktop":{"background-color":"var(--ast-global-color-4)","background-image":"","background-repeat":"repeat","background-position":"center center","background-size":"auto","background-attachment":"scroll","background-type":"","background-media":"","overlay-type":"","overlay-color":"","overlay-opacity":"","overlay-gradient":""},"tablet":{"background-color":"","background-image":"","background-repeat":"repeat","background-position":"center center","background-size":"auto","background-attachment":"scroll","background-type":"","background-media":"","overlay-type":"","overlay-color":"","overlay-opacity":"","overlay-gradient":""},"mobile":{"background-color":"","background-image":"","background-repeat":"repeat","background-position":"center center","background-size":"auto","background-attachment":"scroll","background-type":"","background-media":"","overlay-type":"","overlay-color":"","overlay-opacity":"","overlay-gradient":""}},"ast-content-background-meta":{"desktop":{"background-color":"var(--ast-global-color-5)","background-image":"","background-repeat":"repeat","background-position":"center center","background-size":"auto","background-attachment":"scroll","background-type":"","background-media":"","overlay-type":"","overlay-color":"","overlay-opacity":"","overlay-gradient":""},"tablet":{"background-color":"var(--ast-global-color-5)","background-image":"","background-repeat":"repeat","background-position":"center center","background-size":"auto","background-attachment":"scroll","background-type":"","background-media":"","overlay-type":"","overlay-color":"","overlay-opacity":"","overlay-gradient":""},"mobile":{"background-color":"var(--ast-global-color-5)","background-image":"","background-repeat":"repeat","background-position":"center center","background-size":"auto","background-attachment":"scroll","background-type":"","background-media":"","overlay-type":"","overlay-color":"","overlay-opacity":"","overlay-gradient":""}},"footnotes":""},"class_list":["post-14628","page","type-page","status-publish","hentry"],"_links":{"self":[{"href":"https:\/\/relocations.io\/portal\/cs\/wp-json\/wp\/v2\/pages\/14628","targetHints":{"allow":["GET"]}}],"collection":[{"href":"https:\/\/relocations.io\/portal\/cs\/wp-json\/wp\/v2\/pages"}],"about":[{"href":"https:\/\/relocations.io\/portal\/cs\/wp-json\/wp\/v2\/types\/page"}],"author":[{"embeddable":true,"href":"https:\/\/relocations.io\/portal\/cs\/wp-json\/wp\/v2\/users\/1"}],"replies":[{"embeddable":true,"href":"https:\/\/relocations.io\/portal\/cs\/wp-json\/wp\/v2\/comments?post=14628"}],"version-history":[{"count":3,"href":"https:\/\/relocations.io\/portal\/cs\/wp-json\/wp\/v2\/pages\/14628\/revisions"}],"predecessor-version":[{"id":14635,"href":"https:\/\/relocations.io\/portal\/cs\/wp-json\/wp\/v2\/pages\/14628\/revisions\/14635"}],"wp:attachment":[{"href":"https:\/\/relocations.io\/portal\/cs\/wp-json\/wp\/v2\/media?parent=14628"}],"curies":[{"name":"wp","href":"https:\/\/api.w.org\/{rel}","templated":true}]}}