{"id":14273,"date":"2025-11-25T11:24:44","date_gmt":"2025-11-25T11:24:44","guid":{"rendered":"https:\/\/relocations.io\/portal\/?page_id=14273"},"modified":"2025-12-16T09:07:21","modified_gmt":"2025-12-16T09:07:21","slug":"packing-guide","status":"publish","type":"page","link":"https:\/\/relocations.io\/portal\/cs\/packing-guide\/","title":{"rendered":"Pr\u016fvodce balen\u00edm"},"content":{"rendered":"<p><strong>Komplexn\u00ed pr\u016fvodce balen\u00edm pro bezpe\u010dn\u00e9 a zabezpe\u010den\u00e9 z\u00e1silky<\/strong><\/p>\n\n\n\n<h3 class=\"wp-block-heading\">\u00davod<\/h3>\n\n\n\n<p>Spr\u00e1vn\u00e9 zabalen\u00ed z\u00e1silky je nezbytn\u00e9 k tomu, aby se z\u00e1silka dostala na m\u00edsto ur\u010den\u00ed bezpe\u010dn\u011b a bez zpo\u017ed\u011bn\u00ed. Dopravci maj\u00ed p\u0159\u00edsn\u00e9 po\u017eadavky a jejich nedodr\u017een\u00ed m\u016f\u017ee m\u00edt za n\u00e1sledek odm\u00edtnut\u00ed p\u0159evzet\u00ed, po\u0161kozen\u00ed zbo\u017e\u00ed nebo dal\u0161\u00ed poplatky. Tento pr\u016fvodce obsahuje podrobn\u00e9 pokyny, jak spr\u00e1vn\u011b zabalit z\u00e1silku, a\u0165 u\u017e se jedn\u00e1 o mal\u00fd bal\u00ed\u010dek nebo velkou paletu.<\/p>\n\n\n\n<p>Nem\u016f\u017eeme n\u00e9st odpov\u011bdnost za \u0161patn\u011b zabalen\u00e9 z\u00e1silky. Poji\u0161t\u011bn\u00ed \u0161patn\u011b zabalen\u00fdch z\u00e1silek automaticky propad\u00e1. U v\u0161ech z\u00e1silek je nutn\u00e9 p\u0159ed vyzvednut\u00edm p\u0159edlo\u017eit fotografii zabalen\u00e9 polo\u017eky, a to jak pro \u00fa\u010dely poji\u0161t\u011bn\u00ed, tak pro poji\u0161t\u011bn\u00ed stavu polo\u017eky. <\/p>\n\n\n\n<hr class=\"wp-block-separator has-alpha-channel-opacity\"\/>\n\n\n\n<h2 class=\"wp-block-heading\">Rychl\u00e9 <strong>Pokyny pro balen\u00ed krabic<\/strong><\/h2>\n\n\n\n<p>Dal\u0161\u00ed p\u0159edpisy a tipy naleznete v doln\u00ed \u010d\u00e1sti t\u00e9to str\u00e1nky.<\/p>\n\n\n\n<figure class=\"wp-block-image size-large\"><img decoding=\"async\" src=\"https:\/\/relocations.io\/ship\/wp-content\/uploads\/2025\/04\/parcel1-1024x360.png\" alt=\"\" class=\"wp-image-2336\"\/><\/figure>\n\n\n\n<figure class=\"wp-block-image size-large\"><img decoding=\"async\" src=\"https:\/\/relocations.io\/ship\/wp-content\/uploads\/2025\/04\/parcel2-1024x351.png\" alt=\"\" class=\"wp-image-2337\"\/><\/figure>\n\n\n\n<figure class=\"wp-block-image size-large\"><img decoding=\"async\" src=\"https:\/\/relocations.io\/ship\/wp-content\/uploads\/2025\/04\/parcel3-1024x359.png\" alt=\"\" class=\"wp-image-2338\"\/><\/figure>\n\n\n\n<figure class=\"wp-block-image size-large\"><img decoding=\"async\" src=\"https:\/\/relocations.io\/ship\/wp-content\/uploads\/2025\/04\/parcel4-1024x351.png\" alt=\"\" class=\"wp-image-2339\"\/><\/figure>\n\n\n\n<figure class=\"wp-block-image size-large\"><img decoding=\"async\" src=\"https:\/\/relocations.io\/ship\/wp-content\/uploads\/2025\/04\/parcel5-1024x354.png\" alt=\"\" class=\"wp-image-2340\"\/><\/figure>\n\n\n\n<h2 class=\"wp-block-heading\">Rychl\u00e9 <strong>Pokyny pro balen\u00ed<\/strong> <strong>Palety<\/strong><\/h2>\n\n\n\n<p>Dal\u0161\u00ed p\u0159edpisy a tipy naleznete v doln\u00ed \u010d\u00e1sti t\u00e9to str\u00e1nky.<\/p>\n\n\n\n<figure class=\"wp-block-image size-large\"><img decoding=\"async\" src=\"https:\/\/relocations.io\/ship\/wp-content\/uploads\/2025\/04\/pallet1-1024x367.png\" alt=\"\" class=\"wp-image-2341\"\/><\/figure>\n\n\n\n<figure class=\"wp-block-image size-large\"><img decoding=\"async\" src=\"https:\/\/relocations.io\/ship\/wp-content\/uploads\/2025\/04\/pallet2-1024x403.png\" alt=\"\" class=\"wp-image-2342\"\/><\/figure>\n\n\n\n<figure class=\"wp-block-image size-large\"><img decoding=\"async\" src=\"https:\/\/relocations.io\/ship\/wp-content\/uploads\/2025\/04\/pallet3-1024x385.png\" alt=\"\" class=\"wp-image-2343\"\/><\/figure>\n\n\n\n<figure class=\"wp-block-image size-large\"><img decoding=\"async\" src=\"https:\/\/relocations.io\/ship\/wp-content\/uploads\/2025\/04\/pallet4-1024x342.png\" alt=\"\" class=\"wp-image-2344\"\/><\/figure>\n\n\n\n<figure class=\"wp-block-image size-large\"><img decoding=\"async\" src=\"https:\/\/relocations.io\/ship\/wp-content\/uploads\/2025\/04\/pallet5-1024x369.png\" alt=\"\" class=\"wp-image-2345\"\/><\/figure>\n\n\n\n<figure class=\"wp-block-image size-large\"><img decoding=\"async\" src=\"https:\/\/relocations.io\/ship\/wp-content\/uploads\/2025\/04\/pallet6-1024x361.png\" alt=\"\" class=\"wp-image-2346\"\/><\/figure>\n\n\n\n<h2 class=\"wp-block-heading\">Rychl\u00fd pr\u016fvodce p\u0159ipojov\u00e1n\u00edm p\u0159epravn\u00edch \u0161t\u00edtk\u016f<\/h2>\n\n\n\n<p>Dal\u0161\u00ed p\u0159edpisy a tipy naleznete v doln\u00ed \u010d\u00e1sti t\u00e9to str\u00e1nky.<\/p>\n\n\n\n<figure class=\"wp-block-image size-large\"><img decoding=\"async\" src=\"https:\/\/relocations.io\/ship\/wp-content\/uploads\/2025\/04\/shiplabel2-1024x657.png\" alt=\"\" class=\"wp-image-2349\"\/><\/figure>\n\n\n\n<figure class=\"wp-block-image size-large\"><img decoding=\"async\" src=\"https:\/\/relocations.io\/ship\/wp-content\/uploads\/2025\/04\/shiplabel3-803x1024.png\" alt=\"\" class=\"wp-image-2348\"\/><\/figure>\n\n\n\n<figure class=\"wp-block-image size-large\"><img decoding=\"async\" src=\"https:\/\/relocations.io\/ship\/wp-content\/uploads\/2025\/04\/shiplabel4-954x1024.png\" alt=\"\" class=\"wp-image-2347\"\/><\/figure>\n\n\n\n<h1 class=\"wp-block-heading\"><strong>Pr\u016fvodce balen\u00edm - bezpe\u010dn\u00e9 a zabezpe\u010den\u00e9 z\u00e1silky<\/strong><\/h1>\n\n\n\n<p><strong>Spr\u00e1vn\u00e9 balen\u00ed zajist\u00ed, \u017ee z\u00e1silka doraz\u00ed v po\u0159\u00e1dku, bude p\u0159ijata dopravcem a nedojde ke zpo\u017ed\u011bn\u00ed nebo dodate\u010dn\u00fdm poplatk\u016fm.<\/strong> Podle tohoto n\u00e1vodu spr\u00e1vn\u011b zabal\u00edte mal\u00e9 krabice i velk\u00e9 z\u00e1silky na palet\u00e1ch. <\/p>\n\n\n\n<hr class=\"wp-block-separator has-alpha-channel-opacity\"\/>\n\n\n\n<h2 class=\"wp-block-heading\">\ud83d\udce6 <strong>Pokyny pro balen\u00ed krabic<\/strong><\/h2>\n\n\n\n<h3 class=\"wp-block-heading\"><strong>1. Zvolte spr\u00e1vn\u00fd box<\/strong><\/h3>\n\n\n\n<ul class=\"wp-block-list\">\n<li>Pou\u017eijte nov\u00fd, siln\u00fd <strong>dvoust\u011bnn\u00e1 krabice z vlnit\u00e9 lepenky<\/strong> pro k\u0159ehk\u00e9 nebo t\u011b\u017ek\u00e9 p\u0159edm\u011bty.<\/li>\n\n\n\n<li>Krabice by m\u011bly b\u00fdt o n\u011bco v\u011bt\u0161\u00ed ne\u017e p\u0159edm\u011bty, aby se do nich ve\u0161lo polstrov\u00e1n\u00ed.<\/li>\n\n\n\n<li>Nepou\u017e\u00edvejte znovu star\u00e9\/slab\u00e9 krabice, kter\u00e9 by se mohly p\u0159i manipulaci rozb\u00edt. <\/li>\n<\/ul>\n\n\n\n<p><\/p>\n\n\n\n<hr class=\"wp-block-separator has-alpha-channel-opacity\"\/>\n\n\n\n<h3 class=\"wp-block-heading\"><strong>2. Polstrov\u00e1n\u00ed a vnit\u0159n\u00ed ochrana<\/strong><\/h3>\n\n\n\n<ul class=\"wp-block-list\">\n<li>Ka\u017edou polo\u017eku zabalte jednotliv\u011b <strong>bublinkov\u00e1 f\u00f3lie, p\u011bna nebo balic\u00ed pap\u00edr.<\/strong>.<\/li>\n\n\n\n<li>Pr\u00e1zdn\u00e1 m\u00edsta vypl\u0148te balic\u00edmi pap\u00edry nebo zma\u010dkan\u00fdm pap\u00edrem, abyste zabr\u00e1nili pohybu.<\/li>\n\n\n\n<li>K\u0159ehk\u00e9 p\u0159edm\u011bty opat\u0159ete dodate\u010dnou ochranou a tyto krabice z\u0159eteln\u011b ozna\u010dte. <strong>FRAGILE<\/strong>. <\/li>\n<\/ul>\n\n\n\n<p><\/p>\n\n\n\n<hr class=\"wp-block-separator has-alpha-channel-opacity\"\/>\n\n\n\n<h3 class=\"wp-block-heading\"><strong>3. Uzav\u0159en\u00ed krabice<\/strong><\/h3>\n\n\n\n<ul class=\"wp-block-list\">\n<li>Pou\u017eijte <strong>vysoce kvalitn\u00ed balic\u00ed p\u00e1ska<\/strong> (vyhn\u011bte se lepic\u00ed nebo maskovac\u00ed p\u00e1sce).<\/li>\n\n\n\n<li>T\u011bsn\u011bn\u00ed pomoc\u00ed <strong>\u2018Metoda \u2019H<\/strong>: p\u00e1ska pod\u00e9l st\u0159edov\u00e9ho \u0161vu <em>a<\/em> oba okraje.<\/li>\n\n\n\n<li>Ujist\u011bte se, \u017ee jsou v\u0161echny klapky zcela zav\u0159en\u00e9 a zaji\u0161t\u011bn\u00e9, aby nic nevyklouzlo ven. <\/li>\n<\/ul>\n\n\n\n<p><\/p>\n\n\n\n<hr class=\"wp-block-separator has-alpha-channel-opacity\"\/>\n\n\n\n<h3 class=\"wp-block-heading\"><strong>4. Ozna\u010dov\u00e1n\u00ed<\/strong><\/h3>\n\n\n\n<ul class=\"wp-block-list\">\n<li>P\u0159ipojte <strong>dodan\u00fd p\u0159epravn\u00ed \u0161t\u00edtek<\/strong> pr\u016fhlednou p\u00e1skou, aby se neod\u0159ela.<\/li>\n\n\n\n<li>Zahr\u0148te <strong>duplicitn\u00ed \u0161t\u00edtek uvnit\u0159<\/strong> krabice pro p\u0159\u00edpad po\u0161kozen\u00ed vn\u011bj\u0161\u00edho \u0161t\u00edtku.<\/li>\n\n\n\n<li>Z\u0159eteln\u011b ozna\u010dte krabice se zvl\u00e1\u0161tn\u00edmi pokyny pro manipulaci (nap\u0159, <strong>Touto stranou nahoru<\/strong>, <strong>K\u0159ehk\u00e9<\/strong>).<\/li>\n<\/ul>\n\n\n\n<p><\/p>\n\n\n\n<hr class=\"wp-block-separator has-alpha-channel-opacity\"\/>\n\n\n\n<h2 class=\"wp-block-heading\">\ud83d\udce6 <strong>Pokyny pro balen\u00ed palet<\/strong><\/h2>\n\n\n\n<h3 class=\"wp-block-heading\"><strong>1. V\u00fdb\u011br spr\u00e1vn\u00e9 palety<\/strong><\/h3>\n\n\n\n<ul class=\"wp-block-list\">\n<li>Pou\u017eijte <strong>standardn\u00ed d\u0159ev\u011bn\u00e1 nebo plastov\u00e1 paleta<\/strong> v dobr\u00e9m stavu (bez zlomen\u00fdch prken nebo h\u0159eb\u00edk\u016f).<\/li>\n\n\n\n<li>Paleta mus\u00ed b\u00fdt dostate\u010dn\u011b pevn\u00e1 pro celkovou hmotnost z\u00e1silky.<\/li>\n<\/ul>\n\n\n\n<p><\/p>\n\n\n\n<hr class=\"wp-block-separator has-alpha-channel-opacity\"\/>\n\n\n\n<h3 class=\"wp-block-heading\"><strong>2. Spr\u00e1vn\u00e9 stohov\u00e1n\u00ed polo\u017eek<\/strong><\/h3>\n\n\n\n<ul class=\"wp-block-list\">\n<li>M\u00edsto <strong>t\u011b\u017e\u0161\u00ed p\u0159edm\u011bty v doln\u00ed \u010d\u00e1sti<\/strong> a leh\u010d\u00ed p\u0159edm\u011bty naho\u0159e pro zaji\u0161t\u011bn\u00ed stability.<\/li>\n\n\n\n<li>Rozlo\u017ete hmotnost rovnom\u011brn\u011b po cel\u00e9 palet\u011b.<\/li>\n\n\n\n<li>Uchov\u00e1vejte naskl\u00e1dan\u00e9 zbo\u017e\u00ed <strong>v r\u00e1mci okraj\u016f<\/strong> aby nep\u0159e\u010dn\u00edvaly. <\/li>\n<\/ul>\n\n\n\n<p><\/p>\n\n\n\n<hr class=\"wp-block-separator has-alpha-channel-opacity\"\/>\n\n\n\n<h3 class=\"wp-block-heading\"><strong>3. Zaji\u0161t\u011bn\u00ed n\u00e1kladu<\/strong><\/h3>\n\n\n\n<ul class=\"wp-block-list\">\n<li>Zabalte paletu <strong>pr\u016fmyslov\u011b odoln\u00e1 stretch f\u00f3lie<\/strong> k zaji\u0161t\u011bn\u00ed obsahu.<\/li>\n\n\n\n<li>Pou\u017eijte <strong>\u0159em\u00ednky nebo p\u00e1sky<\/strong> pro dodate\u010dn\u00e9 vyztu\u017een\u00ed, zejm\u00e9na u t\u011b\u017e\u0161\u00edch z\u00e1silek. <\/li>\n<\/ul>\n\n\n\n<p><\/p>\n\n\n\n<hr class=\"wp-block-separator has-alpha-channel-opacity\"\/>\n\n\n\n<h3 class=\"wp-block-heading\"><strong>4. Ozna\u010den\u00ed z\u00e1silky<\/strong><\/h3>\n\n\n\n<ul class=\"wp-block-list\">\n<li>Um\u00edst\u011bte <strong>p\u0159epravn\u00ed \u0161t\u00edtek alespo\u0148 na dvou stran\u00e1ch<\/strong> aby byl viditeln\u00fd z r\u016fzn\u00fdch \u00fahl\u016f.<\/li>\n\n\n\n<li>U k\u0159ehk\u00fdch nebo citliv\u00fdch p\u0159edm\u011bt\u016f pou\u017e\u00edvejte vhodn\u00e9 v\u00fdstra\u017en\u00e9 \u0161t\u00edtky. <\/li>\n\n\n\n<li><\/li>\n<\/ul>\n\n\n\n<hr class=\"wp-block-separator has-alpha-channel-opacity\"\/>\n\n\n\n<h2 class=\"wp-block-heading\">\ud83d\udcca <strong>Stohovatelnost - co pot\u0159ebujete v\u011bd\u011bt<\/strong><\/h2>\n\n\n\n<p>Va\u0161e paleta m\u016f\u017ee b\u00fdt <strong>stohovateln\u00e9<\/strong> nebo <strong>neskladovateln\u00e9<\/strong> - a to ovliv\u0148uje zp\u016fsob, jak\u00fdm dopravci nakl\u00e1daj\u00ed s va\u0161\u00ed z\u00e1silkou:<\/p>\n\n\n\n<h3 class=\"wp-block-heading\"><strong>Stohovateln\u00e9 palety<\/strong><\/h3>\n\n\n\n<ul class=\"wp-block-list\">\n<li>M\u016f\u017ee bezpe\u010dn\u011b podp\u00edrat dal\u0161\u00ed paletu naho\u0159e.<\/li>\n\n\n\n<li>Vy\u017eaduj\u00ed ploch\u00e9, stabiln\u00ed balen\u00ed a pevn\u011b uzav\u0159en\u00e9 krabice.<br>To se \u010dasto <em>sni\u017euje n\u00e1klady na dopravu<\/em> proto\u017ee prostor je vyu\u017e\u00edv\u00e1n efektivn\u011bji. <\/li>\n<\/ul>\n\n\n\n<p><\/p>\n\n\n\n<hr class=\"wp-block-separator has-alpha-channel-opacity\"\/>\n\n\n\n<h3 class=\"wp-block-heading\"><strong>Nestohovateln\u00e9 palety<\/strong><\/h3>\n\n\n\n<ul class=\"wp-block-list\">\n<li>Kv\u016fli tvaru, k\u0159ehkosti nebo nestabilit\u011b nem\u016f\u017ee bezpe\u010dn\u011b un\u00e9st hmotnost jin\u00e9 palety.<\/li>\n\n\n\n<li>Ty mohou b\u00fdt zas\u00edl\u00e1ny odd\u011blen\u011b a mohou v\u00e9st k tomu, \u017ee <em>vy\u0161\u0161\u00ed poplatky dopravci<\/em>. <\/li>\n<\/ul>\n\n\n\n<p><\/p>\n\n\n\n<hr class=\"wp-block-separator has-alpha-channel-opacity\"\/>\n\n\n\n<h2 class=\"wp-block-heading\">\ud83e\udde0 <strong>Dal\u0161\u00ed \u00favahy<\/strong><\/h2>\n\n\n\n<ul class=\"wp-block-list\">\n<li><strong>Dodr\u017eov\u00e1n\u00ed hmotnosti a velikosti:<\/strong> Z\u00e1silku zva\u017ete a zm\u011b\u0159te v dostate\u010dn\u00e9m p\u0159edstihu p\u0159ed vyzvednut\u00edm, abyste se vyhnuli ne\u010dekan\u00fdm poplatk\u016fm. <\/li>\n\n\n\n<li><strong>Zak\u00e1zan\u00e9 p\u0159edm\u011bty:<\/strong> N\u011bkter\u00e9 polo\u017eky <em>nelze odeslat<\/em> - v\u017edy si zkontrolujte <strong>Seznam zak\u00e1zan\u00fdch polo\u017eek<\/strong> p\u0159ed zabalen\u00edm. <\/li>\n\n\n\n<li><strong>Pro\u010d je d\u016fle\u017eit\u00e9 spr\u00e1vn\u00e9 balen\u00ed:<\/strong> Dopravci mohou <em>svoz odpadu<\/em> nebo \u00fa\u010dtovat p\u0159\u00edplatky za \u0161patn\u011b zabalen\u00e9 zbo\u017e\u00ed a za rozd\u00edly v hmotnosti a rozm\u011brech, kter\u00e9 nejsou uvedeny ve smlouv\u011b nebo v pl\u00e1nu. Bezpe\u010dn\u00e9 balen\u00ed tak\u00e9 sni\u017euje riziko po\u0161kozen\u00ed. <\/li>\n<\/ul>\n\n\n\n<p><\/p>\n\n\n\n<hr class=\"wp-block-separator has-alpha-channel-opacity\"\/>\n\n\n\n<h2 class=\"wp-block-heading\">\ud83c\udff7\ufe0f <strong>Tip pro hladkou p\u0159epravu<\/strong><\/h2>\n\n\n\n<h4 class=\"wp-block-heading\">V\u017edy z\u0159eteln\u011b p\u0159ipevn\u011bte \u0161t\u00edtky a chra\u0148te je p\u00e1skou - a nezapome\u0148te si zabalen\u00e9 krabice a palety p\u0159ed vyzvednut\u00edm vyfotografovat. <a href=\"https:\/\/relocations.io\/portal\/cs\/bulkupload\/\">p\u0159edlo\u017eit n\u00e1m ho<\/a>.<\/h4>\n\n\n\n<p><\/p>","protected":false},"excerpt":{"rendered":"<p>Comprehensive Packing Guide for Safe and Secure Shipments Introduction Proper packaging is essential to ensure your shipment reaches its destination safely and without delays. Carriers have strict requirements, and failing to meet them could result in refused pickup, damage to your goods, or additional charges. This guide provides detailed instructions on how to properly pack [&hellip;]<\/p>\n","protected":false},"author":1,"featured_media":0,"parent":0,"menu_order":0,"comment_status":"closed","ping_status":"closed","template":"","meta":{"_eb_attr":"","_eb_data_table":"","site-sidebar-layout":"default","site-content-layout":"","ast-site-content-layout":"default","site-content-style":"default","site-sidebar-style":"default","ast-global-header-display":"","ast-banner-title-visibility":"","ast-main-header-display":"","ast-hfb-above-header-display":"","ast-hfb-below-header-display":"","ast-hfb-mobile-header-display":"","site-post-title":"","ast-breadcrumbs-content":"","ast-featured-img":"","footer-sml-layout":"","ast-disable-related-posts":"","theme-transparent-header-meta":"","adv-header-id-meta":"","stick-header-meta":"","header-above-stick-meta":"","header-main-stick-meta":"","header-below-stick-meta":"","astra-migrate-meta-layouts":"set","ast-page-background-enabled":"default","ast-page-background-meta":{"desktop":{"background-color":"var(--ast-global-color-4)","background-image":"","background-repeat":"repeat","background-position":"center center","background-size":"auto","background-attachment":"scroll","background-type":"","background-media":"","overlay-type":"","overlay-color":"","overlay-opacity":"","overlay-gradient":""},"tablet":{"background-color":"","background-image":"","background-repeat":"repeat","background-position":"center center","background-size":"auto","background-attachment":"scroll","background-type":"","background-media":"","overlay-type":"","overlay-color":"","overlay-opacity":"","overlay-gradient":""},"mobile":{"background-color":"","background-image":"","background-repeat":"repeat","background-position":"center center","background-size":"auto","background-attachment":"scroll","background-type":"","background-media":"","overlay-type":"","overlay-color":"","overlay-opacity":"","overlay-gradient":""}},"ast-content-background-meta":{"desktop":{"background-color":"var(--ast-global-color-5)","background-image":"","background-repeat":"repeat","background-position":"center center","background-size":"auto","background-attachment":"scroll","background-type":"","background-media":"","overlay-type":"","overlay-color":"","overlay-opacity":"","overlay-gradient":""},"tablet":{"background-color":"var(--ast-global-color-5)","background-image":"","background-repeat":"repeat","background-position":"center center","background-size":"auto","background-attachment":"scroll","background-type":"","background-media":"","overlay-type":"","overlay-color":"","overlay-opacity":"","overlay-gradient":""},"mobile":{"background-color":"var(--ast-global-color-5)","background-image":"","background-repeat":"repeat","background-position":"center center","background-size":"auto","background-attachment":"scroll","background-type":"","background-media":"","overlay-type":"","overlay-color":"","overlay-opacity":"","overlay-gradient":""}},"footnotes":""},"class_list":["post-14273","page","type-page","status-publish","hentry"],"_links":{"self":[{"href":"https:\/\/relocations.io\/portal\/cs\/wp-json\/wp\/v2\/pages\/14273","targetHints":{"allow":["GET"]}}],"collection":[{"href":"https:\/\/relocations.io\/portal\/cs\/wp-json\/wp\/v2\/pages"}],"about":[{"href":"https:\/\/relocations.io\/portal\/cs\/wp-json\/wp\/v2\/types\/page"}],"author":[{"embeddable":true,"href":"https:\/\/relocations.io\/portal\/cs\/wp-json\/wp\/v2\/users\/1"}],"replies":[{"embeddable":true,"href":"https:\/\/relocations.io\/portal\/cs\/wp-json\/wp\/v2\/comments?post=14273"}],"version-history":[{"count":5,"href":"https:\/\/relocations.io\/portal\/cs\/wp-json\/wp\/v2\/pages\/14273\/revisions"}],"predecessor-version":[{"id":14366,"href":"https:\/\/relocations.io\/portal\/cs\/wp-json\/wp\/v2\/pages\/14273\/revisions\/14366"}],"wp:attachment":[{"href":"https:\/\/relocations.io\/portal\/cs\/wp-json\/wp\/v2\/media?parent=14273"}],"curies":[{"name":"wp","href":"https:\/\/api.w.org\/{rel}","templated":true}]}}