{"id":14271,"date":"2025-11-25T11:21:52","date_gmt":"2025-11-25T11:21:52","guid":{"rendered":"https:\/\/relocations.io\/portal\/?page_id=14271"},"modified":"2025-11-25T11:21:54","modified_gmt":"2025-11-25T11:21:54","slug":"prohibited-items","status":"publish","type":"page","link":"https:\/\/relocations.io\/portal\/cs\/prohibited-items\/","title":{"rendered":"Zak\u00e1zan\u00e9 p\u0159edm\u011bty a nebezpe\u010dn\u00e9 zbo\u017e\u00ed - p\u0159eprava"},"content":{"rendered":"<p>\ud83d\udeab Nebezpe\u010dn\u00e9 zbo\u017e\u00ed a zak\u00e1zan\u00e9 p\u0159edm\u011bty v z\u00e1silk\u00e1ch<\/p>\n\n\n\n<p>P\u0159i p\u0159\u00edprav\u011b z\u00e1silky je d\u016fle\u017eit\u00e9 si uv\u011bdomit, kter\u00e9 polo\u017eky jsou pova\u017eov\u00e1ny za. <strong>nebezpe\u010dn\u00e9 zbo\u017e\u00ed<\/strong> nebo <strong>zak\u00e1zan\u00e9 p\u0159edm\u011bty<\/strong> podle p\u0159edpis\u016f Evropsk\u00e9 unie a mezin\u00e1rodn\u00edch p\u0159epravn\u00edch p\u0159edpis\u016f. Tato pravidla maj\u00ed zajistit bezpe\u010dnost p\u0159epravn\u00edho person\u00e1lu, celn\u00edk\u016f a \u0161irok\u00e9 ve\u0159ejnosti.<\/p>\n\n\n\n<hr class=\"wp-block-separator has-alpha-channel-opacity\"\/>\n\n\n\n<p><strong>Mezi b\u011b\u017en\u00e9 p\u0159edm\u011bty, kter\u00e9 mohou b\u00fdt omezeny nebo zak\u00e1z\u00e1ny, pat\u0159\u00ed:<\/strong><\/p>\n\n\n\n<ul class=\"wp-block-list\">\n<li>\ud83d\udd25 Ho\u0159lav\u00e9 v\u00fdrobky (nap\u0159. tekutina do zapalova\u010d\u016f, z\u00e1palky).<\/li>\n\n\n\n<li>\ud83d\udd0b lithiov\u00e9 baterie nebo elektronick\u00e1 za\u0159\u00edzen\u00ed, kter\u00e1 je obsahuj\u00ed<\/li>\n\n\n\n<li>\ud83d\udca8 Tlakov\u00e9 nebo aerosolov\u00e9 n\u00e1doby<\/li>\n\n\n\n<li>\u2620\ufe0f Toxick\u00e9, \u017e\u00edrav\u00e9 nebo nebezpe\u010dn\u00e9 chemick\u00e9 l\u00e1tky.<\/li>\n\n\n\n<li>\ud83d\udca3 V\u00fdbu\u0161niny, munice nebo zbran\u011b<\/li>\n\n\n\n<li>\ud83e\udd61 l\u00e1tky podl\u00e9haj\u00edc\u00ed rychl\u00e9 zk\u00e1ze nebo biologick\u00e9 l\u00e1tky<\/li>\n<\/ul>\n\n\n\n<hr class=\"wp-block-separator has-alpha-channel-opacity\"\/>\n\n\n\n<p>Krom\u011b obecn\u00fdch p\u0159edpis\u016f, <strong>specifick\u00e9 nosi\u010de<\/strong> mohou stanovit dal\u0161\u00ed omezen\u00ed toho, co mohou p\u0159ijmout. Pokud va\u0161e z\u00e1silka obsahuje spornou polo\u017eku, m\u016f\u017ee se mo\u017enost jej\u00edho odesl\u00e1n\u00ed li\u0161it v z\u00e1vislosti na c\u00edlov\u00e9 destinaci, zp\u016fsobu p\u0159epravy a zvolen\u00e9m dopravci.<\/p>\n\n\n\n<p>Pokud va\u0161e polo\u017eky spadaj\u00ed do n\u011bkter\u00e9 z t\u011bchto kategori\u00ed, pros\u00edme. <strong>p\u0159edlo\u017eit ve\u0161kerou p\u0159\u00edslu\u0161nou dokumentaci.<\/strong> a podrobn\u00fd popis p\u0159i \u017e\u00e1dosti o p\u0159epravn\u00ed slu\u017eby. N\u00e1\u0161 t\u00fdm posoud\u00ed situaci a porad\u00ed, zda m\u016f\u017eeme z\u00e1silku podpo\u0159it nebo nab\u00eddnout alternativn\u00ed mo\u017enosti.<\/p>\n\n\n\n<hr class=\"wp-block-separator has-alpha-channel-opacity\"\/>\n\n\n\n<h3 class=\"wp-block-heading\">\ud83d\udea8 Neozn\u00e1men\u00ed nebezpe\u010dn\u00e9ho nebo omezen\u00e9ho zbo\u017e\u00ed m\u016f\u017ee v\u00e9st k:<\/h3>\n\n\n\n<ul class=\"wp-block-list\">\n<li>Celn\u00ed zpo\u017ed\u011bn\u00ed nebo odm\u00edtnut\u00ed<\/li>\n\n\n\n<li>Dal\u0161\u00ed poplatky za zprost\u0159edkov\u00e1n\u00ed nebo inspekci<\/li>\n\n\n\n<li>Vr\u00e1cen\u00ed nebo likvidace z\u00e1silky<\/li>\n\n\n\n<li>Sankce nebo pokuty<\/li>\n<\/ul>\n\n\n\n<hr class=\"wp-block-separator has-alpha-channel-opacity\"\/>\n\n\n\n<h3 class=\"wp-block-heading\">\ud83d\udcda U\u017eite\u010dn\u00e9 zdroje<\/h3>\n\n\n\n<ul class=\"wp-block-list\">\n<li>\ud83e\uddfe <\/li>\n\n\n\n<li>\ud83c\uddea\ud83c\uddfa <a class=\"\" href=\"https:\/\/taxation-customs.ec.europa.eu\/what-is-not-allowed-import-export_en\">Evropsk\u00e1 unie: Zak\u00e1zan\u00fd a omezen\u00fd dovoz<\/a><\/li>\n\n\n\n<li>\ud83d\udcda <a class=\"\" href=\"https:\/\/dgiglobal.com\/classes\/\">Pr\u016fvodce klasifikac\u00ed nebezpe\u010dn\u00e9ho zbo\u017e\u00ed - DGI Global<\/a><\/li>\n<\/ul>\n\n\n\n<hr class=\"wp-block-separator has-alpha-channel-opacity\"\/>\n\n\n\n<p>Pokud si nejste jisti, zda va\u0161e z\u00e1silka obsahuje materi\u00e1ly podl\u00e9haj\u00edc\u00ed omezen\u00ed, nev\u00e1hejte se obr\u00e1tit na <a href=\"https:\/\/relocations.io\/portal\/cs\/contact\/\">kontaktujte n\u00e1s<\/a>. Jsme tu pro v\u00e1s, abychom v\u00e1m pomohli vypo\u0159\u00e1dat se s celn\u00edmi po\u017eadavky a zabr\u00e1nili naru\u0161en\u00ed p\u0159epravy.<\/p>\n\n\n\n<p>CO JE ZAK\u00c1Z\u00c1NO?<\/p>\n\n\n\n<h2 class=\"wp-block-heading\">Typy omezen\u00ed a z\u00e1kaz\u016f p\u0159epravy<\/h2>\n\n\n\n<figure class=\"wp-block-image\"><img decoding=\"async\" src=\"https:\/\/static.eurosender.com\/wp-content\/uploads\/2020\/05\/15070425\/Alco.png\" alt=\"shipping alcohol\" title=\"\"\/><\/figure>\n\n\n\n<p>Alkohol<\/p>\n\n\n\n<p><strong>Jednotlivci:<\/strong>&nbsp;Zas\u00edl\u00e1n\u00ed alkoholu mezi jednotlivci nen\u00ed ve v\u011bt\u0161in\u011b zem\u00ed povoleno, proto pokud se rozhodnete poslat alkohol po\u0161tou nebo kur\u00fdrem, d\u011bl\u00e1te to na vlastn\u00ed nebezpe\u010d\u00ed.<\/p>\n\n\n\n<p><strong>Spole\u010dnosti<\/strong>: Lehk\u00e9 alkoholick\u00e9 n\u00e1poje je povoleno p\u0159epravovat jako n\u00e1kladn\u00ed zbo\u017e\u00ed nebo prost\u0159ednictv\u00edm autorizovan\u00fdch internetov\u00fdch obchod\u016f, zat\u00edmco t\u011b\u017ek\u00e9 alkoholick\u00e9 n\u00e1poje by m\u011bly b\u00fdt p\u0159epravov\u00e1ny pouze prost\u0159ednictv\u00edm autorizovan\u00fdch poskytovatel\u016f logistick\u00fdch slu\u017eeb.<\/p>\n\n\n\n<figure class=\"wp-block-image\"><img decoding=\"async\" src=\"https:\/\/static.eurosender.com\/wp-content\/uploads\/2020\/05\/15070429\/Tobacco.png\" alt=\"shipping tobacco\" title=\"\"\/><\/figure>\n\n\n\n<p>Tab\u00e1k, cigarety a doutn\u00edky<\/p>\n\n\n\n<p><strong>Jednotlivci:<\/strong>&nbsp;Ve v\u011bt\u0161in\u011b zem\u00ed je zak\u00e1z\u00e1no p\u0159epravovat jak\u00fdkoli druh tab\u00e1ku mezi jednotlivci. Rozhodnut\u00edm o zasl\u00e1n\u00ed cigaret po\u0161tou se jednotlivci vystavuj\u00ed vlastn\u00edmu riziku.<\/p>\n\n\n\n<p><strong>Spole\u010dnosti<\/strong>: Podniky vyr\u00e1b\u011bj\u00edc\u00ed nebo distribuuj\u00edc\u00ed tab\u00e1kov\u00e9 v\u00fdrobky je mohou zas\u00edlat prost\u0159ednictv\u00edm autorizovan\u00fdch poskytovatel\u016f logistick\u00fdch slu\u017eeb.<\/p>\n\n\n\n<figure class=\"wp-block-image\"><img decoding=\"async\" src=\"https:\/\/static.eurosender.com\/wp-content\/uploads\/2020\/05\/15070428\/Liquids.png\" alt=\"shipping tobacco\" title=\"\"\/><\/figure>\n\n\n\n<p>Kapaliny, aerosoly a gely<\/p>\n\n\n\n<p><strong>Jednotlivci:<\/strong>&nbsp;P\u0159eprava mal\u00fdch nebo velk\u00fdch mno\u017estv\u00ed tekutin, aerosol\u016f a gel\u016f je p\u0159\u00edsn\u011b zak\u00e1z\u00e1na, a to bez ohledu na zemi nebo kur\u00fdra.<\/p>\n\n\n\n<p><strong>Spole\u010dnosti:<\/strong>&nbsp;Podniky vyr\u00e1b\u011bj\u00edc\u00ed nebo prod\u00e1vaj\u00edc\u00ed kapaliny, aerosoly nebo gely je mohou zas\u00edlat po\u0161tou nebo kur\u00fdrn\u00ed slu\u017ebou na z\u00e1klad\u011b zvl\u00e1\u0161tn\u00edch dohod nebo prost\u0159ednictv\u00edm opr\u00e1vn\u011bn\u00fdch subjekt\u016f.<\/p>\n\n\n\n<figure class=\"wp-block-image\"><img decoding=\"async\" src=\"https:\/\/static.eurosender.com\/wp-content\/uploads\/2020\/05\/15070426\/BatteryProhibited.png\" alt=\"shipping batteries\" title=\"\"\/><\/figure>\n\n\n\n<p>Lithiov\u00e9 baterie<\/p>\n\n\n\n<p>Jednotlivci i firmy mohou zas\u00edlat z\u00e1silky obsahuj\u00edc\u00ed baterie po\u0161tou nebo kur\u00fdrn\u00ed slu\u017ebou. Doporu\u010duje se uchov\u00e1vat baterie uvnit\u0159 za\u0159\u00edzen\u00ed, ani\u017e by byly pln\u011b nabit\u00e9.<\/p>\n\n\n\n<figure class=\"wp-block-image\"><img decoding=\"async\" src=\"https:\/\/static.eurosender.com\/wp-content\/uploads\/2020\/05\/15083513\/SingleCell.png\" alt=\"\" title=\"\"\/><\/figure>\n\n\n\n<p><strong>Jedno\u010dl\u00e1nkov\u00e9 baterie:<\/strong><\/p>\n\n\n\n<p>Ne v\u00edce ne\u017e 2 \u010dl\u00e1nky, \u226420Wh<\/p>\n\n\n\n<figure class=\"wp-block-image\"><img decoding=\"async\" src=\"https:\/\/static.eurosender.com\/wp-content\/uploads\/2020\/05\/15083512\/MultiCell.png\" alt=\"\" title=\"\"\/><\/figure>\n\n\n\n<p><strong>V\u00edce\u010dl\u00e1nkov\u00e9 baterie<\/strong>:<\/p>\n\n\n\n<p>Ne v\u00edce ne\u017e 4 \u010dl\u00e1nky, \u2264100Wh<\/p>\n\n\n\n<figure class=\"wp-block-image\"><img decoding=\"async\" src=\"https:\/\/static.eurosender.com\/wp-content\/uploads\/2020\/05\/15070429\/Perishables.png\" alt=\"shipping perishable goods\" title=\"\"\/><\/figure>\n\n\n\n<p>Zbo\u017e\u00ed podl\u00e9haj\u00edc\u00ed rychl\u00e9 zk\u00e1ze<\/p>\n\n\n\n<p><strong>Jednotlivci:<\/strong>&nbsp;\u010cerstv\u00e9 potraviny a dal\u0161\u00ed zbo\u017e\u00ed podl\u00e9haj\u00edc\u00ed rychl\u00e9 zk\u00e1ze je zak\u00e1z\u00e1no p\u0159epravovat jednotliv\u011b z d\u016fvodu vysok\u00e9 mo\u017enosti po\u0161kozen\u00ed a po\u0161kozen\u00ed dal\u0161\u00edch okoln\u00edch z\u00e1silek. Pokud se jednotlivci rozhodnou p\u0159epravovat zbo\u017e\u00ed podl\u00e9haj\u00edc\u00ed rychl\u00e9 zk\u00e1ze, \u010din\u00ed tak na vlastn\u00ed nebezpe\u010d\u00ed.<\/p>\n\n\n\n<p><strong>Spole\u010dnosti<\/strong>: Podniky, kter\u00e9 vyr\u00e1b\u011bj\u00ed a prod\u00e1vaj\u00ed zbo\u017e\u00ed podl\u00e9haj\u00edc\u00ed rychl\u00e9 zk\u00e1ze, mohou toto zbo\u017e\u00ed p\u0159epravovat za ur\u010dit\u00fdch podm\u00ednek a p\u0159i spln\u011bn\u00ed nezbytn\u00fdch po\u017eadavk\u016f. K p\u0159eprav\u011b zbo\u017e\u00ed podl\u00e9haj\u00edc\u00edho zk\u00e1ze se obvykle pou\u017e\u00edvaj\u00ed p\u0159epravn\u00ed slu\u017eby s \u0159\u00edzenou teplotou.<\/p>\n\n\n\n<figure class=\"wp-block-image\"><img decoding=\"async\" src=\"https:\/\/static.eurosender.com\/wp-content\/uploads\/2020\/05\/15070427\/Fragile.png\" alt=\"shipping fragile\" title=\"\"\/><\/figure>\n\n\n\n<p>K\u0159ehk\u00e9 p\u0159edm\u011bty<\/p>\n\n\n\n<p><strong>Jednotlivci:&nbsp;<\/strong>K\u0159ehk\u00e9 p\u0159edm\u011bty se mohou b\u011bhem p\u0159epravy snadno po\u0161kodit, a proto by je nem\u011bly p\u0159epravovat jednotlivci. Pokud se jednotlivec rozhodne k\u0159ehk\u00e9 p\u0159edm\u011bty p\u0159epravovat, \u010din\u00ed tak na vlastn\u00ed nebezpe\u010d\u00ed.<\/p>\n\n\n\n<p><strong>Spole\u010dnosti<\/strong>: Podniky, kter\u00e9 zas\u00edlaj\u00ed k\u0159ehk\u00e9 zbo\u017e\u00ed, maj\u00ed obvykle p\u0159edem dohodnut\u00e9 podm\u00ednky s kur\u00fdrn\u00edmi spole\u010dnostmi, a proto je mohou zas\u00edlat.<\/p>\n\n\n\n<figure class=\"wp-block-image\"><img decoding=\"async\" src=\"https:\/\/static.eurosender.com\/wp-content\/uploads\/2020\/05\/15070427\/Flammable.png\" alt=\"shipping flammable items\" title=\"\"\/><\/figure>\n\n\n\n<p>Toxick\u00e9, ho\u0159lav\u00e9 nebo nebezpe\u010dn\u00e9 v\u00fdrobky<\/p>\n\n\n\n<p><strong>Jednotlivci:<\/strong>&nbsp;V\u00fdrobky obsahuj\u00edc\u00ed toxick\u00e9, ho\u0159lav\u00e9 nebo nebezpe\u010dn\u00e9 l\u00e1tky je zak\u00e1z\u00e1no zas\u00edlat. Zas\u00edl\u00e1n\u00ed t\u011bchto typ\u016f v\u00fdrobk\u016f je na vlastn\u00ed nebezpe\u010d\u00ed.<\/p>\n\n\n\n<p><strong>Spole\u010dnosti<\/strong>: Podniky, kter\u00e9 vyr\u00e1b\u011bj\u00ed nebo distribuuj\u00ed v\u00fdrobky obsahuj\u00edc\u00ed toxick\u00e9, ho\u0159lav\u00e9 nebo nebezpe\u010dn\u00e9 slo\u017eky, je mohou p\u0159epravovat prost\u0159ednictv\u00edm autorizovan\u00fdch poskytovatel\u016f logistick\u00fdch slu\u017eeb.<\/p>\n\n\n\n<figure class=\"wp-block-image\"><img decoding=\"async\" src=\"https:\/\/static.eurosender.com\/wp-content\/uploads\/2020\/05\/15070425\/Arms.png\" alt=\"shipping arms and ammunition\" title=\"\"\/><\/figure>\n\n\n\n<p>St\u0159eln\u00e9 zbran\u011b a st\u0159elivo<\/p>\n\n\n\n<p>P\u0159eprava st\u0159eln\u00fdch zbran\u00ed a st\u0159eliva je p\u0159\u00edsn\u011b regulov\u00e1na. Proto mohou st\u0159eln\u00e9 zbran\u011b a st\u0159elivo p\u0159epravovat pouze opr\u00e1vn\u011bn\u00e9 podniky prost\u0159ednictv\u00edm licencovan\u00fdch a specializovan\u00fdch logistick\u00fdch poskytovatel\u016f.<\/p>","protected":false},"excerpt":{"rendered":"<p>\ud83d\udeab Dangerous Goods &amp; Prohibited Items in Shipments When preparing your shipment, it&#8217;s important to understand what items are considered dangerous goods or prohibited items under European Union and international shipping regulations. These rules exist to ensure the safety of transport personnel, customs agents, and the general public. Common items that may be restricted or [&hellip;]<\/p>\n","protected":false},"author":1,"featured_media":0,"parent":0,"menu_order":0,"comment_status":"closed","ping_status":"closed","template":"","meta":{"_eb_attr":"","_eb_data_table":"","site-sidebar-layout":"default","site-content-layout":"","ast-site-content-layout":"default","site-content-style":"default","site-sidebar-style":"default","ast-global-header-display":"","ast-banner-title-visibility":"","ast-main-header-display":"","ast-hfb-above-header-display":"","ast-hfb-below-header-display":"","ast-hfb-mobile-header-display":"","site-post-title":"","ast-breadcrumbs-content":"","ast-featured-img":"","footer-sml-layout":"","ast-disable-related-posts":"","theme-transparent-header-meta":"","adv-header-id-meta":"","stick-header-meta":"","header-above-stick-meta":"","header-main-stick-meta":"","header-below-stick-meta":"","astra-migrate-meta-layouts":"set","ast-page-background-enabled":"default","ast-page-background-meta":{"desktop":{"background-color":"var(--ast-global-color-4)","background-image":"","background-repeat":"repeat","background-position":"center center","background-size":"auto","background-attachment":"scroll","background-type":"","background-media":"","overlay-type":"","overlay-color":"","overlay-opacity":"","overlay-gradient":""},"tablet":{"background-color":"","background-image":"","background-repeat":"repeat","background-position":"center center","background-size":"auto","background-attachment":"scroll","background-type":"","background-media":"","overlay-type":"","overlay-color":"","overlay-opacity":"","overlay-gradient":""},"mobile":{"background-color":"","background-image":"","background-repeat":"repeat","background-position":"center center","background-size":"auto","background-attachment":"scroll","background-type":"","background-media":"","overlay-type":"","overlay-color":"","overlay-opacity":"","overlay-gradient":""}},"ast-content-background-meta":{"desktop":{"background-color":"var(--ast-global-color-5)","background-image":"","background-repeat":"repeat","background-position":"center center","background-size":"auto","background-attachment":"scroll","background-type":"","background-media":"","overlay-type":"","overlay-color":"","overlay-opacity":"","overlay-gradient":""},"tablet":{"background-color":"var(--ast-global-color-5)","background-image":"","background-repeat":"repeat","background-position":"center center","background-size":"auto","background-attachment":"scroll","background-type":"","background-media":"","overlay-type":"","overlay-color":"","overlay-opacity":"","overlay-gradient":""},"mobile":{"background-color":"var(--ast-global-color-5)","background-image":"","background-repeat":"repeat","background-position":"center center","background-size":"auto","background-attachment":"scroll","background-type":"","background-media":"","overlay-type":"","overlay-color":"","overlay-opacity":"","overlay-gradient":""}},"footnotes":""},"class_list":["post-14271","page","type-page","status-publish","hentry"],"_links":{"self":[{"href":"https:\/\/relocations.io\/portal\/cs\/wp-json\/wp\/v2\/pages\/14271","targetHints":{"allow":["GET"]}}],"collection":[{"href":"https:\/\/relocations.io\/portal\/cs\/wp-json\/wp\/v2\/pages"}],"about":[{"href":"https:\/\/relocations.io\/portal\/cs\/wp-json\/wp\/v2\/types\/page"}],"author":[{"embeddable":true,"href":"https:\/\/relocations.io\/portal\/cs\/wp-json\/wp\/v2\/users\/1"}],"replies":[{"embeddable":true,"href":"https:\/\/relocations.io\/portal\/cs\/wp-json\/wp\/v2\/comments?post=14271"}],"version-history":[{"count":1,"href":"https:\/\/relocations.io\/portal\/cs\/wp-json\/wp\/v2\/pages\/14271\/revisions"}],"predecessor-version":[{"id":14272,"href":"https:\/\/relocations.io\/portal\/cs\/wp-json\/wp\/v2\/pages\/14271\/revisions\/14272"}],"wp:attachment":[{"href":"https:\/\/relocations.io\/portal\/cs\/wp-json\/wp\/v2\/media?parent=14271"}],"curies":[{"name":"wp","href":"https:\/\/api.w.org\/{rel}","templated":true}]}}