{"id":8881,"date":"2024-08-27T18:07:59","date_gmt":"2024-08-27T17:07:59","guid":{"rendered":"https:\/\/relocations.io\/?page_id=8881"},"modified":"2024-08-27T18:11:47","modified_gmt":"2024-08-27T17:11:47","slug":"conditions-daffiliation-conditions","status":"publish","type":"page","link":"https:\/\/relocations.io\/fr\/partenaires\/conditions-daffiliation-conditions\/","title":{"rendered":"Conditions d'affiliation"},"content":{"rendered":"<h3 class=\"wp-block-heading\" id=\"h-affiliate-program-terms-and-conditions-for-relocations-io\"><strong>Conditions g\u00e9n\u00e9rales du programme d'affiliation de Relocations.io<\/strong><\/h3>\n\n\n\n<p>Bienvenue dans le programme d'affiliation de Relocations.io ! En rejoignant ce programme, vous acceptez les termes et conditions d\u00e9crits ici, ainsi que les conditions g\u00e9n\u00e9rales de Relocations.io. <a href=\"http:\/\/privacy-policy\">Conditions d'utilisation et politique de confidentialit\u00e9 de Relocations.io<\/a>. Veuillez lire attentivement ces lignes directrices avant de vous inscrire.<\/p>\n\n\n\n<hr class=\"wp-block-separator has-alpha-channel-opacity\"\/>\n\n\n\n<h3 class=\"wp-block-heading\"><strong>1. Participation au programme<\/strong><\/h3>\n\n\n\n<p>En tant qu'affili\u00e9 autoris\u00e9, votre r\u00f4le est de promouvoir les services de Relocations.io et de gagner des commissions sur les ventes g\u00e9n\u00e9r\u00e9es par vos recommandations. Que ce soit par le biais de votre site web, de vos canaux de m\u00e9dias sociaux ou de recommandations directes, vous \u00eates responsable d'une promotion \u00e9thique et l\u00e9gale.<\/p>\n\n\n\n<h3 class=\"wp-block-heading\"><strong>2. Approbation et rejet de la demande<\/strong><\/h3>\n\n\n\n<p>Relocations.io se r\u00e9serve le droit d'accepter ou de rejeter toute demande d'affiliation \u00e0 sa seule discr\u00e9tion. Si votre candidature est rejet\u00e9e, aucun recours juridique n'est possible. Votre participation au programme est conditionn\u00e9e \u00e0 notre approbation.<\/p>\n\n\n\n<h3 class=\"wp-block-heading\"><strong>3. Les commissions<\/strong><\/h3>\n\n\n\n<ul class=\"wp-block-list\">\n<li><strong>Calendrier de paiement :<\/strong>\u00a0Les commissions sont pay\u00e9es mensuellement.<\/li>\n\n\n\n<li><strong>L'\u00e9ligibilit\u00e9 :<\/strong>\u00a0Les personnes recommand\u00e9es doivent rester actives pendant au moins 31 jours pour pouvoir b\u00e9n\u00e9ficier d'une commission.<\/li>\n\n\n\n<li><strong>Pas d'autor\u00e9f\u00e9rence :<\/strong>\u00a0Il est interdit de se recommander soi-m\u00eame ou de g\u00e9n\u00e9rer des commissions sur ses propres achats.<\/li>\n\n\n\n<li><strong>Fraude et r\u00e9trofacturation :<\/strong>\u00a0Les commissions ne sont vers\u00e9es que sur des transactions l\u00e9gitimes et achev\u00e9es. Toute activit\u00e9 frauduleuse, r\u00e9trofacturation ou remboursement entra\u00eene l'exclusion de la commission.<\/li>\n<\/ul>\n\n\n\n<h3 class=\"wp-block-heading\"><strong>4. R\u00e9siliation et suspension<\/strong><\/h3>\n\n\n\n<p>Votre participation peut \u00eatre suspendue ou r\u00e9sili\u00e9e si vous vous livrez \u00e0 l'une des activit\u00e9s suivantes :<\/p>\n\n\n\n<ul class=\"wp-block-list\">\n<li><strong>Promotions inappropri\u00e9es :<\/strong>\u00a0Y compris les fausses all\u00e9gations, les liens trompeurs ou le marketing trompeur.<\/li>\n\n\n\n<li><strong>Tactiques de spam :<\/strong>\u00a0Par exemple, l'envoi massif de courriels ou la publication de messages non pertinents dans les groupes de discussion.<\/li>\n\n\n\n<li><strong>Activit\u00e9 ill\u00e9gale :<\/strong>\u00a0Promotion sur des sites web impliqu\u00e9s dans des activit\u00e9s ill\u00e9gales.<\/li>\n\n\n\n<li><strong>Violations de la propri\u00e9t\u00e9 intellectuelle :<\/strong>\u00a0Utilisation non autoris\u00e9e des marques, logos ou m\u00e9dias de Relocations.io.<\/li>\n\n\n\n<li><strong>Incitations non autoris\u00e9es :<\/strong>\u00a0Offrir des rabais, des coupons ou des r\u00e9compenses non approuv\u00e9s dans le cadre de votre strat\u00e9gie promotionnelle.<\/li>\n<\/ul>\n\n\n\n<p>Relocations.io se r\u00e9serve le droit de r\u00e9silier votre compte d'affili\u00e9 \u00e0 tout moment pour toute violation ou sans raison si cela est jug\u00e9 n\u00e9cessaire.<\/p>\n\n\n\n<h3 class=\"wp-block-heading\"><strong>5. Liens d'affiliation et promotions<\/strong><\/h3>\n\n\n\n<p>Vous \u00eates autoris\u00e9 \u00e0 utiliser les liens graphiques et textuels que nous vous fournissons ou \u00e0 cr\u00e9er votre propre contenu promotionnel. Tout le contenu doit \u00eatre conforme aux lignes directrices de notre marque et aux conditions \u00e9nonc\u00e9es ici. En outre :<\/p>\n\n\n\n<ul class=\"wp-block-list\">\n<li>Vous pouvez promouvoir vos liens via des sites web, des m\u00e9dias sociaux, des courriels ou d'autres canaux.<\/li>\n\n\n\n<li>Vous devez vous assurer que vos efforts de promotion sont \u00e9thiques et conformes \u00e0 toutes les r\u00e9glementations applicables, y compris les directives de l'Union europ\u00e9enne.<\/li>\n<\/ul>\n\n\n\n<h3 class=\"wp-block-heading\"><strong>6. Lignes directrices en mati\u00e8re de marketing et de promotion<\/strong><\/h3>\n\n\n\n<p>Les affili\u00e9s doivent :<\/p>\n\n\n\n<ul class=\"wp-block-list\">\n<li>Veiller \u00e0 ce que tout le contenu marketing soit exact, transparent et n'induise pas en erreur les clients potentiels.<\/li>\n\n\n\n<li>\u00c9vitez toute tactique consistant \u00e0 ench\u00e9rir sur des mots-cl\u00e9s de marque ou \u00e0 vous engager dans des campagnes PPC sans autorisation \u00e9crite pr\u00e9alable.<\/li>\n<\/ul>\n\n\n\n<h3 class=\"wp-block-heading\"><strong>7. Sites de coupons et de bonnes affaires<\/strong><\/h3>\n\n\n\n<p>Si vous faites la promotion de nos produits par l'interm\u00e9diaire d'un site d'offres ou de coupons, veuillez respecter ces lignes directrices :<\/p>\n\n\n\n<ul class=\"wp-block-list\">\n<li>N'utilisez pas de langage trompeur sugg\u00e9rant des r\u00e9ductions non autoris\u00e9es.<\/li>\n\n\n\n<li>Ne pas promouvoir des coupons non attribu\u00e9s ou non officiels.<\/li>\n\n\n\n<li>Assurez-vous que le visiteur voit les d\u00e9tails du coupon avant d'installer des cookies d'affiliation.<\/li>\n<\/ul>\n\n\n\n<h3 class=\"wp-block-heading\"><strong>8. Seuil de paiement minimum<\/strong><\/h3>\n\n\n\n<p>Relocations.io peut fixer un seuil minimum de paiement afin de rationaliser les processus de paiement. Vous devez atteindre ce seuil avant que tout paiement ne soit effectu\u00e9.<\/p>\n\n\n\n<h3 class=\"wp-block-heading\"><strong>9. Clauses de non-concurrence et d'exclusivit\u00e9<\/strong><\/h3>\n\n\n\n<p>Selon votre fonction, vous pouvez \u00eatre soumis \u00e0 des clauses de non-concurrence ou d'exclusivit\u00e9 pour \u00e9viter de promouvoir des concurrents directs.<\/p>\n\n\n\n<h3 class=\"wp-block-heading\"><strong>10. Examens des performances des affili\u00e9s<\/strong><\/h3>\n\n\n\n<p>Votre compte peut faire l'objet d'un examen p\u00e9riodique bas\u00e9 sur les performances, la conformit\u00e9 et la contribution au programme. Les affili\u00e9s peu performants ou qui ne respectent pas les r\u00e8gles peuvent voir leurs commissions r\u00e9duites ou \u00eatre exclus du programme.<\/p>\n\n\n\n<h3 class=\"wp-block-heading\"><strong>11. Contr\u00f4le de la fraude<\/strong><\/h3>\n\n\n\n<p>Nous surveillons activement les activit\u00e9s pour d\u00e9tecter tout signe de fraude ou d'abus. Tout comportement frauduleux d\u00e9tect\u00e9 entra\u00eenera une r\u00e9siliation imm\u00e9diate et la perte des commissions gagn\u00e9es.<\/p>\n\n\n\n<h3 class=\"wp-block-heading\"><strong>12. Rapports sur les donn\u00e9es et analyses<\/strong><\/h3>\n\n\n\n<p>Les affili\u00e9s ont acc\u00e8s aux mesures de performance, y compris les clics, les conversions et les gains, par le biais de notre portail d'affiliation.<\/p>\n\n\n\n<h3 class=\"wp-block-heading\"><strong>13. Clause de r\u00e9siliation du programme<\/strong><\/h3>\n\n\n\n<p>Relocations.io se r\u00e9serve le droit de mettre fin au programme ou aux comptes individuels des affili\u00e9s \u00e0 tout moment. Les affili\u00e9s seront inform\u00e9s de l'arr\u00eat du programme.<\/p>\n\n\n\n<h3 class=\"wp-block-heading\"><strong>14. Responsabilit\u00e9s des affili\u00e9s<\/strong><\/h3>\n\n\n\n<p>Les affili\u00e9s sont responsables du respect des normes l\u00e9gales, r\u00e9glementaires et \u00e9thiques. Relocations.io d\u00e9cline toute responsabilit\u00e9 pour les dommages indirects ou les interruptions du programme.<\/p>\n\n\n\n<h3 class=\"wp-block-heading\"><strong>15. Dur\u00e9e de l'accord et modifications<\/strong><\/h3>\n\n\n\n<p>Le pr\u00e9sent accord entre en vigueur d\u00e8s que vous soumettez la demande d'affiliation et restera en vigueur jusqu'\u00e0 ce qu'il soit r\u00e9sili\u00e9. Nous pouvons modifier les conditions \u00e0 tout moment. En continuant \u00e0 participer, vous acceptez ces modifications.<\/p>\n\n\n\n<h3 class=\"wp-block-heading\"><strong>16. Affili\u00e9s internes et programme de partenariat<\/strong><\/h3>\n\n\n\n<p>Les affili\u00e9s internes et les partenaires externes doivent respecter ces conditions. Pour plus de d\u00e9tails, veuillez consulter notre <a href=\"\/partners\/\">Page du programme de partenariat et page du programme d'affiliation<\/a>.<\/p>\n\n\n\n<h3 class=\"wp-block-heading\"><strong>17. Indemnisation<\/strong><\/h3>\n\n\n\n<p>Les affili\u00e9s acceptent d'indemniser et de d\u00e9gager de toute responsabilit\u00e9 Relocations.io et ses repr\u00e9sentants en cas de r\u00e9clamations ou de litiges d\u00e9coulant de leurs activit\u00e9s dans le cadre de cet accord.<\/p>\n\n\n\n<h3 class=\"wp-block-heading\"><strong>18. R\u00e9solution des litiges<\/strong><\/h3>\n\n\n\n<p>Tout litige sera trait\u00e9 en toute bonne foi, la m\u00e9diation \u00e9tant la premi\u00e8re \u00e9tape. Les questions non r\u00e9solues peuvent faire l'objet d'un arbitrage contraignant.<\/p>\n\n\n\n<h3 class=\"wp-block-heading\"><strong>19. Accord sur la signature \u00e9lectronique<\/strong><\/h3>\n\n\n\n<p>En remplissant le formulaire d'affiliation de Relocations.io, vous acceptez les termes de cet accord. Votre soumission constitue une signature \u00e9lectronique ayant la m\u00eame valeur juridique qu'une signature manuscrite.<\/p>\n\n\n\n<h3 class=\"wp-block-heading\"><strong>20. Informations sur les contacts<\/strong><\/h3>\n\n\n\n<p>Pour toute question ou information compl\u00e9mentaire concernant ces conditions, <a href=\"http:\/\/contact\">n'h\u00e9sitez pas \u00e0 nous contacter sur notre page de contact<\/a>.<\/p>\n\n\n\n<div class=\"wp-block-buttons is-horizontal is-content-justification-center is-layout-flex wp-container-core-buttons-is-layout-499968f5 wp-block-buttons-is-layout-flex\">\n<div class=\"wp-block-button has-custom-width wp-block-button__width-50\"><a class=\"wp-block-button__link has-text-align-center wp-element-button\" href=\"https:\/\/relocations.io\/partners\/\">Retour \u00e0 la page des partenaires<\/a><\/div>\n<\/div>","protected":false},"excerpt":{"rendered":"<p>Affiliate Program Terms and Conditions for Relocations.io Welcome to the Relocations.io Affiliate Program! By joining this program, you agree to the terms and conditions outlined here, as well as the broader Relocations.io Terms of Use and Privacy Policy. Please carefully review these guidelines before enrolling. 1. Program Participation As an authorized affiliate, your role is [&hellip;]<\/p>","protected":false},"author":1,"featured_media":0,"parent":8282,"menu_order":0,"comment_status":"closed","ping_status":"closed","template":"","meta":{"footnotes":""},"class_list":["post-8881","page","type-page","status-publish","hentry"],"jetpack-related-posts":[{"id":9050,"url":"https:\/\/relocations.io\/fr\/politique-de-confidentialite\/","url_meta":{"origin":8881,"position":0},"title":"Politique de confidentialit\u00e9","author":"Relocations.io","date":"novembre 3, 2022","format":false,"excerpt":"Privacy Policy | Terms of Use | Terms and Conditions Our Privacy Policy, Terms of Use and Terms & Conditions for Relocations.io & Arribas D'Aventura LDA and Arribas D'Aventura LLC Updated 15 July 2024 We update all our policies often according to law changes which effect the operations of Relocations.io\u2026","rel":"","context":"Article similaire","block_context":{"text":"Article similaire","link":""},"img":{"alt_text":"","src":"","width":0,"height":0},"classes":[]},{"id":8282,"url":"https:\/\/relocations.io\/fr\/partenaires\/","url_meta":{"origin":8881,"position":1},"title":"Partenaires","author":"Relocations.io","date":"ao\u00fbt 19, 2024","format":false,"excerpt":"Affiliate & Partner Portal Login Become a Partner At Relocations.io, we collaborate with a trusted network of partners across Europe to provide seamless and comprehensive relocation services tailored to our clients\u2019 needs. Our partnerships enable us to offer an extensive range of solutions, from property management and legal support to\u2026","rel":"","context":"Article similaire","block_context":{"text":"Article similaire","link":""},"img":{"alt_text":"","src":"https:\/\/i0.wp.com\/relocations.io\/wp-content\/uploads\/2024\/08\/7-3-1024x512.jpg?resize=350%2C200&ssl=1","width":350,"height":200,"srcset":"https:\/\/i0.wp.com\/relocations.io\/wp-content\/uploads\/2024\/08\/7-3-1024x512.jpg?resize=350%2C200&ssl=1 1x, https:\/\/i0.wp.com\/relocations.io\/wp-content\/uploads\/2024\/08\/7-3-1024x512.jpg?resize=525%2C300&ssl=1 1.5x, https:\/\/i0.wp.com\/relocations.io\/wp-content\/uploads\/2024\/08\/7-3-1024x512.jpg?resize=700%2C400&ssl=1 2x"},"classes":[]},{"id":3,"url":"https:\/\/relocations.io\/fr\/?elementor_library=default-kit","url_meta":{"origin":8881,"position":2},"title":"Default Kit","author":"Relocations.io","date":"octobre 11, 2022","format":false,"excerpt":"","rel":"","context":"Article similaire","block_context":{"text":"Article similaire","link":""},"img":{"alt_text":"","src":"","width":0,"height":0},"classes":[]},{"id":8665,"url":"https:\/\/relocations.io\/fr\/partenaires\/affilies\/","url_meta":{"origin":8881,"position":3},"title":"Portail des affili\u00e9s","author":"Relocations.io","date":"ao\u00fbt 21, 2024","format":false,"excerpt":"[solid_affiliate_portal]","rel":"","context":"Article similaire","block_context":{"text":"Article similaire","link":""},"img":{"alt_text":"","src":"","width":0,"height":0},"classes":[]},{"id":7481,"url":"https:\/\/relocations.io\/fr\/demande-de-devis-dexpedition-hhg\/","url_meta":{"origin":8881,"position":4},"title":"Demande de devis d'exp\u00e9dition HHG","author":"Relocations.io","date":"mars 1, 2024","format":false,"excerpt":"","rel":"","context":"Article similaire","block_context":{"text":"Article similaire","link":""},"img":{"alt_text":"","src":"","width":0,"height":0},"classes":[]},{"id":8798,"url":"https:\/\/relocations.io\/fr\/relocalisations-io-shop\/","url_meta":{"origin":8881,"position":5},"title":"Boutique Relocations.io","author":"Relocations.io","date":"ao\u00fbt 25, 2024","format":false,"excerpt":"","rel":"","context":"Article similaire","block_context":{"text":"Article similaire","link":""},"img":{"alt_text":"","src":"","width":0,"height":0},"classes":[]}],"jetpack_sharing_enabled":true,"_links":{"self":[{"href":"https:\/\/relocations.io\/fr\/wp-json\/wp\/v2\/pages\/8881","targetHints":{"allow":["GET"]}}],"collection":[{"href":"https:\/\/relocations.io\/fr\/wp-json\/wp\/v2\/pages"}],"about":[{"href":"https:\/\/relocations.io\/fr\/wp-json\/wp\/v2\/types\/page"}],"author":[{"embeddable":true,"href":"https:\/\/relocations.io\/fr\/wp-json\/wp\/v2\/users\/1"}],"replies":[{"embeddable":true,"href":"https:\/\/relocations.io\/fr\/wp-json\/wp\/v2\/comments?post=8881"}],"version-history":[{"count":0,"href":"https:\/\/relocations.io\/fr\/wp-json\/wp\/v2\/pages\/8881\/revisions"}],"up":[{"embeddable":true,"href":"https:\/\/relocations.io\/fr\/wp-json\/wp\/v2\/pages\/8282"}],"wp:attachment":[{"href":"https:\/\/relocations.io\/fr\/wp-json\/wp\/v2\/media?parent=8881"}],"curies":[{"name":"wp","href":"https:\/\/api.w.org\/{rel}","templated":true}]}}