{"id":8804,"date":"2024-08-25T11:45:18","date_gmt":"2024-08-25T10:45:18","guid":{"rendered":"https:\/\/relocations.io\/?page_id=8804"},"modified":"2024-08-25T11:45:23","modified_gmt":"2024-08-25T10:45:23","slug":"chariot","status":"publish","type":"page","link":"https:\/\/relocations.io\/fr\/boutique\/chariot\/","title":{"rendered":"Chariot"},"content":{"rendered":"<div class=\"wp-block-woocommerce-cart alignwide is-loading\">\n<div class=\"wp-block-woocommerce-filled-cart-block\">\n<div class=\"wp-block-woocommerce-cart-items-block\">\n<div class=\"wp-block-woocommerce-cart-line-items-block\"><\/div>\n\n\n\n<div class=\"wp-block-woocommerce-cart-cross-sells-block\">\n<h2 class=\"wp-block-heading has-large-font-size\">Vous pourriez \u00eatre int\u00e9ress\u00e9 par...<\/h2>\n\n\n\n<div class=\"wp-block-woocommerce-cart-cross-sells-products-block\"><\/div>\n<\/div>\n<\/div>\n\n\n\n<div class=\"wp-block-woocommerce-cart-totals-block\">\n<div class=\"wp-block-woocommerce-cart-order-summary-block\">\n<div class=\"wp-block-woocommerce-cart-order-summary-heading-block\"><\/div>\n\n\n\n<div class=\"wp-block-woocommerce-cart-order-summary-coupon-form-block\"><\/div>\n\n\n\n<div class=\"wp-block-woocommerce-cart-order-summary-totals-block\">\n<div class=\"wp-block-woocommerce-cart-order-summary-subtotal-block\"><\/div>\n\n\n\n<div class=\"wp-block-woocommerce-cart-order-summary-fee-block\"><\/div>\n\n\n\n<div class=\"wp-block-woocommerce-cart-order-summary-discount-block\"><\/div>\n\n\n\n<div class=\"wp-block-woocommerce-cart-order-summary-shipping-block\"><\/div>\n\n\n\n<div class=\"wp-block-woocommerce-cart-order-summary-taxes-block\"><\/div>\n<\/div>\n<\/div>\n\n\n\n<div class=\"wp-block-woocommerce-cart-express-payment-block\"><\/div>\n\n\n\n<div class=\"wp-block-woocommerce-proceed-to-checkout-block\"><\/div>\n\n\n\n<div class=\"wp-block-woocommerce-cart-accepted-payment-methods-block\"><\/div>\n<\/div>\n<\/div>\n\n\n\n<div class=\"wp-block-woocommerce-empty-cart-block\">\n<h2 class=\"wp-block-heading has-text-align-center with-empty-cart-icon wc-block-cart__empty-cart__title\" id=\"h-your-cart-is-currently-empty\">Votre panier est actuellement vide !<\/h2>\n\n\n\n<p class=\"has-text-align-center\"><a href=\"https:\/\/relocations.io\/shop\/\">Parcourir la boutique<\/a><\/p>\n\n\n\n<hr class=\"wp-block-separator has-alpha-channel-opacity is-style-dots\"\/>\n\n\n\n<h2 class=\"wp-block-heading has-text-align-center\" id=\"h-new-in-store\">Nouveau en magasin<\/h2>\n\n\n<\/div>\n<\/div>","protected":false},"excerpt":{"rendered":"","protected":false},"author":1,"featured_media":0,"parent":8801,"menu_order":0,"comment_status":"closed","ping_status":"closed","template":"","meta":{"footnotes":""},"class_list":["post-8804","page","type-page","status-publish","hentry"],"jetpack-related-posts":[{"id":62269,"url":"https:\/\/relocations.io\/fr\/boutique-a-la-carte\/","url_meta":{"origin":8804,"position":0},"title":"Boutique A-La-Carte","author":"Relocations.io","date":"octobre 30, 2024","format":false,"excerpt":"Visitez notre boutique A-La-Carte pour des produits individuels.","rel":"","context":"Article similaire","block_context":{"text":"Article similaire","link":""},"img":{"alt_text":"","src":"","width":0,"height":0},"classes":[]},{"id":3,"url":"https:\/\/relocations.io\/fr\/?elementor_library=default-kit","url_meta":{"origin":8804,"position":1},"title":"Default Kit","author":"Relocations.io","date":"octobre 11, 2022","format":false,"excerpt":"","rel":"","context":"Article similaire","block_context":{"text":"Article similaire","link":""},"img":{"alt_text":"","src":"","width":0,"height":0},"classes":[]},{"id":9050,"url":"https:\/\/relocations.io\/fr\/politique-de-confidentialite\/","url_meta":{"origin":8804,"position":2},"title":"Politique de confidentialit\u00e9","author":"Relocations.io","date":"novembre 3, 2022","format":false,"excerpt":"Privacy Policy | Terms of Use | Terms and Conditions Our Privacy Policy, Terms of Use and Terms & Conditions for Relocations.io & Arribas D'Aventura LDA and Arribas D'Aventura LLC Updated 15 July 2024 We update all our policies often according to law changes which effect the operations of Relocations.io\u2026","rel":"","context":"Article similaire","block_context":{"text":"Article similaire","link":""},"img":{"alt_text":"","src":"","width":0,"height":0},"classes":[]},{"id":7517,"url":"https:\/\/relocations.io\/fr\/services\/","url_meta":{"origin":8804,"position":3},"title":"Emballages","author":"Relocations.io","date":"novembre 10, 2022","format":false,"excerpt":"Relocations.io Packages One Process at a Time. Book a Free Call WhatsApp +351 262 010 259 Lets's Chat Packages Choose from Custom Packages Bundled Services Customized to your needs Usually Long term Flexible Services Premier & Premium Service Offerings Book a Call Relocations.io Get a Packaged solution Premier experts in\u2026","rel":"","context":"Article similaire","block_context":{"text":"Article similaire","link":""},"img":{"alt_text":"","src":"https:\/\/i0.wp.com\/relocations.io\/wp-content\/uploads\/Blog1.0-2.png?resize=350%2C200&ssl=1","width":350,"height":200,"srcset":"https:\/\/i0.wp.com\/relocations.io\/wp-content\/uploads\/Blog1.0-2.png?resize=350%2C200&ssl=1 1x, https:\/\/i0.wp.com\/relocations.io\/wp-content\/uploads\/Blog1.0-2.png?resize=525%2C300&ssl=1 1.5x, https:\/\/i0.wp.com\/relocations.io\/wp-content\/uploads\/Blog1.0-2.png?resize=700%2C400&ssl=1 2x, https:\/\/i0.wp.com\/relocations.io\/wp-content\/uploads\/Blog1.0-2.png?resize=1050%2C600&ssl=1 3x, https:\/\/i0.wp.com\/relocations.io\/wp-content\/uploads\/Blog1.0-2.png?resize=1400%2C800&ssl=1 4x"},"classes":[]},{"id":7491,"url":"https:\/\/relocations.io\/fr\/reserver-un-appel-2\/","url_meta":{"origin":8804,"position":4},"title":"R\u00e9server un appel d'introduction gratuit","author":"Relocations.io","date":"f\u00e9vrier 18, 2024","format":false,"excerpt":"Relocations.io Book a Free Call Introductory & Discovery Call WhatsApp +351 262 010 259 Lets's Chat Introductory & Discovery Free Call \"*\" indicates required fields Step 1 of 2 50% Email*Please use a valid email. Consent*By selecting \"submit\" you agree that the information on this form is accurate and represents\u2026","rel":"","context":"Article similaire","block_context":{"text":"Article similaire","link":""},"img":{"alt_text":"","src":"","width":0,"height":0},"classes":[]},{"id":8779,"url":"https:\/\/relocations.io\/fr\/confirmation-de-reservation\/","url_meta":{"origin":8804,"position":5},"title":"Confirmation de r\u00e9servation","author":"Relocations.io","date":"ao\u00fbt 24, 2024","format":false,"excerpt":"Booking Scheduled Thank you for your booking! It has been successfully scheduled, and we\u2019re looking forward to meeting you. Please check your email for the confirmation details. If you don\u2019t see it, it may have landed in your junk or spam folder\u2014be sure to mark our emails as safe to\u2026","rel":"","context":"Article similaire","block_context":{"text":"Article similaire","link":""},"img":{"alt_text":"","src":"https:\/\/i0.wp.com\/relocations.io\/wp-content\/uploads\/2024\/08\/Sliding-Logo-3.png?resize=350%2C200&ssl=1","width":350,"height":200,"srcset":"https:\/\/i0.wp.com\/relocations.io\/wp-content\/uploads\/2024\/08\/Sliding-Logo-3.png?resize=350%2C200&ssl=1 1x, https:\/\/i0.wp.com\/relocations.io\/wp-content\/uploads\/2024\/08\/Sliding-Logo-3.png?resize=525%2C300&ssl=1 1.5x"},"classes":[]}],"jetpack_sharing_enabled":true,"_links":{"self":[{"href":"https:\/\/relocations.io\/fr\/wp-json\/wp\/v2\/pages\/8804","targetHints":{"allow":["GET"]}}],"collection":[{"href":"https:\/\/relocations.io\/fr\/wp-json\/wp\/v2\/pages"}],"about":[{"href":"https:\/\/relocations.io\/fr\/wp-json\/wp\/v2\/types\/page"}],"author":[{"embeddable":true,"href":"https:\/\/relocations.io\/fr\/wp-json\/wp\/v2\/users\/1"}],"replies":[{"embeddable":true,"href":"https:\/\/relocations.io\/fr\/wp-json\/wp\/v2\/comments?post=8804"}],"version-history":[{"count":0,"href":"https:\/\/relocations.io\/fr\/wp-json\/wp\/v2\/pages\/8804\/revisions"}],"up":[{"embeddable":true,"href":"https:\/\/relocations.io\/fr\/wp-json\/wp\/v2\/pages\/8801"}],"wp:attachment":[{"href":"https:\/\/relocations.io\/fr\/wp-json\/wp\/v2\/media?parent=8804"}],"curies":[{"name":"wp","href":"https:\/\/api.w.org\/{rel}","templated":true}]}}