{"id":8282,"date":"2024-08-19T17:03:04","date_gmt":"2024-08-19T16:03:04","guid":{"rendered":"https:\/\/relocations.io\/?page_id=8282"},"modified":"2024-09-24T11:20:11","modified_gmt":"2024-09-24T10:20:11","slug":"partenaires","status":"publish","type":"page","link":"https:\/\/relocations.io\/fr\/partenaires\/","title":{"rendered":"Partenaires"},"content":{"rendered":"<div data-elementor-type=\"wp-page\" data-elementor-id=\"8282\" class=\"elementor elementor-8282\" data-elementor-settings=\"{&quot;ha_cmc_init_switcher&quot;:&quot;no&quot;}\" data-elementor-post-type=\"page\">\n\t\t\t\t<div class=\"elementor-element elementor-element-a51999b e-flex e-con-boxed e-con e-parent\" data-id=\"a51999b\" data-element_type=\"container\" data-settings=\"{&quot;_ha_eqh_enable&quot;:false}\">\n\t\t\t\t\t<div class=\"e-con-inner\">\n\t\t\t\t<div class=\"elementor-element elementor-element-fc3cdda elementor-widget elementor-widget-image\" data-id=\"fc3cdda\" data-element_type=\"widget\" data-widget_type=\"image.default\">\n\t\t\t\t<div class=\"elementor-widget-container\">\n\t\t\t\t\t\t\t\t\t\t\t\t\t\t\t<img fetchpriority=\"high\" decoding=\"async\" width=\"1024\" height=\"512\" src=\"https:\/\/i0.wp.com\/relocations.io\/wp-content\/uploads\/2024\/08\/7-3.jpg?fit=1024%2C512&amp;ssl=1\" class=\"attachment-large size-large wp-image-8836\" alt=\"\" srcset=\"https:\/\/i0.wp.com\/relocations.io\/wp-content\/uploads\/2024\/08\/7-3.jpg?w=1920&amp;ssl=1 1920w, https:\/\/i0.wp.com\/relocations.io\/wp-content\/uploads\/2024\/08\/7-3.jpg?resize=300%2C150&amp;ssl=1 300w, https:\/\/i0.wp.com\/relocations.io\/wp-content\/uploads\/2024\/08\/7-3.jpg?resize=1024%2C512&amp;ssl=1 1024w, https:\/\/i0.wp.com\/relocations.io\/wp-content\/uploads\/2024\/08\/7-3.jpg?resize=768%2C384&amp;ssl=1 768w, https:\/\/i0.wp.com\/relocations.io\/wp-content\/uploads\/2024\/08\/7-3.jpg?resize=1536%2C768&amp;ssl=1 1536w, https:\/\/i0.wp.com\/relocations.io\/wp-content\/uploads\/2024\/08\/7-3.jpg?resize=18%2C9&amp;ssl=1 18w, https:\/\/i0.wp.com\/relocations.io\/wp-content\/uploads\/2024\/08\/7-3.jpg?resize=640%2C320&amp;ssl=1 640w, https:\/\/i0.wp.com\/relocations.io\/wp-content\/uploads\/2024\/08\/7-3.jpg?resize=50%2C25&amp;ssl=1 50w, https:\/\/i0.wp.com\/relocations.io\/wp-content\/uploads\/2024\/08\/7-3.jpg?resize=100%2C50&amp;ssl=1 100w, https:\/\/i0.wp.com\/relocations.io\/wp-content\/uploads\/2024\/08\/7-3.jpg?resize=600%2C300&amp;ssl=1 600w\" sizes=\"(max-width: 1024px) 100vw, 1024px\" \/>\t\t\t\t\t\t\t\t\t\t\t\t\t\t\t<\/div>\n\t\t\t\t<\/div>\n\t\t\t\t<div class=\"elementor-element elementor-element-af6aca7 elementor-align-center elementor-widget elementor-widget-button\" data-id=\"af6aca7\" data-element_type=\"widget\" data-widget_type=\"button.default\">\n\t\t\t\t<div class=\"elementor-widget-container\">\n\t\t\t\t\t\t\t\t\t<div class=\"elementor-button-wrapper\">\n\t\t\t\t\t<a class=\"elementor-button elementor-button-link elementor-size-sm\" href=\"https:\/\/relocations.io\/partners\/affiliates\/\">\n\t\t\t\t\t\t<span class=\"elementor-button-content-wrapper\">\n\t\t\t\t\t\t\t\t\t<span class=\"elementor-button-text\">Connexion au portail des affili\u00e9s et des partenaires<\/span>\n\t\t\t\t\t<\/span>\n\t\t\t\t\t<\/a>\n\t\t\t\t<\/div>\n\t\t\t\t\t\t\t\t<\/div>\n\t\t\t\t<\/div>\n\t\t\t\t\t<\/div>\n\t\t\t\t<\/div>\n\t\t<div class=\"elementor-element elementor-element-5a9fa48 e-flex e-con-boxed e-con e-parent\" data-id=\"5a9fa48\" data-element_type=\"container\" data-settings=\"{&quot;_ha_eqh_enable&quot;:false}\">\n\t\t\t\t\t<div class=\"e-con-inner\">\n\t\t\t\t<div class=\"elementor-element elementor-element-9c3aafd elementor-headline--style-highlight elementor-widget elementor-widget-animated-headline\" data-id=\"9c3aafd\" data-element_type=\"widget\" data-settings=\"{&quot;highlighted_text&quot;:&quot;Partner&quot;,&quot;headline_style&quot;:&quot;highlight&quot;,&quot;marker&quot;:&quot;circle&quot;,&quot;loop&quot;:&quot;yes&quot;,&quot;highlight_animation_duration&quot;:1200,&quot;highlight_iteration_delay&quot;:8000}\" data-widget_type=\"animated-headline.default\">\n\t\t\t\t<div class=\"elementor-widget-container\">\n\t\t\t\t\t\t\t<h3 class=\"elementor-headline\">\n\t\t\t\t\t<span class=\"elementor-headline-plain-text elementor-headline-text-wrapper\">Devenir un<\/span>\n\t\t\t\t<span class=\"elementor-headline-dynamic-wrapper elementor-headline-text-wrapper\">\n\t\t\t\t\t<span class=\"elementor-headline-dynamic-text elementor-headline-text-active\">Partenaire<\/span>\n\t\t\t\t<\/span>\n\t\t\t\t<\/h3>\n\t\t\t\t\t\t<\/div>\n\t\t\t\t<\/div>\n\t\t\t\t<div class=\"elementor-element elementor-element-4ae561a elementor-widget elementor-widget-text-editor\" data-id=\"4ae561a\" data-element_type=\"widget\" data-widget_type=\"text-editor.default\">\n\t\t\t\t<div class=\"elementor-widget-container\">\n\t\t\t\t\t\t\t\t\t<p>Chez Relocations.io, nous collaborons avec un r\u00e9seau de partenaires de confiance dans toute l'Europe afin de fournir des services de relocalisation complets et sans faille, adapt\u00e9s aux besoins de nos clients. Nos partenariats nous permettent d'offrir une gamme \u00e9tendue de solutions, allant de la gestion immobili\u00e8re et de l'assistance juridique aux services d'exp\u00e9dition et d'\u00e9ducation, garantissant ainsi que chaque aspect du processus de relocalisation est trait\u00e9 avec expertise. En travaillant en \u00e9troite collaboration avec des professionnels locaux, nous pouvons garantir des services de haute qualit\u00e9 et une assistance personnalis\u00e9e dans chaque destination.<\/p><p>Vous souhaitez devenir partenaire ? Nous cherchons toujours \u00e0 \u00e9tendre notre r\u00e9seau avec des fournisseurs de services fiables et professionnels. Si vous partagez notre engagement \u00e0 fournir un service exceptionnel et que vous souhaitez explorer les possibilit\u00e9s de partenariat, nous serions ravis de vous entendre. Rejoindre notre r\u00e9seau, c'est faire partie d'une communaut\u00e9 qui s'attache \u00e0 fournir \u00e0 ses clients les meilleurs services possibles. <a href=\"https:\/\/relocations.io\/americans-moving-abroad-for-stability\/\">relocalisation<\/a> exp\u00e9rience. Contactez-nous pour en savoir plus sur la fa\u00e7on dont vous pouvez collaborer avec <a href=\"https:\/\/relocations.io\/your-guide-to-visa-requirements-and-citizenship-in-portugal-navigating-your-path-to-a-new-life\/\">Relocations.io<\/a> et d\u00e9veloppez votre activit\u00e9 tout en aidant vos clients \u00e0 s'installer dans leur nouveau logement.<\/p>\t\t\t\t\t\t\t\t<\/div>\n\t\t\t\t<\/div>\n\t\t\t\t<div class=\"elementor-element elementor-element-159f5df elementor-align-center elementor-widget elementor-widget-button\" data-id=\"159f5df\" data-element_type=\"widget\" data-widget_type=\"button.default\">\n\t\t\t\t<div class=\"elementor-widget-container\">\n\t\t\t\t\t\t\t\t\t<div class=\"elementor-button-wrapper\">\n\t\t\t\t\t<a class=\"elementor-button elementor-button-link elementor-size-sm\" href=\"https:\/\/relocations.io\/partners\/partner-form\/\">\n\t\t\t\t\t\t<span class=\"elementor-button-content-wrapper\">\n\t\t\t\t\t\t\t\t\t<span class=\"elementor-button-text\">Formulaire de partenariat<\/span>\n\t\t\t\t\t<\/span>\n\t\t\t\t\t<\/a>\n\t\t\t\t<\/div>\n\t\t\t\t\t\t\t\t<\/div>\n\t\t\t\t<\/div>\n\t\t\t\t<div class=\"elementor-element elementor-element-6bb71f5 elementor-widget-divider--view-line elementor-widget elementor-widget-divider\" data-id=\"6bb71f5\" data-element_type=\"widget\" data-widget_type=\"divider.default\">\n\t\t\t\t<div class=\"elementor-widget-container\">\n\t\t\t\t\t\t\t<div class=\"elementor-divider\">\n\t\t\t<span class=\"elementor-divider-separator\">\n\t\t\t\t\t\t<\/span>\n\t\t<\/div>\n\t\t\t\t\t\t<\/div>\n\t\t\t\t<\/div>\n\t\t\t\t\t<\/div>\n\t\t\t\t<\/div>\n\t\t<div class=\"elementor-element elementor-element-4dca415 e-flex e-con-boxed e-con e-parent\" data-id=\"4dca415\" data-element_type=\"container\" data-settings=\"{&quot;_ha_eqh_enable&quot;:false}\">\n\t\t\t\t\t<div class=\"e-con-inner\">\n\t\t\t\t<div class=\"elementor-element elementor-element-20887d1 elementor-headline--style-highlight elementor-widget elementor-widget-animated-headline\" data-id=\"20887d1\" data-element_type=\"widget\" data-settings=\"{&quot;highlighted_text&quot;:&quot;Refer&quot;,&quot;headline_style&quot;:&quot;highlight&quot;,&quot;marker&quot;:&quot;circle&quot;,&quot;loop&quot;:&quot;yes&quot;,&quot;highlight_animation_duration&quot;:1200,&quot;highlight_iteration_delay&quot;:8000}\" data-widget_type=\"animated-headline.default\">\n\t\t\t\t<div class=\"elementor-widget-container\">\n\t\t\t\t\t\t\t<h3 class=\"elementor-headline\">\n\t\t\t\t<span class=\"elementor-headline-dynamic-wrapper elementor-headline-text-wrapper\">\n\t\t\t\t\t<span class=\"elementor-headline-dynamic-text elementor-headline-text-active\">R\u00e9f\u00e9rer<\/span>\n\t\t\t\t<\/span>\n\t\t\t\t\t<span class=\"elementor-headline-plain-text elementor-headline-text-wrapper\">Nos services<\/span>\n\t\t\t\t\t<\/h3>\n\t\t\t\t\t\t<\/div>\n\t\t\t\t<\/div>\n\t\t\t\t<div class=\"elementor-element elementor-element-ba26c0f elementor-widget elementor-widget-text-editor\" data-id=\"ba26c0f\" data-element_type=\"widget\" data-widget_type=\"text-editor.default\">\n\t\t\t\t<div class=\"elementor-widget-container\">\n\t\t\t\t\t\t\t\t\t<p>Chez Relocations.io, nous appr\u00e9cions la confiance que nous accordent nos clients et nous sommes ravis de r\u00e9compenser ceux qui nous recommandent nos services. Notre programme de parrainage offre aux clients actuels et futurs la possibilit\u00e9 de b\u00e9n\u00e9ficier de r\u00e9ductions sur des services futurs simplement en partageant leurs exp\u00e9riences positives avec d'autres. Lorsqu'un nouveau client utilise un code de recommandation unique fourni par un client existant, les deux parties b\u00e9n\u00e9ficient de r\u00e9ductions sur les services \u00e0 venir. C'est notre fa\u00e7on de vous remercier de nous aider \u00e0 d\u00e9velopper notre communaut\u00e9 tout en continuant \u00e0 fournir des services de qualit\u00e9 sup\u00e9rieure. <a href=\"https:\/\/relocations.io\/the-lgbtq-movement-in-europe\/\">relocalisation<\/a> solutions. Que vous soyez un client actuel ou que vous envisagiez nos services pour la premi\u00e8re fois, ne manquez pas l'occasion d'\u00e9conomiser et de partager les avantages avec vos amis, votre famille ou vos coll\u00e8gues.<\/p>\t\t\t\t\t\t\t\t<\/div>\n\t\t\t\t<\/div>\n\t\t\t\t<div class=\"elementor-element elementor-element-3369b72 elementor-align-center elementor-widget elementor-widget-button\" data-id=\"3369b72\" data-element_type=\"widget\" data-widget_type=\"button.default\">\n\t\t\t\t<div class=\"elementor-widget-container\">\n\t\t\t\t\t\t\t\t\t<div class=\"elementor-button-wrapper\">\n\t\t\t\t\t<a class=\"elementor-button elementor-button-link elementor-size-sm\" href=\"https:\/\/relocations.io\/partners\/referralsform\/\">\n\t\t\t\t\t\t<span class=\"elementor-button-content-wrapper\">\n\t\t\t\t\t\t\t\t\t<span class=\"elementor-button-text\">Formulaire de r\u00e9f\u00e9rence<\/span>\n\t\t\t\t\t<\/span>\n\t\t\t\t\t<\/a>\n\t\t\t\t<\/div>\n\t\t\t\t\t\t\t\t<\/div>\n\t\t\t\t<\/div>\n\t\t\t\t<div class=\"elementor-element elementor-element-af332e7 elementor-widget-divider--view-line elementor-widget elementor-widget-divider\" data-id=\"af332e7\" data-element_type=\"widget\" data-widget_type=\"divider.default\">\n\t\t\t\t<div class=\"elementor-widget-container\">\n\t\t\t\t\t\t\t<div class=\"elementor-divider\">\n\t\t\t<span class=\"elementor-divider-separator\">\n\t\t\t\t\t\t<\/span>\n\t\t<\/div>\n\t\t\t\t\t\t<\/div>\n\t\t\t\t<\/div>\n\t\t\t\t\t<\/div>\n\t\t\t\t<\/div>\n\t\t<div class=\"elementor-element elementor-element-1f9fbd1 e-flex e-con-boxed e-con e-parent\" data-id=\"1f9fbd1\" data-element_type=\"container\" data-settings=\"{&quot;_ha_eqh_enable&quot;:false}\">\n\t\t\t\t\t<div class=\"e-con-inner\">\n\t\t\t\t<div class=\"elementor-element elementor-element-b3b687b elementor-headline--style-highlight elementor-widget elementor-widget-animated-headline\" data-id=\"b3b687b\" data-element_type=\"widget\" data-settings=\"{&quot;highlighted_text&quot;:&quot;Affiliates&quot;,&quot;headline_style&quot;:&quot;highlight&quot;,&quot;marker&quot;:&quot;circle&quot;,&quot;loop&quot;:&quot;yes&quot;,&quot;highlight_animation_duration&quot;:1200,&quot;highlight_iteration_delay&quot;:8000}\" data-widget_type=\"animated-headline.default\">\n\t\t\t\t<div class=\"elementor-widget-container\">\n\t\t\t\t\t\t\t<h3 class=\"elementor-headline\">\n\t\t\t\t\t<span class=\"elementor-headline-plain-text elementor-headline-text-wrapper\">Programme pour<\/span>\n\t\t\t\t<span class=\"elementor-headline-dynamic-wrapper elementor-headline-text-wrapper\">\n\t\t\t\t\t<span class=\"elementor-headline-dynamic-text elementor-headline-text-active\">Affili\u00e9s<\/span>\n\t\t\t\t<\/span>\n\t\t\t\t<\/h3>\n\t\t\t\t\t\t<\/div>\n\t\t\t\t<\/div>\n\t\t\t\t<div class=\"elementor-element elementor-element-c0b200d elementor-widget elementor-widget-text-editor\" data-id=\"c0b200d\" data-element_type=\"widget\" data-widget_type=\"text-editor.default\">\n\t\t\t\t<div class=\"elementor-widget-container\">\n\t\t\t\t\t\t\t\t\t<p>Notre programme d'affiliation est parfait pour les personnes actives dans les m\u00e9dias sociaux et qui souhaitent gagner de l'argent en partageant des services pr\u00e9cieux avec leur public. En tant qu'affili\u00e9 de Relocations.io, vous recevrez des liens uniques \u00e0 partager sur vos plateformes, ce qui vous permettra de toucher des commissions pour chaque inscription r\u00e9ussie gr\u00e2ce \u00e0 votre parrainage. Nous vous facilitons le suivi de vos performances en vous fournissant des outils de suivi en temps r\u00e9el qui vous permettent de voir les clics, les conversions et les gains, ce qui vous donne un contr\u00f4le total sur votre r\u00e9ussite. Notre tableau de bord intuitif vous permet de suivre vos progr\u00e8s et d'optimiser votre strat\u00e9gie pour obtenir des r\u00e9sultats optimaux.<\/p><p>Pour soutenir vos efforts de promotion, nous fournissons des kits m\u00e9dias complets comprenant des banni\u00e8res, des graphiques et des informations d\u00e9taill\u00e9es sur nos services. Ces kits sont con\u00e7us pour vous aider \u00e0 communiquer avec pr\u00e9cision la valeur que nous offrons \u00e0 votre public tout en maintenant un message actualis\u00e9. Que vous partagiez via Instagram, YouTube, des blogs ou d'autres plateformes, nos ressources m\u00e9dia vous assurent d'avoir tout ce dont vous avez besoin pour promouvoir nos services en toute confiance. En rejoignant notre programme d'affiliation, vous pourrez gagner de l'argent tout en aidant d'autres personnes \u00e0 d\u00e9couvrir un partenaire fiable pour leur <a href=\"https:\/\/relocations.io\/bonjour-france-navigating-cultural-differences-and-opportunities-in-relocation\/\">relocalisation<\/a> tout en restant fid\u00e8le \u00e0 votre marque et \u00e0 votre voix.<\/p>\t\t\t\t\t\t\t\t<\/div>\n\t\t\t\t<\/div>\n\t\t\t\t<div class=\"elementor-element elementor-element-ea55b6f elementor-align-center elementor-widget elementor-widget-button\" data-id=\"ea55b6f\" data-element_type=\"widget\" data-widget_type=\"button.default\">\n\t\t\t\t<div class=\"elementor-widget-container\">\n\t\t\t\t\t\t\t\t\t<div class=\"elementor-button-wrapper\">\n\t\t\t\t\t<a class=\"elementor-button elementor-button-link elementor-size-sm\" href=\"https:\/\/relocations.io\/privacy-policy\/\" target=\"_blank\">\n\t\t\t\t\t\t<span class=\"elementor-button-content-wrapper\">\n\t\t\t\t\t\t\t\t\t<span class=\"elementor-button-text\">Politique de confidentialit\u00e9 et conditions d'utilisation de Relocations.io<\/span>\n\t\t\t\t\t<\/span>\n\t\t\t\t\t<\/a>\n\t\t\t\t<\/div>\n\t\t\t\t\t\t\t\t<\/div>\n\t\t\t\t<\/div>\n\t\t\t\t<div class=\"elementor-element elementor-element-1c1287a elementor-align-center elementor-widget elementor-widget-button\" data-id=\"1c1287a\" data-element_type=\"widget\" data-widget_type=\"button.default\">\n\t\t\t\t<div class=\"elementor-widget-container\">\n\t\t\t\t\t\t\t\t\t<div class=\"elementor-button-wrapper\">\n\t\t\t\t\t<a class=\"elementor-button elementor-button-link elementor-size-sm\" href=\"https:\/\/relocations.io\/partners\/affiliate-terms-conditions\/\" target=\"_blank\">\n\t\t\t\t\t\t<span class=\"elementor-button-content-wrapper\">\n\t\t\t\t\t\t\t\t\t<span class=\"elementor-button-text\">Conditions d'affiliation<\/span>\n\t\t\t\t\t<\/span>\n\t\t\t\t\t<\/a>\n\t\t\t\t<\/div>\n\t\t\t\t\t\t\t\t<\/div>\n\t\t\t\t<\/div>\n\t\t\t\t<div class=\"elementor-element elementor-element-76e9a0c elementor-align-center elementor-widget elementor-widget-button\" data-id=\"76e9a0c\" data-element_type=\"widget\" data-widget_type=\"button.default\">\n\t\t\t\t<div class=\"elementor-widget-container\">\n\t\t\t\t\t\t\t\t\t<div class=\"elementor-button-wrapper\">\n\t\t\t\t\t<a class=\"elementor-button elementor-button-link elementor-size-sm\" href=\"https:\/\/relocations.io\/partners\/affiliates\/\">\n\t\t\t\t\t\t<span class=\"elementor-button-content-wrapper\">\n\t\t\t\t\t\t\t\t\t<span class=\"elementor-button-text\">Formulaire de demande d'affiliation et connexion au portail des affili\u00e9s<\/span>\n\t\t\t\t\t<\/span>\n\t\t\t\t\t<\/a>\n\t\t\t\t<\/div>\n\t\t\t\t\t\t\t\t<\/div>\n\t\t\t\t<\/div>\n\t\t\t\t\t<\/div>\n\t\t\t\t<\/div>\n\t\t\t\t<\/div>","protected":false},"excerpt":{"rendered":"<p>Affiliate &#038; Partner Portal Login Become a Partner At Relocations.io, we collaborate with a trusted network of partners across Europe to provide seamless and comprehensive relocation services tailored to our clients\u2019 needs. Our partnerships enable us to offer an extensive range of solutions, from property management and legal support to shipping and educational services, ensuring [&hellip;]<\/p>","protected":false},"author":1,"featured_media":0,"parent":0,"menu_order":0,"comment_status":"closed","ping_status":"closed","template":"elementor_header_footer","meta":{"footnotes":""},"class_list":["post-8282","page","type-page","status-publish","hentry"],"jetpack-related-posts":[{"id":8316,"url":"https:\/\/relocations.io\/fr\/partenaires\/formulaire-de-partenaire\/","url_meta":{"origin":8282,"position":0},"title":"Formulaire de partenariat","author":"Relocations.io","date":"ao\u00fbt 19, 2024","format":false,"excerpt":"","rel":"","context":"Article similaire","block_context":{"text":"Article similaire","link":""},"img":{"alt_text":"","src":"","width":0,"height":0},"classes":[]},{"id":8353,"url":"https:\/\/relocations.io\/fr\/partenaires\/reforme-des-renvois\/","url_meta":{"origin":8282,"position":1},"title":"Formulaire de r\u00e9f\u00e9rence","author":"Relocations.io","date":"ao\u00fbt 19, 2024","format":false,"excerpt":"","rel":"","context":"Article similaire","block_context":{"text":"Article similaire","link":""},"img":{"alt_text":"","src":"","width":0,"height":0},"classes":[]},{"id":8665,"url":"https:\/\/relocations.io\/fr\/partenaires\/affilies\/","url_meta":{"origin":8282,"position":2},"title":"Portail des affili\u00e9s","author":"Relocations.io","date":"ao\u00fbt 21, 2024","format":false,"excerpt":"[solid_affiliate_portal]","rel":"","context":"Article similaire","block_context":{"text":"Article similaire","link":""},"img":{"alt_text":"","src":"","width":0,"height":0},"classes":[]},{"id":8881,"url":"https:\/\/relocations.io\/fr\/partenaires\/conditions-daffiliation-conditions\/","url_meta":{"origin":8282,"position":3},"title":"Conditions d'affiliation","author":"Relocations.io","date":"ao\u00fbt 27, 2024","format":false,"excerpt":"Affiliate Program Terms and Conditions for Relocations.io Welcome to the Relocations.io Affiliate Program! By joining this program, you agree to the terms and conditions outlined here, as well as the broader Relocations.io Terms of Use and Privacy Policy. Please carefully review these guidelines before enrolling. 1. Program Participation As an\u2026","rel":"","context":"Article similaire","block_context":{"text":"Article similaire","link":""},"img":{"alt_text":"","src":"","width":0,"height":0},"classes":[]},{"id":3801,"url":"https:\/\/relocations.io\/fr\/a-propos-de\/","url_meta":{"origin":8282,"position":4},"title":"\u00c0 propos de nous","author":"Relocations.io","date":"f\u00e9vrier 1, 2015","format":false,"excerpt":"About Relocations.io Relocations.io specializes in assisting clients with seamless transitions to Europe and settling into their new homes. How did Relocations.io start ? Our History Established in 2021, Relocations.io specializes in assisting clients with seamless transitions to Europe and settling into their new homes. Originally founded with a focus on\u2026","rel":"","context":"Article similaire","block_context":{"text":"Article similaire","link":""},"img":{"alt_text":"","src":"https:\/\/i0.wp.com\/relocations.io\/wp-content\/uploads\/Blog1.0-2.png?resize=350%2C200&ssl=1","width":350,"height":200,"srcset":"https:\/\/i0.wp.com\/relocations.io\/wp-content\/uploads\/Blog1.0-2.png?resize=350%2C200&ssl=1 1x, https:\/\/i0.wp.com\/relocations.io\/wp-content\/uploads\/Blog1.0-2.png?resize=525%2C300&ssl=1 1.5x, https:\/\/i0.wp.com\/relocations.io\/wp-content\/uploads\/Blog1.0-2.png?resize=700%2C400&ssl=1 2x, https:\/\/i0.wp.com\/relocations.io\/wp-content\/uploads\/Blog1.0-2.png?resize=1050%2C600&ssl=1 3x, https:\/\/i0.wp.com\/relocations.io\/wp-content\/uploads\/Blog1.0-2.png?resize=1400%2C800&ssl=1 4x"},"classes":[]},{"id":3,"url":"https:\/\/relocations.io\/fr\/?elementor_library=default-kit","url_meta":{"origin":8282,"position":5},"title":"Default Kit","author":"Relocations.io","date":"octobre 11, 2022","format":false,"excerpt":"","rel":"","context":"Article similaire","block_context":{"text":"Article similaire","link":""},"img":{"alt_text":"","src":"","width":0,"height":0},"classes":[]}],"jetpack_sharing_enabled":true,"_links":{"self":[{"href":"https:\/\/relocations.io\/fr\/wp-json\/wp\/v2\/pages\/8282","targetHints":{"allow":["GET"]}}],"collection":[{"href":"https:\/\/relocations.io\/fr\/wp-json\/wp\/v2\/pages"}],"about":[{"href":"https:\/\/relocations.io\/fr\/wp-json\/wp\/v2\/types\/page"}],"author":[{"embeddable":true,"href":"https:\/\/relocations.io\/fr\/wp-json\/wp\/v2\/users\/1"}],"replies":[{"embeddable":true,"href":"https:\/\/relocations.io\/fr\/wp-json\/wp\/v2\/comments?post=8282"}],"version-history":[{"count":0,"href":"https:\/\/relocations.io\/fr\/wp-json\/wp\/v2\/pages\/8282\/revisions"}],"wp:attachment":[{"href":"https:\/\/relocations.io\/fr\/wp-json\/wp\/v2\/media?parent=8282"}],"curies":[{"name":"wp","href":"https:\/\/api.w.org\/{rel}","templated":true}]}}