{"id":7481,"date":"2024-03-01T10:12:33","date_gmt":"2024-03-01T10:12:33","guid":{"rendered":"https:\/\/relocations.io\/?page_id=7481"},"modified":"2024-03-01T18:15:31","modified_gmt":"2024-03-01T18:15:31","slug":"demande-de-devis-dexpedition-hhg","status":"publish","type":"page","link":"https:\/\/relocations.io\/fr\/demande-de-devis-dexpedition-hhg\/","title":{"rendered":"Demande de devis d'exp\u00e9dition HHG"},"content":{"rendered":"<p class=\"has-text-align-center\"><\/p>","protected":false},"excerpt":{"rendered":"","protected":false},"author":2,"featured_media":0,"parent":0,"menu_order":0,"comment_status":"closed","ping_status":"closed","template":"","meta":{"footnotes":""},"class_list":["post-7481","page","type-page","status-publish","hentry"],"jetpack-related-posts":[{"id":62168,"url":"https:\/\/relocations.io\/fr\/services-2\/","url_meta":{"origin":7481,"position":0},"title":"Devis et propositions","author":"Relocations.io","date":"septembre 25, 2024","format":false,"excerpt":"Relocations.io Quotes One Process at a Time. WhatsApp +351 262 010 259 Lets's Chat Quotes Choose from our Custom Quotes Flexible options Usually offered within 24hrs (Mon-Fri) All details provided Accept a quote from us and get started Premier & Premium Service Offerings See our Quote Based Solutions Relocations.io Get\u2026","rel":"","context":"Article similaire","block_context":{"text":"Article similaire","link":""},"img":{"alt_text":"","src":"https:\/\/i0.wp.com\/relocations.io\/wp-content\/uploads\/Blog1.0-2.png?resize=350%2C200&ssl=1","width":350,"height":200,"srcset":"https:\/\/i0.wp.com\/relocations.io\/wp-content\/uploads\/Blog1.0-2.png?resize=350%2C200&ssl=1 1x, https:\/\/i0.wp.com\/relocations.io\/wp-content\/uploads\/Blog1.0-2.png?resize=525%2C300&ssl=1 1.5x, https:\/\/i0.wp.com\/relocations.io\/wp-content\/uploads\/Blog1.0-2.png?resize=700%2C400&ssl=1 2x, https:\/\/i0.wp.com\/relocations.io\/wp-content\/uploads\/Blog1.0-2.png?resize=1050%2C600&ssl=1 3x, https:\/\/i0.wp.com\/relocations.io\/wp-content\/uploads\/Blog1.0-2.png?resize=1400%2C800&ssl=1 4x"},"classes":[]},{"id":61410,"url":"https:\/\/relocations.io\/fr\/","url_meta":{"origin":7481,"position":1},"title":"Relocations.io","author":"Relocations.io","date":"septembre 3, 2024","format":false,"excerpt":"Nous sommes votre soci\u00e9t\u00e9 de gestion de destination et de relocalisation de confiance pour tous vos besoins en mati\u00e8re de d\u00e9m\u00e9nagement et d'installation. Que vous soyez \u00e0 la recherche d'un service unique ou d'un forfait, vous avez toujours le choix !","rel":"","context":"Article similaire","block_context":{"text":"Article similaire","link":""},"img":{"alt_text":"","src":"https:\/\/i0.wp.com\/relocations.io\/wp-content\/uploads\/support-team.png?resize=350%2C200&ssl=1","width":350,"height":200},"classes":[]},{"id":62269,"url":"https:\/\/relocations.io\/fr\/boutique-a-la-carte\/","url_meta":{"origin":7481,"position":2},"title":"Boutique A-La-Carte","author":"Relocations.io","date":"octobre 30, 2024","format":false,"excerpt":"Visitez notre boutique A-La-Carte pour des produits individuels.","rel":"","context":"Article similaire","block_context":{"text":"Article similaire","link":""},"img":{"alt_text":"","src":"","width":0,"height":0},"classes":[]},{"id":3,"url":"https:\/\/relocations.io\/fr\/?elementor_library=default-kit","url_meta":{"origin":7481,"position":3},"title":"Default Kit","author":"Relocations.io","date":"octobre 11, 2022","format":false,"excerpt":"","rel":"","context":"Article similaire","block_context":{"text":"Article similaire","link":""},"img":{"alt_text":"","src":"","width":0,"height":0},"classes":[]},{"id":9050,"url":"https:\/\/relocations.io\/fr\/politique-de-confidentialite\/","url_meta":{"origin":7481,"position":4},"title":"Politique de confidentialit\u00e9","author":"Relocations.io","date":"novembre 3, 2022","format":false,"excerpt":"Privacy Policy | Terms of Use | Terms and Conditions Our Privacy Policy, Terms of Use and Terms & Conditions for Relocations.io & Arribas D'Aventura LDA and Arribas D'Aventura LLC Updated 15 July 2024 We update all our policies often according to law changes which effect the operations of Relocations.io\u2026","rel":"","context":"Article similaire","block_context":{"text":"Article similaire","link":""},"img":{"alt_text":"","src":"","width":0,"height":0},"classes":[]},{"id":7517,"url":"https:\/\/relocations.io\/fr\/services\/","url_meta":{"origin":7481,"position":5},"title":"Emballages","author":"Relocations.io","date":"novembre 10, 2022","format":false,"excerpt":"Relocations.io Packages One Process at a Time. Book a Free Call WhatsApp +351 262 010 259 Lets's Chat Packages Choose from Custom Packages Bundled Services Customized to your needs Usually Long term Flexible Services Premier & Premium Service Offerings Book a Call Relocations.io Get a Packaged solution Premier experts in\u2026","rel":"","context":"Article similaire","block_context":{"text":"Article similaire","link":""},"img":{"alt_text":"","src":"https:\/\/i0.wp.com\/relocations.io\/wp-content\/uploads\/Blog1.0-2.png?resize=350%2C200&ssl=1","width":350,"height":200,"srcset":"https:\/\/i0.wp.com\/relocations.io\/wp-content\/uploads\/Blog1.0-2.png?resize=350%2C200&ssl=1 1x, https:\/\/i0.wp.com\/relocations.io\/wp-content\/uploads\/Blog1.0-2.png?resize=525%2C300&ssl=1 1.5x, https:\/\/i0.wp.com\/relocations.io\/wp-content\/uploads\/Blog1.0-2.png?resize=700%2C400&ssl=1 2x, https:\/\/i0.wp.com\/relocations.io\/wp-content\/uploads\/Blog1.0-2.png?resize=1050%2C600&ssl=1 3x, https:\/\/i0.wp.com\/relocations.io\/wp-content\/uploads\/Blog1.0-2.png?resize=1400%2C800&ssl=1 4x"},"classes":[]}],"jetpack_sharing_enabled":true,"_links":{"self":[{"href":"https:\/\/relocations.io\/fr\/wp-json\/wp\/v2\/pages\/7481","targetHints":{"allow":["GET"]}}],"collection":[{"href":"https:\/\/relocations.io\/fr\/wp-json\/wp\/v2\/pages"}],"about":[{"href":"https:\/\/relocations.io\/fr\/wp-json\/wp\/v2\/types\/page"}],"author":[{"embeddable":true,"href":"https:\/\/relocations.io\/fr\/wp-json\/wp\/v2\/users\/2"}],"replies":[{"embeddable":true,"href":"https:\/\/relocations.io\/fr\/wp-json\/wp\/v2\/comments?post=7481"}],"version-history":[{"count":0,"href":"https:\/\/relocations.io\/fr\/wp-json\/wp\/v2\/pages\/7481\/revisions"}],"wp:attachment":[{"href":"https:\/\/relocations.io\/fr\/wp-json\/wp\/v2\/media?parent=7481"}],"curies":[{"name":"wp","href":"https:\/\/api.w.org\/{rel}","templated":true}]}}