{"id":4107,"date":"2015-02-04T14:01:38","date_gmt":"2015-02-04T06:01:38","guid":{"rendered":"http:\/\/www.rd-themes.com\/TheFox\/?page_id=4107"},"modified":"2024-09-04T21:23:34","modified_gmt":"2024-09-04T20:23:34","slug":"notre-equipe-01","status":"publish","type":"page","link":"https:\/\/relocations.io\/fr\/notre-equipe-01\/","title":{"rendered":"Notre \u00e9quipe"},"content":{"rendered":"<div data-elementor-type=\"wp-page\" data-elementor-id=\"4107\" class=\"elementor elementor-4107\" data-elementor-settings=\"{&quot;ha_cmc_init_switcher&quot;:&quot;no&quot;}\" data-elementor-post-type=\"page\">\n\t\t\t\t\t\t<section class=\"elementor-section elementor-top-section elementor-element elementor-element-603e5f61 elementor-section-boxed elementor-section-height-default elementor-section-height-default\" data-id=\"603e5f61\" data-element_type=\"section\" data-settings=\"{&quot;_ha_eqh_enable&quot;:false}\">\n\t\t\t\t\t\t<div class=\"elementor-container elementor-column-gap-default\">\n\t\t\t\t\t<div class=\"elementor-column elementor-col-50 elementor-top-column elementor-element elementor-element-1967a01b\" data-id=\"1967a01b\" data-element_type=\"column\">\n\t\t\t<div class=\"elementor-widget-wrap elementor-element-populated\">\n\t\t\t\t\t\t<div class=\"elementor-element elementor-element-4eda26e1 elementor-widget elementor-widget-elementskit-heading\" data-id=\"4eda26e1\" data-element_type=\"widget\" data-widget_type=\"elementskit-heading.default\">\n\t\t\t\t<div class=\"elementor-widget-container\">\n\t\t\t\t\t<div class=\"ekit-wid-con\" ><div class=\"ekit-heading elementskit-section-title-wraper text_center   ekit_heading_tablet-   ekit_heading_mobile-\"><h2 class=\"ekit-heading--title elementskit-section-title\">Notre \u00e9quipe<\/h2><h3 class=\"ekit-heading--subtitle elementskit-section-subtitle  elementskit-style-border\">\n\t\t\t\t\t\tDes exp\u00e9riences que vous ne trouverez nulle part ailleurs\n\t\t\t\t\t<\/h3>\t\t\t\t<div class='ekit-heading__description'>\n\t\t\t\t\t<p>Au <a href=\"https:\/\/relocations.io\/your-guide-to-visa-requirements-and-citizenship-in-portugal-navigating-your-path-to-a-new-life\/\">\"relocations.io,\"<\/a> nous comprenons que la diversit\u00e9 et la sensibilit\u00e9 culturelle sont des \u00e9l\u00e9ments essentiels pour fournir un service exceptionnel. Notre \u00e9quipe est compos\u00e9e de personnes d'origines diverses, qui apportent \u00e0 notre travail une richesse de points de vue et d'id\u00e9es. Nous croyons qu'il faut c\u00e9l\u00e9brer nos diff\u00e9rences et les mettre \u00e0 profit pour mieux comprendre et r\u00e9pondre aux divers besoins de nos clients. Dans cet esprit, nous nous effor\u00e7ons de faire en sorte que chacun de nos clients b\u00e9n\u00e9ficie d'une exp\u00e9rience sur mesure qui corresponde parfaitement \u00e0 ses pr\u00e9f\u00e9rences et \u00e0 ses besoins. Qu'il s'agisse de trouver le quartier id\u00e9al, de s'adapter aux coutumes locales ou d'apporter un soutien au cours du processus de transition, les membres de notre \u00e9quipe, sensibilis\u00e9s aux diff\u00e9rences culturelles, s'attachent \u00e0 fournir des solutions personnalis\u00e9es qui d\u00e9passent les attentes. Nous sommes fiers de favoriser un environnement inclusif o\u00f9 chacun se sent valoris\u00e9 et respect\u00e9, et o\u00f9 la satisfaction du client est toujours au premier plan de tout ce que nous faisons.<\/p>\n\t\t\t\t<\/div>\n\t\t\t<\/div><\/div>\t\t\t\t<\/div>\n\t\t\t\t<\/div>\n\t\t\t\t\t<\/div>\n\t\t<\/div>\n\t\t\t\t<div class=\"elementor-column elementor-col-50 elementor-top-column elementor-element elementor-element-1bd4e4f9\" data-id=\"1bd4e4f9\" data-element_type=\"column\">\n\t\t\t<div class=\"elementor-widget-wrap elementor-element-populated\">\n\t\t\t\t\t\t<div class=\"elementor-element elementor-element-113a856e elementor-widget elementor-widget-image\" data-id=\"113a856e\" data-element_type=\"widget\" data-widget_type=\"image.default\">\n\t\t\t\t<div class=\"elementor-widget-container\">\n\t\t\t\t\t\t\t\t\t\t\t\t\t\t\t<img fetchpriority=\"high\" decoding=\"async\" width=\"500\" height=\"500\" src=\"https:\/\/i0.wp.com\/relocations.io\/wp-content\/uploads\/Our-people.png?fit=500%2C500&amp;ssl=1\" class=\"attachment-full size-full wp-image-61636\" alt=\"\" srcset=\"https:\/\/i0.wp.com\/relocations.io\/wp-content\/uploads\/Our-people.png?w=500&amp;ssl=1 500w, https:\/\/i0.wp.com\/relocations.io\/wp-content\/uploads\/Our-people.png?resize=300%2C300&amp;ssl=1 300w, https:\/\/i0.wp.com\/relocations.io\/wp-content\/uploads\/Our-people.png?resize=150%2C150&amp;ssl=1 150w, https:\/\/i0.wp.com\/relocations.io\/wp-content\/uploads\/Our-people.png?resize=12%2C12&amp;ssl=1 12w\" sizes=\"(max-width: 500px) 100vw, 500px\" \/>\t\t\t\t\t\t\t\t\t\t\t\t\t\t\t<\/div>\n\t\t\t\t<\/div>\n\t\t\t\t\t<\/div>\n\t\t<\/div>\n\t\t\t\t\t<\/div>\n\t\t<\/section>\n\t\t\t\t<\/div>","protected":false},"excerpt":{"rendered":"<p>Our Team Experiences you can&#039;t get anywhere else At \u201crelocations.io,\u201d we understand that diversity and cultural sensitivity are essential components of delivering exceptional service. Our team is comprised of individuals from various backgrounds, bringing a wealth of perspectives and insights to our work. We believe in celebrating our differences and leveraging them to better understand [&hellip;]<\/p>","protected":false},"author":1,"featured_media":0,"parent":0,"menu_order":0,"comment_status":"closed","ping_status":"closed","template":"elementor_header_footer","meta":{"footnotes":""},"class_list":["post-4107","page","type-page","status-publish","hentry"],"jetpack-related-posts":[{"id":3801,"url":"https:\/\/relocations.io\/fr\/a-propos-de\/","url_meta":{"origin":4107,"position":0},"title":"\u00c0 propos de nous","author":"Relocations.io","date":"f\u00e9vrier 1, 2015","format":false,"excerpt":"About Relocations.io Relocations.io specializes in assisting clients with seamless transitions to Europe and settling into their new homes. How did Relocations.io start ? Our History Established in 2021, Relocations.io specializes in assisting clients with seamless transitions to Europe and settling into their new homes. Originally founded with a focus on\u2026","rel":"","context":"Article similaire","block_context":{"text":"Article similaire","link":""},"img":{"alt_text":"","src":"https:\/\/i0.wp.com\/relocations.io\/wp-content\/uploads\/Blog1.0-2.png?resize=350%2C200&ssl=1","width":350,"height":200,"srcset":"https:\/\/i0.wp.com\/relocations.io\/wp-content\/uploads\/Blog1.0-2.png?resize=350%2C200&ssl=1 1x, https:\/\/i0.wp.com\/relocations.io\/wp-content\/uploads\/Blog1.0-2.png?resize=525%2C300&ssl=1 1.5x, https:\/\/i0.wp.com\/relocations.io\/wp-content\/uploads\/Blog1.0-2.png?resize=700%2C400&ssl=1 2x, https:\/\/i0.wp.com\/relocations.io\/wp-content\/uploads\/Blog1.0-2.png?resize=1050%2C600&ssl=1 3x, https:\/\/i0.wp.com\/relocations.io\/wp-content\/uploads\/Blog1.0-2.png?resize=1400%2C800&ssl=1 4x"},"classes":[]},{"id":8903,"url":"https:\/\/relocations.io\/fr\/relocalisation-des-veterans-et-des-militaires\/","url_meta":{"origin":4107,"position":1},"title":"D\u00e9m\u00e9nagement des v\u00e9t\u00e9rans et des membres des forces arm\u00e9es","author":"Relocations.io","date":"ao\u00fbt 27, 2024","format":false,"excerpt":"Veteran & Military Member Relocations At Relocations.io, we deeply appreciate the service and sacrifices made by veterans, military members, and their families. We understand the unique challenges that come with military life, especially when it comes to relocating across borders. Whether you\u2019re transitioning into civilian life, moving your family to\u2026","rel":"","context":"Article similaire","block_context":{"text":"Article similaire","link":""},"img":{"alt_text":"","src":"https:\/\/i0.wp.com\/relocations.io\/wp-content\/uploads\/support-team.png?resize=350%2C200&ssl=1","width":350,"height":200},"classes":[]},{"id":61410,"url":"https:\/\/relocations.io\/fr\/","url_meta":{"origin":4107,"position":2},"title":"Relocations.io","author":"Relocations.io","date":"septembre 3, 2024","format":false,"excerpt":"Nous sommes votre soci\u00e9t\u00e9 de gestion de destination et de relocalisation de confiance pour tous vos besoins en mati\u00e8re de d\u00e9m\u00e9nagement et d'installation. Que vous soyez \u00e0 la recherche d'un service unique ou d'un forfait, vous avez toujours le choix !","rel":"","context":"Article similaire","block_context":{"text":"Article similaire","link":""},"img":{"alt_text":"","src":"https:\/\/i0.wp.com\/relocations.io\/wp-content\/uploads\/support-team.png?resize=350%2C200&ssl=1","width":350,"height":200},"classes":[]},{"id":7698,"url":"https:\/\/relocations.io\/fr\/gestao-de-propriedades\/","url_meta":{"origin":4107,"position":3},"title":"Gestion des biens immobiliers","author":"Relocations.io","date":"juillet 17, 2024","format":false,"excerpt":"[vc_row][vc_column][movedo_single_image image=\"13\"][vc_column_text css=\".vc_custom_1721141815793{border-color: #000000 !important;}\"] Destination Management Company\u00a0 [\/vc_column_text][\/vc_column][\/vc_row][vc_row][vc_column][\/vc_column][\/vc_row][vc_row][vc_column text_align=\"center\"][movedo_slider ids=\"7751,7749,7750,7748,7746,7747\" image_mode=\"medium_large\" transition=\"fade\"][movedo_empty_space height_multiplier=\"2x\"][vc_column_text css=\".vc_custom_1721430248041{border-radius: 5px !important;border-color: #f4f4f4 !important;}\" animation=\"grve-zoom-in\"] Find Peace of Mind and Success in Local Accommodation Management with Relocations.io [\/vc_column_text][movedo_empty_space height_multiplier=\"2x\"][vc_column_text css=\"\" animation=\"grve-zoom-in\" animation_duration=\"slow\"]We are fully aware of the particular challenges associated with managing short-term rentals, also\u2026","rel":"","context":"Article similaire","block_context":{"text":"Article similaire","link":""},"img":{"alt_text":"","src":"","width":0,"height":0},"classes":[]},{"id":8282,"url":"https:\/\/relocations.io\/fr\/partenaires\/","url_meta":{"origin":4107,"position":4},"title":"Partenaires","author":"Relocations.io","date":"ao\u00fbt 19, 2024","format":false,"excerpt":"Affiliate & Partner Portal Login Become a Partner At Relocations.io, we collaborate with a trusted network of partners across Europe to provide seamless and comprehensive relocation services tailored to our clients\u2019 needs. Our partnerships enable us to offer an extensive range of solutions, from property management and legal support to\u2026","rel":"","context":"Article similaire","block_context":{"text":"Article similaire","link":""},"img":{"alt_text":"","src":"https:\/\/i0.wp.com\/relocations.io\/wp-content\/uploads\/2024\/08\/7-3-1024x512.jpg?resize=350%2C200&ssl=1","width":350,"height":200,"srcset":"https:\/\/i0.wp.com\/relocations.io\/wp-content\/uploads\/2024\/08\/7-3-1024x512.jpg?resize=350%2C200&ssl=1 1x, https:\/\/i0.wp.com\/relocations.io\/wp-content\/uploads\/2024\/08\/7-3-1024x512.jpg?resize=525%2C300&ssl=1 1.5x, https:\/\/i0.wp.com\/relocations.io\/wp-content\/uploads\/2024\/08\/7-3-1024x512.jpg?resize=700%2C400&ssl=1 2x"},"classes":[]},{"id":62168,"url":"https:\/\/relocations.io\/fr\/services-2\/","url_meta":{"origin":4107,"position":5},"title":"Devis et propositions","author":"Relocations.io","date":"septembre 25, 2024","format":false,"excerpt":"Relocations.io Quotes One Process at a Time. WhatsApp +351 262 010 259 Lets's Chat Quotes Choose from our Custom Quotes Flexible options Usually offered within 24hrs (Mon-Fri) All details provided Accept a quote from us and get started Premier & Premium Service Offerings See our Quote Based Solutions Relocations.io Get\u2026","rel":"","context":"Article similaire","block_context":{"text":"Article similaire","link":""},"img":{"alt_text":"","src":"https:\/\/i0.wp.com\/relocations.io\/wp-content\/uploads\/Blog1.0-2.png?resize=350%2C200&ssl=1","width":350,"height":200,"srcset":"https:\/\/i0.wp.com\/relocations.io\/wp-content\/uploads\/Blog1.0-2.png?resize=350%2C200&ssl=1 1x, https:\/\/i0.wp.com\/relocations.io\/wp-content\/uploads\/Blog1.0-2.png?resize=525%2C300&ssl=1 1.5x, https:\/\/i0.wp.com\/relocations.io\/wp-content\/uploads\/Blog1.0-2.png?resize=700%2C400&ssl=1 2x, https:\/\/i0.wp.com\/relocations.io\/wp-content\/uploads\/Blog1.0-2.png?resize=1050%2C600&ssl=1 3x, https:\/\/i0.wp.com\/relocations.io\/wp-content\/uploads\/Blog1.0-2.png?resize=1400%2C800&ssl=1 4x"},"classes":[]}],"jetpack_sharing_enabled":true,"_links":{"self":[{"href":"https:\/\/relocations.io\/fr\/wp-json\/wp\/v2\/pages\/4107","targetHints":{"allow":["GET"]}}],"collection":[{"href":"https:\/\/relocations.io\/fr\/wp-json\/wp\/v2\/pages"}],"about":[{"href":"https:\/\/relocations.io\/fr\/wp-json\/wp\/v2\/types\/page"}],"author":[{"embeddable":true,"href":"https:\/\/relocations.io\/fr\/wp-json\/wp\/v2\/users\/1"}],"replies":[{"embeddable":true,"href":"https:\/\/relocations.io\/fr\/wp-json\/wp\/v2\/comments?post=4107"}],"version-history":[{"count":0,"href":"https:\/\/relocations.io\/fr\/wp-json\/wp\/v2\/pages\/4107\/revisions"}],"wp:attachment":[{"href":"https:\/\/relocations.io\/fr\/wp-json\/wp\/v2\/media?parent=4107"}],"curies":[{"name":"wp","href":"https:\/\/api.w.org\/{rel}","templated":true}]}}