{"id":3801,"date":"2015-02-01T20:19:15","date_gmt":"2015-02-01T12:19:15","guid":{"rendered":"http:\/\/www.rd-themes.com\/TheFox\/?page_id=3801"},"modified":"2024-09-09T12:39:24","modified_gmt":"2024-09-09T11:39:24","slug":"a-propos-de","status":"publish","type":"page","link":"https:\/\/relocations.io\/fr\/a-propos-de\/","title":{"rendered":"\u00c0 propos de nous"},"content":{"rendered":"<div data-elementor-type=\"wp-page\" data-elementor-id=\"3801\" class=\"elementor elementor-3801\" data-elementor-settings=\"{&quot;ha_cmc_init_switcher&quot;:&quot;no&quot;}\" data-elementor-post-type=\"page\">\n\t\t\t\t\t\t<section class=\"elementor-section elementor-top-section elementor-element elementor-element-538e1201 elementor-section-content-middle elementor-section-boxed elementor-section-height-default elementor-section-height-default\" data-id=\"538e1201\" data-element_type=\"section\" data-settings=\"{&quot;background_background&quot;:&quot;classic&quot;,&quot;_ha_eqh_enable&quot;:false}\">\n\t\t\t\t\t\t<div class=\"elementor-container elementor-column-gap-default\">\n\t\t\t\t\t<div class=\"elementor-column elementor-col-50 elementor-top-column elementor-element elementor-element-2d8d30fc\" data-id=\"2d8d30fc\" data-element_type=\"column\" data-settings=\"{&quot;background_background&quot;:&quot;slideshow&quot;,&quot;background_slideshow_gallery&quot;:[],&quot;background_slideshow_loop&quot;:&quot;yes&quot;,&quot;background_slideshow_slide_duration&quot;:5000,&quot;background_slideshow_slide_transition&quot;:&quot;fade&quot;,&quot;background_slideshow_transition_duration&quot;:500}\">\n\t\t\t<div class=\"elementor-widget-wrap elementor-element-populated\">\n\t\t\t\t\t\t<div class=\"elementor-element elementor-element-b31c98 elementor-widget elementor-widget-elementskit-heading\" data-id=\"b31c98\" data-element_type=\"widget\" data-widget_type=\"elementskit-heading.default\">\n\t\t\t\t<div class=\"elementor-widget-container\">\n\t\t\t\t\t<div class=\"ekit-wid-con\" ><div class=\"ekit-heading elementskit-section-title-wraper text_center   ekit_heading_tablet-   ekit_heading_mobile-\"><h2 class=\"ekit-heading--title elementskit-section-title\"><span><span>\u00c0 propos de Relocations.io<\/span><\/span><\/h2>\t\t\t\t<div class='ekit-heading__description'>\n\t\t\t\t\t<p><b>Relocations.io<\/b> se sp\u00e9cialise dans l'assistance aux clients pour une transition en douceur vers l'Europe et l'installation dans leur nouvelle maison.<\/p>\n\t\t\t\t<\/div>\n\t\t\t<\/div><\/div>\t\t\t\t<\/div>\n\t\t\t\t<\/div>\n\t\t\t\t\t<\/div>\n\t\t<\/div>\n\t\t\t\t<div class=\"elementor-column elementor-col-50 elementor-top-column elementor-element elementor-element-60f2cc16\" data-id=\"60f2cc16\" data-element_type=\"column\" data-settings=\"{&quot;background_background&quot;:&quot;slideshow&quot;,&quot;background_slideshow_gallery&quot;:[],&quot;background_slideshow_loop&quot;:&quot;yes&quot;,&quot;background_slideshow_slide_duration&quot;:5000,&quot;background_slideshow_slide_transition&quot;:&quot;fade&quot;,&quot;background_slideshow_transition_duration&quot;:500}\">\n\t\t\t<div class=\"elementor-widget-wrap elementor-element-populated\">\n\t\t\t\t\t\t<div class=\"elementor-element elementor-element-7b1d0ee elementor-widget elementor-widget-image\" data-id=\"7b1d0ee\" data-element_type=\"widget\" data-widget_type=\"image.default\">\n\t\t\t\t<div class=\"elementor-widget-container\">\n\t\t\t\t\t\t\t\t\t\t\t\t\t\t\t<img fetchpriority=\"high\" decoding=\"async\" width=\"500\" height=\"500\" src=\"https:\/\/i0.wp.com\/relocations.io\/wp-content\/uploads\/Assistent.png?fit=500%2C500&amp;ssl=1\" class=\"attachment-large size-large wp-image-61635\" alt=\"\" srcset=\"https:\/\/i0.wp.com\/relocations.io\/wp-content\/uploads\/Assistent.png?w=500&amp;ssl=1 500w, https:\/\/i0.wp.com\/relocations.io\/wp-content\/uploads\/Assistent.png?resize=300%2C300&amp;ssl=1 300w, https:\/\/i0.wp.com\/relocations.io\/wp-content\/uploads\/Assistent.png?resize=150%2C150&amp;ssl=1 150w, https:\/\/i0.wp.com\/relocations.io\/wp-content\/uploads\/Assistent.png?resize=12%2C12&amp;ssl=1 12w\" sizes=\"(max-width: 500px) 100vw, 500px\" \/>\t\t\t\t\t\t\t\t\t\t\t\t\t\t\t<\/div>\n\t\t\t\t<\/div>\n\t\t\t\t\t<\/div>\n\t\t<\/div>\n\t\t\t\t\t<\/div>\n\t\t<\/section>\n\t\t\t\t<section class=\"elementor-section elementor-top-section elementor-element elementor-element-5b638b5d elementor-section-boxed elementor-section-height-default elementor-section-height-default\" data-id=\"5b638b5d\" data-element_type=\"section\" data-settings=\"{&quot;background_background&quot;:&quot;classic&quot;,&quot;_ha_eqh_enable&quot;:false}\">\n\t\t\t\t\t\t<div class=\"elementor-container elementor-column-gap-no\">\n\t\t\t\t\t<div class=\"elementor-column elementor-col-100 elementor-top-column elementor-element elementor-element-28c65d35\" data-id=\"28c65d35\" data-element_type=\"column\">\n\t\t\t<div class=\"elementor-widget-wrap elementor-element-populated\">\n\t\t\t\t\t\t<section class=\"elementor-section elementor-inner-section elementor-element elementor-element-6983c2e3 elementor-section-boxed elementor-section-height-default elementor-section-height-default\" data-id=\"6983c2e3\" data-element_type=\"section\" data-settings=\"{&quot;_ha_eqh_enable&quot;:false}\">\n\t\t\t\t\t\t<div class=\"elementor-container elementor-column-gap-default\">\n\t\t\t\t\t<div class=\"elementor-column elementor-col-100 elementor-inner-column elementor-element elementor-element-53ee3f5\" data-id=\"53ee3f5\" data-element_type=\"column\">\n\t\t\t<div class=\"elementor-widget-wrap elementor-element-populated\">\n\t\t\t\t\t\t<div class=\"elementor-element elementor-element-7f34e934 ha-has-bg-overlay elementor-widget elementor-widget-elementskit-heading\" data-id=\"7f34e934\" data-element_type=\"widget\" data-widget_type=\"elementskit-heading.default\">\n\t\t\t\t<div class=\"elementor-widget-container\">\n\t\t\t\t\t<div class=\"ekit-wid-con\" ><div class=\"ekit-heading elementskit-section-title-wraper text_center   ekit_heading_tablet-   ekit_heading_mobile-\"><h2 class=\"ekit-heading--title elementskit-section-title\">Comment Relocations.io a-t-il \u00e9t\u00e9 cr\u00e9\u00e9 ?<\/h2><\/div><\/div>\t\t\t\t<\/div>\n\t\t\t\t<\/div>\n\t\t\t\t\t<\/div>\n\t\t<\/div>\n\t\t\t\t\t<\/div>\n\t\t<\/section>\n\t\t\t\t<section class=\"elementor-section elementor-inner-section elementor-element elementor-element-3b4c89c5 elementor-section-boxed elementor-section-height-default elementor-section-height-default\" data-id=\"3b4c89c5\" data-element_type=\"section\" data-settings=\"{&quot;_ha_eqh_enable&quot;:false}\">\n\t\t\t\t\t\t<div class=\"elementor-container elementor-column-gap-extended\">\n\t\t\t\t\t<div class=\"elementor-column elementor-col-50 elementor-inner-column elementor-element elementor-element-2b7cf9d1\" data-id=\"2b7cf9d1\" data-element_type=\"column\">\n\t\t\t<div class=\"elementor-widget-wrap elementor-element-populated\">\n\t\t\t\t\t\t<div class=\"elementor-element elementor-element-5342cd90 ekit-equal-height-enable elementor-widget elementor-widget-elementskit-icon-box\" data-id=\"5342cd90\" data-element_type=\"widget\" data-widget_type=\"elementskit-icon-box.default\">\n\t\t\t\t<div class=\"elementor-widget-container\">\n\t\t\t\t\t<div class=\"ekit-wid-con\" >        <!-- link opening -->\n                <a href=\"#\" class=\"ekit_global_links\">\n                <!-- end link opening -->\n\n        <div class=\"elementskit-infobox text-left text- icon-lef-right-aligin elementor-animation-  gradient-active  hover_from_top\">\n                        <div class=\"box-body\">\n                            <h3 class=\"elementskit-info-box-title\">\n                    Notre histoire                <\/h3>\n                        \t\t  \t<p>Fond\u00e9e en 2021, Relocations.io se sp\u00e9cialise dans l'assistance aux clients pour une transition en douceur vers l'Europe et l'installation dans leur nouvelle maison. Fond\u00e9e \u00e0 l'origine pour offrir des services immobiliers, Relocations.io a rapidement pris conscience de l'\u00e9volution des besoins de ses clients. C'est pourquoi nous avons \u00e9largi notre offre en 2022 pour proposer une gamme compl\u00e8te de solutions de relocalisation adapt\u00e9es aux besoins individuels. Que vous d\u00e9m\u00e9nagiez pour le travail, la retraite ou simplement pour changer d'air, notre \u00e9quipe d\u00e9vou\u00e9e s'engage \u00e0 vous fournir une assistance personnalis\u00e9e \u00e0 chaque \u00e9tape du processus. Qu'il s'agisse de trouver la propri\u00e9t\u00e9 id\u00e9ale ou de s'y retrouver dans les exigences l\u00e9gales, les ajustements culturels et les commodit\u00e9s essentielles, nous rationalisons le processus de relocalisation pour que vous viviez une exp\u00e9rience sans stress. Gr\u00e2ce \u00e0 notre expertise et \u00e0 notre r\u00e9seau de partenaires de confiance, nous veillons \u00e0 ce que votre transition vers l'Europe soit harmonieuse, efficace et gratifiante. Laissez-nous nous occuper de la logistique pendant que vous vous concentrez sur votre nouvelle aventure.<\/p>\n                                <\/div>\n        \n        \n                <\/div>\n                <\/a>\n        <\/div>\t\t\t\t<\/div>\n\t\t\t\t<\/div>\n\t\t\t\t\t<\/div>\n\t\t<\/div>\n\t\t\t\t<div class=\"elementor-column elementor-col-50 elementor-inner-column elementor-element elementor-element-69d7570c\" data-id=\"69d7570c\" data-element_type=\"column\">\n\t\t\t<div class=\"elementor-widget-wrap elementor-element-populated\">\n\t\t\t\t\t\t<div class=\"elementor-element elementor-element-53d8917d ekit-equal-height-enable elementor-widget elementor-widget-elementskit-icon-box\" data-id=\"53d8917d\" data-element_type=\"widget\" data-widget_type=\"elementskit-icon-box.default\">\n\t\t\t\t<div class=\"elementor-widget-container\">\n\t\t\t\t\t<div class=\"ekit-wid-con\" >        <!-- link opening -->\n                <a href=\"#\" class=\"ekit_global_links\">\n                <!-- end link opening -->\n\n        <div class=\"elementskit-infobox text-left text- icon-lef-right-aligin elementor-animation-  gradient-active  hover_from_top\">\n                        <div class=\"box-body\">\n                            <h3 class=\"elementskit-info-box-title\">\n                    Nos collaborateurs                <\/h3>\n                        \t\t  \t<p>On ne saurait trop insister sur l'importance de cultiver une \u00e9quipe d'employ\u00e9s heureux et \u00e9panouis au sein d'une entreprise, car cela a un impact direct sur l'exp\u00e9rience des clients. Lorsque les membres de l'\u00e9quipe se sentent valoris\u00e9s, responsabilis\u00e9s et soutenus dans leur r\u00f4le, ils sont mieux arm\u00e9s pour fournir un service exceptionnel aux clients. Un environnement encourageant, o\u00f9 les employ\u00e9s sont incit\u00e9s \u00e0 exprimer leurs id\u00e9es et leurs pr\u00e9occupations, favorise une culture de l'innovation et de la r\u00e9solution des probl\u00e8mes. Les membres heureux de l'\u00e9quipe sont plus susceptibles de se surpasser et de trouver des solutions cr\u00e9atives pour r\u00e9pondre aux besoins des clients, ce qui se traduit par une exp\u00e9rience positive et m\u00e9morable. En outre, lorsque les employ\u00e9s se sentent appr\u00e9ci\u00e9s et responsabilis\u00e9s, ils sont naturellement plus motiv\u00e9s pour fournir des r\u00e9sultats exceptionnels, ce qui am\u00e9liore encore la qualit\u00e9 globale du service. En d\u00e9finitive, une entreprise qui accorde la priorit\u00e9 au bonheur et au bien-\u00eatre des membres de son \u00e9quipe cr\u00e9e non seulement un lieu de travail plus agr\u00e9able, mais veille \u00e9galement \u00e0 ce que les clients re\u00e7oivent le plus haut niveau de soins et de satisfaction.<\/p>\n                                <\/div>\n        \n        \n                <\/div>\n                <\/a>\n        <\/div>\t\t\t\t<\/div>\n\t\t\t\t<\/div>\n\t\t\t\t\t<\/div>\n\t\t<\/div>\n\t\t\t\t\t<\/div>\n\t\t<\/section>\n\t\t\t\t\t<\/div>\n\t\t<\/div>\n\t\t\t\t\t<\/div>\n\t\t<\/section>\n\t\t\t\t<section class=\"elementor-section elementor-top-section elementor-element elementor-element-51e0af05 elementor-section-boxed elementor-section-height-default elementor-section-height-default\" data-id=\"51e0af05\" data-element_type=\"section\" data-settings=\"{&quot;background_background&quot;:&quot;classic&quot;,&quot;_ha_eqh_enable&quot;:false}\">\n\t\t\t\t\t\t<div class=\"elementor-container elementor-column-gap-no\">\n\t\t\t\t\t<div class=\"elementor-column elementor-col-100 elementor-top-column elementor-element elementor-element-14fb4299\" data-id=\"14fb4299\" data-element_type=\"column\">\n\t\t\t<div class=\"elementor-widget-wrap elementor-element-populated\">\n\t\t\t\t\t\t<div class=\"elementor-element elementor-element-369c7e6 elementor-widget elementor-widget-image\" data-id=\"369c7e6\" data-element_type=\"widget\" data-widget_type=\"image.default\">\n\t\t\t\t<div class=\"elementor-widget-container\">\n\t\t\t\t\t\t\t\t\t\t\t\t\t\t\t<img decoding=\"async\" width=\"1920\" height=\"1080\" src=\"https:\/\/i0.wp.com\/relocations.io\/wp-content\/uploads\/Blog1.0-2.png?fit=1920%2C1080&amp;ssl=1\" class=\"attachment-full size-full wp-image-61643\" alt=\"\" srcset=\"https:\/\/i0.wp.com\/relocations.io\/wp-content\/uploads\/Blog1.0-2.png?w=1920&amp;ssl=1 1920w, https:\/\/i0.wp.com\/relocations.io\/wp-content\/uploads\/Blog1.0-2.png?resize=300%2C169&amp;ssl=1 300w, https:\/\/i0.wp.com\/relocations.io\/wp-content\/uploads\/Blog1.0-2.png?resize=1024%2C576&amp;ssl=1 1024w, https:\/\/i0.wp.com\/relocations.io\/wp-content\/uploads\/Blog1.0-2.png?resize=768%2C432&amp;ssl=1 768w, https:\/\/i0.wp.com\/relocations.io\/wp-content\/uploads\/Blog1.0-2.png?resize=1536%2C864&amp;ssl=1 1536w, https:\/\/i0.wp.com\/relocations.io\/wp-content\/uploads\/Blog1.0-2.png?resize=18%2C10&amp;ssl=1 18w, https:\/\/i0.wp.com\/relocations.io\/wp-content\/uploads\/Blog1.0-2.png?resize=1170%2C658&amp;ssl=1 1170w, https:\/\/i0.wp.com\/relocations.io\/wp-content\/uploads\/Blog1.0-2.png?resize=600%2C338&amp;ssl=1 600w\" sizes=\"(max-width: 1080px) 100vw, 1080px\" \/>\t\t\t\t\t\t\t\t\t\t\t\t\t\t\t<\/div>\n\t\t\t\t<\/div>\n\t\t\t\t\t<\/div>\n\t\t<\/div>\n\t\t\t\t\t<\/div>\n\t\t<\/section>\n\t\t\t\t<section class=\"elementor-section elementor-top-section elementor-element elementor-element-49a2dfdb animated-slow elementor-section-boxed elementor-section-height-default elementor-section-height-default elementor-invisible\" data-id=\"49a2dfdb\" data-element_type=\"section\" data-settings=\"{&quot;animation&quot;:&quot;fadeInUp&quot;,&quot;background_background&quot;:&quot;classic&quot;,&quot;_ha_eqh_enable&quot;:false}\">\n\t\t\t\t\t\t<div class=\"elementor-container elementor-column-gap-no\">\n\t\t\t\t\t<div class=\"elementor-column elementor-col-100 elementor-top-column elementor-element elementor-element-43dcdad5\" data-id=\"43dcdad5\" data-element_type=\"column\">\n\t\t\t<div class=\"elementor-widget-wrap elementor-element-populated\">\n\t\t\t\t\t\t<section class=\"elementor-section elementor-inner-section elementor-element elementor-element-16e51fb2 elementor-section-boxed elementor-section-height-default elementor-section-height-default\" data-id=\"16e51fb2\" data-element_type=\"section\" data-settings=\"{&quot;_ha_eqh_enable&quot;:false}\">\n\t\t\t\t\t\t<div class=\"elementor-container elementor-column-gap-default\">\n\t\t\t\t\t<div class=\"elementor-column elementor-col-100 elementor-inner-column elementor-element elementor-element-19d81bf7\" data-id=\"19d81bf7\" data-element_type=\"column\">\n\t\t\t<div class=\"elementor-widget-wrap elementor-element-populated\">\n\t\t\t\t\t\t<div class=\"elementor-element elementor-element-12c1bc61 elementor-widget elementor-widget-elementskit-heading\" data-id=\"12c1bc61\" data-element_type=\"widget\" data-widget_type=\"elementskit-heading.default\">\n\t\t\t\t<div class=\"elementor-widget-container\">\n\t\t\t\t\t<div class=\"ekit-wid-con\" ><div class=\"ekit-heading elementskit-section-title-wraper text_center   ekit_heading_tablet-   ekit_heading_mobile-text_center\"><h2 class=\"ekit-heading--title elementskit-section-title\">Commencez votre voyage aujourd'hui <\/h2>\t\t\t\t<div class='ekit-heading__description'>\n\t\t\t\t\t<p>Laissez-nous nous occuper de la logistique pendant que vous vous concentrez sur votre nouvelle aventure.<\/p>\n\t\t\t\t<\/div>\n\t\t\t<\/div><\/div>\t\t\t\t<\/div>\n\t\t\t\t<\/div>\n\t\t\t\t<div class=\"elementor-element elementor-element-3ccd04fc elementor-align--mobilecenter elementor-align-center elementor-widget elementor-widget-elementskit-button\" data-id=\"3ccd04fc\" data-element_type=\"widget\" data-widget_type=\"elementskit-button.default\">\n\t\t\t\t<div class=\"elementor-widget-container\">\n\t\t\t\t\t<div class=\"ekit-wid-con\" >\t\t<div class=\"ekit-btn-wraper\">\n\t\t\t\t\t\t\t<a href=\"https:\/\/relocations.io\/book-a-call\/\" class=\"elementskit-btn  whitespace--normal\" id=\"\">\n\t\t\t\t\tR\u00e9server un appel\t\t\t\t<\/a>\n\t\t\t\t\t<\/div>\n        <\/div>\t\t\t\t<\/div>\n\t\t\t\t<\/div>\n\t\t\t\t\t<\/div>\n\t\t<\/div>\n\t\t\t\t\t<\/div>\n\t\t<\/section>\n\t\t\t\t\t<\/div>\n\t\t<\/div>\n\t\t\t\t\t<\/div>\n\t\t<\/section>\n\t\t\t\t<\/div>","protected":false},"excerpt":{"rendered":"<p>About Relocations.io Relocations.io specializes in assisting clients with seamless transitions to Europe and settling into their new homes. How did Relocations.io start ? Our History Established in 2021, Relocations.io specializes in assisting clients with seamless transitions to Europe and settling into their new homes. Originally founded with a focus on real estate services, we quickly [&hellip;]<\/p>","protected":false},"author":1,"featured_media":0,"parent":0,"menu_order":0,"comment_status":"closed","ping_status":"closed","template":"elementor_header_footer","meta":{"footnotes":""},"class_list":["post-3801","page","type-page","status-publish","hentry"],"jetpack-related-posts":[{"id":4107,"url":"https:\/\/relocations.io\/fr\/notre-equipe-01\/","url_meta":{"origin":3801,"position":0},"title":"Notre \u00e9quipe","author":"Relocations.io","date":"f\u00e9vrier 4, 2015","format":false,"excerpt":"Our Team Experiences you can't get anywhere else At \u201crelocations.io,\u201d we understand that diversity and cultural sensitivity are essential components of delivering exceptional service. Our team is comprised of individuals from various backgrounds, bringing a wealth of perspectives and insights to our work. We believe in celebrating our differences and\u2026","rel":"","context":"Article similaire","block_context":{"text":"Article similaire","link":""},"img":{"alt_text":"","src":"https:\/\/i0.wp.com\/relocations.io\/wp-content\/uploads\/Our-people.png?resize=350%2C200&ssl=1","width":350,"height":200},"classes":[]},{"id":8903,"url":"https:\/\/relocations.io\/fr\/relocalisation-des-veterans-et-des-militaires\/","url_meta":{"origin":3801,"position":1},"title":"D\u00e9m\u00e9nagement des v\u00e9t\u00e9rans et des membres des forces arm\u00e9es","author":"Relocations.io","date":"ao\u00fbt 27, 2024","format":false,"excerpt":"Veteran & Military Member Relocations At Relocations.io, we deeply appreciate the service and sacrifices made by veterans, military members, and their families. We understand the unique challenges that come with military life, especially when it comes to relocating across borders. Whether you\u2019re transitioning into civilian life, moving your family to\u2026","rel":"","context":"Article similaire","block_context":{"text":"Article similaire","link":""},"img":{"alt_text":"","src":"https:\/\/i0.wp.com\/relocations.io\/wp-content\/uploads\/support-team.png?resize=350%2C200&ssl=1","width":350,"height":200},"classes":[]},{"id":7517,"url":"https:\/\/relocations.io\/fr\/services\/","url_meta":{"origin":3801,"position":2},"title":"Emballages","author":"Relocations.io","date":"novembre 10, 2022","format":false,"excerpt":"Relocations.io Packages One Process at a Time. Book a Free Call WhatsApp +351 262 010 259 Lets's Chat Packages Choose from Custom Packages Bundled Services Customized to your needs Usually Long term Flexible Services Premier & Premium Service Offerings Book a Call Relocations.io Get a Packaged solution Premier experts in\u2026","rel":"","context":"Article similaire","block_context":{"text":"Article similaire","link":""},"img":{"alt_text":"","src":"https:\/\/i0.wp.com\/relocations.io\/wp-content\/uploads\/Blog1.0-2.png?resize=350%2C200&ssl=1","width":350,"height":200,"srcset":"https:\/\/i0.wp.com\/relocations.io\/wp-content\/uploads\/Blog1.0-2.png?resize=350%2C200&ssl=1 1x, https:\/\/i0.wp.com\/relocations.io\/wp-content\/uploads\/Blog1.0-2.png?resize=525%2C300&ssl=1 1.5x, https:\/\/i0.wp.com\/relocations.io\/wp-content\/uploads\/Blog1.0-2.png?resize=700%2C400&ssl=1 2x, https:\/\/i0.wp.com\/relocations.io\/wp-content\/uploads\/Blog1.0-2.png?resize=1050%2C600&ssl=1 3x, https:\/\/i0.wp.com\/relocations.io\/wp-content\/uploads\/Blog1.0-2.png?resize=1400%2C800&ssl=1 4x"},"classes":[]},{"id":10,"url":"https:\/\/relocations.io\/fr\/homeo-2\/","url_meta":{"origin":3801,"position":3},"title":"Hom\u00e9o-2","author":"Relocations.io","date":"octobre 11, 2022","format":false,"excerpt":"Previous slide Next slide Site under Maintenance We\u2019re thrilled to announce that exciting developments are underway, and we can't wait to share them with you. We sincerely apologize for any inconvenience caused by the delay, but we assure you that it will be worth the wait. Please mark your calendars\u2026","rel":"","context":"Article similaire","block_context":{"text":"Article similaire","link":""},"img":{"alt_text":"","src":"https:\/\/i0.wp.com\/relocations.io\/wp-content\/uploads\/432862716_122103825458252482_221353166297668793_n.jpg?resize=350%2C200&ssl=1","width":350,"height":200,"srcset":"https:\/\/i0.wp.com\/relocations.io\/wp-content\/uploads\/432862716_122103825458252482_221353166297668793_n.jpg?resize=350%2C200&ssl=1 1x, https:\/\/i0.wp.com\/relocations.io\/wp-content\/uploads\/432862716_122103825458252482_221353166297668793_n.jpg?resize=525%2C300&ssl=1 1.5x, https:\/\/i0.wp.com\/relocations.io\/wp-content\/uploads\/432862716_122103825458252482_221353166297668793_n.jpg?resize=700%2C400&ssl=1 2x, https:\/\/i0.wp.com\/relocations.io\/wp-content\/uploads\/432862716_122103825458252482_221353166297668793_n.jpg?resize=1050%2C600&ssl=1 3x, https:\/\/i0.wp.com\/relocations.io\/wp-content\/uploads\/432862716_122103825458252482_221353166297668793_n.jpg?resize=1400%2C800&ssl=1 4x"},"classes":[]},{"id":7481,"url":"https:\/\/relocations.io\/fr\/demande-de-devis-dexpedition-hhg\/","url_meta":{"origin":3801,"position":4},"title":"Demande de devis d'exp\u00e9dition HHG","author":"Relocations.io","date":"mars 1, 2024","format":false,"excerpt":"","rel":"","context":"Article similaire","block_context":{"text":"Article similaire","link":""},"img":{"alt_text":"","src":"","width":0,"height":0},"classes":[]},{"id":8798,"url":"https:\/\/relocations.io\/fr\/relocalisations-io-shop\/","url_meta":{"origin":3801,"position":5},"title":"Boutique Relocations.io","author":"Relocations.io","date":"ao\u00fbt 25, 2024","format":false,"excerpt":"","rel":"","context":"Article similaire","block_context":{"text":"Article similaire","link":""},"img":{"alt_text":"","src":"","width":0,"height":0},"classes":[]}],"jetpack_sharing_enabled":true,"_links":{"self":[{"href":"https:\/\/relocations.io\/fr\/wp-json\/wp\/v2\/pages\/3801","targetHints":{"allow":["GET"]}}],"collection":[{"href":"https:\/\/relocations.io\/fr\/wp-json\/wp\/v2\/pages"}],"about":[{"href":"https:\/\/relocations.io\/fr\/wp-json\/wp\/v2\/types\/page"}],"author":[{"embeddable":true,"href":"https:\/\/relocations.io\/fr\/wp-json\/wp\/v2\/users\/1"}],"replies":[{"embeddable":true,"href":"https:\/\/relocations.io\/fr\/wp-json\/wp\/v2\/comments?post=3801"}],"version-history":[{"count":0,"href":"https:\/\/relocations.io\/fr\/wp-json\/wp\/v2\/pages\/3801\/revisions"}],"wp:attachment":[{"href":"https:\/\/relocations.io\/fr\/wp-json\/wp\/v2\/media?parent=3801"}],"curies":[{"name":"wp","href":"https:\/\/api.w.org\/{rel}","templated":true}]}}