{"id":9050,"date":"2022-11-03T21:12:29","date_gmt":"2022-11-03T21:12:29","guid":{"rendered":"https:\/\/gpsites.co\/explore\/?page_id=3"},"modified":"2024-09-02T20:59:25","modified_gmt":"2024-09-02T19:59:25","slug":"politica-de-privacidad","status":"publish","type":"page","link":"https:\/\/relocations.io\/es\/politica-de-privacidad\/","title":{"rendered":"Pol\u00edtica de privacidad"},"content":{"rendered":"<div data-elementor-type=\"wp-page\" data-elementor-id=\"9050\" class=\"elementor elementor-9050\" data-elementor-settings=\"{&quot;ha_cmc_init_switcher&quot;:&quot;no&quot;}\" data-elementor-post-type=\"page\">\n\t\t\t\t<div class=\"elementor-element elementor-element-7dc739a5 e-flex e-con-boxed e-con e-parent\" data-id=\"7dc739a5\" data-element_type=\"container\" data-settings=\"{&quot;_ha_eqh_enable&quot;:false}\">\n\t\t\t\t\t<div class=\"e-con-inner\">\n\t\t\t\t<div class=\"elementor-element elementor-element-76847c9 elementor-widget elementor-widget-text-editor\" data-id=\"76847c9\" data-element_type=\"widget\" data-widget_type=\"text-editor.default\">\n\t\t\t\t<div class=\"elementor-widget-container\">\n\t\t\t\t\t\t\t\t\t\n<h2 class=\"wp-block-heading\" id=\"h-\"><\/h2>\n\t\t\t\t\t\t\t\t<\/div>\n\t\t\t\t<\/div>\n\t\t\t\t\t<\/div>\n\t\t\t\t<\/div>\n\t\t<div class=\"elementor-element elementor-element-24b0c24 e-flex e-con-boxed e-con e-parent\" data-id=\"24b0c24\" data-element_type=\"container\" data-settings=\"{&quot;_ha_eqh_enable&quot;:false}\">\n\t\t\t\t\t<div class=\"e-con-inner\">\n\t\t\t\t\t<\/div>\n\t\t\t\t<\/div>\n\t\t\t\t<section class=\"elementor-section elementor-top-section elementor-element elementor-element-53dfc4a9 elementor-section-boxed elementor-section-height-default elementor-section-height-default\" data-id=\"53dfc4a9\" data-element_type=\"section\" id=\"xs_faq_7\" data-settings=\"{&quot;background_background&quot;:&quot;classic&quot;,&quot;_ha_eqh_enable&quot;:false}\">\n\t\t\t\t\t\t<div class=\"elementor-container elementor-column-gap-default\">\n\t\t\t\t\t<div class=\"elementor-column elementor-col-33 elementor-top-column elementor-element elementor-element-15918eb3\" data-id=\"15918eb3\" data-element_type=\"column\">\n\t\t\t<div class=\"elementor-widget-wrap\">\n\t\t\t\t\t\t\t<\/div>\n\t\t<\/div>\n\t\t\t\t<div class=\"elementor-column elementor-col-33 elementor-top-column elementor-element elementor-element-743c5183\" data-id=\"743c5183\" data-element_type=\"column\">\n\t\t\t<div class=\"elementor-widget-wrap elementor-element-populated\">\n\t\t\t\t\t\t<section class=\"elementor-section elementor-inner-section elementor-element elementor-element-7e0e12b8 elementor-section-boxed elementor-section-height-default elementor-section-height-default\" data-id=\"7e0e12b8\" data-element_type=\"section\" data-settings=\"{&quot;_ha_eqh_enable&quot;:false}\">\n\t\t\t\t\t\t<div class=\"elementor-container elementor-column-gap-default\">\n\t\t\t\t\t<div class=\"elementor-column elementor-col-100 elementor-inner-column elementor-element elementor-element-6668c8ee\" data-id=\"6668c8ee\" data-element_type=\"column\">\n\t\t\t<div class=\"elementor-widget-wrap elementor-element-populated\">\n\t\t\t\t\t\t<div class=\"elementor-element elementor-element-5ee730f4 elementor-widget elementor-widget-elementskit-heading\" data-id=\"5ee730f4\" data-element_type=\"widget\" data-widget_type=\"elementskit-heading.default\">\n\t\t\t\t<div class=\"elementor-widget-container\">\n\t\t\t\t\t<div class=\"ekit-wid-con\" ><div class=\"ekit-heading elementskit-section-title-wraper center   ekit_heading_tablet-   ekit_heading_mobile-\"><h2 class=\"ekit-heading--title elementskit-section-title\">Pol\u00edtica de privacidad | Condiciones de uso | T\u00e9rminos y condiciones<\/h2><div class=\"ekit_heading_separetor_wraper ekit_heading_elementskit-border-divider ekit-dotted\"><div class=\"elementskit-border-divider ekit-dotted\"><\/div><\/div>\t\t\t\t<div class='ekit-heading__description'>\n\t\t\t\t\t<p><span style=\"font-weight: 400\">Nuestra Pol\u00edtica de Privacidad, Condiciones de Uso y T\u00e9rminos y Condiciones para Relocations.io y Arribas D'Aventura LDA y Arribas D'Aventura LLC<\/span><\/p>\n\t\t\t\t<\/div>\n\t\t\t<\/div><\/div>\t\t\t\t<\/div>\n\t\t\t\t<\/div>\n\t\t\t\t<div class=\"elementor-element elementor-element-557ee48 elementor-widget elementor-widget-elementskit-faq\" data-id=\"557ee48\" data-element_type=\"widget\" data-widget_type=\"elementskit-faq.default\">\n\t\t\t\t<div class=\"elementor-widget-container\">\n\t\t\t\t\t<div class=\"ekit-wid-con\" >\n                <div class=\"elementskit-single-faq elementor-repeater-item-d6cee6b\">\n            <div class=\"elementskit-faq-header\">\n                <h2 class=\"elementskit-faq-title\">Actualizado el 15 de julio de 2024<\/h2>\n            <\/div>\n            <div class=\"elementskit-faq-body\">\n                Actualizamos todas nuestras pol\u00edticas con frecuencia en funci\u00f3n de los cambios legislativos que afectan a las operaciones de Relocations.io.            <\/div>\n        <\/div>\n                \n    <\/div>\t\t\t\t<\/div>\n\t\t\t\t<\/div>\n\t\t<div class=\"elementor-element elementor-element-1d6cd4c e-flex e-con-boxed e-con e-parent\" data-id=\"1d6cd4c\" data-element_type=\"container\" data-settings=\"{&quot;_ha_eqh_enable&quot;:false}\">\n\t\t\t\t\t<div class=\"e-con-inner\">\n\t\t\t\t<div class=\"elementor-element elementor-element-0477323 elementor-widget elementor-widget-text-editor\" data-id=\"0477323\" data-element_type=\"widget\" data-widget_type=\"text-editor.default\">\n\t\t\t\t<div class=\"elementor-widget-container\">\n\t\t\t\t\t\t\t\t\t<h3><strong>Pol\u00edtica de privacidad<\/strong><\/h3>\n<p>En Relocations.io, nos comprometemos a salvaguardar sus datos personales y a garantizar la protecci\u00f3n de sus derechos de privacidad. Esta Pol\u00edtica de Privacidad describe c\u00f3mo recopilamos, utilizamos, compartimos y protegemos su informaci\u00f3n personal. Tambi\u00e9n detallamos sus derechos bajo el Reglamento General de Protecci\u00f3n de Datos (GDPR), la Ley de Protecci\u00f3n de Informaci\u00f3n Personal y Documentos Electr\u00f3nicos de Canad\u00e1 (PIPEDA) y las leyes de privacidad relevantes de los Estados Unidos, como la Ley de Privacidad del Consumidor de California (CCPA).<\/p>\n<h3>1. <strong>Informaci\u00f3n que recopilamos<\/strong><\/h3>\n<p>Recogemos los datos personales que usted nos proporciona directamente y la informaci\u00f3n recopilada autom\u00e1ticamente a trav\u00e9s de sus interacciones con nuestro sitio web:<\/p>\n<ul>\n<li><strong>Informaci\u00f3n personal facilitada por usted<\/strong>: Esto incluye su nombre, direcci\u00f3n de correo electr\u00f3nico, n\u00famero de tel\u00e9fono y otros datos que nos proporcione al rellenar formularios, suscribirse a servicios o comunicarse con nosotros.<\/li>\n<li><strong>Informaci\u00f3n recopilada autom\u00e1ticamente<\/strong>: Recopilamos datos sobre sus interacciones con nuestro sitio, como su direcci\u00f3n IP, tipo de navegador y patrones de uso. Podemos utilizar cookies y tecnolog\u00edas de seguimiento similares.<\/li>\n<\/ul>\n<h3>2. <strong>C\u00f3mo utilizamos su informaci\u00f3n<\/strong><\/h3>\n<p>Utilizamos su informaci\u00f3n para diversos fines comerciales leg\u00edtimos, entre ellos:<\/p>\n<ul>\n<li>Prestar nuestros servicios, procesar transacciones y responder a consultas.<\/li>\n<li>Mejorar nuestro sitio web, contenidos y ofertas de servicios.<\/li>\n<li>Fines de marketing y promoci\u00f3n, con el consentimiento expl\u00edcito cuando sea necesario.<\/li>\n<li>Cumplir con las obligaciones legales y proteger nuestros derechos.<\/li>\n<\/ul>\n<h3>3. <strong>Base jur\u00eddica para el tratamiento (cumplimiento del GDPR)<\/strong><\/h3>\n<p>En virtud del GDPR, nos basamos en las siguientes bases legales para procesar su informaci\u00f3n personal:<\/p>\n<ul>\n<li><strong>Consentimiento<\/strong>: Cuando haya dado su consentimiento expl\u00edcito (por ejemplo, al suscribirse a nuestro bolet\u00edn de noticias).<\/li>\n<li><strong>Necesidad contractual<\/strong>: Cuando el tratamiento sea necesario para cumplir un contrato con usted.<\/li>\n<li><strong>Intereses leg\u00edtimos<\/strong>: Para fines como la mejora de la experiencia del usuario, la seguridad y el marketing.<\/li>\n<li><strong>Obligaci\u00f3n legal<\/strong>: Cuando el tratamiento sea necesario para cumplir la ley.<\/li>\n<\/ul>\n<h3>4. <strong>Sus derechos en virtud del GDPR<\/strong><\/h3>\n<p>Si reside en la UE, tiene los siguientes derechos:<\/p>\n<ul>\n<li><strong>Derecho de acceso<\/strong>: Solicitar una copia de los datos personales que tenemos sobre usted.<\/li>\n<li><strong>Derecho de rectificaci\u00f3n<\/strong>: Corrija cualquier inexactitud en sus datos.<\/li>\n<li><strong>Derecho de supresi\u00f3n<\/strong>: Solicitar la supresi\u00f3n de sus datos en determinadas condiciones.<\/li>\n<li><strong>Derecho de restricci\u00f3n<\/strong>: Limitar el tratamiento de sus datos.<\/li>\n<li><strong>Derecho a la portabilidad de datos<\/strong>: Reciba sus datos en un formato estructurado y de uso com\u00fan.<\/li>\n<li><strong>Derecho de oposici\u00f3n<\/strong>: Oponerse al tratamiento basado en intereses leg\u00edtimos o en la mercadotecnia directa.<\/li>\n<\/ul>\n<h3>5. <strong>Sus derechos en virtud de la LPRPDE (Canad\u00e1)<\/strong><\/h3>\n<p>Si se encuentra en Canad\u00e1, la LPRPDE le otorga una serie de derechos:<\/p>\n<ul>\n<li><strong>Derecho de acceso y rectificaci\u00f3n<\/strong>: Revisar y solicitar correcciones de sus datos personales.<\/li>\n<li><strong>Derecho a retirar el consentimiento<\/strong>: Retirar el consentimiento para el tratamiento de datos en cualquier momento.<\/li>\n<li><strong>Derecho a impugnar el cumplimiento<\/strong>: Presentar reclamaciones sobre el tratamiento de sus datos.<\/li>\n<\/ul>\n<h3>6. <strong>Sus derechos en virtud de la CCPA (residentes en California)<\/strong><\/h3>\n<p>Si reside en California, tiene derechos espec\u00edficos en virtud de la CCPA:<\/p>\n<ul>\n<li><strong>Derecho a saber<\/strong>: Solicite detalles sobre las categor\u00edas y los datos personales espec\u00edficos recogidos.<\/li>\n<li><strong>Derecho de supresi\u00f3n<\/strong>: Solicitar la supresi\u00f3n de sus datos personales.<\/li>\n<li><strong>Derecho de exclusi\u00f3n voluntaria<\/strong>: Exclusi\u00f3n de la venta de su informaci\u00f3n personal.<\/li>\n<li><strong>Derecho a la no discriminaci\u00f3n<\/strong>: No ser\u00e1 discriminado por ejercer su derecho a la intimidad.<\/li>\n<\/ul>\n<h3>7. <strong>C\u00f3mo compartimos su informaci\u00f3n<\/strong><\/h3>\n<p>Podemos compartir sus datos con:<\/p>\n<ul>\n<li><strong>Proveedores de servicios<\/strong>: Terceros que nos ayudan a prestar nuestros servicios, como proveedores de alojamiento, procesadores de pagos y plataformas de marketing.<\/li>\n<li><strong>Afiliados y socios<\/strong>: En los casos en que nuestros afiliados internos o externos promocionen nuestros servicios.<\/li>\n<li><strong>Legal y Cumplimiento<\/strong>: Autoridades, cuando as\u00ed lo exija la ley o sea necesario para proteger nuestros derechos.<\/li>\n<\/ul>\n<h3>8. <strong>Programa de afiliados<\/strong><\/h3>\n<p>Participamos en programas de afiliados, lo que significa que podemos ganar comisiones a trav\u00e9s de enlaces en nuestro sitio. Tanto los afiliados internos como los externos utilizan estos enlaces. Los afiliados externos est\u00e1n sujetos a nuestras condiciones de afiliaci\u00f3n y deben cumplir la presente Pol\u00edtica de Privacidad, lo que incluye garantizar la privacidad de los datos de conformidad con la legislaci\u00f3n aplicable.<\/p>\n<p>Para m\u00e1s informaci\u00f3n, consulte nuestro <a href=\"https:\/\/relocations.io\/affiliates\/\" target=\"_new\" rel=\"noopener\">Condiciones del programa de afiliados<\/a> y <a href=\"https:\/\/relocations.io\/partners\/\" target=\"_new\" rel=\"noopener\">Condiciones del programa de socios<\/a>.<\/p>\n<h3>9. <strong>Cookies y tecnolog\u00edas de seguimiento<\/strong><\/h3>\n<p>Utilizamos cookies y tecnolog\u00edas de seguimiento similares para mejorar la experiencia del usuario y analizar el tr\u00e1fico. Puede gestionar sus preferencias de cookies a trav\u00e9s de la configuraci\u00f3n de su navegador.<\/p>\n<h3>10. <strong>Conservaci\u00f3n de datos<\/strong><\/h3>\n<p>Conservamos su informaci\u00f3n personal durante el tiempo necesario para cumplir los fines para los que fue recopilada o seg\u00fan lo exija la ley.<\/p>\n<h3>11. <strong>Transferencias internacionales de datos<\/strong><\/h3>\n<p>Su informaci\u00f3n personal puede ser transferida y procesada en pa\u00edses fuera de su pa\u00eds de residencia, incluido Estados Unidos. Nos aseguramos de que existan garant\u00edas adecuadas para proteger sus datos durante dichas transferencias.<\/p>\n<h3>12. <strong>Medidas de seguridad<\/strong><\/h3>\n<p>Tomamos las medidas t\u00e9cnicas y organizativas adecuadas para proteger sus datos personales del acceso, la divulgaci\u00f3n o la destrucci\u00f3n no autorizados. Sin embargo, ning\u00fan sistema en l\u00ednea es totalmente seguro y no podemos garantizar la seguridad absoluta de sus datos.<\/p>\n<h3>13. <strong>Sus opciones y controles<\/strong><\/h3>\n<p>Puede ejercer sus derechos <a href=\"https:\/\/relocations.io\/contact\/\">Contacto<\/a>. Tambi\u00e9n puede darse de baja de las comunicaciones comerciales en cualquier momento siguiendo las instrucciones para darse de baja que figuran en nuestros correos electr\u00f3nicos.<\/p>\n<h3>14. <strong>Cambios en esta pol\u00edtica<\/strong><\/h3>\n<p>Podemos actualizar esta Pol\u00edtica de Privacidad de vez en cuando. Los cambios se publicar\u00e1n en esta p\u00e1gina y la fecha de \"\u00daltima actualizaci\u00f3n\" se revisar\u00e1 en consecuencia.<\/p>\n<h3>15. <strong>Informaci\u00f3n de contacto<\/strong><\/h3>\n<p>Si tiene preguntas o dudas sobre esta Pol\u00edtica de Privacidad, por favor <a href=\"https:\/\/relocations.io\/contact\/\">Contacto<\/a><\/p>\n<article class=\"w-full text-token-text-primary focus-visible:outline-2 focus-visible:outline-offset-[-4px]\" dir=\"auto\" data-testid=\"conversation-turn-45\" data-scroll-anchor=\"false\">\n<div class=\"text-base py-[18px] px-3 md:px-4 m-auto w-full md:px-5 lg:px-1 xl:px-5\">\n<div class=\"mx-auto flex flex-1 gap-4 text-base md:gap-5 lg:gap-6 md:max-w-3xl lg:max-w-[40rem] xl:max-w-[48rem]\">\n<div class=\"group\/conversation-turn relative flex w-full min-w-0 flex-col agent-turn\">\n<div class=\"flex-col gap-1 md:gap-3\">\n<div class=\"flex max-w-full flex-col flex-grow\">\n<div class=\"min-h-[20px] text-message flex w-full flex-col items-end gap-2 break-words [.text-message+&amp;]:mt-5 overflow-x-auto whitespace-normal\" dir=\"auto\" data-message-author-role=\"assistant\" data-message-id=\"264ca2e6-47be-4f5e-9870-33beccb5ec91\">\n<div class=\"flex w-full flex-col gap-1 empty:hidden first:pt-[3px]\">\n<div class=\"markdown prose w-full break-words dark:prose-invert dark\">\n<h3><strong>Condiciones de uso<\/strong><\/h3>\n<p>Bienvenido a Relocations.io Estas Condiciones de uso (\"Condiciones\") regulan su acceso y uso de nuestro sitio web, servicios y contenidos. Al acceder o utilizar nuestro sitio web, usted acepta cumplir y quedar vinculado por estas Condiciones. Si no est\u00e1 de acuerdo, le rogamos que no utilice nuestro sitio web ni nuestros servicios.<\/p>\n<h3>1. <strong>Aceptaci\u00f3n de las condiciones<\/strong><\/h3>\n<p>Al acceder a este sitio web, usted reconoce haber le\u00eddo, comprendido y aceptado las presentes Condiciones. Estas Condiciones se aplican a todos los visitantes, usuarios y dem\u00e1s personas que accedan al sitio web.<\/p>\n<h3>2. <strong>Cambios en las condiciones<\/strong><\/h3>\n<p>Relocations.io se reserva el derecho a modificar estas Condiciones en cualquier momento. Cualquier cambio ser\u00e1 publicado en esta p\u00e1gina con la fecha actualizada. El uso continuado del sitio despu\u00e9s de que se publiquen los cambios constituye su aceptaci\u00f3n de los T\u00e9rminos modificados.<\/p>\n<h3>3. <strong>Uso del sitio web<\/strong><\/h3>\n<p>Usted se compromete a utilizar el sitio web y los servicios \u00fanicamente con fines l\u00edcitos y de conformidad con las presentes Condiciones. Usted es responsable de su conducta durante el uso de nuestro sitio y de cualquier contenido que env\u00ede, publique o comparta.<\/p>\n<p>Las actividades prohibidas incluyen, entre otras:<\/p>\n<ul>\n<li>Utilizar el sitio con fines ilegales o para solicitar a otros que realicen actos ilegales.<\/li>\n<li>Cargar o transmitir virus o c\u00f3digo malicioso.<\/li>\n<li>Recoger o rastrear la informaci\u00f3n personal de otros sin consentimiento.<\/li>\n<li>Realizar spam, phishing o cualquier pr\u00e1ctica fraudulenta.<\/li>\n<\/ul>\n<h3>4. <strong>Cuentas de usuario y registro<\/strong><\/h3>\n<p>Algunos servicios o funciones pueden requerir la creaci\u00f3n de una cuenta. Usted se compromete a proporcionar informaci\u00f3n precisa y completa y a mantenerla actualizada. Usted es responsable de salvaguardar las credenciales de su cuenta y de cualquier actividad o acci\u00f3n que se realice con ella.<\/p>\n<h3>5. <strong>Condiciones del programa de afiliados<\/strong><\/h3>\n<p>Si participa en nuestro programa de afiliaci\u00f3n, deber\u00e1 cumplir las condiciones establecidas en <a href=\"https:\/\/relocations.io\/affiliates\/\" target=\"_new\" rel=\"noopener\">Condiciones del programa de afiliados<\/a> y <a href=\"https:\/\/relocations.io\/partners\/\" target=\"_new\" rel=\"noopener\">Condiciones del programa de socios<\/a>. Esto incluye el cumplimiento de los requisitos de privacidad de datos, pr\u00e1cticas promocionales honestas y la divulgaci\u00f3n transparente de su relaci\u00f3n con Relocations.io.<\/p>\n<h3>6. <strong>Propiedad intelectual<\/strong><\/h3>\n<p>Todo el contenido de este sitio web, incluidos textos, im\u00e1genes, logotipos, gr\u00e1ficos y software, es propiedad de Relocations.io o se ha concedido bajo licencia a Relocations.io y est\u00e1 protegido por las leyes de derechos de autor, marcas comerciales y otras leyes de propiedad intelectual. Queda prohibido copiar, modificar, distribuir o crear trabajos derivados de cualquier contenido sin nuestro consentimiento expreso por escrito.<\/p>\n<h3>7. <strong>Enlaces de terceros<\/strong><\/h3>\n<p>Nuestro sitio web puede contener enlaces a sitios web o servicios de terceros que no son propiedad ni est\u00e1n controlados por Relocations.io. No somos responsables del contenido, las pol\u00edticas o las pr\u00e1cticas de los sitios de terceros. Usted accede a dichos enlaces por su cuenta y riesgo y le aconsejamos que revise sus respectivas condiciones y pol\u00edticas de privacidad.<\/p>\n<h3>8. <strong>Limitaci\u00f3n de responsabilidad<\/strong><\/h3>\n<p>En la m\u00e1xima medida permitida por la ley, Relocations.io no ser\u00e1 responsable de ning\u00fan da\u00f1o directo, indirecto, incidental o consecuente que surja de su uso o incapacidad de usar nuestro sitio web, servicios o contenido. Esto incluye da\u00f1os por errores, omisiones, interrupciones o retrasos en nuestros servicios.<\/p>\n<h3>9. <strong>Indemnizaci\u00f3n<\/strong><\/h3>\n<p>Usted acepta indemnizar, defender y eximir a Relocations.io y a sus afiliados, empleados y agentes de cualquier reclamaci\u00f3n, responsabilidad, da\u00f1os y gastos (incluidos los honorarios de abogados) derivados del uso que usted haga del sitio, del incumplimiento por su parte de estas Condiciones o de la infracci\u00f3n por su parte de cualquier ley o de los derechos de un tercero.<\/p>\n<h3>10. <strong>Derecho aplicable<\/strong><\/h3>\n<p>Las presentes Condiciones se regir\u00e1n e interpretar\u00e1n de conformidad con la legislaci\u00f3n vigente. Cualquier disputa que surja de estos T\u00e9rminos o de su uso del sitio web estar\u00e1 sujeta a la jurisdicci\u00f3n exclusiva de los tribunales.<\/p>\n<h3>11. <strong>Pol\u00edtica de privacidad<\/strong><\/h3>\n<p>Consulte nuestra <a href=\"https:\/\/relocations.io\/privacy-policy\/\" target=\"_new\" rel=\"noopener\">Pol\u00edtica de privacidad<\/a> para obtener informaci\u00f3n sobre c\u00f3mo recogemos, utilizamos y protegemos sus datos personales. Al utilizar nuestro sitio web, usted acepta las pr\u00e1cticas relativas a los datos descritas en nuestra Pol\u00edtica de privacidad.<\/p>\n<h3>12. <strong>Terminaci\u00f3n<\/strong><\/h3>\n<p>Nos reservamos el derecho de terminar o suspender el acceso a nuestro sitio o servicios inmediatamente, sin previo aviso, por conductas que consideremos inaceptables o que infrinjan estas Condiciones.<\/p>\n<h3>13. <strong>Informaci\u00f3n de contacto<\/strong><\/h3>\n<p>Si tiene alguna pregunta sobre estas Condiciones o nuestro sitio web, por favor <a href=\"https:\/\/relocations.io\/contact\/\">Contacto<\/a><\/p>\n<\/div>\n<\/div>\n<\/div>\n<\/div>\n<\/div>\n<\/div>\n<\/div>\n<\/div>\n<\/article>\t\t\t\t\t\t\t\t<\/div>\n\t\t\t\t<\/div>\n\t\t\t\t\t<\/div>\n\t\t\t\t<\/div>\n\t\t\t\t\t<\/div>\n\t\t<\/div>\n\t\t\t\t\t<\/div>\n\t\t<\/section>\n\t\t\t\t\t<\/div>\n\t\t<\/div>\n\t\t\t\t<div class=\"elementor-column elementor-col-33 elementor-top-column elementor-element elementor-element-78422c0f\" data-id=\"78422c0f\" data-element_type=\"column\">\n\t\t\t<div class=\"elementor-widget-wrap\">\n\t\t\t\t\t\t\t<\/div>\n\t\t<\/div>\n\t\t\t\t\t<\/div>\n\t\t<\/section>\n\t\t\t\t<\/div>","protected":false},"excerpt":{"rendered":"<p>Privacy Policy | Terms of Use | Terms and Conditions Our Privacy Policy, Terms of Use and Terms &amp; Conditions for Relocations.io &amp; Arribas D&#8217;Aventura LDA and Arribas D&#8217;Aventura LLC Updated 15 July 2024 We update all our policies often according to law changes which effect the operations of Relocations.io Privacy Policy At Relocations.io, we [&hellip;]<\/p>","protected":false},"author":1,"featured_media":0,"parent":0,"menu_order":0,"comment_status":"closed","ping_status":"open","template":"","meta":{"footnotes":""},"class_list":["post-9050","page","type-page","status-publish","hentry"],"jetpack-related-posts":[{"id":3,"url":"https:\/\/relocations.io\/es\/?elementor_library=default-kit","url_meta":{"origin":9050,"position":0},"title":"Default Kit","author":"Relocations.io","date":"octubre 11, 2022","format":false,"excerpt":"","rel":"","context":"Entrada similar","block_context":{"text":"Entrada similar","link":""},"img":{"alt_text":"","src":"","width":0,"height":0},"classes":[]},{"id":8881,"url":"https:\/\/relocations.io\/es\/socios\/condiciones-de-afiliacion\/","url_meta":{"origin":9050,"position":1},"title":"Condiciones de afiliaci\u00f3n","author":"Relocations.io","date":"agosto 27, 2024","format":false,"excerpt":"Affiliate Program Terms and Conditions for Relocations.io Welcome to the Relocations.io Affiliate Program! By joining this program, you agree to the terms and conditions outlined here, as well as the broader Relocations.io Terms of Use and Privacy Policy. Please carefully review these guidelines before enrolling. 1. Program Participation As an\u2026","rel":"","context":"Entrada similar","block_context":{"text":"Entrada similar","link":""},"img":{"alt_text":"","src":"","width":0,"height":0},"classes":[]},{"id":8282,"url":"https:\/\/relocations.io\/es\/socios\/","url_meta":{"origin":9050,"position":2},"title":"Socios","author":"Relocations.io","date":"agosto 19, 2024","format":false,"excerpt":"Affiliate & Partner Portal Login Become a Partner At Relocations.io, we collaborate with a trusted network of partners across Europe to provide seamless and comprehensive relocation services tailored to our clients\u2019 needs. Our partnerships enable us to offer an extensive range of solutions, from property management and legal support to\u2026","rel":"","context":"Entrada similar","block_context":{"text":"Entrada similar","link":""},"img":{"alt_text":"","src":"https:\/\/i0.wp.com\/relocations.io\/wp-content\/uploads\/2024\/08\/7-3-1024x512.jpg?resize=350%2C200&ssl=1","width":350,"height":200,"srcset":"https:\/\/i0.wp.com\/relocations.io\/wp-content\/uploads\/2024\/08\/7-3-1024x512.jpg?resize=350%2C200&ssl=1 1x, https:\/\/i0.wp.com\/relocations.io\/wp-content\/uploads\/2024\/08\/7-3-1024x512.jpg?resize=525%2C300&ssl=1 1.5x, https:\/\/i0.wp.com\/relocations.io\/wp-content\/uploads\/2024\/08\/7-3-1024x512.jpg?resize=700%2C400&ssl=1 2x"},"classes":[]},{"id":7491,"url":"https:\/\/relocations.io\/es\/reservar-una-llamada-2\/","url_meta":{"origin":9050,"position":3},"title":"Concierte una llamada de presentaci\u00f3n gratuita","author":"Relocations.io","date":"febrero 18, 2024","format":false,"excerpt":"Relocations.io Book a Free Call Introductory & Discovery Call WhatsApp +351 262 010 259 Lets's Chat Introductory & Discovery Free Call \"*\" indicates required fields Step 1 of 2 50% Email*Please use a valid email. Consent*By selecting \"submit\" you agree that the information on this form is accurate and represents\u2026","rel":"","context":"Entrada similar","block_context":{"text":"Entrada similar","link":""},"img":{"alt_text":"","src":"","width":0,"height":0},"classes":[]},{"id":61410,"url":"https:\/\/relocations.io\/es\/","url_meta":{"origin":9050,"position":4},"title":"Reubicaciones.io","author":"Relocations.io","date":"septiembre 3, 2024","format":false,"excerpt":"Somos su empresa de gesti\u00f3n de destinos y reubicaciones de confianza para todas sus necesidades de mudanza e instalaci\u00f3n. Tanto si busca un \u00fanico servicio de bricolaje como un paquete, \u00a1la elecci\u00f3n es siempre suya!","rel":"","context":"Entrada similar","block_context":{"text":"Entrada similar","link":""},"img":{"alt_text":"","src":"https:\/\/i0.wp.com\/relocations.io\/wp-content\/uploads\/support-team.png?resize=350%2C200&ssl=1","width":350,"height":200},"classes":[]},{"id":7698,"url":"https:\/\/relocations.io\/es\/gestao-de-propriedades\/","url_meta":{"origin":9050,"position":5},"title":"Gesti\u00f3n de propiedades","author":"Relocations.io","date":"julio 17, 2024","format":false,"excerpt":"[vc_row][vc_column][movedo_single_image image=\"13\"][vc_column_text css=\".vc_custom_1721141815793{border-color: #000000 !important;}\"] Destination Management Company\u00a0 [\/vc_column_text][\/vc_column][\/vc_row][vc_row][vc_column][\/vc_column][\/vc_row][vc_row][vc_column text_align=\"center\"][movedo_slider ids=\"7751,7749,7750,7748,7746,7747\" image_mode=\"medium_large\" transition=\"fade\"][movedo_empty_space height_multiplier=\"2x\"][vc_column_text css=\".vc_custom_1721430248041{border-radius: 5px !important;border-color: #f4f4f4 !important;}\" animation=\"grve-zoom-in\"] Find Peace of Mind and Success in Local Accommodation Management with Relocations.io [\/vc_column_text][movedo_empty_space height_multiplier=\"2x\"][vc_column_text css=\"\" animation=\"grve-zoom-in\" animation_duration=\"slow\"]We are fully aware of the particular challenges associated with managing short-term rentals, also\u2026","rel":"","context":"Entrada similar","block_context":{"text":"Entrada similar","link":""},"img":{"alt_text":"","src":"","width":0,"height":0},"classes":[]}],"jetpack_sharing_enabled":true,"_links":{"self":[{"href":"https:\/\/relocations.io\/es\/wp-json\/wp\/v2\/pages\/9050","targetHints":{"allow":["GET"]}}],"collection":[{"href":"https:\/\/relocations.io\/es\/wp-json\/wp\/v2\/pages"}],"about":[{"href":"https:\/\/relocations.io\/es\/wp-json\/wp\/v2\/types\/page"}],"author":[{"embeddable":true,"href":"https:\/\/relocations.io\/es\/wp-json\/wp\/v2\/users\/1"}],"replies":[{"embeddable":true,"href":"https:\/\/relocations.io\/es\/wp-json\/wp\/v2\/comments?post=9050"}],"version-history":[{"count":0,"href":"https:\/\/relocations.io\/es\/wp-json\/wp\/v2\/pages\/9050\/revisions"}],"wp:attachment":[{"href":"https:\/\/relocations.io\/es\/wp-json\/wp\/v2\/media?parent=9050"}],"curies":[{"name":"wp","href":"https:\/\/api.w.org\/{rel}","templated":true}]}}