{"id":8881,"date":"2024-08-27T18:07:59","date_gmt":"2024-08-27T17:07:59","guid":{"rendered":"https:\/\/relocations.io\/?page_id=8881"},"modified":"2024-08-27T18:11:47","modified_gmt":"2024-08-27T17:11:47","slug":"condiciones-de-afiliacion","status":"publish","type":"page","link":"https:\/\/relocations.io\/es\/socios\/condiciones-de-afiliacion\/","title":{"rendered":"Condiciones de afiliaci\u00f3n"},"content":{"rendered":"<h3 class=\"wp-block-heading\" id=\"h-affiliate-program-terms-and-conditions-for-relocations-io\"><strong>T\u00e9rminos y condiciones del programa de afiliados de Relocations.io<\/strong><\/h3>\n\n\n\n<p>\u00a1Bienvenido al Programa de Afiliaci\u00f3n de Relocations.io! Al unirse a este programa, usted acepta los t\u00e9rminos y condiciones aqu\u00ed expuestos, as\u00ed como los t\u00e9rminos y condiciones m\u00e1s amplios que se detallan a continuaci\u00f3n. <a href=\"http:\/\/privacy-policy\">Condiciones de uso y pol\u00edtica de privacidad de Relocations.io<\/a>. Por favor, revise cuidadosamente estas directrices antes de inscribirse.<\/p>\n\n\n\n<hr class=\"wp-block-separator has-alpha-channel-opacity\"\/>\n\n\n\n<h3 class=\"wp-block-heading\"><strong>1. Participaci\u00f3n en el programa<\/strong><\/h3>\n\n\n\n<p>Como afiliado autorizado, su funci\u00f3n es promocionar los servicios de Relocations.io y ganar comisiones por las ventas generadas a trav\u00e9s de sus recomendaciones. Ya sea a trav\u00e9s de su sitio web, canales de redes sociales o recomendaciones directas, usted es responsable de una promoci\u00f3n \u00e9tica y legal.<\/p>\n\n\n\n<h3 class=\"wp-block-heading\"><strong>2. Aprobaci\u00f3n y rechazo de solicitudes<\/strong><\/h3>\n\n\n\n<p>Relocations.io se reserva el derecho de aceptar o rechazar cualquier solicitud de afiliaci\u00f3n a su entera discreci\u00f3n. Si su solicitud es rechazada, no existe ning\u00fan recurso legal disponible. Su participaci\u00f3n en el programa est\u00e1 condicionada a nuestra aprobaci\u00f3n.<\/p>\n\n\n\n<h3 class=\"wp-block-heading\"><strong>3. Comisiones<\/strong><\/h3>\n\n\n\n<ul class=\"wp-block-list\">\n<li><strong>Calendario de pagos:<\/strong>\u00a0Las comisiones se pagan mensualmente.<\/li>\n\n\n\n<li><strong>Elegibilidad:<\/strong>\u00a0Las referencias deben permanecer activas durante al menos 31 d\u00edas para tener derecho a una comisi\u00f3n.<\/li>\n\n\n\n<li><strong>No a las autorreferencias:<\/strong>\u00a0Est\u00e1 prohibido referirse a s\u00ed mismo o generar comisiones por sus propias compras.<\/li>\n\n\n\n<li><strong>Fraude y devoluciones de cargo:<\/strong>\u00a0Las comisiones s\u00f3lo se pagan por transacciones leg\u00edtimas y completadas. Cualquier actividad fraudulenta, devoluci\u00f3n de cargo o reembolso descalificar\u00e1 la comisi\u00f3n.<\/li>\n<\/ul>\n\n\n\n<h3 class=\"wp-block-heading\"><strong>4. Rescisi\u00f3n y suspensi\u00f3n<\/strong><\/h3>\n\n\n\n<p>Su participaci\u00f3n puede ser suspendida o cancelada si realiza alguna de las siguientes actividades:<\/p>\n\n\n\n<ul class=\"wp-block-list\">\n<li><strong>Promociones inapropiadas:<\/strong>\u00a0Incluidas afirmaciones falsas, enlaces enga\u00f1osos o marketing enga\u00f1oso.<\/li>\n\n\n\n<li><strong>T\u00e1cticas de spam:<\/strong>\u00a0Por ejemplo, env\u00edo masivo de correos electr\u00f3nicos o publicaciones irrelevantes en grupos de noticias.<\/li>\n\n\n\n<li><strong>Actividad ilegal:<\/strong>\u00a0Promoci\u00f3n en sitios web implicados en actividades ilegales.<\/li>\n\n\n\n<li><strong>Violaciones de la propiedad intelectual:<\/strong>\u00a0Uso no autorizado de las marcas, logotipos o medios de Relocations.io.<\/li>\n\n\n\n<li><strong>Incentivos no autorizados:<\/strong>\u00a0Ofrecer descuentos, cupones o recompensas no aprobados como parte de su estrategia promocional.<\/li>\n<\/ul>\n\n\n\n<p>Relocations.io se reserva el derecho a cancelar su cuenta de afiliado en cualquier momento por cualquier infracci\u00f3n o sin motivo si lo considera necesario.<\/p>\n\n\n\n<h3 class=\"wp-block-heading\"><strong>5. Enlaces de afiliaci\u00f3n y promociones<\/strong><\/h3>\n\n\n\n<p>Puede utilizar los enlaces gr\u00e1ficos y de texto que le proporcionamos o crear su propio contenido promocional. Todos los contenidos deben ajustarse a nuestras directrices de marca y cumplir las condiciones aqu\u00ed expuestas. Adem\u00e1s:<\/p>\n\n\n\n<ul class=\"wp-block-list\">\n<li>Puede promocionar sus enlaces a trav\u00e9s de sitios web, redes sociales, correos electr\u00f3nicos u otros canales.<\/li>\n\n\n\n<li>Debe asegurarse de que sus esfuerzos promocionales son \u00e9ticos y cumplen toda la normativa aplicable, incluidas las directrices de la Uni\u00f3n Europea.<\/li>\n<\/ul>\n\n\n\n<h3 class=\"wp-block-heading\"><strong>6. Directrices de comercializaci\u00f3n y promoci\u00f3n<\/strong><\/h3>\n\n\n\n<p>Los afiliados deben:<\/p>\n\n\n\n<ul class=\"wp-block-list\">\n<li>Aseg\u00farese de que todos los contenidos de marketing sean precisos, transparentes y no induzcan a error a los clientes potenciales.<\/li>\n\n\n\n<li>Evite cualquier t\u00e1ctica que implique pujar por palabras clave de marca o participar en campa\u00f1as PPC sin autorizaci\u00f3n previa por escrito.<\/li>\n<\/ul>\n\n\n\n<h3 class=\"wp-block-heading\"><strong>7. Sitios de cupones y ofertas<\/strong><\/h3>\n\n\n\n<p>Si promociona nuestros productos a trav\u00e9s de un sitio de ofertas o cupones, siga estas directrices:<\/p>\n\n\n\n<ul class=\"wp-block-list\">\n<li>No utilice un lenguaje enga\u00f1oso que sugiera descuentos no autorizados.<\/li>\n\n\n\n<li>No promocione cupones no asignados o no oficiales.<\/li>\n\n\n\n<li>Aseg\u00farese de que el visitante ve los detalles del cup\u00f3n antes de instalar las cookies de afiliaci\u00f3n.<\/li>\n<\/ul>\n\n\n\n<h3 class=\"wp-block-heading\"><strong>8. Umbral m\u00ednimo de pago<\/strong><\/h3>\n\n\n\n<p>Relocations.io puede establecer un umbral m\u00ednimo de pago para agilizar los procesos de pago. Debe alcanzar este umbral antes de que se desembolse cualquier pago.<\/p>\n\n\n\n<h3 class=\"wp-block-heading\"><strong>9. Cl\u00e1usulas de no competencia y exclusividad<\/strong><\/h3>\n\n\n\n<p>Dependiendo de su funci\u00f3n, puede estar sujeto a cl\u00e1usulas de no competencia o exclusividad para evitar promocionar a competidores directos.<\/p>\n\n\n\n<h3 class=\"wp-block-heading\"><strong>10. Evaluaciones del rendimiento de los afiliados<\/strong><\/h3>\n\n\n\n<p>Su cuenta puede ser revisada peri\u00f3dicamente en funci\u00f3n de su rendimiento, cumplimiento y contribuci\u00f3n al programa. Los afiliados con bajo rendimiento o que incumplan las normas podr\u00edan sufrir una reducci\u00f3n de las comisiones o ser eliminados del programa.<\/p>\n\n\n\n<h3 class=\"wp-block-heading\"><strong>11. Control del fraude<\/strong><\/h3>\n\n\n\n<p>Supervisamos activamente las actividades en busca de indicios de fraude o abuso. Cualquier comportamiento fraudulento detectado dar\u00e1 lugar a la terminaci\u00f3n inmediata y la p\u00e9rdida de las comisiones ganadas.<\/p>\n\n\n\n<h3 class=\"wp-block-heading\"><strong>12. Informes y an\u00e1lisis de datos<\/strong><\/h3>\n\n\n\n<p>Los afiliados tienen acceso a las m\u00e9tricas de rendimiento, incluidos clics, conversiones y ganancias, a trav\u00e9s de nuestro portal de afiliados.<\/p>\n\n\n\n<h3 class=\"wp-block-heading\"><strong>13. Cl\u00e1usula de rescisi\u00f3n del programa<\/strong><\/h3>\n\n\n\n<p>Relocations.io se reserva el derecho de poner fin al programa o a las cuentas de afiliados individuales en cualquier momento. Se notificar\u00e1 a los afiliados si se interrumpe el programa.<\/p>\n\n\n\n<h3 class=\"wp-block-heading\"><strong>14. Responsabilidades de los afiliados<\/strong><\/h3>\n\n\n\n<p>Los afiliados son responsables de mantener el cumplimiento de las normas legales, reglamentarias y \u00e9ticas. Relocations.io declina toda responsabilidad por da\u00f1os indirectos o interrupciones del programa.<\/p>\n\n\n\n<h3 class=\"wp-block-heading\"><strong>15. Duraci\u00f3n del Acuerdo y modificaciones<\/strong><\/h3>\n\n\n\n<p>Este acuerdo entra en vigor en el momento en que usted env\u00eda la solicitud de afiliaci\u00f3n y continuar\u00e1 vigente hasta su rescisi\u00f3n. Podemos modificar los t\u00e9rminos en cualquier momento. El hecho de seguir participando constituye su aceptaci\u00f3n de cualquier cambio.<\/p>\n\n\n\n<h3 class=\"wp-block-heading\"><strong>16. Afiliados internos y programa de asociaci\u00f3n<\/strong><\/h3>\n\n\n\n<p>Tanto los afiliados internos como los socios externos deben respetar estas condiciones. Para m\u00e1s informaci\u00f3n, consulte nuestra <a href=\"\/partners\/\">P\u00e1gina del Programa de Socios y p\u00e1gina del Programa de Afiliados<\/a>.<\/p>\n\n\n\n<h3 class=\"wp-block-heading\"><strong>17. Indemnizaci\u00f3n<\/strong><\/h3>\n\n\n\n<p>Los afiliados aceptan indemnizar y eximir de toda responsabilidad a Relocations.io y a sus representantes frente a reclamaciones legales o disputas derivadas de sus actividades en virtud de este acuerdo.<\/p>\n\n\n\n<h3 class=\"wp-block-heading\"><strong>18. Resoluci\u00f3n de litigios<\/strong><\/h3>\n\n\n\n<p>Cualquier disputa se tratar\u00e1 de buena fe, con la mediaci\u00f3n como primer paso. Los asuntos no resueltos podr\u00e1n someterse a arbitraje vinculante.<\/p>\n\n\n\n<h3 class=\"wp-block-heading\"><strong>19. Acuerdo de firma electr\u00f3nica<\/strong><\/h3>\n\n\n\n<p>Al rellenar la solicitud de afiliaci\u00f3n a Relocations.io, acepta los t\u00e9rminos de este acuerdo. Su env\u00edo constituye una firma electr\u00f3nica con la misma fuerza legal que una firma manuscrita.<\/p>\n\n\n\n<h3 class=\"wp-block-heading\"><strong>20. Informaci\u00f3n de contacto<\/strong><\/h3>\n\n\n\n<p>Para preguntas o m\u00e1s informaci\u00f3n sobre estas condiciones, <a href=\"http:\/\/contact\">no dude en ponerse en contacto con nosotros en nuestra p\u00e1gina de contacto<\/a>.<\/p>\n\n\n\n<div class=\"wp-block-buttons is-horizontal is-content-justification-center is-layout-flex wp-container-core-buttons-is-layout-499968f5 wp-block-buttons-is-layout-flex\">\n<div class=\"wp-block-button has-custom-width wp-block-button__width-50\"><a class=\"wp-block-button__link has-text-align-center wp-element-button\" href=\"https:\/\/relocations.io\/partners\/\">Volver a la p\u00e1gina de socios<\/a><\/div>\n<\/div>","protected":false},"excerpt":{"rendered":"<p>Affiliate Program Terms and Conditions for Relocations.io Welcome to the Relocations.io Affiliate Program! By joining this program, you agree to the terms and conditions outlined here, as well as the broader Relocations.io Terms of Use and Privacy Policy. Please carefully review these guidelines before enrolling. 1. Program Participation As an authorized affiliate, your role is [&hellip;]<\/p>","protected":false},"author":1,"featured_media":0,"parent":8282,"menu_order":0,"comment_status":"closed","ping_status":"closed","template":"","meta":{"footnotes":""},"class_list":["post-8881","page","type-page","status-publish","hentry"],"jetpack-related-posts":[{"id":9050,"url":"https:\/\/relocations.io\/es\/politica-de-privacidad\/","url_meta":{"origin":8881,"position":0},"title":"Pol\u00edtica de privacidad","author":"Relocations.io","date":"noviembre 3, 2022","format":false,"excerpt":"Privacy Policy | Terms of Use | Terms and Conditions Our Privacy Policy, Terms of Use and Terms & Conditions for Relocations.io & Arribas D'Aventura LDA and Arribas D'Aventura LLC Updated 15 July 2024 We update all our policies often according to law changes which effect the operations of Relocations.io\u2026","rel":"","context":"Entrada similar","block_context":{"text":"Entrada similar","link":""},"img":{"alt_text":"","src":"","width":0,"height":0},"classes":[]},{"id":8282,"url":"https:\/\/relocations.io\/es\/socios\/","url_meta":{"origin":8881,"position":1},"title":"Socios","author":"Relocations.io","date":"agosto 19, 2024","format":false,"excerpt":"Affiliate & Partner Portal Login Become a Partner At Relocations.io, we collaborate with a trusted network of partners across Europe to provide seamless and comprehensive relocation services tailored to our clients\u2019 needs. Our partnerships enable us to offer an extensive range of solutions, from property management and legal support to\u2026","rel":"","context":"Entrada similar","block_context":{"text":"Entrada similar","link":""},"img":{"alt_text":"","src":"https:\/\/i0.wp.com\/relocations.io\/wp-content\/uploads\/2024\/08\/7-3-1024x512.jpg?resize=350%2C200&ssl=1","width":350,"height":200,"srcset":"https:\/\/i0.wp.com\/relocations.io\/wp-content\/uploads\/2024\/08\/7-3-1024x512.jpg?resize=350%2C200&ssl=1 1x, https:\/\/i0.wp.com\/relocations.io\/wp-content\/uploads\/2024\/08\/7-3-1024x512.jpg?resize=525%2C300&ssl=1 1.5x, https:\/\/i0.wp.com\/relocations.io\/wp-content\/uploads\/2024\/08\/7-3-1024x512.jpg?resize=700%2C400&ssl=1 2x"},"classes":[]},{"id":3,"url":"https:\/\/relocations.io\/es\/?elementor_library=default-kit","url_meta":{"origin":8881,"position":2},"title":"Default Kit","author":"Relocations.io","date":"octubre 11, 2022","format":false,"excerpt":"","rel":"","context":"Entrada similar","block_context":{"text":"Entrada similar","link":""},"img":{"alt_text":"","src":"","width":0,"height":0},"classes":[]},{"id":8665,"url":"https:\/\/relocations.io\/es\/socios\/afiliados\/","url_meta":{"origin":8881,"position":3},"title":"Portal de afiliados","author":"Relocations.io","date":"agosto 21, 2024","format":false,"excerpt":"[solid_affiliate_portal]","rel":"","context":"Entrada similar","block_context":{"text":"Entrada similar","link":""},"img":{"alt_text":"","src":"","width":0,"height":0},"classes":[]},{"id":7481,"url":"https:\/\/relocations.io\/es\/solicitud-de-presupuesto-de-envio-hhg\/","url_meta":{"origin":8881,"position":4},"title":"Solicitud de presupuesto de env\u00edo de HHG","author":"Relocations.io","date":"marzo 1, 2024","format":false,"excerpt":"","rel":"","context":"Entrada similar","block_context":{"text":"Entrada similar","link":""},"img":{"alt_text":"","src":"","width":0,"height":0},"classes":[]},{"id":8798,"url":"https:\/\/relocations.io\/es\/traslados-io-shop\/","url_meta":{"origin":8881,"position":5},"title":"Tienda Relocations.io","author":"Relocations.io","date":"agosto 25, 2024","format":false,"excerpt":"","rel":"","context":"Entrada similar","block_context":{"text":"Entrada similar","link":""},"img":{"alt_text":"","src":"","width":0,"height":0},"classes":[]}],"jetpack_sharing_enabled":true,"_links":{"self":[{"href":"https:\/\/relocations.io\/es\/wp-json\/wp\/v2\/pages\/8881","targetHints":{"allow":["GET"]}}],"collection":[{"href":"https:\/\/relocations.io\/es\/wp-json\/wp\/v2\/pages"}],"about":[{"href":"https:\/\/relocations.io\/es\/wp-json\/wp\/v2\/types\/page"}],"author":[{"embeddable":true,"href":"https:\/\/relocations.io\/es\/wp-json\/wp\/v2\/users\/1"}],"replies":[{"embeddable":true,"href":"https:\/\/relocations.io\/es\/wp-json\/wp\/v2\/comments?post=8881"}],"version-history":[{"count":0,"href":"https:\/\/relocations.io\/es\/wp-json\/wp\/v2\/pages\/8881\/revisions"}],"up":[{"embeddable":true,"href":"https:\/\/relocations.io\/es\/wp-json\/wp\/v2\/pages\/8282"}],"wp:attachment":[{"href":"https:\/\/relocations.io\/es\/wp-json\/wp\/v2\/media?parent=8881"}],"curies":[{"name":"wp","href":"https:\/\/api.w.org\/{rel}","templated":true}]}}