{"id":8779,"date":"2024-08-24T12:35:55","date_gmt":"2024-08-24T11:35:55","guid":{"rendered":"https:\/\/relocations.io\/?page_id=8779"},"modified":"2024-11-03T08:58:05","modified_gmt":"2024-11-03T07:58:05","slug":"confirmacion-de-reserva","status":"publish","type":"page","link":"https:\/\/relocations.io\/es\/confirmacion-de-reserva\/","title":{"rendered":"Confirmaci\u00f3n de reserva"},"content":{"rendered":"<div data-elementor-type=\"wp-page\" data-elementor-id=\"8779\" class=\"elementor elementor-8779\" data-elementor-settings=\"{&quot;ha_cmc_init_switcher&quot;:&quot;no&quot;}\" data-elementor-post-type=\"page\">\n\t\t\t\t<div class=\"elementor-element elementor-element-30550e07 e-flex e-con-boxed e-con e-parent\" data-id=\"30550e07\" data-element_type=\"container\" data-settings=\"{&quot;_ha_eqh_enable&quot;:false}\">\n\t\t\t\t\t<div class=\"e-con-inner\">\n\t\t\t\t<div class=\"elementor-element elementor-element-5115bf0 elementor-widget elementor-widget-image\" data-id=\"5115bf0\" data-element_type=\"widget\" data-widget_type=\"image.default\">\n\t\t\t\t<div class=\"elementor-widget-container\">\n\t\t\t\t\t\t\t\t\t\t\t\t\t\t\t<img fetchpriority=\"high\" decoding=\"async\" width=\"600\" height=\"180\" src=\"https:\/\/i0.wp.com\/relocations.io\/wp-content\/uploads\/2024\/08\/Sliding-Logo-3.png?fit=600%2C180&amp;ssl=1\" class=\"attachment-large size-large wp-image-8930\" alt=\"\" srcset=\"https:\/\/i0.wp.com\/relocations.io\/wp-content\/uploads\/2024\/08\/Sliding-Logo-3.png?w=600&amp;ssl=1 600w, https:\/\/i0.wp.com\/relocations.io\/wp-content\/uploads\/2024\/08\/Sliding-Logo-3.png?resize=300%2C90&amp;ssl=1 300w, https:\/\/i0.wp.com\/relocations.io\/wp-content\/uploads\/2024\/08\/Sliding-Logo-3.png?resize=18%2C5&amp;ssl=1 18w, https:\/\/i0.wp.com\/relocations.io\/wp-content\/uploads\/2024\/08\/Sliding-Logo-3.png?resize=50%2C15&amp;ssl=1 50w, https:\/\/i0.wp.com\/relocations.io\/wp-content\/uploads\/2024\/08\/Sliding-Logo-3.png?resize=100%2C30&amp;ssl=1 100w\" sizes=\"(max-width: 600px) 100vw, 600px\" \/>\t\t\t\t\t\t\t\t\t\t\t\t\t\t\t<\/div>\n\t\t\t\t<\/div>\n\t\t\t\t<div class=\"elementor-element elementor-element-7aaf2ee ha-infobox-media-dir-top elementor-widget elementor-widget-ha-infobox happy-addon ha-infobox\" data-id=\"7aaf2ee\" data-element_type=\"widget\" data-widget_type=\"ha-infobox.default\">\n\t\t\t\t<div class=\"elementor-widget-container\">\n\t\t\t\t\t\n\t\t\t\t\t<figure class=\"ha-infobox-figure ha-infobox-figure--icon\">\n\t\t\t\t<svg class=\"e-font-icon-svg e-fas-smile-wink\" viewbox=\"0 0 496 512\" xmlns=\"http:\/\/www.w3.org\/2000\/svg\"><path d=\"M0 256c0 137 111 248 248 248s248-111 248-248S385 8 248 8 0 119 0 256zm200-48c0 17.7-14.3 32-32 32s-32-14.3-32-32 14.3-32 32-32 32 14.3 32 32zm158.5 16.5c-14.8-13.2-46.2-13.2-61 0L288 233c-8.3 7.4-21.6.4-19.8-10.8 4-25.2 34.2-42.1 59.9-42.1S384 197 388 222.2c1.7 11.1-11.4 18.3-19.8 10.8l-9.7-8.5zM157.8 325.8C180.2 352.7 213 368 248 368s67.8-15.4 90.2-42.2c13.6-16.2 38.1 4.2 24.6 20.5C334.3 380.4 292.5 400 248 400s-86.3-19.6-114.8-53.8c-13.5-16.3 11.2-36.7 24.6-20.4z\"><\/path><\/svg>\t\t\t<\/figure>\n\t\t\n\t\t<div class=\"ha-infobox-body\">\n\t\t\t<h2 class=\"ha-infobox-title\">Reserva programada<\/h2>\n\t\t\t\t\t\t\t<div class=\"ha-infobox-text\">\n\t\t\t\t\t<p>Gracias por su reserva. Se ha programado correctamente y estamos deseando conocerle. Compruebe su correo electr\u00f3nico para ver los detalles de la confirmaci\u00f3n. Si no lo ve, es posible que haya llegado a su carpeta de correo no deseado o spam. Aseg\u00farese de marcar nuestros correos electr\u00f3nicos como seguros para evitar perder futuros mensajes.\n\nDado que ha reservado una cita con nosotros, ahora tiene acceso a nuestro Portal del cliente, en el que puede iniciar sesi\u00f3n para gestionar su cita y comunicarse con nosotros. Las instrucciones sobre c\u00f3mo iniciar sesi\u00f3n se encuentran en el correo electr\u00f3nico de Cita que acabamos de enviarle.<\/p>\n\t\t\t\t<\/div>\n\t\t\t\n\t\t\t<a class=\"ha-btn ha-btn--link\" href=\"https:\/\/relocations.io\"><span class=\"ha-btn-text\">Volver al sitio principal<\/span><\/a>\t\t<\/div>\n\t\t\t\t\t\t<\/div>\n\t\t\t\t<\/div>\n\t\t\t\t<div class=\"elementor-element elementor-element-9417efe elementor-pagination-type-bullets elementor-arrows-position-inside elementor-pagination-position-outside elementor-widget elementor-widget-loop-carousel\" data-id=\"9417efe\" data-element_type=\"widget\" data-settings=\"{&quot;template_id&quot;:62409,&quot;_skin&quot;:&quot;post&quot;,&quot;slides_to_show&quot;:&quot;3&quot;,&quot;slides_to_show_tablet&quot;:&quot;2&quot;,&quot;slides_to_show_mobile&quot;:&quot;1&quot;,&quot;slides_to_scroll&quot;:&quot;1&quot;,&quot;edit_handle_selector&quot;:&quot;.elementor-loop-container&quot;,&quot;autoplay&quot;:&quot;yes&quot;,&quot;autoplay_speed&quot;:5000,&quot;pause_on_hover&quot;:&quot;yes&quot;,&quot;pause_on_interaction&quot;:&quot;yes&quot;,&quot;infinite&quot;:&quot;yes&quot;,&quot;speed&quot;:500,&quot;offset_sides&quot;:&quot;none&quot;,&quot;arrows&quot;:&quot;yes&quot;,&quot;pagination&quot;:&quot;bullets&quot;,&quot;image_spacing_custom&quot;:{&quot;unit&quot;:&quot;px&quot;,&quot;size&quot;:10,&quot;sizes&quot;:[]},&quot;image_spacing_custom_tablet&quot;:{&quot;unit&quot;:&quot;px&quot;,&quot;size&quot;:&quot;&quot;,&quot;sizes&quot;:[]},&quot;image_spacing_custom_mobile&quot;:{&quot;unit&quot;:&quot;px&quot;,&quot;size&quot;:&quot;&quot;,&quot;sizes&quot;:[]}}\" data-widget_type=\"loop-carousel.post\">\n\t\t\t\t<div class=\"elementor-widget-container\">\n\t\t\t\t\t\t\t<div class=\"swiper elementor-loop-container elementor-grid\" role=\"list\" dir=\"ltr\">\n\t\t\t\t<div class=\"swiper-wrapper\" aria-live=\"off\">\n\t\t<style id=\"loop-62409\"><\/style>\t\t<\/div>\n\t\t<\/div>\n\t\t\t\t\t<div class=\"elementor-swiper-button elementor-swiper-button-prev\" role=\"button\" tabindex=\"0\" aria-label=\"Anterior\">\n\t\t\t\t<svg aria-hidden=\"true\" class=\"e-font-icon-svg e-eicon-chevron-left\" viewbox=\"0 0 1000 1000\" xmlns=\"http:\/\/www.w3.org\/2000\/svg\"><path d=\"M646 125C629 125 613 133 604 142L308 442C296 454 292 471 292 487 292 504 296 521 308 533L604 854C617 867 629 875 646 875 663 875 679 871 692 858 704 846 713 829 713 812 713 796 708 779 692 767L438 487 692 225C700 217 708 204 708 187 708 171 704 154 692 142 675 129 663 125 646 125Z\"><\/path><\/svg>\t\t\t<\/div>\n\t\t\t<div class=\"elementor-swiper-button elementor-swiper-button-next\" role=\"button\" tabindex=\"0\" aria-label=\"Siguiente\">\n\t\t\t\t<svg aria-hidden=\"true\" class=\"e-font-icon-svg e-eicon-chevron-right\" viewbox=\"0 0 1000 1000\" xmlns=\"http:\/\/www.w3.org\/2000\/svg\"><path d=\"M696 533C708 521 713 504 713 487 713 471 708 454 696 446L400 146C388 133 375 125 354 125 338 125 325 129 313 142 300 154 292 171 292 187 292 204 296 221 308 233L563 492 304 771C292 783 288 800 288 817 288 833 296 850 308 863 321 871 338 875 354 875 371 875 388 867 400 854L696 533Z\"><\/path><\/svg>\t\t\t<\/div>\n\t\t\t\t\t<div class=\"swiper-pagination\"><\/div>\n\t\t\t\t\t\t<\/div>\n\t\t\t\t<\/div>\n\t\t\t\t\t<\/div>\n\t\t\t\t<\/div>\n\t\t<div class=\"elementor-element elementor-element-b90b5e4 e-flex e-con-boxed e-con e-parent\" data-id=\"b90b5e4\" data-element_type=\"container\" data-settings=\"{&quot;_ha_eqh_enable&quot;:false}\">\n\t\t\t\t\t<div class=\"e-con-inner\">\n\t\t\t\t\t<\/div>\n\t\t\t\t<\/div>\n\t\t\t\t<\/div>","protected":false},"excerpt":{"rendered":"<p>Booking Scheduled Thank you for your booking! It has been successfully scheduled, and we\u2019re looking forward to meeting you. Please check your email for the confirmation details. If you don\u2019t see it, it may have landed in your junk or spam folder\u2014be sure to mark our emails as safe to avoid missing future messages. Since [&hellip;]<\/p>","protected":false},"author":1,"featured_media":0,"parent":0,"menu_order":0,"comment_status":"closed","ping_status":"closed","template":"","meta":{"footnotes":""},"class_list":["post-8779","page","type-page","status-publish","hentry"],"jetpack-related-posts":[{"id":7491,"url":"https:\/\/relocations.io\/es\/reservar-una-llamada-2\/","url_meta":{"origin":8779,"position":0},"title":"Concierte una llamada de presentaci\u00f3n gratuita","author":"Relocations.io","date":"febrero 18, 2024","format":false,"excerpt":"Relocations.io Book a Free Call Introductory & Discovery Call WhatsApp +351 262 010 259 Lets's Chat Introductory & Discovery Free Call \"*\" indicates required fields Step 1 of 2 50% Email*Please use a valid email. Consent*By selecting \"submit\" you agree that the information on this form is accurate and represents\u2026","rel":"","context":"Entrada similar","block_context":{"text":"Entrada similar","link":""},"img":{"alt_text":"","src":"","width":0,"height":0},"classes":[]},{"id":62269,"url":"https:\/\/relocations.io\/es\/tienda-a-la-carta\/","url_meta":{"origin":8779,"position":1},"title":"Tienda A-La-Carte","author":"Relocations.io","date":"octubre 30, 2024","format":false,"excerpt":"Compre productos individuales en nuestra tienda A-La-Carte.","rel":"","context":"Entrada similar","block_context":{"text":"Entrada similar","link":""},"img":{"alt_text":"","src":"","width":0,"height":0},"classes":[]},{"id":7517,"url":"https:\/\/relocations.io\/es\/servicios\/","url_meta":{"origin":8779,"position":2},"title":"Paquetes","author":"Relocations.io","date":"noviembre 10, 2022","format":false,"excerpt":"Relocations.io Packages One Process at a Time. Book a Free Call WhatsApp +351 262 010 259 Lets's Chat Packages Choose from Custom Packages Bundled Services Customized to your needs Usually Long term Flexible Services Premier & Premium Service Offerings Book a Call Relocations.io Get a Packaged solution Premier experts in\u2026","rel":"","context":"Entrada similar","block_context":{"text":"Entrada similar","link":""},"img":{"alt_text":"","src":"https:\/\/i0.wp.com\/relocations.io\/wp-content\/uploads\/Blog1.0-2.png?resize=350%2C200&ssl=1","width":350,"height":200,"srcset":"https:\/\/i0.wp.com\/relocations.io\/wp-content\/uploads\/Blog1.0-2.png?resize=350%2C200&ssl=1 1x, https:\/\/i0.wp.com\/relocations.io\/wp-content\/uploads\/Blog1.0-2.png?resize=525%2C300&ssl=1 1.5x, https:\/\/i0.wp.com\/relocations.io\/wp-content\/uploads\/Blog1.0-2.png?resize=700%2C400&ssl=1 2x, https:\/\/i0.wp.com\/relocations.io\/wp-content\/uploads\/Blog1.0-2.png?resize=1050%2C600&ssl=1 3x, https:\/\/i0.wp.com\/relocations.io\/wp-content\/uploads\/Blog1.0-2.png?resize=1400%2C800&ssl=1 4x"},"classes":[]},{"id":62168,"url":"https:\/\/relocations.io\/es\/servicios-2\/","url_meta":{"origin":8779,"position":3},"title":"Presupuestos y propuestas","author":"Relocations.io","date":"septiembre 25, 2024","format":false,"excerpt":"Relocations.io Quotes One Process at a Time. WhatsApp +351 262 010 259 Lets's Chat Quotes Choose from our Custom Quotes Flexible options Usually offered within 24hrs (Mon-Fri) All details provided Accept a quote from us and get started Premier & Premium Service Offerings See our Quote Based Solutions Relocations.io Get\u2026","rel":"","context":"Entrada similar","block_context":{"text":"Entrada similar","link":""},"img":{"alt_text":"","src":"https:\/\/i0.wp.com\/relocations.io\/wp-content\/uploads\/Blog1.0-2.png?resize=350%2C200&ssl=1","width":350,"height":200,"srcset":"https:\/\/i0.wp.com\/relocations.io\/wp-content\/uploads\/Blog1.0-2.png?resize=350%2C200&ssl=1 1x, https:\/\/i0.wp.com\/relocations.io\/wp-content\/uploads\/Blog1.0-2.png?resize=525%2C300&ssl=1 1.5x, https:\/\/i0.wp.com\/relocations.io\/wp-content\/uploads\/Blog1.0-2.png?resize=700%2C400&ssl=1 2x, https:\/\/i0.wp.com\/relocations.io\/wp-content\/uploads\/Blog1.0-2.png?resize=1050%2C600&ssl=1 3x, https:\/\/i0.wp.com\/relocations.io\/wp-content\/uploads\/Blog1.0-2.png?resize=1400%2C800&ssl=1 4x"},"classes":[]},{"id":7698,"url":"https:\/\/relocations.io\/es\/gestao-de-propriedades\/","url_meta":{"origin":8779,"position":4},"title":"Gesti\u00f3n de propiedades","author":"Relocations.io","date":"julio 17, 2024","format":false,"excerpt":"[vc_row][vc_column][movedo_single_image image=\"13\"][vc_column_text css=\".vc_custom_1721141815793{border-color: #000000 !important;}\"] Destination Management Company\u00a0 [\/vc_column_text][\/vc_column][\/vc_row][vc_row][vc_column][\/vc_column][\/vc_row][vc_row][vc_column text_align=\"center\"][movedo_slider ids=\"7751,7749,7750,7748,7746,7747\" image_mode=\"medium_large\" transition=\"fade\"][movedo_empty_space height_multiplier=\"2x\"][vc_column_text css=\".vc_custom_1721430248041{border-radius: 5px !important;border-color: #f4f4f4 !important;}\" animation=\"grve-zoom-in\"] Find Peace of Mind and Success in Local Accommodation Management with Relocations.io [\/vc_column_text][movedo_empty_space height_multiplier=\"2x\"][vc_column_text css=\"\" animation=\"grve-zoom-in\" animation_duration=\"slow\"]We are fully aware of the particular challenges associated with managing short-term rentals, also\u2026","rel":"","context":"Entrada similar","block_context":{"text":"Entrada similar","link":""},"img":{"alt_text":"","src":"","width":0,"height":0},"classes":[]},{"id":3801,"url":"https:\/\/relocations.io\/es\/acerca-de\/","url_meta":{"origin":8779,"position":5},"title":"Qui\u00e9nes somos","author":"Relocations.io","date":"febrero 1, 2015","format":false,"excerpt":"About Relocations.io Relocations.io specializes in assisting clients with seamless transitions to Europe and settling into their new homes. How did Relocations.io start ? Our History Established in 2021, Relocations.io specializes in assisting clients with seamless transitions to Europe and settling into their new homes. Originally founded with a focus on\u2026","rel":"","context":"Entrada similar","block_context":{"text":"Entrada similar","link":""},"img":{"alt_text":"","src":"https:\/\/i0.wp.com\/relocations.io\/wp-content\/uploads\/Blog1.0-2.png?resize=350%2C200&ssl=1","width":350,"height":200,"srcset":"https:\/\/i0.wp.com\/relocations.io\/wp-content\/uploads\/Blog1.0-2.png?resize=350%2C200&ssl=1 1x, https:\/\/i0.wp.com\/relocations.io\/wp-content\/uploads\/Blog1.0-2.png?resize=525%2C300&ssl=1 1.5x, https:\/\/i0.wp.com\/relocations.io\/wp-content\/uploads\/Blog1.0-2.png?resize=700%2C400&ssl=1 2x, https:\/\/i0.wp.com\/relocations.io\/wp-content\/uploads\/Blog1.0-2.png?resize=1050%2C600&ssl=1 3x, https:\/\/i0.wp.com\/relocations.io\/wp-content\/uploads\/Blog1.0-2.png?resize=1400%2C800&ssl=1 4x"},"classes":[]}],"jetpack_sharing_enabled":true,"_links":{"self":[{"href":"https:\/\/relocations.io\/es\/wp-json\/wp\/v2\/pages\/8779","targetHints":{"allow":["GET"]}}],"collection":[{"href":"https:\/\/relocations.io\/es\/wp-json\/wp\/v2\/pages"}],"about":[{"href":"https:\/\/relocations.io\/es\/wp-json\/wp\/v2\/types\/page"}],"author":[{"embeddable":true,"href":"https:\/\/relocations.io\/es\/wp-json\/wp\/v2\/users\/1"}],"replies":[{"embeddable":true,"href":"https:\/\/relocations.io\/es\/wp-json\/wp\/v2\/comments?post=8779"}],"version-history":[{"count":0,"href":"https:\/\/relocations.io\/es\/wp-json\/wp\/v2\/pages\/8779\/revisions"}],"wp:attachment":[{"href":"https:\/\/relocations.io\/es\/wp-json\/wp\/v2\/media?parent=8779"}],"curies":[{"name":"wp","href":"https:\/\/api.w.org\/{rel}","templated":true}]}}