{"id":8282,"date":"2024-08-19T17:03:04","date_gmt":"2024-08-19T16:03:04","guid":{"rendered":"https:\/\/relocations.io\/?page_id=8282"},"modified":"2024-09-24T11:20:11","modified_gmt":"2024-09-24T10:20:11","slug":"socios","status":"publish","type":"page","link":"https:\/\/relocations.io\/es\/socios\/","title":{"rendered":"Socios"},"content":{"rendered":"<div data-elementor-type=\"wp-page\" data-elementor-id=\"8282\" class=\"elementor elementor-8282\" data-elementor-settings=\"{&quot;ha_cmc_init_switcher&quot;:&quot;no&quot;}\" data-elementor-post-type=\"page\">\n\t\t\t\t<div class=\"elementor-element elementor-element-a51999b e-flex e-con-boxed e-con e-parent\" data-id=\"a51999b\" data-element_type=\"container\" data-settings=\"{&quot;_ha_eqh_enable&quot;:false}\">\n\t\t\t\t\t<div class=\"e-con-inner\">\n\t\t\t\t<div class=\"elementor-element elementor-element-fc3cdda elementor-widget elementor-widget-image\" data-id=\"fc3cdda\" data-element_type=\"widget\" data-widget_type=\"image.default\">\n\t\t\t\t<div class=\"elementor-widget-container\">\n\t\t\t\t\t\t\t\t\t\t\t\t\t\t\t<img fetchpriority=\"high\" decoding=\"async\" width=\"1024\" height=\"512\" src=\"https:\/\/i0.wp.com\/relocations.io\/wp-content\/uploads\/2024\/08\/7-3.jpg?fit=1024%2C512&amp;ssl=1\" class=\"attachment-large size-large wp-image-8836\" alt=\"\" srcset=\"https:\/\/i0.wp.com\/relocations.io\/wp-content\/uploads\/2024\/08\/7-3.jpg?w=1920&amp;ssl=1 1920w, https:\/\/i0.wp.com\/relocations.io\/wp-content\/uploads\/2024\/08\/7-3.jpg?resize=300%2C150&amp;ssl=1 300w, https:\/\/i0.wp.com\/relocations.io\/wp-content\/uploads\/2024\/08\/7-3.jpg?resize=1024%2C512&amp;ssl=1 1024w, https:\/\/i0.wp.com\/relocations.io\/wp-content\/uploads\/2024\/08\/7-3.jpg?resize=768%2C384&amp;ssl=1 768w, https:\/\/i0.wp.com\/relocations.io\/wp-content\/uploads\/2024\/08\/7-3.jpg?resize=1536%2C768&amp;ssl=1 1536w, https:\/\/i0.wp.com\/relocations.io\/wp-content\/uploads\/2024\/08\/7-3.jpg?resize=18%2C9&amp;ssl=1 18w, https:\/\/i0.wp.com\/relocations.io\/wp-content\/uploads\/2024\/08\/7-3.jpg?resize=640%2C320&amp;ssl=1 640w, https:\/\/i0.wp.com\/relocations.io\/wp-content\/uploads\/2024\/08\/7-3.jpg?resize=50%2C25&amp;ssl=1 50w, https:\/\/i0.wp.com\/relocations.io\/wp-content\/uploads\/2024\/08\/7-3.jpg?resize=100%2C50&amp;ssl=1 100w, https:\/\/i0.wp.com\/relocations.io\/wp-content\/uploads\/2024\/08\/7-3.jpg?resize=600%2C300&amp;ssl=1 600w\" sizes=\"(max-width: 1024px) 100vw, 1024px\" \/>\t\t\t\t\t\t\t\t\t\t\t\t\t\t\t<\/div>\n\t\t\t\t<\/div>\n\t\t\t\t<div class=\"elementor-element elementor-element-af6aca7 elementor-align-center elementor-widget elementor-widget-button\" data-id=\"af6aca7\" data-element_type=\"widget\" data-widget_type=\"button.default\">\n\t\t\t\t<div class=\"elementor-widget-container\">\n\t\t\t\t\t\t\t\t\t<div class=\"elementor-button-wrapper\">\n\t\t\t\t\t<a class=\"elementor-button elementor-button-link elementor-size-sm\" href=\"https:\/\/relocations.io\/partners\/affiliates\/\">\n\t\t\t\t\t\t<span class=\"elementor-button-content-wrapper\">\n\t\t\t\t\t\t\t\t\t<span class=\"elementor-button-text\">Inicio de sesi\u00f3n en el portal de afiliados y socios<\/span>\n\t\t\t\t\t<\/span>\n\t\t\t\t\t<\/a>\n\t\t\t\t<\/div>\n\t\t\t\t\t\t\t\t<\/div>\n\t\t\t\t<\/div>\n\t\t\t\t\t<\/div>\n\t\t\t\t<\/div>\n\t\t<div class=\"elementor-element elementor-element-5a9fa48 e-flex e-con-boxed e-con e-parent\" data-id=\"5a9fa48\" data-element_type=\"container\" data-settings=\"{&quot;_ha_eqh_enable&quot;:false}\">\n\t\t\t\t\t<div class=\"e-con-inner\">\n\t\t\t\t<div class=\"elementor-element elementor-element-9c3aafd elementor-headline--style-highlight elementor-widget elementor-widget-animated-headline\" data-id=\"9c3aafd\" data-element_type=\"widget\" data-settings=\"{&quot;highlighted_text&quot;:&quot;Partner&quot;,&quot;headline_style&quot;:&quot;highlight&quot;,&quot;marker&quot;:&quot;circle&quot;,&quot;loop&quot;:&quot;yes&quot;,&quot;highlight_animation_duration&quot;:1200,&quot;highlight_iteration_delay&quot;:8000}\" data-widget_type=\"animated-headline.default\">\n\t\t\t\t<div class=\"elementor-widget-container\">\n\t\t\t\t\t\t\t<h3 class=\"elementor-headline\">\n\t\t\t\t\t<span class=\"elementor-headline-plain-text elementor-headline-text-wrapper\">Convi\u00e9rtete en<\/span>\n\t\t\t\t<span class=\"elementor-headline-dynamic-wrapper elementor-headline-text-wrapper\">\n\t\t\t\t\t<span class=\"elementor-headline-dynamic-text elementor-headline-text-active\">Socio<\/span>\n\t\t\t\t<\/span>\n\t\t\t\t<\/h3>\n\t\t\t\t\t\t<\/div>\n\t\t\t\t<\/div>\n\t\t\t\t<div class=\"elementor-element elementor-element-4ae561a elementor-widget elementor-widget-text-editor\" data-id=\"4ae561a\" data-element_type=\"widget\" data-widget_type=\"text-editor.default\">\n\t\t\t\t<div class=\"elementor-widget-container\">\n\t\t\t\t\t\t\t\t\t<p>En Relocations.io colaboramos con una red de socios de confianza en toda Europa para ofrecer servicios de reubicaci\u00f3n completos y sin fisuras, adaptados a las necesidades de nuestros clientes. Nuestras asociaciones nos permiten ofrecer una amplia gama de soluciones, desde la gesti\u00f3n de la propiedad y el apoyo jur\u00eddico hasta los servicios de transporte y educativos, garantizando que todos los aspectos del proceso de reubicaci\u00f3n se gestionen con pericia. Al trabajar en estrecha colaboraci\u00f3n con profesionales locales, podemos garantizar servicios de alta calidad y asistencia personalizada en cada destino.<\/p><p>\u00bfLe interesa asociarse? Siempre estamos buscando ampliar nuestra red con proveedores de servicios fiables y profesionales. Si comparte nuestro compromiso de ofrecer un servicio excepcional y desea explorar oportunidades de asociaci\u00f3n, nos encantar\u00eda conocerle. Unirse a nuestra red significa formar parte de una comunidad centrada en ofrecer a los clientes el mejor servicio posible. <a href=\"https:\/\/relocations.io\/americans-moving-abroad-for-stability\/\">reubicaci\u00f3n<\/a> experiencia. P\u00f3ngase en contacto con nosotros para saber m\u00e1s sobre c\u00f3mo puede colaborar con <a href=\"https:\/\/relocations.io\/your-guide-to-visa-requirements-and-citizenship-in-portugal-navigating-your-path-to-a-new-life\/\">Reubicaciones.io<\/a> y haga crecer su negocio a la vez que ayuda a sus clientes en la transici\u00f3n a su nuevo hogar.<\/p>\t\t\t\t\t\t\t\t<\/div>\n\t\t\t\t<\/div>\n\t\t\t\t<div class=\"elementor-element elementor-element-159f5df elementor-align-center elementor-widget elementor-widget-button\" data-id=\"159f5df\" data-element_type=\"widget\" data-widget_type=\"button.default\">\n\t\t\t\t<div class=\"elementor-widget-container\">\n\t\t\t\t\t\t\t\t\t<div class=\"elementor-button-wrapper\">\n\t\t\t\t\t<a class=\"elementor-button elementor-button-link elementor-size-sm\" href=\"https:\/\/relocations.io\/partners\/partner-form\/\">\n\t\t\t\t\t\t<span class=\"elementor-button-content-wrapper\">\n\t\t\t\t\t\t\t\t\t<span class=\"elementor-button-text\">Formulario para socios<\/span>\n\t\t\t\t\t<\/span>\n\t\t\t\t\t<\/a>\n\t\t\t\t<\/div>\n\t\t\t\t\t\t\t\t<\/div>\n\t\t\t\t<\/div>\n\t\t\t\t<div class=\"elementor-element elementor-element-6bb71f5 elementor-widget-divider--view-line elementor-widget elementor-widget-divider\" data-id=\"6bb71f5\" data-element_type=\"widget\" data-widget_type=\"divider.default\">\n\t\t\t\t<div class=\"elementor-widget-container\">\n\t\t\t\t\t\t\t<div class=\"elementor-divider\">\n\t\t\t<span class=\"elementor-divider-separator\">\n\t\t\t\t\t\t<\/span>\n\t\t<\/div>\n\t\t\t\t\t\t<\/div>\n\t\t\t\t<\/div>\n\t\t\t\t\t<\/div>\n\t\t\t\t<\/div>\n\t\t<div class=\"elementor-element elementor-element-4dca415 e-flex e-con-boxed e-con e-parent\" data-id=\"4dca415\" data-element_type=\"container\" data-settings=\"{&quot;_ha_eqh_enable&quot;:false}\">\n\t\t\t\t\t<div class=\"e-con-inner\">\n\t\t\t\t<div class=\"elementor-element elementor-element-20887d1 elementor-headline--style-highlight elementor-widget elementor-widget-animated-headline\" data-id=\"20887d1\" data-element_type=\"widget\" data-settings=\"{&quot;highlighted_text&quot;:&quot;Refer&quot;,&quot;headline_style&quot;:&quot;highlight&quot;,&quot;marker&quot;:&quot;circle&quot;,&quot;loop&quot;:&quot;yes&quot;,&quot;highlight_animation_duration&quot;:1200,&quot;highlight_iteration_delay&quot;:8000}\" data-widget_type=\"animated-headline.default\">\n\t\t\t\t<div class=\"elementor-widget-container\">\n\t\t\t\t\t\t\t<h3 class=\"elementor-headline\">\n\t\t\t\t<span class=\"elementor-headline-dynamic-wrapper elementor-headline-text-wrapper\">\n\t\t\t\t\t<span class=\"elementor-headline-dynamic-text elementor-headline-text-active\">Consulte<\/span>\n\t\t\t\t<\/span>\n\t\t\t\t\t<span class=\"elementor-headline-plain-text elementor-headline-text-wrapper\">Nuestros servicios<\/span>\n\t\t\t\t\t<\/h3>\n\t\t\t\t\t\t<\/div>\n\t\t\t\t<\/div>\n\t\t\t\t<div class=\"elementor-element elementor-element-ba26c0f elementor-widget elementor-widget-text-editor\" data-id=\"ba26c0f\" data-element_type=\"widget\" data-widget_type=\"text-editor.default\">\n\t\t\t\t<div class=\"elementor-widget-container\">\n\t\t\t\t\t\t\t\t\t<p>En Relocations.io valoramos la confianza que nuestros clientes depositan en nosotros, y estamos encantados de recompensar a quienes nos recomiendan. Nuestro programa de recomendaci\u00f3n ofrece a los clientes actuales y futuros la oportunidad de obtener descuentos en futuros servicios simplemente compartiendo sus experiencias positivas con otras personas. Cuando un nuevo cliente utiliza un c\u00f3digo de recomendaci\u00f3n exclusivo proporcionado por un cliente existente, ambas partes se benefician de descuentos en pr\u00f3ximos servicios. Es nuestra forma de dar las gracias por ayudarnos a hacer crecer nuestra comunidad sin dejar de ofrecer servicios de la m\u00e1xima calidad. <a href=\"https:\/\/relocations.io\/the-lgbtq-movement-in-europe\/\">reubicaci\u00f3n<\/a> soluciones. Tanto si es cliente actual como si est\u00e1 considerando nuestros servicios por primera vez, no pierda la oportunidad de ahorrar y compartir las ventajas con amigos, familiares o compa\u00f1eros.<\/p>\t\t\t\t\t\t\t\t<\/div>\n\t\t\t\t<\/div>\n\t\t\t\t<div class=\"elementor-element elementor-element-3369b72 elementor-align-center elementor-widget elementor-widget-button\" data-id=\"3369b72\" data-element_type=\"widget\" data-widget_type=\"button.default\">\n\t\t\t\t<div class=\"elementor-widget-container\">\n\t\t\t\t\t\t\t\t\t<div class=\"elementor-button-wrapper\">\n\t\t\t\t\t<a class=\"elementor-button elementor-button-link elementor-size-sm\" href=\"https:\/\/relocations.io\/partners\/referralsform\/\">\n\t\t\t\t\t\t<span class=\"elementor-button-content-wrapper\">\n\t\t\t\t\t\t\t\t\t<span class=\"elementor-button-text\">Formulario de remisi\u00f3n<\/span>\n\t\t\t\t\t<\/span>\n\t\t\t\t\t<\/a>\n\t\t\t\t<\/div>\n\t\t\t\t\t\t\t\t<\/div>\n\t\t\t\t<\/div>\n\t\t\t\t<div class=\"elementor-element elementor-element-af332e7 elementor-widget-divider--view-line elementor-widget elementor-widget-divider\" data-id=\"af332e7\" data-element_type=\"widget\" data-widget_type=\"divider.default\">\n\t\t\t\t<div class=\"elementor-widget-container\">\n\t\t\t\t\t\t\t<div class=\"elementor-divider\">\n\t\t\t<span class=\"elementor-divider-separator\">\n\t\t\t\t\t\t<\/span>\n\t\t<\/div>\n\t\t\t\t\t\t<\/div>\n\t\t\t\t<\/div>\n\t\t\t\t\t<\/div>\n\t\t\t\t<\/div>\n\t\t<div class=\"elementor-element elementor-element-1f9fbd1 e-flex e-con-boxed e-con e-parent\" data-id=\"1f9fbd1\" data-element_type=\"container\" data-settings=\"{&quot;_ha_eqh_enable&quot;:false}\">\n\t\t\t\t\t<div class=\"e-con-inner\">\n\t\t\t\t<div class=\"elementor-element elementor-element-b3b687b elementor-headline--style-highlight elementor-widget elementor-widget-animated-headline\" data-id=\"b3b687b\" data-element_type=\"widget\" data-settings=\"{&quot;highlighted_text&quot;:&quot;Affiliates&quot;,&quot;headline_style&quot;:&quot;highlight&quot;,&quot;marker&quot;:&quot;circle&quot;,&quot;loop&quot;:&quot;yes&quot;,&quot;highlight_animation_duration&quot;:1200,&quot;highlight_iteration_delay&quot;:8000}\" data-widget_type=\"animated-headline.default\">\n\t\t\t\t<div class=\"elementor-widget-container\">\n\t\t\t\t\t\t\t<h3 class=\"elementor-headline\">\n\t\t\t\t\t<span class=\"elementor-headline-plain-text elementor-headline-text-wrapper\">Programa para<\/span>\n\t\t\t\t<span class=\"elementor-headline-dynamic-wrapper elementor-headline-text-wrapper\">\n\t\t\t\t\t<span class=\"elementor-headline-dynamic-text elementor-headline-text-active\">Afiliados<\/span>\n\t\t\t\t<\/span>\n\t\t\t\t<\/h3>\n\t\t\t\t\t\t<\/div>\n\t\t\t\t<\/div>\n\t\t\t\t<div class=\"elementor-element elementor-element-c0b200d elementor-widget elementor-widget-text-editor\" data-id=\"c0b200d\" data-element_type=\"widget\" data-widget_type=\"text-editor.default\">\n\t\t\t\t<div class=\"elementor-widget-container\">\n\t\t\t\t\t\t\t\t\t<p>Nuestro programa de afiliaci\u00f3n es perfecto para personas activas en las redes sociales que quieran ganar dinero compartiendo servicios valiosos con su audiencia. Como afiliado de Relocations.io, recibir\u00e1s enlaces \u00fanicos para compartir en tus plataformas, lo que te permitir\u00e1 ganar comisiones por cada registro exitoso que se produzca a trav\u00e9s de tu referencia. Te facilitamos la supervisi\u00f3n de tu rendimiento proporcion\u00e1ndote herramientas de seguimiento en tiempo real en las que puedes ver los clics, las conversiones y las ganancias, d\u00e1ndote un control total sobre tu \u00e9xito. Nuestro intuitivo panel de control le permite seguir su progreso y optimizar su estrategia para obtener los m\u00e1ximos resultados.<\/p><p>Para apoyar sus esfuerzos promocionales, ponemos a su disposici\u00f3n completos kits de medios que incluyen banners, gr\u00e1ficos e informaci\u00f3n detallada sobre nuestros servicios. Estos kits est\u00e1n dise\u00f1ados para ayudarle a comunicar con precisi\u00f3n el valor que ofrecemos a su p\u00fablico, manteniendo al mismo tiempo la mensajer\u00eda actualizada. Ya sea a trav\u00e9s de Instagram, YouTube, blogs u otras plataformas, nuestros recursos de medios le garantizan que tiene todo lo que necesita para promocionar con confianza nuestros servicios. Al unirse a nuestro programa de afiliados, podr\u00e1 ganar dinero y ayudar a otros a encontrar un socio fiable para sus proyectos. <a href=\"https:\/\/relocations.io\/bonjour-france-navigating-cultural-differences-and-opportunities-in-relocation\/\">reubicaci\u00f3n<\/a> necesidades, sin dejar de ser fiel a su marca y a su voz.<\/p>\t\t\t\t\t\t\t\t<\/div>\n\t\t\t\t<\/div>\n\t\t\t\t<div class=\"elementor-element elementor-element-ea55b6f elementor-align-center elementor-widget elementor-widget-button\" data-id=\"ea55b6f\" data-element_type=\"widget\" data-widget_type=\"button.default\">\n\t\t\t\t<div class=\"elementor-widget-container\">\n\t\t\t\t\t\t\t\t\t<div class=\"elementor-button-wrapper\">\n\t\t\t\t\t<a class=\"elementor-button elementor-button-link elementor-size-sm\" href=\"https:\/\/relocations.io\/privacy-policy\/\" target=\"_blank\">\n\t\t\t\t\t\t<span class=\"elementor-button-content-wrapper\">\n\t\t\t\t\t\t\t\t\t<span class=\"elementor-button-text\">Pol\u00edtica de privacidad y condiciones de uso de Relocations.io<\/span>\n\t\t\t\t\t<\/span>\n\t\t\t\t\t<\/a>\n\t\t\t\t<\/div>\n\t\t\t\t\t\t\t\t<\/div>\n\t\t\t\t<\/div>\n\t\t\t\t<div class=\"elementor-element elementor-element-1c1287a elementor-align-center elementor-widget elementor-widget-button\" data-id=\"1c1287a\" data-element_type=\"widget\" data-widget_type=\"button.default\">\n\t\t\t\t<div class=\"elementor-widget-container\">\n\t\t\t\t\t\t\t\t\t<div class=\"elementor-button-wrapper\">\n\t\t\t\t\t<a class=\"elementor-button elementor-button-link elementor-size-sm\" href=\"https:\/\/relocations.io\/partners\/affiliate-terms-conditions\/\" target=\"_blank\">\n\t\t\t\t\t\t<span class=\"elementor-button-content-wrapper\">\n\t\t\t\t\t\t\t\t\t<span class=\"elementor-button-text\">Condiciones de afiliaci\u00f3n<\/span>\n\t\t\t\t\t<\/span>\n\t\t\t\t\t<\/a>\n\t\t\t\t<\/div>\n\t\t\t\t\t\t\t\t<\/div>\n\t\t\t\t<\/div>\n\t\t\t\t<div class=\"elementor-element elementor-element-76e9a0c elementor-align-center elementor-widget elementor-widget-button\" data-id=\"76e9a0c\" data-element_type=\"widget\" data-widget_type=\"button.default\">\n\t\t\t\t<div class=\"elementor-widget-container\">\n\t\t\t\t\t\t\t\t\t<div class=\"elementor-button-wrapper\">\n\t\t\t\t\t<a class=\"elementor-button elementor-button-link elementor-size-sm\" href=\"https:\/\/relocations.io\/partners\/affiliates\/\">\n\t\t\t\t\t\t<span class=\"elementor-button-content-wrapper\">\n\t\t\t\t\t\t\t\t\t<span class=\"elementor-button-text\">Formulario de solicitud de afiliaci\u00f3n y acceso al portal de afiliados<\/span>\n\t\t\t\t\t<\/span>\n\t\t\t\t\t<\/a>\n\t\t\t\t<\/div>\n\t\t\t\t\t\t\t\t<\/div>\n\t\t\t\t<\/div>\n\t\t\t\t\t<\/div>\n\t\t\t\t<\/div>\n\t\t\t\t<\/div>","protected":false},"excerpt":{"rendered":"<p>Affiliate &#038; Partner Portal Login Become a Partner At Relocations.io, we collaborate with a trusted network of partners across Europe to provide seamless and comprehensive relocation services tailored to our clients\u2019 needs. Our partnerships enable us to offer an extensive range of solutions, from property management and legal support to shipping and educational services, ensuring [&hellip;]<\/p>","protected":false},"author":1,"featured_media":0,"parent":0,"menu_order":0,"comment_status":"closed","ping_status":"closed","template":"elementor_header_footer","meta":{"footnotes":""},"class_list":["post-8282","page","type-page","status-publish","hentry"],"jetpack-related-posts":[{"id":8316,"url":"https:\/\/relocations.io\/es\/socios\/formulario-para-socios\/","url_meta":{"origin":8282,"position":0},"title":"Formulario para socios","author":"Relocations.io","date":"agosto 19, 2024","format":false,"excerpt":"","rel":"","context":"Entrada similar","block_context":{"text":"Entrada similar","link":""},"img":{"alt_text":"","src":"","width":0,"height":0},"classes":[]},{"id":8353,"url":"https:\/\/relocations.io\/es\/socios\/remisionesform\/","url_meta":{"origin":8282,"position":1},"title":"Formulario de remisi\u00f3n","author":"Relocations.io","date":"agosto 19, 2024","format":false,"excerpt":"","rel":"","context":"Entrada similar","block_context":{"text":"Entrada similar","link":""},"img":{"alt_text":"","src":"","width":0,"height":0},"classes":[]},{"id":8665,"url":"https:\/\/relocations.io\/es\/socios\/afiliados\/","url_meta":{"origin":8282,"position":2},"title":"Portal de afiliados","author":"Relocations.io","date":"agosto 21, 2024","format":false,"excerpt":"[solid_affiliate_portal]","rel":"","context":"Entrada similar","block_context":{"text":"Entrada similar","link":""},"img":{"alt_text":"","src":"","width":0,"height":0},"classes":[]},{"id":8881,"url":"https:\/\/relocations.io\/es\/socios\/condiciones-de-afiliacion\/","url_meta":{"origin":8282,"position":3},"title":"Condiciones de afiliaci\u00f3n","author":"Relocations.io","date":"agosto 27, 2024","format":false,"excerpt":"Affiliate Program Terms and Conditions for Relocations.io Welcome to the Relocations.io Affiliate Program! By joining this program, you agree to the terms and conditions outlined here, as well as the broader Relocations.io Terms of Use and Privacy Policy. Please carefully review these guidelines before enrolling. 1. Program Participation As an\u2026","rel":"","context":"Entrada similar","block_context":{"text":"Entrada similar","link":""},"img":{"alt_text":"","src":"","width":0,"height":0},"classes":[]},{"id":3801,"url":"https:\/\/relocations.io\/es\/acerca-de\/","url_meta":{"origin":8282,"position":4},"title":"Qui\u00e9nes somos","author":"Relocations.io","date":"febrero 1, 2015","format":false,"excerpt":"About Relocations.io Relocations.io specializes in assisting clients with seamless transitions to Europe and settling into their new homes. How did Relocations.io start ? Our History Established in 2021, Relocations.io specializes in assisting clients with seamless transitions to Europe and settling into their new homes. Originally founded with a focus on\u2026","rel":"","context":"Entrada similar","block_context":{"text":"Entrada similar","link":""},"img":{"alt_text":"","src":"https:\/\/i0.wp.com\/relocations.io\/wp-content\/uploads\/Blog1.0-2.png?resize=350%2C200&ssl=1","width":350,"height":200,"srcset":"https:\/\/i0.wp.com\/relocations.io\/wp-content\/uploads\/Blog1.0-2.png?resize=350%2C200&ssl=1 1x, https:\/\/i0.wp.com\/relocations.io\/wp-content\/uploads\/Blog1.0-2.png?resize=525%2C300&ssl=1 1.5x, https:\/\/i0.wp.com\/relocations.io\/wp-content\/uploads\/Blog1.0-2.png?resize=700%2C400&ssl=1 2x, https:\/\/i0.wp.com\/relocations.io\/wp-content\/uploads\/Blog1.0-2.png?resize=1050%2C600&ssl=1 3x, https:\/\/i0.wp.com\/relocations.io\/wp-content\/uploads\/Blog1.0-2.png?resize=1400%2C800&ssl=1 4x"},"classes":[]},{"id":3,"url":"https:\/\/relocations.io\/es\/?elementor_library=default-kit","url_meta":{"origin":8282,"position":5},"title":"Default Kit","author":"Relocations.io","date":"octubre 11, 2022","format":false,"excerpt":"","rel":"","context":"Entrada similar","block_context":{"text":"Entrada similar","link":""},"img":{"alt_text":"","src":"","width":0,"height":0},"classes":[]}],"jetpack_sharing_enabled":true,"_links":{"self":[{"href":"https:\/\/relocations.io\/es\/wp-json\/wp\/v2\/pages\/8282","targetHints":{"allow":["GET"]}}],"collection":[{"href":"https:\/\/relocations.io\/es\/wp-json\/wp\/v2\/pages"}],"about":[{"href":"https:\/\/relocations.io\/es\/wp-json\/wp\/v2\/types\/page"}],"author":[{"embeddable":true,"href":"https:\/\/relocations.io\/es\/wp-json\/wp\/v2\/users\/1"}],"replies":[{"embeddable":true,"href":"https:\/\/relocations.io\/es\/wp-json\/wp\/v2\/comments?post=8282"}],"version-history":[{"count":0,"href":"https:\/\/relocations.io\/es\/wp-json\/wp\/v2\/pages\/8282\/revisions"}],"wp:attachment":[{"href":"https:\/\/relocations.io\/es\/wp-json\/wp\/v2\/media?parent=8282"}],"curies":[{"name":"wp","href":"https:\/\/api.w.org\/{rel}","templated":true}]}}