{"id":62269,"date":"2024-10-30T15:07:41","date_gmt":"2024-10-30T14:07:41","guid":{"rendered":"https:\/\/relocations.io\/?page_id=62269"},"modified":"2024-10-30T15:29:22","modified_gmt":"2024-10-30T14:29:22","slug":"tienda-a-la-carta","status":"publish","type":"page","link":"https:\/\/relocations.io\/es\/tienda-a-la-carta\/","title":{"rendered":"Tienda A-La-Carte"},"content":{"rendered":"<div data-elementor-type=\"wp-page\" data-elementor-id=\"62269\" class=\"elementor elementor-62269\" data-elementor-settings=\"{&quot;ha_cmc_init_switcher&quot;:&quot;no&quot;}\" data-elementor-post-type=\"page\">\n\t\t\t\t\t\t<section data-ekit-particles-enable=\"yes\" class=\"ekit-particles elementor-section elementor-top-section elementor-element elementor-element-76d36b0 elementor-section-full_width elementor-section-height-min-height elementor-section-content-top elementor-section-stretched animated-slow elementor-section-height-default elementor-section-items-middle elementor-invisible\" data-ekit-particles=\"https:\/\/relocations.io\/wp-content\/plugins\/elementskit\/modules\/particles\/assets\/json\/default.json\" data-ekit-particles-type=\"preset\" data-id=\"76d36b0\" data-element_type=\"section\" data-settings=\"{&quot;background_background&quot;:&quot;classic&quot;,&quot;stretch_section&quot;:&quot;section-stretched&quot;,&quot;animation&quot;:&quot;fadeIn&quot;,&quot;_ha_eqh_enable&quot;:false}\">\n\t\t\t\t\t\t\t<div class=\"elementor-background-overlay\"><\/div>\n\t\t\t\t\t\t\t<div class=\"elementor-container elementor-column-gap-no\">\n\t\t\t\t\t<div class=\"elementor-column elementor-col-100 elementor-top-column elementor-element elementor-element-731d14fc\" data-id=\"731d14fc\" data-element_type=\"column\">\n\t\t\t<div class=\"elementor-widget-wrap elementor-element-populated\">\n\t\t\t\t\t\t<div class=\"elementor-element elementor-element-3c5e7f5c elementor-widget elementor-widget-elementskit-heading\" data-id=\"3c5e7f5c\" data-element_type=\"widget\" data-widget_type=\"elementskit-heading.default\">\n\t\t\t\t<div class=\"elementor-widget-container\">\n\t\t\t\t\t<div class=\"ekit-wid-con\" ><div class=\"ekit-heading elementskit-section-title-wraper text_center   ekit_heading_tablet-   ekit_heading_mobile-\"><h2 class=\"ekit-heading--title elementskit-section-title\"> Reubicaciones.io <br> <span><span>A-La-Carte<\/span><\/span> Tienda<\/h2>\t\t\t\t<div class='ekit-heading__description'>\n\t\t\t\t\t<p>Un servicio cada vez<\/p>\n\t\t\t\t<\/div>\n\t\t\t<\/div><\/div>\t\t\t\t<\/div>\n\t\t\t\t<\/div>\n\t\t\t\t<div class=\"elementor-element elementor-element-b374e97 elementor-align-center elementor-widget elementor-widget-elementskit-button\" data-id=\"b374e97\" data-element_type=\"widget\" data-widget_type=\"elementskit-button.default\">\n\t\t\t\t<div class=\"elementor-widget-container\">\n\t\t\t\t\t<div class=\"ekit-wid-con\" >\t\t<div class=\"ekit-btn-wraper\">\n\t\t\t\t\t\t\t<a href=\"https:\/\/relocations.io\/quotes-proposals\/\" class=\"elementskit-btn  whitespace--normal\" id=\"\">\n\t\t\t\t\tSolicitar presupuesto<i class=\"icon icon-chevron-right-circle\"><\/i>\t\t\t\t<\/a>\n\t\t\t\t\t<\/div>\n        <\/div>\t\t\t\t<\/div>\n\t\t\t\t<\/div>\n\t\t\t\t<div class=\"elementor-element elementor-element-b3a49f7 elementor-align-center elementor-widget elementor-widget-elementskit-button\" data-id=\"b3a49f7\" data-element_type=\"widget\" data-widget_type=\"elementskit-button.default\">\n\t\t\t\t<div class=\"elementor-widget-container\">\n\t\t\t\t\t<div class=\"ekit-wid-con\" >\t\t<div class=\"ekit-btn-wraper\">\n\t\t\t\t\t\t\t<a href=\"https:\/\/relocations.io\/packages\/\" class=\"elementskit-btn  whitespace--normal\" id=\"\">\n\t\t\t\t\tVer nuestros paquetes <i class=\"icon icon-chevron-right-circle\"><\/i>\t\t\t\t<\/a>\n\t\t\t\t\t<\/div>\n        <\/div>\t\t\t\t<\/div>\n\t\t\t\t<\/div>\n\t\t\t\t<div class=\"elementor-element elementor-element-5a163b2 elementor-align-center elementor-widget elementor-widget-elementskit-button\" data-id=\"5a163b2\" data-element_type=\"widget\" data-widget_type=\"elementskit-button.default\">\n\t\t\t\t<div class=\"elementor-widget-container\">\n\t\t\t\t\t<div class=\"ekit-wid-con\" >\t\t<div class=\"ekit-btn-wraper\">\n\t\t\t\t\t\t\t<a href=\"https:\/\/relocations.io\/book-a-call\/\" class=\"elementskit-btn  whitespace--normal\" id=\"\">\n\t\t\t\t\tReservar una llamada<i class=\"icon icon-chevron-right-circle\"><\/i>\t\t\t\t<\/a>\n\t\t\t\t\t<\/div>\n        <\/div>\t\t\t\t<\/div>\n\t\t\t\t<\/div>\n\t\t\t\t<div class=\"elementor-element elementor-element-2019577d elementor-widget__width-auto elementor-absolute e-transform elementor-hidden-tablet elementor-hidden-mobile elementor-widget elementor-widget-elementskit-heading\" data-id=\"2019577d\" data-element_type=\"widget\" data-settings=\"{&quot;_position&quot;:&quot;absolute&quot;,&quot;_transform_rotateZ_effect&quot;:{&quot;unit&quot;:&quot;px&quot;,&quot;size&quot;:270,&quot;sizes&quot;:[]},&quot;_transform_rotateZ_effect_tablet&quot;:{&quot;unit&quot;:&quot;deg&quot;,&quot;size&quot;:&quot;&quot;,&quot;sizes&quot;:[]},&quot;_transform_rotateZ_effect_mobile&quot;:{&quot;unit&quot;:&quot;deg&quot;,&quot;size&quot;:&quot;&quot;,&quot;sizes&quot;:[]}}\" data-widget_type=\"elementskit-heading.default\">\n\t\t\t\t<div class=\"elementor-widget-container\">\n\t\t\t\t\t<div class=\"ekit-wid-con\" ><div class=\"ekit-heading elementskit-section-title-wraper text_left   ekit_heading_tablet-   ekit_heading_mobile-\"><h3 class=\"elementskit-section-subtitle\">\n\t\t\t\t\t\tWhatsApp +351 262 010 259\n\t\t\t\t\t<\/h3><a href=\"https:\/\/wa.me\/351262010259\"><h2 class=\"ekit-heading--title elementskit-section-title\">Charlemos<\/h2><\/a><\/div><\/div>\t\t\t\t<\/div>\n\t\t\t\t<\/div>\n\t\t\t\t\t<\/div>\n\t\t<\/div>\n\t\t\t\t\t<\/div>\n\t\t<\/section>\n\t\t<div class=\"elementor-element elementor-element-1301b18 e-flex e-con-boxed e-con e-parent\" data-id=\"1301b18\" data-element_type=\"container\" data-settings=\"{&quot;_ha_eqh_enable&quot;:false}\">\n\t\t\t\t\t<div class=\"e-con-inner\">\n\t\t\t\t\t<\/div>\n\t\t\t\t<\/div>\n\t\t\t\t<\/div>","protected":false},"excerpt":{"rendered":"<p>Compre productos individuales en nuestra tienda A-La-Carte.<\/p>","protected":false},"author":1,"featured_media":0,"parent":0,"menu_order":0,"comment_status":"closed","ping_status":"closed","template":"","meta":{"footnotes":""},"class_list":["post-62269","page","type-page","status-publish","hentry"],"jetpack-related-posts":[{"id":8804,"url":"https:\/\/relocations.io\/es\/tienda\/carro\/","url_meta":{"origin":62269,"position":0},"title":"Carrito","author":"Relocations.io","date":"agosto 25, 2024","format":false,"excerpt":"You may be interested in\u2026 Your cart is currently empty! Browse store New in store","rel":"","context":"Entrada similar","block_context":{"text":"Entrada similar","link":""},"img":{"alt_text":"","src":"","width":0,"height":0},"classes":[]},{"id":8801,"url":"https:\/\/relocations.io\/es\/tienda\/","url_meta":{"origin":62269,"position":1},"title":"Tienda","author":"Relocations.io","date":"agosto 25, 2024","format":false,"excerpt":"","rel":"","context":"Entrada similar","block_context":{"text":"Entrada similar","link":""},"img":{"alt_text":"","src":"","width":0,"height":0},"classes":[]},{"id":8798,"url":"https:\/\/relocations.io\/es\/traslados-io-shop\/","url_meta":{"origin":62269,"position":2},"title":"Tienda Relocations.io","author":"Relocations.io","date":"agosto 25, 2024","format":false,"excerpt":"","rel":"","context":"Entrada similar","block_context":{"text":"Entrada similar","link":""},"img":{"alt_text":"","src":"","width":0,"height":0},"classes":[]},{"id":8807,"url":"https:\/\/relocations.io\/es\/tienda\/checkout\/","url_meta":{"origin":62269,"position":3},"title":"Pedido","author":"Relocations.io","date":"agosto 25, 2024","format":false,"excerpt":"","rel":"","context":"Entrada similar","block_context":{"text":"Entrada similar","link":""},"img":{"alt_text":"","src":"","width":0,"height":0},"classes":[]},{"id":62301,"url":"https:\/\/relocations.io\/es\/aprender\/","url_meta":{"origin":62269,"position":4},"title":"Aprender un nuevo idioma","author":"Relocations.io","date":"noviembre 1, 2024","format":false,"excerpt":"\u00bfSe traslada o quiere aprender un nuevo idioma? Estamos aqu\u00ed para ayudarle en su crecimiento personal y profesional con cursos de idiomas en ingl\u00e9s, portugu\u00e9s, espa\u00f1ol, franc\u00e9s e italiano. Empiece hoy mismo su viaje ling\u00fc\u00edstico.","rel":"","context":"Entrada similar","block_context":{"text":"Entrada similar","link":""},"img":{"alt_text":"","src":"https:\/\/i0.wp.com\/relocations.io\/wp-content\/uploads\/languageslearn.png?fit=500%2C500&ssl=1&resize=350%2C200","width":350,"height":200},"classes":[]},{"id":7517,"url":"https:\/\/relocations.io\/es\/servicios\/","url_meta":{"origin":62269,"position":5},"title":"Paquetes","author":"Relocations.io","date":"noviembre 10, 2022","format":false,"excerpt":"Relocations.io Packages One Process at a Time. Book a Free Call WhatsApp +351 262 010 259 Lets's Chat Packages Choose from Custom Packages Bundled Services Customized to your needs Usually Long term Flexible Services Premier & Premium Service Offerings Book a Call Relocations.io Get a Packaged solution Premier experts in\u2026","rel":"","context":"Entrada similar","block_context":{"text":"Entrada similar","link":""},"img":{"alt_text":"","src":"https:\/\/i0.wp.com\/relocations.io\/wp-content\/uploads\/Blog1.0-2.png?resize=350%2C200&ssl=1","width":350,"height":200,"srcset":"https:\/\/i0.wp.com\/relocations.io\/wp-content\/uploads\/Blog1.0-2.png?resize=350%2C200&ssl=1 1x, https:\/\/i0.wp.com\/relocations.io\/wp-content\/uploads\/Blog1.0-2.png?resize=525%2C300&ssl=1 1.5x, https:\/\/i0.wp.com\/relocations.io\/wp-content\/uploads\/Blog1.0-2.png?resize=700%2C400&ssl=1 2x, https:\/\/i0.wp.com\/relocations.io\/wp-content\/uploads\/Blog1.0-2.png?resize=1050%2C600&ssl=1 3x, https:\/\/i0.wp.com\/relocations.io\/wp-content\/uploads\/Blog1.0-2.png?resize=1400%2C800&ssl=1 4x"},"classes":[]}],"jetpack_sharing_enabled":true,"_links":{"self":[{"href":"https:\/\/relocations.io\/es\/wp-json\/wp\/v2\/pages\/62269","targetHints":{"allow":["GET"]}}],"collection":[{"href":"https:\/\/relocations.io\/es\/wp-json\/wp\/v2\/pages"}],"about":[{"href":"https:\/\/relocations.io\/es\/wp-json\/wp\/v2\/types\/page"}],"author":[{"embeddable":true,"href":"https:\/\/relocations.io\/es\/wp-json\/wp\/v2\/users\/1"}],"replies":[{"embeddable":true,"href":"https:\/\/relocations.io\/es\/wp-json\/wp\/v2\/comments?post=62269"}],"version-history":[{"count":0,"href":"https:\/\/relocations.io\/es\/wp-json\/wp\/v2\/pages\/62269\/revisions"}],"wp:attachment":[{"href":"https:\/\/relocations.io\/es\/wp-json\/wp\/v2\/media?parent=62269"}],"curies":[{"name":"wp","href":"https:\/\/api.w.org\/{rel}","templated":true}]}}