{"id":4107,"date":"2015-02-04T14:01:38","date_gmt":"2015-02-04T06:01:38","guid":{"rendered":"http:\/\/www.rd-themes.com\/TheFox\/?page_id=4107"},"modified":"2024-09-04T21:23:34","modified_gmt":"2024-09-04T20:23:34","slug":"nuestro-equipo-01","status":"publish","type":"page","link":"https:\/\/relocations.io\/es\/nuestro-equipo-01\/","title":{"rendered":"Nuestro equipo"},"content":{"rendered":"<div data-elementor-type=\"wp-page\" data-elementor-id=\"4107\" class=\"elementor elementor-4107\" data-elementor-settings=\"{&quot;ha_cmc_init_switcher&quot;:&quot;no&quot;}\" data-elementor-post-type=\"page\">\n\t\t\t\t\t\t<section class=\"elementor-section elementor-top-section elementor-element elementor-element-603e5f61 elementor-section-boxed elementor-section-height-default elementor-section-height-default\" data-id=\"603e5f61\" data-element_type=\"section\" data-settings=\"{&quot;_ha_eqh_enable&quot;:false}\">\n\t\t\t\t\t\t<div class=\"elementor-container elementor-column-gap-default\">\n\t\t\t\t\t<div class=\"elementor-column elementor-col-50 elementor-top-column elementor-element elementor-element-1967a01b\" data-id=\"1967a01b\" data-element_type=\"column\">\n\t\t\t<div class=\"elementor-widget-wrap elementor-element-populated\">\n\t\t\t\t\t\t<div class=\"elementor-element elementor-element-4eda26e1 elementor-widget elementor-widget-elementskit-heading\" data-id=\"4eda26e1\" data-element_type=\"widget\" data-widget_type=\"elementskit-heading.default\">\n\t\t\t\t<div class=\"elementor-widget-container\">\n\t\t\t\t\t<div class=\"ekit-wid-con\" ><div class=\"ekit-heading elementskit-section-title-wraper text_center   ekit_heading_tablet-   ekit_heading_mobile-\"><h2 class=\"ekit-heading--title elementskit-section-title\">Nuestro equipo<\/h2><h3 class=\"ekit-heading--subtitle elementskit-section-subtitle  elementskit-style-border\">\n\t\t\t\t\t\tExperiencias que no podr\u00e1 vivir en ning\u00fan otro sitio\n\t\t\t\t\t<\/h3>\t\t\t\t<div class='ekit-heading__description'>\n\t\t\t\t\t<p>En <a href=\"https:\/\/relocations.io\/your-guide-to-visa-requirements-and-citizenship-in-portugal-navigating-your-path-to-a-new-life\/\">\"reubicaciones.io,\"<\/a> Entendemos que la diversidad y la sensibilidad cultural son componentes esenciales para ofrecer un servicio excepcional. Nuestro equipo est\u00e1 formado por personas de distintas procedencias, que aportan una gran riqueza de perspectivas y puntos de vista a nuestro trabajo. Creemos que debemos celebrar nuestras diferencias y aprovecharlas para comprender mejor y satisfacer las distintas necesidades de nuestros clientes. Con este compromiso en mente, nos esforzamos por garantizar que cada uno de nuestros clientes reciba una experiencia a medida que se ajuste perfectamente a sus preferencias y requisitos exclusivos. Tanto si se trata de encontrar el vecindario ideal como de adaptarse a las costumbres locales o de proporcionar apoyo durante el proceso de transici\u00f3n, los miembros de nuestro equipo, culturalmente concienciados, se dedican a ofrecer soluciones personalizadas que superan las expectativas. Nos enorgullece fomentar un entorno integrador en el que todos se sientan valorados y respetados, y en el que la satisfacci\u00f3n del cliente est\u00e9 siempre en primer plano en todo lo que hacemos.<\/p>\n\t\t\t\t<\/div>\n\t\t\t<\/div><\/div>\t\t\t\t<\/div>\n\t\t\t\t<\/div>\n\t\t\t\t\t<\/div>\n\t\t<\/div>\n\t\t\t\t<div class=\"elementor-column elementor-col-50 elementor-top-column elementor-element elementor-element-1bd4e4f9\" data-id=\"1bd4e4f9\" data-element_type=\"column\">\n\t\t\t<div class=\"elementor-widget-wrap elementor-element-populated\">\n\t\t\t\t\t\t<div class=\"elementor-element elementor-element-113a856e elementor-widget elementor-widget-image\" data-id=\"113a856e\" data-element_type=\"widget\" data-widget_type=\"image.default\">\n\t\t\t\t<div class=\"elementor-widget-container\">\n\t\t\t\t\t\t\t\t\t\t\t\t\t\t\t<img fetchpriority=\"high\" decoding=\"async\" width=\"500\" height=\"500\" src=\"https:\/\/i0.wp.com\/relocations.io\/wp-content\/uploads\/Our-people.png?fit=500%2C500&amp;ssl=1\" class=\"attachment-full size-full wp-image-61636\" alt=\"\" srcset=\"https:\/\/i0.wp.com\/relocations.io\/wp-content\/uploads\/Our-people.png?w=500&amp;ssl=1 500w, https:\/\/i0.wp.com\/relocations.io\/wp-content\/uploads\/Our-people.png?resize=300%2C300&amp;ssl=1 300w, https:\/\/i0.wp.com\/relocations.io\/wp-content\/uploads\/Our-people.png?resize=150%2C150&amp;ssl=1 150w, https:\/\/i0.wp.com\/relocations.io\/wp-content\/uploads\/Our-people.png?resize=12%2C12&amp;ssl=1 12w\" sizes=\"(max-width: 500px) 100vw, 500px\" \/>\t\t\t\t\t\t\t\t\t\t\t\t\t\t\t<\/div>\n\t\t\t\t<\/div>\n\t\t\t\t\t<\/div>\n\t\t<\/div>\n\t\t\t\t\t<\/div>\n\t\t<\/section>\n\t\t\t\t<\/div>","protected":false},"excerpt":{"rendered":"<p>Our Team Experiences you can&#039;t get anywhere else At \u201crelocations.io,\u201d we understand that diversity and cultural sensitivity are essential components of delivering exceptional service. Our team is comprised of individuals from various backgrounds, bringing a wealth of perspectives and insights to our work. We believe in celebrating our differences and leveraging them to better understand [&hellip;]<\/p>","protected":false},"author":1,"featured_media":0,"parent":0,"menu_order":0,"comment_status":"closed","ping_status":"closed","template":"elementor_header_footer","meta":{"footnotes":""},"class_list":["post-4107","page","type-page","status-publish","hentry"],"jetpack-related-posts":[{"id":3801,"url":"https:\/\/relocations.io\/es\/acerca-de\/","url_meta":{"origin":4107,"position":0},"title":"Qui\u00e9nes somos","author":"Relocations.io","date":"febrero 1, 2015","format":false,"excerpt":"About Relocations.io Relocations.io specializes in assisting clients with seamless transitions to Europe and settling into their new homes. How did Relocations.io start ? Our History Established in 2021, Relocations.io specializes in assisting clients with seamless transitions to Europe and settling into their new homes. Originally founded with a focus on\u2026","rel":"","context":"Entrada similar","block_context":{"text":"Entrada similar","link":""},"img":{"alt_text":"","src":"https:\/\/i0.wp.com\/relocations.io\/wp-content\/uploads\/Blog1.0-2.png?resize=350%2C200&ssl=1","width":350,"height":200,"srcset":"https:\/\/i0.wp.com\/relocations.io\/wp-content\/uploads\/Blog1.0-2.png?resize=350%2C200&ssl=1 1x, https:\/\/i0.wp.com\/relocations.io\/wp-content\/uploads\/Blog1.0-2.png?resize=525%2C300&ssl=1 1.5x, https:\/\/i0.wp.com\/relocations.io\/wp-content\/uploads\/Blog1.0-2.png?resize=700%2C400&ssl=1 2x, https:\/\/i0.wp.com\/relocations.io\/wp-content\/uploads\/Blog1.0-2.png?resize=1050%2C600&ssl=1 3x, https:\/\/i0.wp.com\/relocations.io\/wp-content\/uploads\/Blog1.0-2.png?resize=1400%2C800&ssl=1 4x"},"classes":[]},{"id":8903,"url":"https:\/\/relocations.io\/es\/traslados-de-militares-veteranos\/","url_meta":{"origin":4107,"position":1},"title":"Traslado de veteranos y militares","author":"Relocations.io","date":"agosto 27, 2024","format":false,"excerpt":"Veteran & Military Member Relocations At Relocations.io, we deeply appreciate the service and sacrifices made by veterans, military members, and their families. We understand the unique challenges that come with military life, especially when it comes to relocating across borders. Whether you\u2019re transitioning into civilian life, moving your family to\u2026","rel":"","context":"Entrada similar","block_context":{"text":"Entrada similar","link":""},"img":{"alt_text":"","src":"https:\/\/i0.wp.com\/relocations.io\/wp-content\/uploads\/support-team.png?resize=350%2C200&ssl=1","width":350,"height":200},"classes":[]},{"id":61410,"url":"https:\/\/relocations.io\/es\/","url_meta":{"origin":4107,"position":2},"title":"Reubicaciones.io","author":"Relocations.io","date":"septiembre 3, 2024","format":false,"excerpt":"Somos su empresa de gesti\u00f3n de destinos y reubicaciones de confianza para todas sus necesidades de mudanza e instalaci\u00f3n. Tanto si busca un \u00fanico servicio de bricolaje como un paquete, \u00a1la elecci\u00f3n es siempre suya!","rel":"","context":"Entrada similar","block_context":{"text":"Entrada similar","link":""},"img":{"alt_text":"","src":"https:\/\/i0.wp.com\/relocations.io\/wp-content\/uploads\/support-team.png?resize=350%2C200&ssl=1","width":350,"height":200},"classes":[]},{"id":7698,"url":"https:\/\/relocations.io\/es\/gestao-de-propriedades\/","url_meta":{"origin":4107,"position":3},"title":"Gesti\u00f3n de propiedades","author":"Relocations.io","date":"julio 17, 2024","format":false,"excerpt":"[vc_row][vc_column][movedo_single_image image=\"13\"][vc_column_text css=\".vc_custom_1721141815793{border-color: #000000 !important;}\"] Destination Management Company\u00a0 [\/vc_column_text][\/vc_column][\/vc_row][vc_row][vc_column][\/vc_column][\/vc_row][vc_row][vc_column text_align=\"center\"][movedo_slider ids=\"7751,7749,7750,7748,7746,7747\" image_mode=\"medium_large\" transition=\"fade\"][movedo_empty_space height_multiplier=\"2x\"][vc_column_text css=\".vc_custom_1721430248041{border-radius: 5px !important;border-color: #f4f4f4 !important;}\" animation=\"grve-zoom-in\"] Find Peace of Mind and Success in Local Accommodation Management with Relocations.io [\/vc_column_text][movedo_empty_space height_multiplier=\"2x\"][vc_column_text css=\"\" animation=\"grve-zoom-in\" animation_duration=\"slow\"]We are fully aware of the particular challenges associated with managing short-term rentals, also\u2026","rel":"","context":"Entrada similar","block_context":{"text":"Entrada similar","link":""},"img":{"alt_text":"","src":"","width":0,"height":0},"classes":[]},{"id":8282,"url":"https:\/\/relocations.io\/es\/socios\/","url_meta":{"origin":4107,"position":4},"title":"Socios","author":"Relocations.io","date":"agosto 19, 2024","format":false,"excerpt":"Affiliate & Partner Portal Login Become a Partner At Relocations.io, we collaborate with a trusted network of partners across Europe to provide seamless and comprehensive relocation services tailored to our clients\u2019 needs. Our partnerships enable us to offer an extensive range of solutions, from property management and legal support to\u2026","rel":"","context":"Entrada similar","block_context":{"text":"Entrada similar","link":""},"img":{"alt_text":"","src":"https:\/\/i0.wp.com\/relocations.io\/wp-content\/uploads\/2024\/08\/7-3-1024x512.jpg?resize=350%2C200&ssl=1","width":350,"height":200,"srcset":"https:\/\/i0.wp.com\/relocations.io\/wp-content\/uploads\/2024\/08\/7-3-1024x512.jpg?resize=350%2C200&ssl=1 1x, https:\/\/i0.wp.com\/relocations.io\/wp-content\/uploads\/2024\/08\/7-3-1024x512.jpg?resize=525%2C300&ssl=1 1.5x, https:\/\/i0.wp.com\/relocations.io\/wp-content\/uploads\/2024\/08\/7-3-1024x512.jpg?resize=700%2C400&ssl=1 2x"},"classes":[]},{"id":62168,"url":"https:\/\/relocations.io\/es\/servicios-2\/","url_meta":{"origin":4107,"position":5},"title":"Presupuestos y propuestas","author":"Relocations.io","date":"septiembre 25, 2024","format":false,"excerpt":"Relocations.io Quotes One Process at a Time. WhatsApp +351 262 010 259 Lets's Chat Quotes Choose from our Custom Quotes Flexible options Usually offered within 24hrs (Mon-Fri) All details provided Accept a quote from us and get started Premier & Premium Service Offerings See our Quote Based Solutions Relocations.io Get\u2026","rel":"","context":"Entrada similar","block_context":{"text":"Entrada similar","link":""},"img":{"alt_text":"","src":"https:\/\/i0.wp.com\/relocations.io\/wp-content\/uploads\/Blog1.0-2.png?resize=350%2C200&ssl=1","width":350,"height":200,"srcset":"https:\/\/i0.wp.com\/relocations.io\/wp-content\/uploads\/Blog1.0-2.png?resize=350%2C200&ssl=1 1x, https:\/\/i0.wp.com\/relocations.io\/wp-content\/uploads\/Blog1.0-2.png?resize=525%2C300&ssl=1 1.5x, https:\/\/i0.wp.com\/relocations.io\/wp-content\/uploads\/Blog1.0-2.png?resize=700%2C400&ssl=1 2x, https:\/\/i0.wp.com\/relocations.io\/wp-content\/uploads\/Blog1.0-2.png?resize=1050%2C600&ssl=1 3x, https:\/\/i0.wp.com\/relocations.io\/wp-content\/uploads\/Blog1.0-2.png?resize=1400%2C800&ssl=1 4x"},"classes":[]}],"jetpack_sharing_enabled":true,"_links":{"self":[{"href":"https:\/\/relocations.io\/es\/wp-json\/wp\/v2\/pages\/4107","targetHints":{"allow":["GET"]}}],"collection":[{"href":"https:\/\/relocations.io\/es\/wp-json\/wp\/v2\/pages"}],"about":[{"href":"https:\/\/relocations.io\/es\/wp-json\/wp\/v2\/types\/page"}],"author":[{"embeddable":true,"href":"https:\/\/relocations.io\/es\/wp-json\/wp\/v2\/users\/1"}],"replies":[{"embeddable":true,"href":"https:\/\/relocations.io\/es\/wp-json\/wp\/v2\/comments?post=4107"}],"version-history":[{"count":0,"href":"https:\/\/relocations.io\/es\/wp-json\/wp\/v2\/pages\/4107\/revisions"}],"wp:attachment":[{"href":"https:\/\/relocations.io\/es\/wp-json\/wp\/v2\/media?parent=4107"}],"curies":[{"name":"wp","href":"https:\/\/api.w.org\/{rel}","templated":true}]}}